{"id":70,"date":"2023-10-05T16:13:30","date_gmt":"2023-10-05T14:13:30","guid":{"rendered":"https:\/\/zarzadzanie.smarthost.pl\/sp1\/sp\/?page_id=70"},"modified":"2023-11-15T10:05:26","modified_gmt":"2023-11-15T09:05:26","slug":"dzialania-dla-spolecznosci","status":"publish","type":"page","link":"https:\/\/spolecznajedynka.pl\/sp\/dzialania-dla-spolecznosci\/","title":{"rendered":"Dzia\u0142ania dla spo\u0142eczno\u015bci"},"content":{"rendered":"<p>Szkolne Ko\u0142o Caritas zosta\u0142o powo\u0142ane do \u017cycia na wniosek uczni\u00f3w gimnazjum w\u00a0listopadzie 2014 roku.<\/p>\n<p>Od pocz\u0105tku jego dzia\u0142ania nawi\u0105zali\u015bmy blisk\u0105 wsp\u00f3\u0142prac\u0119 z\u00a0poblisk\u0105 Jad\u0142odajni\u0105 Caritas prowadzon\u0105 przez Siostry Albertynki, w\u00a0kt\u00f3rej w\u00a0ka\u017cd\u0105 \u015brod\u0119 nasi uczniowie, cz\u0142onkowie SKC, wydaj\u0105 posi\u0142ki dla bezdomnych i\u00a0ubogich z\u00a0dzielnicy Grunwald. Jad\u0142odajni\u0119 Si\u00f3str Albertynek wspieramy tak\u017ce prowadz\u0105c akcj\u0119 zbi\u00f3rki \u017cywno\u015bci w\u00a0ramach akcji \u201cTytka Charytatywna\u201d oraz przekazuj\u0105c \u017cywno\u015b\u0107, kt\u00f3ra pozostaje po \u015bwi\u0105tecznych spotkaniach klasowych. Wsp\u00f3\u0142pracujemy tak\u017ce z\u00a0grup\u0105 Caritas, kt\u00f3ra dzia\u0142a przy parafii \u015awi\u0119tej Rodziny na Osiedlu Miko\u0142aja Kopernika.<\/p>\n<p>W\u00a0okresie adwentu nasi uczniowie pomagaj\u0105 w\u00a0zbi\u00f3rce \u017cywno\u015bci, kt\u00f3ra nast\u0119pnie jest przekazywana ubogim mieszkaj\u0105cych na terenie parafii. Dodatkowo w\u00a0ostatni\u0105 adwentow\u0105 sobot\u0119 odwiedzamy ze \u015bwi\u0105tecznymi \u017cyczeniami osoby samotne i\u00a0chore. Uczestniczymy w\u00a0akcjach Caritas Archidiecezji Pozna\u0144skiej i\u00a0wspieramy jej dzia\u0142ania finansowo sprzedaj\u0105c na terenie szko\u0142y papieskie krem\u00f3wki, czekoladowe Miko\u0142aje oraz baranki wielkanocne.<\/p>\n<p>Uczniowie starszych klas naszej szko\u0142y maj\u0105 okazj\u0119 wzi\u0105\u0107 udzia\u0142 w\u00a0akcji \u201cNie jeste\u015b mi oboj\u0119tny\u201d, w\u00a0ramach kt\u00f3rej sp\u0119dzaj\u0105 jeden szkolny dzie\u0144 opiekuj\u0105c si\u0119 niepe\u0142nosprawnym r\u00f3wie\u015bnikiem, uczniem Spo\u0142ecznej Szko\u0142y Specjalnej \u201cZak\u0105tek\u201d.<\/p>\n<p>&nbsp;<\/p>\n\n\t\t<style type=\"text\/css\">\n\t\t\t#gallery-1 {\n\t\t\t\tmargin: auto;\n\t\t\t}\n\t\t\t#gallery-1 .gallery-item {\n\t\t\t\tfloat: left;\n\t\t\t\tmargin-top: 10px;\n\t\t\t\ttext-align: center;\n\t\t\t\twidth: 33%;\n\t\t\t}\n\t\t\t#gallery-1 img {\n\t\t\t\tborder: 2px solid #cfcfcf;\n\t\t\t}\n\t\t\t#gallery-1 .gallery-caption {\n\t\t\t\tmargin-left: 0;\n\t\t\t}\n\t\t\t\/* see gallery_shortcode() in wp-includes\/media.php *\/\n\t\t<\/style>\n\t\t<div id='gallery-1' class='gallery galleryid-70 gallery-columns-3 gallery-size-a_home'><dl class='gallery-item'>\n\t\t\t<dt class='gallery-icon landscape'>\n\t\t\t\t<a href='https:\/\/spolecznajedynka.pl\/sp\/dzialania-dla-spolecznosci\/attachment\/82241697_2685978094964252_3214180870936068096_n\/'><img loading=\"lazy\" decoding=\"async\" width=\"210\" height=\"160\" src=\"https:\/\/spolecznajedynka.pl\/sp\/wp-content\/uploads\/sites\/3\/2023\/10\/82241697_2685978094964252_3214180870936068096_n-210x160.jpg\" class=\"attachment-a_home size-a_home\" alt=\"\" \/><\/a>\n\t\t\t<\/dt><\/dl><dl class='gallery-item'>\n\t\t\t<dt class='gallery-icon landscape'>\n\t\t\t\t<a href='https:\/\/spolecznajedynka.pl\/sp\/dzialania-dla-spolecznosci\/attachment\/82683970_2689335397961855_8313486535206895616_n\/'><img loading=\"lazy\" decoding=\"async\" width=\"210\" height=\"160\" src=\"https:\/\/spolecznajedynka.pl\/sp\/wp-content\/uploads\/sites\/3\/2023\/10\/82683970_2689335397961855_8313486535206895616_n-210x160.jpg\" class=\"attachment-a_home size-a_home\" alt=\"\" \/><\/a>\n\t\t\t<\/dt><\/dl><dl class='gallery-item'>\n\t\t\t<dt class='gallery-icon landscape'>\n\t\t\t\t<a href='https:\/\/spolecznajedynka.pl\/sp\/dzialania-dla-spolecznosci\/attachment\/395420142_811984357599442_4554407078453825778_n\/'><img loading=\"lazy\" decoding=\"async\" width=\"210\" height=\"160\" src=\"https:\/\/spolecznajedynka.pl\/sp\/wp-content\/uploads\/sites\/3\/2023\/10\/395420142_811984357599442_4554407078453825778_n-210x160.jpg\" class=\"attachment-a_home size-a_home\" alt=\"\" \/><\/a>\n\t\t\t<\/dt><\/dl><br style=\"clear: both\" \/>\n\t\t<\/div>\n\n","protected":false},"excerpt":{"rendered":"<p>Szkolne Ko\u0142o Caritas zosta\u0142o powo\u0142ane do \u017cycia na wniosek uczni\u00f3w gimnazjum w\u00a0listopadzie 2014 roku. Od pocz\u0105tku jego dzia\u0142ania nawi\u0105zali\u015bmy blisk\u0105&#8230;<\/p>\n","protected":false},"author":2,"featured_media":0,"parent":0,"menu_order":0,"comment_status":"closed","ping_status":"closed","template":"","meta":{"_acf_changed":false,"footnotes":""},"class_list":["post-70","page","type-page","status-publish","hentry"],"acf":[],"yoast_head":"<!-- This site is optimized with the Yoast SEO plugin v27.5 - https:\/\/yoast.com\/product\/yoast-seo-wordpress\/ -->\n<title>Dzia\u0142ania dla spo\u0142eczno\u015bci - Szko\u0142a Podstawowa<\/title>\n<meta name=\"robots\" content=\"index, follow, max-snippet:-1, max-image-preview:large, max-video-preview:-1\" \/>\n<link rel=\"canonical\" href=\"https:\/\/spolecznajedynka.pl\/sp\/dzialania-dla-spolecznosci\/\" \/>\n<meta property=\"og:locale\" content=\"pl_PL\" \/>\n<meta property=\"og:type\" content=\"article\" \/>\n<meta property=\"og:title\" content=\"Dzia\u0142ania dla spo\u0142eczno\u015bci - Szko\u0142a Podstawowa\" \/>\n<meta property=\"og:description\" content=\"Szkolne Ko\u0142o Caritas zosta\u0142o powo\u0142ane do \u017cycia na wniosek uczni\u00f3w gimnazjum w\u00a0listopadzie 2014 roku. Od pocz\u0105tku jego dzia\u0142ania nawi\u0105zali\u015bmy blisk\u0105...\" \/>\n<meta property=\"og:url\" content=\"https:\/\/spolecznajedynka.pl\/sp\/dzialania-dla-spolecznosci\/\" \/>\n<meta property=\"og:site_name\" content=\"Szko\u0142a Podstawowa\" \/>\n<meta property=\"article:publisher\" content=\"https:\/\/www.facebook.com\/spolecznajedynkapoznan\/\" \/>\n<meta property=\"article:modified_time\" content=\"2023-11-15T09:05:26+00:00\" \/>\n<meta property=\"og:image\" content=\"https:\/\/spolecznajedynka.pl\/sp\/wp-content\/uploads\/sites\/3\/2023\/10\/82241697_2685978094964252_3214180870936068096_n-210x160.jpg\" \/>\n<meta name=\"twitter:card\" content=\"summary_large_image\" \/>\n<meta name=\"twitter:label1\" content=\"Szacowany czas czytania\" \/>\n\t<meta name=\"twitter:data1\" content=\"2 minuty\" \/>\n<script type=\"application\/ld+json\" class=\"yoast-schema-graph\">{\"@context\":\"https:\\\/\\\/schema.org\",\"@graph\":[{\"@type\":\"WebPage\",\"@id\":\"https:\\\/\\\/spolecznajedynka.pl\\\/sp\\\/dzialania-dla-spolecznosci\\\/\",\"url\":\"https:\\\/\\\/spolecznajedynka.pl\\\/sp\\\/dzialania-dla-spolecznosci\\\/\",\"name\":\"Dzia\u0142ania dla spo\u0142eczno\u015bci - Szko\u0142a Podstawowa\",\"isPartOf\":{\"@id\":\"https:\\\/\\\/spolecznajedynka.pl\\\/sp\\\/#website\"},\"datePublished\":\"2023-10-05T14:13:30+00:00\",\"dateModified\":\"2023-11-15T09:05:26+00:00\",\"breadcrumb\":{\"@id\":\"https:\\\/\\\/spolecznajedynka.pl\\\/sp\\\/dzialania-dla-spolecznosci\\\/#breadcrumb\"},\"inLanguage\":\"pl-PL\",\"potentialAction\":[{\"@type\":\"ReadAction\",\"target\":[\"https:\\\/\\\/spolecznajedynka.pl\\\/sp\\\/dzialania-dla-spolecznosci\\\/\"]}]},{\"@type\":\"BreadcrumbList\",\"@id\":\"https:\\\/\\\/spolecznajedynka.pl\\\/sp\\\/dzialania-dla-spolecznosci\\\/#breadcrumb\",\"itemListElement\":[{\"@type\":\"ListItem\",\"position\":1,\"name\":\"Strona g\u0142\u00f3wna\",\"item\":\"https:\\\/\\\/spolecznajedynka.pl\\\/sp\\\/\"},{\"@type\":\"ListItem\",\"position\":2,\"name\":\"Dzia\u0142ania dla spo\u0142eczno\u015bci\"}]},{\"@type\":\"WebSite\",\"@id\":\"https:\\\/\\\/spolecznajedynka.pl\\\/sp\\\/#website\",\"url\":\"https:\\\/\\\/spolecznajedynka.pl\\\/sp\\\/\",\"name\":\"Szko\u0142a Podstawowa Spo\u0142eczna Jedynka Pozna\u0144\",\"description\":\"\",\"publisher\":{\"@id\":\"https:\\\/\\\/spolecznajedynka.pl\\\/sp\\\/#organization\"},\"potentialAction\":[{\"@type\":\"SearchAction\",\"target\":{\"@type\":\"EntryPoint\",\"urlTemplate\":\"https:\\\/\\\/spolecznajedynka.pl\\\/sp\\\/?s={search_term_string}\"},\"query-input\":{\"@type\":\"PropertyValueSpecification\",\"valueRequired\":true,\"valueName\":\"search_term_string\"}}],\"inLanguage\":\"pl-PL\"},{\"@type\":\"Organization\",\"@id\":\"https:\\\/\\\/spolecznajedynka.pl\\\/sp\\\/#organization\",\"name\":\"Szko\u0142a Podstawowa Spo\u0142eczna Jedynka Pozna\u0144\",\"url\":\"https:\\\/\\\/spolecznajedynka.pl\\\/sp\\\/\",\"logo\":{\"@type\":\"ImageObject\",\"inLanguage\":\"pl-PL\",\"@id\":\"https:\\\/\\\/spolecznajedynka.pl\\\/sp\\\/#\\\/schema\\\/logo\\\/image\\\/\",\"url\":\"https:\\\/\\\/spolecznajedynka.pl\\\/sp\\\/wp-content\\\/uploads\\\/sites\\\/3\\\/2023\\\/10\\\/logo.png\",\"contentUrl\":\"https:\\\/\\\/spolecznajedynka.pl\\\/sp\\\/wp-content\\\/uploads\\\/sites\\\/3\\\/2023\\\/10\\\/logo.png\",\"width\":75,\"height\":124,\"caption\":\"Szko\u0142a Podstawowa Spo\u0142eczna Jedynka Pozna\u0144\"},\"image\":{\"@id\":\"https:\\\/\\\/spolecznajedynka.pl\\\/sp\\\/#\\\/schema\\\/logo\\\/image\\\/\"},\"sameAs\":[\"https:\\\/\\\/www.facebook.com\\\/spolecznajedynkapoznan\\\/\",\"https:\\\/\\\/www.instagram.com\\\/spolecznajedynka\\\/\"]}]}<\/script>\n<!-- \/ Yoast SEO plugin. -->","yoast_head_json":{"title":"Dzia\u0142ania dla spo\u0142eczno\u015bci - Szko\u0142a Podstawowa","robots":{"index":"index","follow":"follow","max-snippet":"max-snippet:-1","max-image-preview":"max-image-preview:large","max-video-preview":"max-video-preview:-1"},"canonical":"https:\/\/spolecznajedynka.pl\/sp\/dzialania-dla-spolecznosci\/","og_locale":"pl_PL","og_type":"article","og_title":"Dzia\u0142ania dla spo\u0142eczno\u015bci - Szko\u0142a Podstawowa","og_description":"Szkolne Ko\u0142o Caritas zosta\u0142o powo\u0142ane do \u017cycia na wniosek uczni\u00f3w gimnazjum w\u00a0listopadzie 2014 roku. Od pocz\u0105tku jego dzia\u0142ania nawi\u0105zali\u015bmy blisk\u0105...","og_url":"https:\/\/spolecznajedynka.pl\/sp\/dzialania-dla-spolecznosci\/","og_site_name":"Szko\u0142a Podstawowa","article_publisher":"https:\/\/www.facebook.com\/spolecznajedynkapoznan\/","article_modified_time":"2023-11-15T09:05:26+00:00","og_image":[{"url":"https:\/\/spolecznajedynka.pl\/sp\/wp-content\/uploads\/sites\/3\/2023\/10\/82241697_2685978094964252_3214180870936068096_n-210x160.jpg","type":"","width":"","height":""}],"twitter_card":"summary_large_image","twitter_misc":{"Szacowany czas czytania":"2 minuty"},"schema":{"@context":"https:\/\/schema.org","@graph":[{"@type":"WebPage","@id":"https:\/\/spolecznajedynka.pl\/sp\/dzialania-dla-spolecznosci\/","url":"https:\/\/spolecznajedynka.pl\/sp\/dzialania-dla-spolecznosci\/","name":"Dzia\u0142ania dla spo\u0142eczno\u015bci - Szko\u0142a Podstawowa","isPartOf":{"@id":"https:\/\/spolecznajedynka.pl\/sp\/#website"},"datePublished":"2023-10-05T14:13:30+00:00","dateModified":"2023-11-15T09:05:26+00:00","breadcrumb":{"@id":"https:\/\/spolecznajedynka.pl\/sp\/dzialania-dla-spolecznosci\/#breadcrumb"},"inLanguage":"pl-PL","potentialAction":[{"@type":"ReadAction","target":["https:\/\/spolecznajedynka.pl\/sp\/dzialania-dla-spolecznosci\/"]}]},{"@type":"BreadcrumbList","@id":"https:\/\/spolecznajedynka.pl\/sp\/dzialania-dla-spolecznosci\/#breadcrumb","itemListElement":[{"@type":"ListItem","position":1,"name":"Strona g\u0142\u00f3wna","item":"https:\/\/spolecznajedynka.pl\/sp\/"},{"@type":"ListItem","position":2,"name":"Dzia\u0142ania dla spo\u0142eczno\u015bci"}]},{"@type":"WebSite","@id":"https:\/\/spolecznajedynka.pl\/sp\/#website","url":"https:\/\/spolecznajedynka.pl\/sp\/","name":"Szko\u0142a Podstawowa Spo\u0142eczna Jedynka Pozna\u0144","description":"","publisher":{"@id":"https:\/\/spolecznajedynka.pl\/sp\/#organization"},"potentialAction":[{"@type":"SearchAction","target":{"@type":"EntryPoint","urlTemplate":"https:\/\/spolecznajedynka.pl\/sp\/?s={search_term_string}"},"query-input":{"@type":"PropertyValueSpecification","valueRequired":true,"valueName":"search_term_string"}}],"inLanguage":"pl-PL"},{"@type":"Organization","@id":"https:\/\/spolecznajedynka.pl\/sp\/#organization","name":"Szko\u0142a Podstawowa Spo\u0142eczna Jedynka Pozna\u0144","url":"https:\/\/spolecznajedynka.pl\/sp\/","logo":{"@type":"ImageObject","inLanguage":"pl-PL","@id":"https:\/\/spolecznajedynka.pl\/sp\/#\/schema\/logo\/image\/","url":"https:\/\/spolecznajedynka.pl\/sp\/wp-content\/uploads\/sites\/3\/2023\/10\/logo.png","contentUrl":"https:\/\/spolecznajedynka.pl\/sp\/wp-content\/uploads\/sites\/3\/2023\/10\/logo.png","width":75,"height":124,"caption":"Szko\u0142a Podstawowa Spo\u0142eczna Jedynka Pozna\u0144"},"image":{"@id":"https:\/\/spolecznajedynka.pl\/sp\/#\/schema\/logo\/image\/"},"sameAs":["https:\/\/www.facebook.com\/spolecznajedynkapoznan\/","https:\/\/www.instagram.com\/spolecznajedynka\/"]}]}},"_links":{"self":[{"href":"https:\/\/spolecznajedynka.pl\/sp\/wp-json\/wp\/v2\/pages\/70","targetHints":{"allow":["GET"]}}],"collection":[{"href":"https:\/\/spolecznajedynka.pl\/sp\/wp-json\/wp\/v2\/pages"}],"about":[{"href":"https:\/\/spolecznajedynka.pl\/sp\/wp-json\/wp\/v2\/types\/page"}],"author":[{"embeddable":true,"href":"https:\/\/spolecznajedynka.pl\/sp\/wp-json\/wp\/v2\/users\/2"}],"replies":[{"embeddable":true,"href":"https:\/\/spolecznajedynka.pl\/sp\/wp-json\/wp\/v2\/comments?post=70"}],"version-history":[{"count":5,"href":"https:\/\/spolecznajedynka.pl\/sp\/wp-json\/wp\/v2\/pages\/70\/revisions"}],"predecessor-version":[{"id":1222,"href":"https:\/\/spolecznajedynka.pl\/sp\/wp-json\/wp\/v2\/pages\/70\/revisions\/1222"}],"wp:attachment":[{"href":"https:\/\/spolecznajedynka.pl\/sp\/wp-json\/wp\/v2\/media?parent=70"}],"curies":[{"name":"wp","href":"https:\/\/api.w.org\/{rel}","templated":true}]}}