{"id":65,"date":"2023-10-05T16:09:40","date_gmt":"2023-10-05T14:09:40","guid":{"rendered":"https:\/\/zarzadzanie.smarthost.pl\/sp1\/sp\/?page_id=65"},"modified":"2023-10-05T16:12:13","modified_gmt":"2023-10-05T14:12:13","slug":"teatr","status":"publish","type":"page","link":"https:\/\/spolecznajedynka.pl\/sp\/teatr\/","title":{"rendered":"Teatr"},"content":{"rendered":"<section class=\"kc-elm kc_row\"><div class=\"kc-row-container  kc-container\"><div class=\"kc-wrap-columns\"><div class=\"kc-elm kc_column kc_col-sm-12\"><div class=\"kc-col-container\"><div class=\"kc-elm kc_shortcode kc_single_image\">\n\n        <img decoding=\"async\" src=\"https:\/\/spolecznajedynka.pl\/sp\/wp-content\/plugins\/kingcomposer\/assets\/images\/get_start.jpg\" class=\"kc_image_empty\" alt=\"\" \/>    <\/div>\n<\/div><\/div><div class=\"kc-elm kc_column kc_col-sm-12\"><div class=\"kc-col-container\"><div class=\"kc-elm kc_text_block\"><\/p>\n<p>W sali teatralnej Spo\u0142ecznej Jedynki poprzez zabaw\u0119 w teatr dzieci nie\u015bmia\u0142e nabieraj\u0105 pewno\u015bci siebie, dzieci nadaktywne ucz\u0105 si\u0119 pow\u015bci\u0105gania emocji i kontrolowania swoich zachowa\u0144. Dzieje si\u0119 to poprzez dzia\u0142ania sceniczne (etiudy teatralne, wyst\u0119py improwizowane, przygotowywanie spektakli).<\/p>\n<p>Dzieci nabieraj\u0105 og\u0142ady scenicznej i ucz\u0105 si\u0119 publicznego prezentowania swoich wyst\u0105pie\u0144. Zapoznaj\u0105 si\u0119 z procesem powstawania spektaklu: od scenariusza, poprzez budowanie scenografii i przygotowywanie kostium\u00f3w, lalek, rekwizyt\u00f3w, budowanie postaci, po projektowanie plakat\u00f3w i zaprosze\u0144, a\u017c w ko\u0144cu wyst\u0119py.<\/p>\n<p>Prowadz\u0105cy wdra\u017ca dzieci do poprawnego pos\u0142ugiwania si\u0119 j\u0119zykiem polskim i w\u0142a\u015bciwego operowania g\u0142osem.<\/p>\n<p>Jedn\u0105 z form pracy jest filmowanie i omawianie improwizowanych scenek.Terminy zaj\u0119\u0107 uzale\u017cnione s\u0105 od planu lekcyjnego. Dzieci pracuj\u0105 w zr\u00f3\u017cnicowanych pod wzgl\u0119dem wieku grupach. Mile widziane s\u0105 rodze\u0144stwa.<\/p>\n<p>Wa\u017cnym elementem zaj\u0119\u0107 jest praktyczna nauka dobrego zachowania.<\/p>\n<p>Zaj\u0119cia teatralne dla starszych uczni\u00f3w Q\u017ania maj\u0105 wieloletni\u0105 tradycj\u0119 zapocz\u0105tkowan\u0105 przez pani\u0105 Maryn\u0119 Jasi\u0144sk\u0105. To wyj\u0105tkowe spotkania kszta\u0142tuj\u0105ce wra\u017cliwo\u015b\u0107 i zami\u0142owanie do Teatru. Umiej\u0119tno\u015b\u0107 s\u0142uchania i wyra\u017cania siebie. Na tych zaj\u0119ciach scena staje si\u0119 przestrzeni\u0105, w kt\u00f3rej szlifujemy zdobyte wcze\u015bniej umiej\u0119tno\u015bci, nabieramy pewno\u015bci siebie, odkrywamy swoje mocne strony. Tworzymy, dyskutujemy, stawiamy odwa\u017cne pytania i wsp\u00f3lnie szukamy na nie odpowiedzi.<\/p>\n<p>Czasami jedno wypowiedziane zdanie rozpoczyna d\u0142ug\u0105 dyskusj\u0119.<br \/>Czasami Q\u017ania to pocz\u0105tek pi\u0119knej pasji, kt\u00f3ra trwa&#8230;<\/p>\n<p>\n<\/div><\/div><\/div><\/div><\/div><\/section>\n","protected":false},"excerpt":{"rendered":"","protected":false},"author":2,"featured_media":0,"parent":0,"menu_order":0,"comment_status":"closed","ping_status":"closed","template":"","meta":{"_acf_changed":false,"footnotes":""},"class_list":["post-65","page","type-page","status-publish","hentry"],"acf":[],"yoast_head":"<!-- This site is optimized with the Yoast SEO plugin v27.4 - https:\/\/yoast.com\/product\/yoast-seo-wordpress\/ -->\n<title>Teatr - Szko\u0142a Podstawowa<\/title>\n<meta name=\"robots\" content=\"index, follow, max-snippet:-1, max-image-preview:large, max-video-preview:-1\" \/>\n<link rel=\"canonical\" href=\"https:\/\/spolecznajedynka.pl\/sp\/teatr\/\" \/>\n<meta property=\"og:locale\" content=\"pl_PL\" \/>\n<meta property=\"og:type\" content=\"article\" \/>\n<meta property=\"og:title\" content=\"Teatr - Szko\u0142a Podstawowa\" \/>\n<meta property=\"og:description\" content=\"W sali teatralnej Spo\u0142ecznej Jedynki poprzez zabaw\u0119 w teatr dzieci nie\u015bmia\u0142e nabieraj\u0105 pewno\u015bci siebie, dzieci nadaktywne ucz\u0105 si\u0119 pow\u015bci\u0105gania emocji...\" \/>\n<meta property=\"og:url\" content=\"https:\/\/spolecznajedynka.pl\/sp\/teatr\/\" \/>\n<meta property=\"og:site_name\" content=\"Szko\u0142a Podstawowa\" \/>\n<meta property=\"article:publisher\" content=\"https:\/\/www.facebook.com\/spolecznajedynkapoznan\/\" \/>\n<meta property=\"article:modified_time\" content=\"2023-10-05T14:12:13+00:00\" \/>\n<meta property=\"og:image\" content=\"https:\/\/spolecznajedynka.pl\/sp\/wp-content\/uploads\/sites\/3\/2023\/10\/teatr.jpg\" \/>\n<meta name=\"twitter:card\" content=\"summary_large_image\" \/>\n<meta name=\"twitter:label1\" content=\"Szacowany czas czytania\" \/>\n\t<meta name=\"twitter:data1\" content=\"2 minuty\" \/>\n<script type=\"application\/ld+json\" class=\"yoast-schema-graph\">{\"@context\":\"https:\\\/\\\/schema.org\",\"@graph\":[{\"@type\":\"WebPage\",\"@id\":\"https:\\\/\\\/spolecznajedynka.pl\\\/sp\\\/teatr\\\/\",\"url\":\"https:\\\/\\\/spolecznajedynka.pl\\\/sp\\\/teatr\\\/\",\"name\":\"Teatr - Szko\u0142a Podstawowa\",\"isPartOf\":{\"@id\":\"https:\\\/\\\/spolecznajedynka.pl\\\/sp\\\/#website\"},\"primaryImageOfPage\":{\"@id\":\"https:\\\/\\\/spolecznajedynka.pl\\\/sp\\\/teatr\\\/#primaryimage\"},\"image\":{\"@id\":\"https:\\\/\\\/spolecznajedynka.pl\\\/sp\\\/teatr\\\/#primaryimage\"},\"thumbnailUrl\":\"https:\\\/\\\/spolecznajedynka.pl\\\/sp\\\/wp-content\\\/plugins\\\/kingcomposer\\\/assets\\\/images\\\/get_start.jpg\",\"datePublished\":\"2023-10-05T14:09:40+00:00\",\"dateModified\":\"2023-10-05T14:12:13+00:00\",\"breadcrumb\":{\"@id\":\"https:\\\/\\\/spolecznajedynka.pl\\\/sp\\\/teatr\\\/#breadcrumb\"},\"inLanguage\":\"pl-PL\",\"potentialAction\":[{\"@type\":\"ReadAction\",\"target\":[\"https:\\\/\\\/spolecznajedynka.pl\\\/sp\\\/teatr\\\/\"]}]},{\"@type\":\"ImageObject\",\"inLanguage\":\"pl-PL\",\"@id\":\"https:\\\/\\\/spolecznajedynka.pl\\\/sp\\\/teatr\\\/#primaryimage\",\"url\":\"https:\\\/\\\/spolecznajedynka.pl\\\/sp\\\/wp-content\\\/plugins\\\/kingcomposer\\\/assets\\\/images\\\/get_start.jpg\",\"contentUrl\":\"https:\\\/\\\/spolecznajedynka.pl\\\/sp\\\/wp-content\\\/plugins\\\/kingcomposer\\\/assets\\\/images\\\/get_start.jpg\"},{\"@type\":\"BreadcrumbList\",\"@id\":\"https:\\\/\\\/spolecznajedynka.pl\\\/sp\\\/teatr\\\/#breadcrumb\",\"itemListElement\":[{\"@type\":\"ListItem\",\"position\":1,\"name\":\"Strona g\u0142\u00f3wna\",\"item\":\"https:\\\/\\\/spolecznajedynka.pl\\\/sp\\\/\"},{\"@type\":\"ListItem\",\"position\":2,\"name\":\"Teatr\"}]},{\"@type\":\"WebSite\",\"@id\":\"https:\\\/\\\/spolecznajedynka.pl\\\/sp\\\/#website\",\"url\":\"https:\\\/\\\/spolecznajedynka.pl\\\/sp\\\/\",\"name\":\"Szko\u0142a Podstawowa Spo\u0142eczna Jedynka Pozna\u0144\",\"description\":\"\",\"publisher\":{\"@id\":\"https:\\\/\\\/spolecznajedynka.pl\\\/sp\\\/#organization\"},\"potentialAction\":[{\"@type\":\"SearchAction\",\"target\":{\"@type\":\"EntryPoint\",\"urlTemplate\":\"https:\\\/\\\/spolecznajedynka.pl\\\/sp\\\/?s={search_term_string}\"},\"query-input\":{\"@type\":\"PropertyValueSpecification\",\"valueRequired\":true,\"valueName\":\"search_term_string\"}}],\"inLanguage\":\"pl-PL\"},{\"@type\":\"Organization\",\"@id\":\"https:\\\/\\\/spolecznajedynka.pl\\\/sp\\\/#organization\",\"name\":\"Szko\u0142a Podstawowa Spo\u0142eczna Jedynka Pozna\u0144\",\"url\":\"https:\\\/\\\/spolecznajedynka.pl\\\/sp\\\/\",\"logo\":{\"@type\":\"ImageObject\",\"inLanguage\":\"pl-PL\",\"@id\":\"https:\\\/\\\/spolecznajedynka.pl\\\/sp\\\/#\\\/schema\\\/logo\\\/image\\\/\",\"url\":\"https:\\\/\\\/spolecznajedynka.pl\\\/sp\\\/wp-content\\\/uploads\\\/sites\\\/3\\\/2023\\\/10\\\/logo.png\",\"contentUrl\":\"https:\\\/\\\/spolecznajedynka.pl\\\/sp\\\/wp-content\\\/uploads\\\/sites\\\/3\\\/2023\\\/10\\\/logo.png\",\"width\":75,\"height\":124,\"caption\":\"Szko\u0142a Podstawowa Spo\u0142eczna Jedynka Pozna\u0144\"},\"image\":{\"@id\":\"https:\\\/\\\/spolecznajedynka.pl\\\/sp\\\/#\\\/schema\\\/logo\\\/image\\\/\"},\"sameAs\":[\"https:\\\/\\\/www.facebook.com\\\/spolecznajedynkapoznan\\\/\",\"https:\\\/\\\/www.instagram.com\\\/spolecznajedynka\\\/\"]}]}<\/script>\n<!-- \/ Yoast SEO plugin. -->","yoast_head_json":{"title":"Teatr - Szko\u0142a Podstawowa","robots":{"index":"index","follow":"follow","max-snippet":"max-snippet:-1","max-image-preview":"max-image-preview:large","max-video-preview":"max-video-preview:-1"},"canonical":"https:\/\/spolecznajedynka.pl\/sp\/teatr\/","og_locale":"pl_PL","og_type":"article","og_title":"Teatr - Szko\u0142a Podstawowa","og_description":"W sali teatralnej Spo\u0142ecznej Jedynki poprzez zabaw\u0119 w teatr dzieci nie\u015bmia\u0142e nabieraj\u0105 pewno\u015bci siebie, dzieci nadaktywne ucz\u0105 si\u0119 pow\u015bci\u0105gania emocji...","og_url":"https:\/\/spolecznajedynka.pl\/sp\/teatr\/","og_site_name":"Szko\u0142a Podstawowa","article_publisher":"https:\/\/www.facebook.com\/spolecznajedynkapoznan\/","article_modified_time":"2023-10-05T14:12:13+00:00","og_image":[{"url":"https:\/\/spolecznajedynka.pl\/sp\/wp-content\/uploads\/sites\/3\/2023\/10\/teatr.jpg","type":"","width":"","height":""}],"twitter_card":"summary_large_image","twitter_misc":{"Szacowany czas czytania":"2 minuty"},"schema":{"@context":"https:\/\/schema.org","@graph":[{"@type":"WebPage","@id":"https:\/\/spolecznajedynka.pl\/sp\/teatr\/","url":"https:\/\/spolecznajedynka.pl\/sp\/teatr\/","name":"Teatr - Szko\u0142a Podstawowa","isPartOf":{"@id":"https:\/\/spolecznajedynka.pl\/sp\/#website"},"primaryImageOfPage":{"@id":"https:\/\/spolecznajedynka.pl\/sp\/teatr\/#primaryimage"},"image":{"@id":"https:\/\/spolecznajedynka.pl\/sp\/teatr\/#primaryimage"},"thumbnailUrl":"https:\/\/spolecznajedynka.pl\/sp\/wp-content\/plugins\/kingcomposer\/assets\/images\/get_start.jpg","datePublished":"2023-10-05T14:09:40+00:00","dateModified":"2023-10-05T14:12:13+00:00","breadcrumb":{"@id":"https:\/\/spolecznajedynka.pl\/sp\/teatr\/#breadcrumb"},"inLanguage":"pl-PL","potentialAction":[{"@type":"ReadAction","target":["https:\/\/spolecznajedynka.pl\/sp\/teatr\/"]}]},{"@type":"ImageObject","inLanguage":"pl-PL","@id":"https:\/\/spolecznajedynka.pl\/sp\/teatr\/#primaryimage","url":"https:\/\/spolecznajedynka.pl\/sp\/wp-content\/plugins\/kingcomposer\/assets\/images\/get_start.jpg","contentUrl":"https:\/\/spolecznajedynka.pl\/sp\/wp-content\/plugins\/kingcomposer\/assets\/images\/get_start.jpg"},{"@type":"BreadcrumbList","@id":"https:\/\/spolecznajedynka.pl\/sp\/teatr\/#breadcrumb","itemListElement":[{"@type":"ListItem","position":1,"name":"Strona g\u0142\u00f3wna","item":"https:\/\/spolecznajedynka.pl\/sp\/"},{"@type":"ListItem","position":2,"name":"Teatr"}]},{"@type":"WebSite","@id":"https:\/\/spolecznajedynka.pl\/sp\/#website","url":"https:\/\/spolecznajedynka.pl\/sp\/","name":"Szko\u0142a Podstawowa Spo\u0142eczna Jedynka Pozna\u0144","description":"","publisher":{"@id":"https:\/\/spolecznajedynka.pl\/sp\/#organization"},"potentialAction":[{"@type":"SearchAction","target":{"@type":"EntryPoint","urlTemplate":"https:\/\/spolecznajedynka.pl\/sp\/?s={search_term_string}"},"query-input":{"@type":"PropertyValueSpecification","valueRequired":true,"valueName":"search_term_string"}}],"inLanguage":"pl-PL"},{"@type":"Organization","@id":"https:\/\/spolecznajedynka.pl\/sp\/#organization","name":"Szko\u0142a Podstawowa Spo\u0142eczna Jedynka Pozna\u0144","url":"https:\/\/spolecznajedynka.pl\/sp\/","logo":{"@type":"ImageObject","inLanguage":"pl-PL","@id":"https:\/\/spolecznajedynka.pl\/sp\/#\/schema\/logo\/image\/","url":"https:\/\/spolecznajedynka.pl\/sp\/wp-content\/uploads\/sites\/3\/2023\/10\/logo.png","contentUrl":"https:\/\/spolecznajedynka.pl\/sp\/wp-content\/uploads\/sites\/3\/2023\/10\/logo.png","width":75,"height":124,"caption":"Szko\u0142a Podstawowa Spo\u0142eczna Jedynka Pozna\u0144"},"image":{"@id":"https:\/\/spolecznajedynka.pl\/sp\/#\/schema\/logo\/image\/"},"sameAs":["https:\/\/www.facebook.com\/spolecznajedynkapoznan\/","https:\/\/www.instagram.com\/spolecznajedynka\/"]}]}},"_links":{"self":[{"href":"https:\/\/spolecznajedynka.pl\/sp\/wp-json\/wp\/v2\/pages\/65","targetHints":{"allow":["GET"]}}],"collection":[{"href":"https:\/\/spolecznajedynka.pl\/sp\/wp-json\/wp\/v2\/pages"}],"about":[{"href":"https:\/\/spolecznajedynka.pl\/sp\/wp-json\/wp\/v2\/types\/page"}],"author":[{"embeddable":true,"href":"https:\/\/spolecznajedynka.pl\/sp\/wp-json\/wp\/v2\/users\/2"}],"replies":[{"embeddable":true,"href":"https:\/\/spolecznajedynka.pl\/sp\/wp-json\/wp\/v2\/comments?post=65"}],"version-history":[{"count":2,"href":"https:\/\/spolecznajedynka.pl\/sp\/wp-json\/wp\/v2\/pages\/65\/revisions"}],"predecessor-version":[{"id":68,"href":"https:\/\/spolecznajedynka.pl\/sp\/wp-json\/wp\/v2\/pages\/65\/revisions\/68"}],"wp:attachment":[{"href":"https:\/\/spolecznajedynka.pl\/sp\/wp-json\/wp\/v2\/media?parent=65"}],"curies":[{"name":"wp","href":"https:\/\/api.w.org\/{rel}","templated":true}]}}