{"id":606,"date":"2023-11-02T12:56:46","date_gmt":"2023-11-02T11:56:46","guid":{"rendered":"https:\/\/zarzadzanie.smarthost.pl\/sp1\/sp\/?page_id=606"},"modified":"2023-11-04T17:46:30","modified_gmt":"2023-11-04T16:46:30","slug":"edukacja-przyrodnicza","status":"publish","type":"page","link":"https:\/\/spolecznajedynka.pl\/sp\/edukacja-przyrodnicza\/","title":{"rendered":"Edukacja przyrodnicza"},"content":{"rendered":"<p><strong>W Spo\u0142ecznej Jedynce nie tylko uczymy si\u0119 wiedzy teoretycznej, ale r\u00f3wnie\u017c stawiamy na praktyczne do\u015bwiadczenia i fascynuj\u0105ce przygody zwi\u0105zane z edukacj\u0105 przyrodnicz\u0105. Nasza szko\u0142a podstawowa nieustannie d\u0105\u017cy do rozwijania ciekawo\u015bci i zainteresowania uczni\u00f3w \u015bwiatem przyrody, ucz\u0105c ich, jak sta\u0107 si\u0119 obserwatorami, badaczami i ekologami.<\/strong><\/p>\n<p>&nbsp;<\/p>\n<p><strong>Kszta\u0142towanie ciekawo\u015bci<\/strong><\/p>\n<p>Wsp\u00f3lnym mianownikiem dla wszystkim przedmiot\u00f3w przyrodniczych w Spo\u0142ecznej Jedynce jest rozbudzanie ciekawo\u015bci uczni\u00f3w i uczennic. Niezale\u017cnie od tego, czy jest to przyroda, geografia, czy fizyka, nasi nauczyciele zaciekawiaj\u0105 otaczaj\u0105cym \u015bwiatem, odkrywaj\u0105 tajemnice przyrody i zach\u0119caj\u0105 uczni\u00f3w i uczennice do samodzielnych poszukiwa\u0144. Nauka staje si\u0119 fascynuj\u0105c\u0105 podr\u00f3\u017c\u0105, a r\u00f3\u017cnorodne metody nauczania sprawiaj\u0105, \u017ce to co fascynuj\u0105ce, staje si\u0119 dost\u0119pne.<\/p>\n<p><strong>Praktyczne do\u015bwiadczenia<\/strong><\/p>\n<p>W naszej szkole traktujemy nauk\u0119 jako klucz do zrozumienia \u015bwiata. Aby uczyni\u0107 j\u0105 skutecznym narz\u0119dziem rozumienia otaczaj\u0105cego \u015bwiata, organizujemy liczne warsztaty, wyj\u015bcia terenowe i eksperymenty, kt\u00f3re pozwalaj\u0105 uczniom bezpo\u015brednio zaanga\u017cowa\u0107 si\u0119 w proces poznawczy. Samodzielne sadzenie ro\u015blin, wizyty w instytutach badawczych i do\u015bwiadczenia chemiczne\u00a0 to tylko niekt\u00f3re z aktywno\u015bci, kt\u00f3re pokazuj\u0105 naszym uczniom, \u017ce nauka ma praktyczne zastosowanie w \u017cyciu codziennym.<\/p>\n<p><strong>Zach\u0119ta do samodzielno\u015bci<\/strong><\/p>\n<p>Edukacja przyrodnicza w Spo\u0142ecznej Jedynce staje si\u0119 okazj\u0105 do rozwoju istotnych kompetencji mi\u0119kkich: samodzielno\u015bci w my\u015bleniu i dzia\u0142aniu, stawiania odwa\u017cnych hipotez i nurtuj\u0105cych pyta\u0144, wyci\u0105gania wniosk\u00f3w opartych na dowodach i rzeczowego komunikowania swojego stanowiska.<\/p>\n<p>Opr\u00f3cz dostarczania wiedzy, zaj\u0119cia ucz\u0105 aktywnej postawy w eksplorowaniu otaczaj\u0105cego nas \u015bwiata. Nasi uczniowie s\u0105 nie tylko odbiorcami tre\u015bci, ale tak\u017ce aktywnymi uczestnikami procesu nauki.<\/p>\n<p><strong>Edukacja dla przysz\u0142o\u015bci<\/strong><\/p>\n<p>Po\u015bwi\u0119camy wiele uwagi kwestiom zwi\u0105zanym z ochron\u0105 \u015brodowiska. Ju\u017c najm\u0142odsze roczniki zg\u0142\u0119biaj\u0105 tematyk\u0119 ekologii, recyklingu, ochrony przyrody i wp\u0142ywu cz\u0142owieka na \u015brodowisko. Tworzymy miejsce, w kt\u00f3rym kwitnie \u015bwiadomo\u015b\u0107 ekologiczna i chcemy, aby nasi uczniowie byli obywatelami gotowymi podejmowa\u0107 odpowiedzialne decyzje dotycz\u0105ce \u015brodowiska naturalnego.<\/p>\n<p><strong>W Spo\u0142ecznej Jedynce edukacja przyrodnicza to nie tylko lekcje w klasach, ale fascynuj\u0105ca podr\u00f3\u017c po \u015bwiecie przyrody. Stawiamy na rozbudzanie uczniowskiej ciekawo\u015bci, nauk\u0119 przez do\u015bwiadczenie i rozwijanie umiej\u0119tno\u015bci praktycznych &#8211; tak, aby nasi uczniowie mieli okazj\u0119 zar\u00f3wno do poznawania nowych fakt\u00f3w, jak i kszta\u0142towania postaw odpowiedzialno\u015bci za otaczaj\u0105cy ich \u015bwiat.<\/strong><\/p>\n<p>&nbsp;<\/p>\n\n\t\t<style type=\"text\/css\">\n\t\t\t#gallery-1 {\n\t\t\t\tmargin: auto;\n\t\t\t}\n\t\t\t#gallery-1 .gallery-item {\n\t\t\t\tfloat: left;\n\t\t\t\tmargin-top: 10px;\n\t\t\t\ttext-align: center;\n\t\t\t\twidth: 33%;\n\t\t\t}\n\t\t\t#gallery-1 img {\n\t\t\t\tborder: 2px solid #cfcfcf;\n\t\t\t}\n\t\t\t#gallery-1 .gallery-caption {\n\t\t\t\tmargin-left: 0;\n\t\t\t}\n\t\t\t\/* see gallery_shortcode() in wp-includes\/media.php *\/\n\t\t<\/style>\n\t\t<div id='gallery-1' class='gallery galleryid-606 gallery-columns-3 gallery-size-thumbnail'><dl class='gallery-item'>\n\t\t\t<dt class='gallery-icon landscape'>\n\t\t\t\t<a href='https:\/\/spolecznajedynka.pl\/sp\/edukacja-przyrodnicza\/attachment\/312595648_545641854233695_8746794263583887935_n\/'><img loading=\"lazy\" decoding=\"async\" width=\"150\" height=\"150\" src=\"https:\/\/spolecznajedynka.pl\/sp\/wp-content\/uploads\/sites\/3\/2023\/11\/312595648_545641854233695_8746794263583887935_n-150x150.jpg\" class=\"attachment-thumbnail size-thumbnail\" alt=\"\" srcset=\"https:\/\/spolecznajedynka.pl\/sp\/wp-content\/uploads\/sites\/3\/2023\/11\/312595648_545641854233695_8746794263583887935_n-150x150.jpg 150w, https:\/\/spolecznajedynka.pl\/sp\/wp-content\/uploads\/sites\/3\/2023\/11\/312595648_545641854233695_8746794263583887935_n-300x300.jpg 300w, https:\/\/spolecznajedynka.pl\/sp\/wp-content\/uploads\/sites\/3\/2023\/11\/312595648_545641854233695_8746794263583887935_n-1024x1024.jpg 1024w, https:\/\/spolecznajedynka.pl\/sp\/wp-content\/uploads\/sites\/3\/2023\/11\/312595648_545641854233695_8746794263583887935_n-768x768.jpg 768w, https:\/\/spolecznajedynka.pl\/sp\/wp-content\/uploads\/sites\/3\/2023\/11\/312595648_545641854233695_8746794263583887935_n.jpg 1536w\" sizes=\"auto, (max-width: 150px) 100vw, 150px\" \/><\/a>\n\t\t\t<\/dt><\/dl><dl class='gallery-item'>\n\t\t\t<dt class='gallery-icon landscape'>\n\t\t\t\t<a href='https:\/\/spolecznajedynka.pl\/sp\/edukacja-przyrodnicza\/attachment\/313404179_545638960900651_1783944580011755341_n-2\/'><img loading=\"lazy\" decoding=\"async\" width=\"150\" height=\"150\" src=\"https:\/\/spolecznajedynka.pl\/sp\/wp-content\/uploads\/sites\/3\/2023\/11\/313404179_545638960900651_1783944580011755341_n-150x150.jpg\" class=\"attachment-thumbnail size-thumbnail\" alt=\"\" srcset=\"https:\/\/spolecznajedynka.pl\/sp\/wp-content\/uploads\/sites\/3\/2023\/11\/313404179_545638960900651_1783944580011755341_n-150x150.jpg 150w, https:\/\/spolecznajedynka.pl\/sp\/wp-content\/uploads\/sites\/3\/2023\/11\/313404179_545638960900651_1783944580011755341_n-300x300.jpg 300w, https:\/\/spolecznajedynka.pl\/sp\/wp-content\/uploads\/sites\/3\/2023\/11\/313404179_545638960900651_1783944580011755341_n-1024x1024.jpg 1024w, https:\/\/spolecznajedynka.pl\/sp\/wp-content\/uploads\/sites\/3\/2023\/11\/313404179_545638960900651_1783944580011755341_n-768x768.jpg 768w, https:\/\/spolecznajedynka.pl\/sp\/wp-content\/uploads\/sites\/3\/2023\/11\/313404179_545638960900651_1783944580011755341_n.jpg 1536w\" sizes=\"auto, (max-width: 150px) 100vw, 150px\" \/><\/a>\n\t\t\t<\/dt><\/dl><dl class='gallery-item'>\n\t\t\t<dt class='gallery-icon landscape'>\n\t\t\t\t<a href='https:\/\/spolecznajedynka.pl\/sp\/edukacja-przyrodnicza\/attachment\/312642081_545641097567104_8661522514571739466_n\/'><img loading=\"lazy\" decoding=\"async\" width=\"150\" height=\"150\" src=\"https:\/\/spolecznajedynka.pl\/sp\/wp-content\/uploads\/sites\/3\/2023\/11\/312642081_545641097567104_8661522514571739466_n-150x150.jpg\" class=\"attachment-thumbnail size-thumbnail\" alt=\"\" srcset=\"https:\/\/spolecznajedynka.pl\/sp\/wp-content\/uploads\/sites\/3\/2023\/11\/312642081_545641097567104_8661522514571739466_n-150x150.jpg 150w, https:\/\/spolecznajedynka.pl\/sp\/wp-content\/uploads\/sites\/3\/2023\/11\/312642081_545641097567104_8661522514571739466_n-300x300.jpg 300w, https:\/\/spolecznajedynka.pl\/sp\/wp-content\/uploads\/sites\/3\/2023\/11\/312642081_545641097567104_8661522514571739466_n-1024x1024.jpg 1024w, https:\/\/spolecznajedynka.pl\/sp\/wp-content\/uploads\/sites\/3\/2023\/11\/312642081_545641097567104_8661522514571739466_n-768x768.jpg 768w, https:\/\/spolecznajedynka.pl\/sp\/wp-content\/uploads\/sites\/3\/2023\/11\/312642081_545641097567104_8661522514571739466_n.jpg 1536w\" sizes=\"auto, (max-width: 150px) 100vw, 150px\" \/><\/a>\n\t\t\t<\/dt><\/dl><br style=\"clear: both\" \/><dl class='gallery-item'>\n\t\t\t<dt class='gallery-icon landscape'>\n\t\t\t\t<a href='https:\/\/spolecznajedynka.pl\/sp\/edukacja-przyrodnicza\/attachment\/288153657_3384490705112984_7895782146508169352_n\/'><img loading=\"lazy\" decoding=\"async\" width=\"150\" height=\"150\" src=\"https:\/\/spolecznajedynka.pl\/sp\/wp-content\/uploads\/sites\/3\/2023\/11\/288153657_3384490705112984_7895782146508169352_n-150x150.jpg\" class=\"attachment-thumbnail size-thumbnail\" alt=\"\" \/><\/a>\n\t\t\t<\/dt><\/dl><dl class='gallery-item'>\n\t\t\t<dt class='gallery-icon landscape'>\n\t\t\t\t<a href='https:\/\/spolecznajedynka.pl\/sp\/edukacja-przyrodnicza\/attachment\/288312662_3384490695112985_2297983677204540270_n\/'><img loading=\"lazy\" decoding=\"async\" width=\"150\" height=\"150\" src=\"https:\/\/spolecznajedynka.pl\/sp\/wp-content\/uploads\/sites\/3\/2023\/11\/288312662_3384490695112985_2297983677204540270_n-150x150.jpg\" class=\"attachment-thumbnail size-thumbnail\" alt=\"\" \/><\/a>\n\t\t\t<\/dt><\/dl><dl class='gallery-item'>\n\t\t\t<dt class='gallery-icon portrait'>\n\t\t\t\t<a href='https:\/\/spolecznajedynka.pl\/sp\/edukacja-przyrodnicza\/attachment\/387208545_800330608764817_7768321086398515635_n\/'><img loading=\"lazy\" decoding=\"async\" width=\"150\" height=\"150\" src=\"https:\/\/spolecznajedynka.pl\/sp\/wp-content\/uploads\/sites\/3\/2023\/11\/387208545_800330608764817_7768321086398515635_n-150x150.jpg\" class=\"attachment-thumbnail size-thumbnail\" alt=\"\" \/><\/a>\n\t\t\t<\/dt><\/dl><br style=\"clear: both\" \/><dl class='gallery-item'>\n\t\t\t<dt class='gallery-icon landscape'>\n\t\t\t\t<a href='https:\/\/spolecznajedynka.pl\/sp\/edukacja-przyrodnicza\/attachment\/278579327_3348380665390655_5973728089981310099_n\/'><img loading=\"lazy\" decoding=\"async\" width=\"150\" height=\"150\" src=\"https:\/\/spolecznajedynka.pl\/sp\/wp-content\/uploads\/sites\/3\/2023\/11\/278579327_3348380665390655_5973728089981310099_n-150x150.jpg\" class=\"attachment-thumbnail size-thumbnail\" alt=\"\" \/><\/a>\n\t\t\t<\/dt><\/dl><dl class='gallery-item'>\n\t\t\t<dt class='gallery-icon portrait'>\n\t\t\t\t<a href='https:\/\/spolecznajedynka.pl\/sp\/edukacja-przyrodnicza\/attachment\/279860718_3353409888221066_2627658314626986572_n\/'><img loading=\"lazy\" decoding=\"async\" width=\"150\" height=\"150\" src=\"https:\/\/spolecznajedynka.pl\/sp\/wp-content\/uploads\/sites\/3\/2023\/11\/279860718_3353409888221066_2627658314626986572_n-150x150.jpg\" class=\"attachment-thumbnail size-thumbnail\" alt=\"\" \/><\/a>\n\t\t\t<\/dt><\/dl><dl class='gallery-item'>\n\t\t\t<dt class='gallery-icon landscape'>\n\t\t\t\t<a href='https:\/\/spolecznajedynka.pl\/sp\/edukacja-przyrodnicza\/attachment\/311143271_520011540130060_2453761034343272873_n\/'><img loading=\"lazy\" decoding=\"async\" width=\"150\" height=\"150\" src=\"https:\/\/spolecznajedynka.pl\/sp\/wp-content\/uploads\/sites\/3\/2023\/11\/311143271_520011540130060_2453761034343272873_n-150x150.jpg\" class=\"attachment-thumbnail size-thumbnail\" alt=\"\" \/><\/a>\n\t\t\t<\/dt><\/dl><br style=\"clear: both\" \/><dl class='gallery-item'>\n\t\t\t<dt class='gallery-icon landscape'>\n\t\t\t\t<a href='https:\/\/spolecznajedynka.pl\/sp\/edukacja-przyrodnicza\/attachment\/311737062_531452322319315_7764979428564375639_n-2\/'><img loading=\"lazy\" decoding=\"async\" width=\"150\" height=\"150\" src=\"https:\/\/spolecznajedynka.pl\/sp\/wp-content\/uploads\/sites\/3\/2023\/11\/311737062_531452322319315_7764979428564375639_n-150x150.jpg\" class=\"attachment-thumbnail size-thumbnail\" alt=\"\" \/><\/a>\n\t\t\t<\/dt><\/dl>\n\t\t\t<br style='clear: both' \/>\n\t\t<\/div>\n\n","protected":false},"excerpt":{"rendered":"<p>W Spo\u0142ecznej Jedynce nie tylko uczymy si\u0119 wiedzy teoretycznej, ale r\u00f3wnie\u017c stawiamy na praktyczne do\u015bwiadczenia i fascynuj\u0105ce przygody zwi\u0105zane z&#8230;<\/p>\n","protected":false},"author":2,"featured_media":0,"parent":0,"menu_order":0,"comment_status":"closed","ping_status":"closed","template":"","meta":{"_acf_changed":false,"footnotes":""},"class_list":["post-606","page","type-page","status-publish","hentry"],"acf":[],"yoast_head":"<!-- This site is optimized with the Yoast SEO plugin v27.5 - https:\/\/yoast.com\/product\/yoast-seo-wordpress\/ -->\n<title>Edukacja przyrodnicza - Szko\u0142a Podstawowa<\/title>\n<meta name=\"robots\" content=\"index, follow, max-snippet:-1, max-image-preview:large, max-video-preview:-1\" \/>\n<link rel=\"canonical\" href=\"https:\/\/spolecznajedynka.pl\/sp\/edukacja-przyrodnicza\/\" \/>\n<meta property=\"og:locale\" content=\"pl_PL\" \/>\n<meta property=\"og:type\" content=\"article\" \/>\n<meta property=\"og:title\" content=\"Edukacja przyrodnicza - Szko\u0142a Podstawowa\" \/>\n<meta property=\"og:description\" content=\"W Spo\u0142ecznej Jedynce nie tylko uczymy si\u0119 wiedzy teoretycznej, ale r\u00f3wnie\u017c stawiamy na praktyczne do\u015bwiadczenia i fascynuj\u0105ce przygody zwi\u0105zane z...\" \/>\n<meta property=\"og:url\" content=\"https:\/\/spolecznajedynka.pl\/sp\/edukacja-przyrodnicza\/\" \/>\n<meta property=\"og:site_name\" content=\"Szko\u0142a Podstawowa\" \/>\n<meta property=\"article:publisher\" content=\"https:\/\/www.facebook.com\/spolecznajedynkapoznan\/\" \/>\n<meta property=\"article:modified_time\" content=\"2023-11-04T16:46:30+00:00\" \/>\n<meta property=\"og:image\" content=\"https:\/\/spolecznajedynka.pl\/sp\/wp-content\/uploads\/sites\/3\/2023\/11\/312595648_545641854233695_8746794263583887935_n-150x150.jpg\" \/>\n<meta name=\"twitter:card\" content=\"summary_large_image\" \/>\n<meta name=\"twitter:label1\" content=\"Szacowany czas czytania\" \/>\n\t<meta name=\"twitter:data1\" content=\"2 minuty\" \/>\n<script type=\"application\/ld+json\" class=\"yoast-schema-graph\">{\"@context\":\"https:\\\/\\\/schema.org\",\"@graph\":[{\"@type\":\"WebPage\",\"@id\":\"https:\\\/\\\/spolecznajedynka.pl\\\/sp\\\/edukacja-przyrodnicza\\\/\",\"url\":\"https:\\\/\\\/spolecznajedynka.pl\\\/sp\\\/edukacja-przyrodnicza\\\/\",\"name\":\"Edukacja przyrodnicza - Szko\u0142a Podstawowa\",\"isPartOf\":{\"@id\":\"https:\\\/\\\/spolecznajedynka.pl\\\/sp\\\/#website\"},\"datePublished\":\"2023-11-02T11:56:46+00:00\",\"dateModified\":\"2023-11-04T16:46:30+00:00\",\"breadcrumb\":{\"@id\":\"https:\\\/\\\/spolecznajedynka.pl\\\/sp\\\/edukacja-przyrodnicza\\\/#breadcrumb\"},\"inLanguage\":\"pl-PL\",\"potentialAction\":[{\"@type\":\"ReadAction\",\"target\":[\"https:\\\/\\\/spolecznajedynka.pl\\\/sp\\\/edukacja-przyrodnicza\\\/\"]}]},{\"@type\":\"BreadcrumbList\",\"@id\":\"https:\\\/\\\/spolecznajedynka.pl\\\/sp\\\/edukacja-przyrodnicza\\\/#breadcrumb\",\"itemListElement\":[{\"@type\":\"ListItem\",\"position\":1,\"name\":\"Strona g\u0142\u00f3wna\",\"item\":\"https:\\\/\\\/spolecznajedynka.pl\\\/sp\\\/\"},{\"@type\":\"ListItem\",\"position\":2,\"name\":\"Edukacja przyrodnicza\"}]},{\"@type\":\"WebSite\",\"@id\":\"https:\\\/\\\/spolecznajedynka.pl\\\/sp\\\/#website\",\"url\":\"https:\\\/\\\/spolecznajedynka.pl\\\/sp\\\/\",\"name\":\"Szko\u0142a Podstawowa Spo\u0142eczna Jedynka Pozna\u0144\",\"description\":\"\",\"publisher\":{\"@id\":\"https:\\\/\\\/spolecznajedynka.pl\\\/sp\\\/#organization\"},\"potentialAction\":[{\"@type\":\"SearchAction\",\"target\":{\"@type\":\"EntryPoint\",\"urlTemplate\":\"https:\\\/\\\/spolecznajedynka.pl\\\/sp\\\/?s={search_term_string}\"},\"query-input\":{\"@type\":\"PropertyValueSpecification\",\"valueRequired\":true,\"valueName\":\"search_term_string\"}}],\"inLanguage\":\"pl-PL\"},{\"@type\":\"Organization\",\"@id\":\"https:\\\/\\\/spolecznajedynka.pl\\\/sp\\\/#organization\",\"name\":\"Szko\u0142a Podstawowa Spo\u0142eczna Jedynka Pozna\u0144\",\"url\":\"https:\\\/\\\/spolecznajedynka.pl\\\/sp\\\/\",\"logo\":{\"@type\":\"ImageObject\",\"inLanguage\":\"pl-PL\",\"@id\":\"https:\\\/\\\/spolecznajedynka.pl\\\/sp\\\/#\\\/schema\\\/logo\\\/image\\\/\",\"url\":\"https:\\\/\\\/spolecznajedynka.pl\\\/sp\\\/wp-content\\\/uploads\\\/sites\\\/3\\\/2023\\\/10\\\/logo.png\",\"contentUrl\":\"https:\\\/\\\/spolecznajedynka.pl\\\/sp\\\/wp-content\\\/uploads\\\/sites\\\/3\\\/2023\\\/10\\\/logo.png\",\"width\":75,\"height\":124,\"caption\":\"Szko\u0142a Podstawowa Spo\u0142eczna Jedynka Pozna\u0144\"},\"image\":{\"@id\":\"https:\\\/\\\/spolecznajedynka.pl\\\/sp\\\/#\\\/schema\\\/logo\\\/image\\\/\"},\"sameAs\":[\"https:\\\/\\\/www.facebook.com\\\/spolecznajedynkapoznan\\\/\",\"https:\\\/\\\/www.instagram.com\\\/spolecznajedynka\\\/\"]}]}<\/script>\n<!-- \/ Yoast SEO plugin. -->","yoast_head_json":{"title":"Edukacja przyrodnicza - Szko\u0142a Podstawowa","robots":{"index":"index","follow":"follow","max-snippet":"max-snippet:-1","max-image-preview":"max-image-preview:large","max-video-preview":"max-video-preview:-1"},"canonical":"https:\/\/spolecznajedynka.pl\/sp\/edukacja-przyrodnicza\/","og_locale":"pl_PL","og_type":"article","og_title":"Edukacja przyrodnicza - Szko\u0142a Podstawowa","og_description":"W Spo\u0142ecznej Jedynce nie tylko uczymy si\u0119 wiedzy teoretycznej, ale r\u00f3wnie\u017c stawiamy na praktyczne do\u015bwiadczenia i fascynuj\u0105ce przygody zwi\u0105zane z...","og_url":"https:\/\/spolecznajedynka.pl\/sp\/edukacja-przyrodnicza\/","og_site_name":"Szko\u0142a Podstawowa","article_publisher":"https:\/\/www.facebook.com\/spolecznajedynkapoznan\/","article_modified_time":"2023-11-04T16:46:30+00:00","og_image":[{"url":"https:\/\/spolecznajedynka.pl\/sp\/wp-content\/uploads\/sites\/3\/2023\/11\/312595648_545641854233695_8746794263583887935_n-150x150.jpg","type":"","width":"","height":""}],"twitter_card":"summary_large_image","twitter_misc":{"Szacowany czas czytania":"2 minuty"},"schema":{"@context":"https:\/\/schema.org","@graph":[{"@type":"WebPage","@id":"https:\/\/spolecznajedynka.pl\/sp\/edukacja-przyrodnicza\/","url":"https:\/\/spolecznajedynka.pl\/sp\/edukacja-przyrodnicza\/","name":"Edukacja przyrodnicza - Szko\u0142a Podstawowa","isPartOf":{"@id":"https:\/\/spolecznajedynka.pl\/sp\/#website"},"datePublished":"2023-11-02T11:56:46+00:00","dateModified":"2023-11-04T16:46:30+00:00","breadcrumb":{"@id":"https:\/\/spolecznajedynka.pl\/sp\/edukacja-przyrodnicza\/#breadcrumb"},"inLanguage":"pl-PL","potentialAction":[{"@type":"ReadAction","target":["https:\/\/spolecznajedynka.pl\/sp\/edukacja-przyrodnicza\/"]}]},{"@type":"BreadcrumbList","@id":"https:\/\/spolecznajedynka.pl\/sp\/edukacja-przyrodnicza\/#breadcrumb","itemListElement":[{"@type":"ListItem","position":1,"name":"Strona g\u0142\u00f3wna","item":"https:\/\/spolecznajedynka.pl\/sp\/"},{"@type":"ListItem","position":2,"name":"Edukacja przyrodnicza"}]},{"@type":"WebSite","@id":"https:\/\/spolecznajedynka.pl\/sp\/#website","url":"https:\/\/spolecznajedynka.pl\/sp\/","name":"Szko\u0142a Podstawowa Spo\u0142eczna Jedynka Pozna\u0144","description":"","publisher":{"@id":"https:\/\/spolecznajedynka.pl\/sp\/#organization"},"potentialAction":[{"@type":"SearchAction","target":{"@type":"EntryPoint","urlTemplate":"https:\/\/spolecznajedynka.pl\/sp\/?s={search_term_string}"},"query-input":{"@type":"PropertyValueSpecification","valueRequired":true,"valueName":"search_term_string"}}],"inLanguage":"pl-PL"},{"@type":"Organization","@id":"https:\/\/spolecznajedynka.pl\/sp\/#organization","name":"Szko\u0142a Podstawowa Spo\u0142eczna Jedynka Pozna\u0144","url":"https:\/\/spolecznajedynka.pl\/sp\/","logo":{"@type":"ImageObject","inLanguage":"pl-PL","@id":"https:\/\/spolecznajedynka.pl\/sp\/#\/schema\/logo\/image\/","url":"https:\/\/spolecznajedynka.pl\/sp\/wp-content\/uploads\/sites\/3\/2023\/10\/logo.png","contentUrl":"https:\/\/spolecznajedynka.pl\/sp\/wp-content\/uploads\/sites\/3\/2023\/10\/logo.png","width":75,"height":124,"caption":"Szko\u0142a Podstawowa Spo\u0142eczna Jedynka Pozna\u0144"},"image":{"@id":"https:\/\/spolecznajedynka.pl\/sp\/#\/schema\/logo\/image\/"},"sameAs":["https:\/\/www.facebook.com\/spolecznajedynkapoznan\/","https:\/\/www.instagram.com\/spolecznajedynka\/"]}]}},"_links":{"self":[{"href":"https:\/\/spolecznajedynka.pl\/sp\/wp-json\/wp\/v2\/pages\/606","targetHints":{"allow":["GET"]}}],"collection":[{"href":"https:\/\/spolecznajedynka.pl\/sp\/wp-json\/wp\/v2\/pages"}],"about":[{"href":"https:\/\/spolecznajedynka.pl\/sp\/wp-json\/wp\/v2\/types\/page"}],"author":[{"embeddable":true,"href":"https:\/\/spolecznajedynka.pl\/sp\/wp-json\/wp\/v2\/users\/2"}],"replies":[{"embeddable":true,"href":"https:\/\/spolecznajedynka.pl\/sp\/wp-json\/wp\/v2\/comments?post=606"}],"version-history":[{"count":7,"href":"https:\/\/spolecznajedynka.pl\/sp\/wp-json\/wp\/v2\/pages\/606\/revisions"}],"predecessor-version":[{"id":722,"href":"https:\/\/spolecznajedynka.pl\/sp\/wp-json\/wp\/v2\/pages\/606\/revisions\/722"}],"wp:attachment":[{"href":"https:\/\/spolecznajedynka.pl\/sp\/wp-json\/wp\/v2\/media?parent=606"}],"curies":[{"name":"wp","href":"https:\/\/api.w.org\/{rel}","templated":true}]}}