{"id":456,"date":"2023-10-15T23:05:40","date_gmt":"2023-10-15T21:05:40","guid":{"rendered":"https:\/\/zarzadzanie.smarthost.pl\/sp1\/sp\/?page_id=456"},"modified":"2023-11-04T17:47:53","modified_gmt":"2023-11-04T16:47:53","slug":"edukacja-humanistyczna","status":"publish","type":"page","link":"https:\/\/spolecznajedynka.pl\/sp\/edukacja-humanistyczna\/","title":{"rendered":"Edukacja humanistyczna"},"content":{"rendered":"<p><strong>W Spo\u0142ecznej Jedynce edukacja humanistyczna to nie tylko zapami\u0119tywanie dat i wytrwa\u0142e \u0107wiczenie deklinacji. To przede wszystkim rozwijanie pe\u0142ni potencja\u0142u ucznia poprzez zrozumienie warto\u015bci, kultury i sztuki. Nasza szko\u0142a stawia na holistyczne podej\u015bcie, kt\u00f3re obejmuje nie tylko rozw\u00f3j umiej\u0119tno\u015bci intelektualnych, ale r\u00f3wnie\u017c spo\u0142ecznych i emocjonalnych.<\/strong><\/p>\n<p><strong>1. Literatura jako okno do \u015bwiata wewn\u0119trznego i zewn\u0119trznego<\/strong><\/p>\n<p>W Spo\u0142ecznej Jedynce literatura odgrywa kluczow\u0105 rol\u0119 w procesie edukacyjnym. Ksi\u0105\u017cki staj\u0105 si\u0119 nie tylko \u017ar\u00f3d\u0142em wiedzy, ale r\u00f3wnie\u017c narz\u0119dziem do zrozumienia r\u00f3\u017cnorodno\u015bci ludzkiego do\u015bwiadczenia. Dzieci ucz\u0105 si\u0119 empatii, rozumienia r\u00f3\u017cnych perspektyw i rozwijaj\u0105 umiej\u0119tno\u015b\u0107 wyra\u017cania siebie poprzez literatur\u0119.<\/p>\n<p>Rozbudzaniu mi\u0142o\u015bci do s\u0142owa pisanego s\u0142u\u017c\u0105 cyklicznie organizowane spotkania z autorami popularnych ksi\u0105\u017cek. W\u015br\u00f3d naszych go\u015bci byli ju\u017c m.in. Marek Kami\u0144ski, Pawe\u0142 Ber\u0119sewicz i Grzegorz Kasdepke.<\/p>\n<p><strong>2. Sztuka jako wyraz indywidualno\u015bci i ekspresji<\/strong><\/p>\n<p>Edukacja humanistyczna w Spo\u0142ecznej Jedynce obejmuje r\u00f3wnie\u017c sztuk\u0119 jako wa\u017cny element rozwoju uczni\u00f3w. Poprzez zaj\u0119cia artystyczne dzieci maj\u0105 okazj\u0119 wyrazi\u0107 swoje emocje, rozwija\u0107 kreatywno\u015b\u0107 i odkrywa\u0107 w\u0142asny styl.<\/p>\n<p>Nasi uczniowie i uczennice projektuj\u0105 i tworz\u0105 murale, anga\u017cuj\u0105 si\u0119 w projekty teatralne, organizuj\u0105 wystawy, \u015bpiewaj\u0105 w ch\u00f3rze i z powodzeniem bior\u0105 udzia\u0142 w konkursach plastycznych, muzycznych i literackich.<\/p>\n<p><strong>3. Filozofia jako klucz do my\u015blenia krytycznego<\/strong><\/p>\n<p>Chcemy wyposa\u017ca\u0107 uczni\u00f3w i uczennice w narz\u0119dzia do krytycznego my\u015blenia, dlatego lekcje filozofii od lat maj\u0105 swoje sta\u0142e miejsce w planie lekcji\u00a0 Dzi\u0119ki nim kszta\u0142towana jest umiej\u0119tno\u015b\u0107 zadawania pyta\u0144,\u00a0 poszukiwania g\u0142\u0119bszego sensu w r\u00f3\u017cnych dziedzinach \u017cycia, analizy otaczaj\u0105cych nas zjawisk i refleksji nad nimi.<\/p>\n<p><strong>4. Historia i wiedza o spo\u0142ecze\u0144stwie kluczem do zrozumienia \u015bwiata i drugiego cz\u0142owieka<\/strong><\/p>\n<p>Dzi\u0119ki prowadzonym z pasj\u0105 lekcjom historii i wiedzy o spo\u0142ecze\u0144stwie uczniowie poznaj\u0105 korzenie wsp\u00f3\u0142czesnego \u015bwiata oraz zasady rz\u0105dz\u0105ce \u017cyciem spo\u0142ecznym. Przy okazji maj\u0105 wgl\u0105d w r\u00f3\u017cne kultury i\u00a0 tradycje, co jednocze\u015bnie pozwala okre\u015bli\u0107 im w\u0142asn\u0105 to\u017csamo\u015b\u0107 oraz kszta\u0142towa\u0107 zdolno\u015b\u0107 do empatycznego zrozumienia drugiego cz\u0142owieka.<\/p>\n<p><strong>Edukacja humanistyczna w Spo\u0142ecznej Jedynce to nie tylko zdobywanie wiedzy, ale tak\u017ce poszerzanie horyzont\u00f3w, \u0107wiczenie kompetencji komunikacyjnych, rozwijanie my\u015blenia, i kszta\u0142towanie empatii. <\/strong><\/p>\n<p><strong>Tworzymy nie tylko miejsce nauki, ale przede wszystkim przestrze\u0144 do odkrywania \u015bwiata i samego siebie.<\/strong><\/p>\n\n\t\t<style type=\"text\/css\">\n\t\t\t#gallery-1 {\n\t\t\t\tmargin: auto;\n\t\t\t}\n\t\t\t#gallery-1 .gallery-item {\n\t\t\t\tfloat: left;\n\t\t\t\tmargin-top: 10px;\n\t\t\t\ttext-align: center;\n\t\t\t\twidth: 33%;\n\t\t\t}\n\t\t\t#gallery-1 img {\n\t\t\t\tborder: 2px solid #cfcfcf;\n\t\t\t}\n\t\t\t#gallery-1 .gallery-caption {\n\t\t\t\tmargin-left: 0;\n\t\t\t}\n\t\t\t\/* see gallery_shortcode() in wp-includes\/media.php *\/\n\t\t<\/style>\n\t\t<div id='gallery-1' class='gallery galleryid-456 gallery-columns-3 gallery-size-thumbnail'><dl class='gallery-item'>\n\t\t\t<dt class='gallery-icon portrait'>\n\t\t\t\t<a href='https:\/\/spolecznajedynka.pl\/sp\/edukacja-humanistyczna\/attachment\/316664351_562259709238576_9151913164976488296_n\/'><img loading=\"lazy\" decoding=\"async\" width=\"150\" height=\"150\" src=\"https:\/\/spolecznajedynka.pl\/sp\/wp-content\/uploads\/sites\/3\/2023\/11\/316664351_562259709238576_9151913164976488296_n-150x150.jpg\" class=\"attachment-thumbnail size-thumbnail\" alt=\"\" \/><\/a>\n\t\t\t<\/dt><\/dl><dl class='gallery-item'>\n\t\t\t<dt class='gallery-icon landscape'>\n\t\t\t\t<a href='https:\/\/spolecznajedynka.pl\/sp\/edukacja-humanistyczna\/attachment\/347426683_722657346532144_4570772789697834044_n\/'><img loading=\"lazy\" decoding=\"async\" width=\"150\" height=\"150\" src=\"https:\/\/spolecznajedynka.pl\/sp\/wp-content\/uploads\/sites\/3\/2023\/11\/347426683_722657346532144_4570772789697834044_n-150x150.jpg\" class=\"attachment-thumbnail size-thumbnail\" alt=\"\" srcset=\"https:\/\/spolecznajedynka.pl\/sp\/wp-content\/uploads\/sites\/3\/2023\/11\/347426683_722657346532144_4570772789697834044_n-150x150.jpg 150w, https:\/\/spolecznajedynka.pl\/sp\/wp-content\/uploads\/sites\/3\/2023\/11\/347426683_722657346532144_4570772789697834044_n-300x300.jpg 300w, https:\/\/spolecznajedynka.pl\/sp\/wp-content\/uploads\/sites\/3\/2023\/11\/347426683_722657346532144_4570772789697834044_n-1024x1024.jpg 1024w, https:\/\/spolecznajedynka.pl\/sp\/wp-content\/uploads\/sites\/3\/2023\/11\/347426683_722657346532144_4570772789697834044_n-768x768.jpg 768w, https:\/\/spolecznajedynka.pl\/sp\/wp-content\/uploads\/sites\/3\/2023\/11\/347426683_722657346532144_4570772789697834044_n.jpg 1536w\" sizes=\"auto, (max-width: 150px) 100vw, 150px\" \/><\/a>\n\t\t\t<\/dt><\/dl><dl class='gallery-item'>\n\t\t\t<dt class='gallery-icon landscape'>\n\t\t\t\t<a href='https:\/\/spolecznajedynka.pl\/sp\/edukacja-humanistyczna\/attachment\/333036416_951091929384236_6992787087353556884_n\/'><img loading=\"lazy\" decoding=\"async\" width=\"150\" height=\"150\" src=\"https:\/\/spolecznajedynka.pl\/sp\/wp-content\/uploads\/sites\/3\/2023\/11\/333036416_951091929384236_6992787087353556884_n-150x150.jpg\" class=\"attachment-thumbnail size-thumbnail\" alt=\"\" srcset=\"https:\/\/spolecznajedynka.pl\/sp\/wp-content\/uploads\/sites\/3\/2023\/11\/333036416_951091929384236_6992787087353556884_n-150x150.jpg 150w, https:\/\/spolecznajedynka.pl\/sp\/wp-content\/uploads\/sites\/3\/2023\/11\/333036416_951091929384236_6992787087353556884_n-300x300.jpg 300w, https:\/\/spolecznajedynka.pl\/sp\/wp-content\/uploads\/sites\/3\/2023\/11\/333036416_951091929384236_6992787087353556884_n-1024x1024.jpg 1024w, https:\/\/spolecznajedynka.pl\/sp\/wp-content\/uploads\/sites\/3\/2023\/11\/333036416_951091929384236_6992787087353556884_n-768x768.jpg 768w, https:\/\/spolecznajedynka.pl\/sp\/wp-content\/uploads\/sites\/3\/2023\/11\/333036416_951091929384236_6992787087353556884_n.jpg 1504w\" sizes=\"auto, (max-width: 150px) 100vw, 150px\" \/><\/a>\n\t\t\t<\/dt><\/dl><br style=\"clear: both\" \/><dl class='gallery-item'>\n\t\t\t<dt class='gallery-icon landscape'>\n\t\t\t\t<a href='https:\/\/spolecznajedynka.pl\/sp\/edukacja-humanistyczna\/attachment\/274882165_3308799639348758_4850578035540166197_n\/'><img loading=\"lazy\" decoding=\"async\" width=\"150\" height=\"150\" src=\"https:\/\/spolecznajedynka.pl\/sp\/wp-content\/uploads\/sites\/3\/2023\/10\/274882165_3308799639348758_4850578035540166197_n-150x150.jpg\" class=\"attachment-thumbnail size-thumbnail\" alt=\"\" \/><\/a>\n\t\t\t<\/dt><\/dl><dl class='gallery-item'>\n\t\t\t<dt class='gallery-icon landscape'>\n\t\t\t\t<a href='https:\/\/spolecznajedynka.pl\/sp\/edukacja-humanistyczna\/attachment\/82581655_2695880213974040_5792637162507730944_n\/'><img loading=\"lazy\" decoding=\"async\" width=\"150\" height=\"150\" src=\"https:\/\/spolecznajedynka.pl\/sp\/wp-content\/uploads\/sites\/3\/2023\/10\/82581655_2695880213974040_5792637162507730944_n-150x150.jpg\" class=\"attachment-thumbnail size-thumbnail\" alt=\"\" \/><\/a>\n\t\t\t<\/dt><\/dl><dl class='gallery-item'>\n\t\t\t<dt class='gallery-icon landscape'>\n\t\t\t\t<a href='https:\/\/spolecznajedynka.pl\/sp\/edukacja-humanistyczna\/attachment\/331750839_599490685525745_7300262006961798317_n\/'><img loading=\"lazy\" decoding=\"async\" width=\"150\" height=\"150\" src=\"https:\/\/spolecznajedynka.pl\/sp\/wp-content\/uploads\/sites\/3\/2023\/11\/331750839_599490685525745_7300262006961798317_n-150x150.jpg\" class=\"attachment-thumbnail size-thumbnail\" alt=\"\" srcset=\"https:\/\/spolecznajedynka.pl\/sp\/wp-content\/uploads\/sites\/3\/2023\/11\/331750839_599490685525745_7300262006961798317_n-150x150.jpg 150w, https:\/\/spolecznajedynka.pl\/sp\/wp-content\/uploads\/sites\/3\/2023\/11\/331750839_599490685525745_7300262006961798317_n-300x300.jpg 300w, https:\/\/spolecznajedynka.pl\/sp\/wp-content\/uploads\/sites\/3\/2023\/11\/331750839_599490685525745_7300262006961798317_n-1024x1024.jpg 1024w, https:\/\/spolecznajedynka.pl\/sp\/wp-content\/uploads\/sites\/3\/2023\/11\/331750839_599490685525745_7300262006961798317_n-768x768.jpg 768w, https:\/\/spolecznajedynka.pl\/sp\/wp-content\/uploads\/sites\/3\/2023\/11\/331750839_599490685525745_7300262006961798317_n.jpg 1200w\" sizes=\"auto, (max-width: 150px) 100vw, 150px\" \/><\/a>\n\t\t\t<\/dt><\/dl><br style=\"clear: both\" \/><dl class='gallery-item'>\n\t\t\t<dt class='gallery-icon landscape'>\n\t\t\t\t<a href='https:\/\/spolecznajedynka.pl\/sp\/edukacja-humanistyczna\/attachment\/78568087_2645353132360082_3881954689536753664_n\/'><img loading=\"lazy\" decoding=\"async\" width=\"150\" height=\"150\" src=\"https:\/\/spolecznajedynka.pl\/sp\/wp-content\/uploads\/sites\/3\/2023\/10\/78568087_2645353132360082_3881954689536753664_n-150x150.jpg\" class=\"attachment-thumbnail size-thumbnail\" alt=\"\" \/><\/a>\n\t\t\t<\/dt><\/dl><dl class='gallery-item'>\n\t\t\t<dt class='gallery-icon landscape'>\n\t\t\t\t<a href='https:\/\/spolecznajedynka.pl\/sp\/edukacja-humanistyczna\/attachment\/70682249_2577245495837513_8458515709503209472_n\/'><img loading=\"lazy\" decoding=\"async\" width=\"150\" height=\"150\" src=\"https:\/\/spolecznajedynka.pl\/sp\/wp-content\/uploads\/sites\/3\/2023\/10\/70682249_2577245495837513_8458515709503209472_n-150x150.jpg\" class=\"attachment-thumbnail size-thumbnail\" alt=\"\" \/><\/a>\n\t\t\t<\/dt><\/dl><dl class='gallery-item'>\n\t\t\t<dt class='gallery-icon landscape'>\n\t\t\t\t<a href='https:\/\/spolecznajedynka.pl\/sp\/edukacja-humanistyczna\/attachment\/277302897_3323613604534028_7047108807718289933_n\/'><img loading=\"lazy\" decoding=\"async\" width=\"150\" height=\"150\" src=\"https:\/\/spolecznajedynka.pl\/sp\/wp-content\/uploads\/sites\/3\/2023\/10\/277302897_3323613604534028_7047108807718289933_n-150x150.jpg\" class=\"attachment-thumbnail size-thumbnail\" alt=\"\" \/><\/a>\n\t\t\t<\/dt><\/dl><br style=\"clear: both\" \/><dl class='gallery-item'>\n\t\t\t<dt class='gallery-icon landscape'>\n\t\t\t\t<a href='https:\/\/spolecznajedynka.pl\/sp\/edukacja-humanistyczna\/attachment\/315463947_554924176638796_9138520464040846751_n\/'><img loading=\"lazy\" decoding=\"async\" width=\"150\" height=\"150\" src=\"https:\/\/spolecznajedynka.pl\/sp\/wp-content\/uploads\/sites\/3\/2023\/10\/315463947_554924176638796_9138520464040846751_n-150x150.jpg\" class=\"attachment-thumbnail size-thumbnail\" alt=\"\" \/><\/a>\n\t\t\t<\/dt><\/dl><dl class='gallery-item'>\n\t\t\t<dt class='gallery-icon landscape'>\n\t\t\t\t<a href='https:\/\/spolecznajedynka.pl\/sp\/edukacja-humanistyczna\/attachment\/312939984_545973374200543_3767793272677310870_n\/'><img loading=\"lazy\" decoding=\"async\" width=\"150\" height=\"150\" src=\"https:\/\/spolecznajedynka.pl\/sp\/wp-content\/uploads\/sites\/3\/2023\/10\/312939984_545973374200543_3767793272677310870_n-150x150.jpg\" class=\"attachment-thumbnail size-thumbnail\" alt=\"\" \/><\/a>\n\t\t\t<\/dt><\/dl><dl class='gallery-item'>\n\t\t\t<dt class='gallery-icon landscape'>\n\t\t\t\t<a href='https:\/\/spolecznajedynka.pl\/sp\/edukacja-humanistyczna\/attachment\/313429833_545973287533885_2168399364650877473_n\/'><img loading=\"lazy\" decoding=\"async\" width=\"150\" height=\"150\" src=\"https:\/\/spolecznajedynka.pl\/sp\/wp-content\/uploads\/sites\/3\/2023\/10\/313429833_545973287533885_2168399364650877473_n-150x150.jpg\" class=\"attachment-thumbnail size-thumbnail\" alt=\"\" \/><\/a>\n\t\t\t<\/dt><\/dl><br style=\"clear: both\" \/><dl class='gallery-item'>\n\t\t\t<dt class='gallery-icon landscape'>\n\t\t\t\t<a href='https:\/\/spolecznajedynka.pl\/sp\/edukacja-humanistyczna\/attachment\/311664610_530568492407698_7989390831329907122_n\/'><img loading=\"lazy\" decoding=\"async\" width=\"150\" height=\"150\" src=\"https:\/\/spolecznajedynka.pl\/sp\/wp-content\/uploads\/sites\/3\/2023\/10\/311664610_530568492407698_7989390831329907122_n-150x150.jpg\" class=\"attachment-thumbnail size-thumbnail\" alt=\"\" \/><\/a>\n\t\t\t<\/dt><\/dl><dl class='gallery-item'>\n\t\t\t<dt class='gallery-icon landscape'>\n\t\t\t\t<a href='https:\/\/spolecznajedynka.pl\/sp\/edukacja-humanistyczna\/attachment\/311527929_530564439074770_3278562261219998820_n\/'><img loading=\"lazy\" decoding=\"async\" width=\"150\" height=\"150\" src=\"https:\/\/spolecznajedynka.pl\/sp\/wp-content\/uploads\/sites\/3\/2023\/10\/311527929_530564439074770_3278562261219998820_n-150x150.jpg\" class=\"attachment-thumbnail size-thumbnail\" alt=\"\" \/><\/a>\n\t\t\t<\/dt><\/dl><dl class='gallery-item'>\n\t\t\t<dt class='gallery-icon landscape'>\n\t\t\t\t<a href='https:\/\/spolecznajedynka.pl\/sp\/edukacja-humanistyczna\/attachment\/336891603_229363099746522_5076937205189125233_n\/'><img loading=\"lazy\" decoding=\"async\" width=\"150\" height=\"150\" src=\"https:\/\/spolecznajedynka.pl\/sp\/wp-content\/uploads\/sites\/3\/2023\/11\/336891603_229363099746522_5076937205189125233_n-150x150.jpg\" class=\"attachment-thumbnail size-thumbnail\" alt=\"\" \/><\/a>\n\t\t\t<\/dt><\/dl><br style=\"clear: both\" \/><dl class='gallery-item'>\n\t\t\t<dt class='gallery-icon portrait'>\n\t\t\t\t<a href='https:\/\/spolecznajedynka.pl\/sp\/edukacja-humanistyczna\/attachment\/279582098_3358064091088979_7718957333867924481_n\/'><img loading=\"lazy\" decoding=\"async\" width=\"150\" height=\"150\" src=\"https:\/\/spolecznajedynka.pl\/sp\/wp-content\/uploads\/sites\/3\/2023\/11\/279582098_3358064091088979_7718957333867924481_n-150x150.jpg\" class=\"attachment-thumbnail size-thumbnail\" alt=\"\" \/><\/a>\n\t\t\t<\/dt><\/dl><dl class='gallery-item'>\n\t\t\t<dt class='gallery-icon portrait'>\n\t\t\t\t<a href='https:\/\/spolecznajedynka.pl\/sp\/edukacja-humanistyczna\/attachment\/289587170_3390425497852838_8310900019736325520_n\/'><img loading=\"lazy\" decoding=\"async\" width=\"150\" height=\"150\" src=\"https:\/\/spolecznajedynka.pl\/sp\/wp-content\/uploads\/sites\/3\/2023\/11\/289587170_3390425497852838_8310900019736325520_n-150x150.jpg\" class=\"attachment-thumbnail size-thumbnail\" alt=\"\" \/><\/a>\n\t\t\t<\/dt><\/dl>\n\t\t\t<br style='clear: both' \/>\n\t\t<\/div>\n\n","protected":false},"excerpt":{"rendered":"<p>W Spo\u0142ecznej Jedynce edukacja humanistyczna to nie tylko zapami\u0119tywanie dat i wytrwa\u0142e \u0107wiczenie deklinacji. To przede wszystkim rozwijanie pe\u0142ni potencja\u0142u&#8230;<\/p>\n","protected":false},"author":2,"featured_media":0,"parent":0,"menu_order":0,"comment_status":"closed","ping_status":"closed","template":"","meta":{"_acf_changed":false,"footnotes":""},"class_list":["post-456","page","type-page","status-publish","hentry"],"acf":[],"yoast_head":"<!-- This site is optimized with the Yoast SEO plugin v27.4 - https:\/\/yoast.com\/product\/yoast-seo-wordpress\/ -->\n<title>Edukacja humanistyczna - Szko\u0142a Podstawowa<\/title>\n<meta name=\"robots\" content=\"index, follow, max-snippet:-1, max-image-preview:large, max-video-preview:-1\" \/>\n<link rel=\"canonical\" href=\"https:\/\/spolecznajedynka.pl\/sp\/edukacja-humanistyczna\/\" \/>\n<meta property=\"og:locale\" content=\"pl_PL\" \/>\n<meta property=\"og:type\" content=\"article\" \/>\n<meta property=\"og:title\" content=\"Edukacja humanistyczna - Szko\u0142a Podstawowa\" \/>\n<meta property=\"og:description\" content=\"W Spo\u0142ecznej Jedynce edukacja humanistyczna to nie tylko zapami\u0119tywanie dat i wytrwa\u0142e \u0107wiczenie deklinacji. To przede wszystkim rozwijanie pe\u0142ni potencja\u0142u...\" \/>\n<meta property=\"og:url\" content=\"https:\/\/spolecznajedynka.pl\/sp\/edukacja-humanistyczna\/\" \/>\n<meta property=\"og:site_name\" content=\"Szko\u0142a Podstawowa\" \/>\n<meta property=\"article:publisher\" content=\"https:\/\/www.facebook.com\/spolecznajedynkapoznan\/\" \/>\n<meta property=\"article:modified_time\" content=\"2023-11-04T16:47:53+00:00\" \/>\n<meta property=\"og:image\" content=\"https:\/\/spolecznajedynka.pl\/sp\/wp-content\/uploads\/sites\/3\/2023\/11\/316664351_562259709238576_9151913164976488296_n-150x150.jpg\" \/>\n<meta name=\"twitter:card\" content=\"summary_large_image\" \/>\n<meta name=\"twitter:label1\" content=\"Szacowany czas czytania\" \/>\n\t<meta name=\"twitter:data1\" content=\"2 minuty\" \/>\n<script type=\"application\/ld+json\" class=\"yoast-schema-graph\">{\"@context\":\"https:\\\/\\\/schema.org\",\"@graph\":[{\"@type\":\"WebPage\",\"@id\":\"https:\\\/\\\/spolecznajedynka.pl\\\/sp\\\/edukacja-humanistyczna\\\/\",\"url\":\"https:\\\/\\\/spolecznajedynka.pl\\\/sp\\\/edukacja-humanistyczna\\\/\",\"name\":\"Edukacja humanistyczna - Szko\u0142a Podstawowa\",\"isPartOf\":{\"@id\":\"https:\\\/\\\/spolecznajedynka.pl\\\/sp\\\/#website\"},\"datePublished\":\"2023-10-15T21:05:40+00:00\",\"dateModified\":\"2023-11-04T16:47:53+00:00\",\"breadcrumb\":{\"@id\":\"https:\\\/\\\/spolecznajedynka.pl\\\/sp\\\/edukacja-humanistyczna\\\/#breadcrumb\"},\"inLanguage\":\"pl-PL\",\"potentialAction\":[{\"@type\":\"ReadAction\",\"target\":[\"https:\\\/\\\/spolecznajedynka.pl\\\/sp\\\/edukacja-humanistyczna\\\/\"]}]},{\"@type\":\"BreadcrumbList\",\"@id\":\"https:\\\/\\\/spolecznajedynka.pl\\\/sp\\\/edukacja-humanistyczna\\\/#breadcrumb\",\"itemListElement\":[{\"@type\":\"ListItem\",\"position\":1,\"name\":\"Strona g\u0142\u00f3wna\",\"item\":\"https:\\\/\\\/spolecznajedynka.pl\\\/sp\\\/\"},{\"@type\":\"ListItem\",\"position\":2,\"name\":\"Edukacja humanistyczna\"}]},{\"@type\":\"WebSite\",\"@id\":\"https:\\\/\\\/spolecznajedynka.pl\\\/sp\\\/#website\",\"url\":\"https:\\\/\\\/spolecznajedynka.pl\\\/sp\\\/\",\"name\":\"Szko\u0142a Podstawowa Spo\u0142eczna Jedynka Pozna\u0144\",\"description\":\"\",\"publisher\":{\"@id\":\"https:\\\/\\\/spolecznajedynka.pl\\\/sp\\\/#organization\"},\"potentialAction\":[{\"@type\":\"SearchAction\",\"target\":{\"@type\":\"EntryPoint\",\"urlTemplate\":\"https:\\\/\\\/spolecznajedynka.pl\\\/sp\\\/?s={search_term_string}\"},\"query-input\":{\"@type\":\"PropertyValueSpecification\",\"valueRequired\":true,\"valueName\":\"search_term_string\"}}],\"inLanguage\":\"pl-PL\"},{\"@type\":\"Organization\",\"@id\":\"https:\\\/\\\/spolecznajedynka.pl\\\/sp\\\/#organization\",\"name\":\"Szko\u0142a Podstawowa Spo\u0142eczna Jedynka Pozna\u0144\",\"url\":\"https:\\\/\\\/spolecznajedynka.pl\\\/sp\\\/\",\"logo\":{\"@type\":\"ImageObject\",\"inLanguage\":\"pl-PL\",\"@id\":\"https:\\\/\\\/spolecznajedynka.pl\\\/sp\\\/#\\\/schema\\\/logo\\\/image\\\/\",\"url\":\"https:\\\/\\\/spolecznajedynka.pl\\\/sp\\\/wp-content\\\/uploads\\\/sites\\\/3\\\/2023\\\/10\\\/logo.png\",\"contentUrl\":\"https:\\\/\\\/spolecznajedynka.pl\\\/sp\\\/wp-content\\\/uploads\\\/sites\\\/3\\\/2023\\\/10\\\/logo.png\",\"width\":75,\"height\":124,\"caption\":\"Szko\u0142a Podstawowa Spo\u0142eczna Jedynka Pozna\u0144\"},\"image\":{\"@id\":\"https:\\\/\\\/spolecznajedynka.pl\\\/sp\\\/#\\\/schema\\\/logo\\\/image\\\/\"},\"sameAs\":[\"https:\\\/\\\/www.facebook.com\\\/spolecznajedynkapoznan\\\/\",\"https:\\\/\\\/www.instagram.com\\\/spolecznajedynka\\\/\"]}]}<\/script>\n<!-- \/ Yoast SEO plugin. -->","yoast_head_json":{"title":"Edukacja humanistyczna - Szko\u0142a Podstawowa","robots":{"index":"index","follow":"follow","max-snippet":"max-snippet:-1","max-image-preview":"max-image-preview:large","max-video-preview":"max-video-preview:-1"},"canonical":"https:\/\/spolecznajedynka.pl\/sp\/edukacja-humanistyczna\/","og_locale":"pl_PL","og_type":"article","og_title":"Edukacja humanistyczna - Szko\u0142a Podstawowa","og_description":"W Spo\u0142ecznej Jedynce edukacja humanistyczna to nie tylko zapami\u0119tywanie dat i wytrwa\u0142e \u0107wiczenie deklinacji. To przede wszystkim rozwijanie pe\u0142ni potencja\u0142u...","og_url":"https:\/\/spolecznajedynka.pl\/sp\/edukacja-humanistyczna\/","og_site_name":"Szko\u0142a Podstawowa","article_publisher":"https:\/\/www.facebook.com\/spolecznajedynkapoznan\/","article_modified_time":"2023-11-04T16:47:53+00:00","og_image":[{"url":"https:\/\/spolecznajedynka.pl\/sp\/wp-content\/uploads\/sites\/3\/2023\/11\/316664351_562259709238576_9151913164976488296_n-150x150.jpg","type":"","width":"","height":""}],"twitter_card":"summary_large_image","twitter_misc":{"Szacowany czas czytania":"2 minuty"},"schema":{"@context":"https:\/\/schema.org","@graph":[{"@type":"WebPage","@id":"https:\/\/spolecznajedynka.pl\/sp\/edukacja-humanistyczna\/","url":"https:\/\/spolecznajedynka.pl\/sp\/edukacja-humanistyczna\/","name":"Edukacja humanistyczna - Szko\u0142a Podstawowa","isPartOf":{"@id":"https:\/\/spolecznajedynka.pl\/sp\/#website"},"datePublished":"2023-10-15T21:05:40+00:00","dateModified":"2023-11-04T16:47:53+00:00","breadcrumb":{"@id":"https:\/\/spolecznajedynka.pl\/sp\/edukacja-humanistyczna\/#breadcrumb"},"inLanguage":"pl-PL","potentialAction":[{"@type":"ReadAction","target":["https:\/\/spolecznajedynka.pl\/sp\/edukacja-humanistyczna\/"]}]},{"@type":"BreadcrumbList","@id":"https:\/\/spolecznajedynka.pl\/sp\/edukacja-humanistyczna\/#breadcrumb","itemListElement":[{"@type":"ListItem","position":1,"name":"Strona g\u0142\u00f3wna","item":"https:\/\/spolecznajedynka.pl\/sp\/"},{"@type":"ListItem","position":2,"name":"Edukacja humanistyczna"}]},{"@type":"WebSite","@id":"https:\/\/spolecznajedynka.pl\/sp\/#website","url":"https:\/\/spolecznajedynka.pl\/sp\/","name":"Szko\u0142a Podstawowa Spo\u0142eczna Jedynka Pozna\u0144","description":"","publisher":{"@id":"https:\/\/spolecznajedynka.pl\/sp\/#organization"},"potentialAction":[{"@type":"SearchAction","target":{"@type":"EntryPoint","urlTemplate":"https:\/\/spolecznajedynka.pl\/sp\/?s={search_term_string}"},"query-input":{"@type":"PropertyValueSpecification","valueRequired":true,"valueName":"search_term_string"}}],"inLanguage":"pl-PL"},{"@type":"Organization","@id":"https:\/\/spolecznajedynka.pl\/sp\/#organization","name":"Szko\u0142a Podstawowa Spo\u0142eczna Jedynka Pozna\u0144","url":"https:\/\/spolecznajedynka.pl\/sp\/","logo":{"@type":"ImageObject","inLanguage":"pl-PL","@id":"https:\/\/spolecznajedynka.pl\/sp\/#\/schema\/logo\/image\/","url":"https:\/\/spolecznajedynka.pl\/sp\/wp-content\/uploads\/sites\/3\/2023\/10\/logo.png","contentUrl":"https:\/\/spolecznajedynka.pl\/sp\/wp-content\/uploads\/sites\/3\/2023\/10\/logo.png","width":75,"height":124,"caption":"Szko\u0142a Podstawowa Spo\u0142eczna Jedynka Pozna\u0144"},"image":{"@id":"https:\/\/spolecznajedynka.pl\/sp\/#\/schema\/logo\/image\/"},"sameAs":["https:\/\/www.facebook.com\/spolecznajedynkapoznan\/","https:\/\/www.instagram.com\/spolecznajedynka\/"]}]}},"_links":{"self":[{"href":"https:\/\/spolecznajedynka.pl\/sp\/wp-json\/wp\/v2\/pages\/456","targetHints":{"allow":["GET"]}}],"collection":[{"href":"https:\/\/spolecznajedynka.pl\/sp\/wp-json\/wp\/v2\/pages"}],"about":[{"href":"https:\/\/spolecznajedynka.pl\/sp\/wp-json\/wp\/v2\/types\/page"}],"author":[{"embeddable":true,"href":"https:\/\/spolecznajedynka.pl\/sp\/wp-json\/wp\/v2\/users\/2"}],"replies":[{"embeddable":true,"href":"https:\/\/spolecznajedynka.pl\/sp\/wp-json\/wp\/v2\/comments?post=456"}],"version-history":[{"count":11,"href":"https:\/\/spolecznajedynka.pl\/sp\/wp-json\/wp\/v2\/pages\/456\/revisions"}],"predecessor-version":[{"id":730,"href":"https:\/\/spolecznajedynka.pl\/sp\/wp-json\/wp\/v2\/pages\/456\/revisions\/730"}],"wp:attachment":[{"href":"https:\/\/spolecznajedynka.pl\/sp\/wp-json\/wp\/v2\/media?parent=456"}],"curies":[{"name":"wp","href":"https:\/\/api.w.org\/{rel}","templated":true}]}}