{"id":454,"date":"2023-10-15T23:04:35","date_gmt":"2023-10-15T21:04:35","guid":{"rendered":"https:\/\/zarzadzanie.smarthost.pl\/sp1\/sp\/?page_id=454"},"modified":"2023-10-28T19:22:18","modified_gmt":"2023-10-28T17:22:18","slug":"edukacja-wczesnoszkolna","status":"publish","type":"page","link":"https:\/\/spolecznajedynka.pl\/sp\/edukacja-wczesnoszkolna\/","title":{"rendered":"Edukacja wczesnoszkolna"},"content":{"rendered":"<p><strong>W Spo\u0142ecznej Jedynce wiemy doskonale, \u017ce edukacja wczesnoszkolna to nie tylko poznawanie cyfr i liter. Nasi najm\u0142odsi uczniowie z pasj\u0105 poznaj\u0105 podstawy funkcjonowania otaczaj\u0105cego ich \u015bwiata, buduj\u0105 fundamenty pod dalsz\u0105 nauk\u0119 oraz ucz\u0105 si\u0119 wsp\u00f3\u0142dzia\u0142ania w d\u0105\u017ceniu do wsp\u00f3lnego celu.<\/strong><\/p>\n<p>Wyr\u00f3\u017cnia nas:<\/p>\n<p><strong>1. Indywidualne podej\u015bcie do ka\u017cdego dziecka<\/strong><\/p>\n<p>W naszej szkole nikt nie jest anonimowy. Dok\u0142adamy wszelkich stara\u0144, \u017ceby pozna\u0107 ka\u017cdego z naszych uczni\u00f3w &#8211; jego zainteresowania, osobowo\u015b\u0107 i wyzwania, z kt\u00f3rymi si\u0119 mierzy. Dzi\u0119ki temu uczniowie ju\u017c jako absolwenci powracaj\u0105 we wspomnieniach do Spo\u0142ecznej Jedynki jako do czasu, w kt\u00f3rym czuli si\u0119 dostrze\u017ceni i wa\u017cni.<\/p>\n<p><strong>2. Uczenie si\u0119 przez do\u015bwiadczanie<\/strong><\/p>\n<p>Nauka w pierwszych klasach szko\u0142y podstawowej cz\u0119sto przebiega poza szkoln\u0105 \u0142awk\u0105. Najm\u0142odsi uczniowie i uczennice do\u015bwiadczaj\u0105 \u015bwiata w praktyce &#8211; zwiedzaj\u0105 bli\u017csz\u0105 i dalsz\u0105 okolic\u0119, eksperymentuj\u0105 i trenuj\u0105 badawcze spojrzenie podczas przygl\u0105dania si\u0119 przyrodzie.<\/p>\n<p><strong>3. Wszechstronny rozw\u00f3j<\/strong><\/p>\n<p>Pierwsze szkolne lata to dla naszych podopiecznych czas intensywnego eksplorowania \u015bwiata i poszukiwania pasji. Dlatego nasze zaj\u0119cia wczesnoszkolne obejmuj\u0105 r\u00f3\u017cnorodne dziedziny, takie jak sztuk\u0119, muzyk\u0119, ruch i eksperymenty przyrodnicze. Dzieci maj\u0105 okazj\u0119 rozwija\u0107 swoje zainteresowania, odkrywa\u0107 talenty i budowa\u0107 pewno\u015b\u0107 siebie.<\/p>\n<p><strong>4. Wsp\u00f3\u0142praca z rodzicami<\/strong><\/p>\n<p>W centrum naszej metody edukacyjnej stoi przekonanie, \u017ce edukacja to wsp\u00f3lne przedsi\u0119wzi\u0119cie uczni\u00f3w, rodzic\u00f3w i nauczycieli. Regularna komunikacja i wsp\u00f3\u0142praca z rodzicami jest dla nas priorytetem.<\/p>\n<p><strong>5. Bezpieczna przestrze\u0144 i wspieraj\u0105ce \u015brodowisko<\/strong><\/p>\n<p>Bezpiecze\u0144stwo rozumiemy bardzo szeroko. Sale i korytarze Spo\u0142ecznej Jedynki nie przyt\u0142aczaj\u0105 i nie powoduj\u0105 u naszych najm\u0142odszych uczni\u00f3w poczucia zagubienia. Dbamy o to, \u017ceby przestrze\u0144 by\u0142a przyjazna i\u00a0 stymuluj\u0105ca rozw\u00f3j. Bezpiecze\u0144stwo to dla nas tak\u017ce wsparcie emocjonalne. Uczniowie i uczennice edukacji wczesnoszkolnej otaczani s\u0105 atmosfer\u0105 \u017cyczliwo\u015bci i cierpliwo\u015bci, w kt\u00f3rej mog\u0105 rozwija\u0107 zar\u00f3wno poczucie odr\u0119bno\u015bci, jak i przynale\u017cno\u015bci do spo\u0142eczno\u015bci szkolnej.<\/p>\n<p><strong>W Spo\u0142ecznej Jedynce bliskie jest nam wszechstronne podej\u015bcie do rozwoju najm\u0142odszych &#8211; takie, kt\u00f3re uwzgl\u0119dnia tak aspekty dydaktyczne, jak i emocjonalne oraz spo\u0142eczne.<\/strong><\/p>\n<p>&nbsp;<\/p>\n\n\t\t<style type=\"text\/css\">\n\t\t\t#gallery-1 {\n\t\t\t\tmargin: auto;\n\t\t\t}\n\t\t\t#gallery-1 .gallery-item {\n\t\t\t\tfloat: left;\n\t\t\t\tmargin-top: 10px;\n\t\t\t\ttext-align: center;\n\t\t\t\twidth: 33%;\n\t\t\t}\n\t\t\t#gallery-1 img {\n\t\t\t\tborder: 2px solid #cfcfcf;\n\t\t\t}\n\t\t\t#gallery-1 .gallery-caption {\n\t\t\t\tmargin-left: 0;\n\t\t\t}\n\t\t\t\/* see gallery_shortcode() in wp-includes\/media.php *\/\n\t\t<\/style>\n\t\t<div id='gallery-1' class='gallery galleryid-454 gallery-columns-3 gallery-size-thumbnail'><dl class='gallery-item'>\n\t\t\t<dt class='gallery-icon landscape'>\n\t\t\t\t<a href='https:\/\/spolecznajedynka.pl\/sp\/edukacja-wczesnoszkolna\/attachment\/387768941_802819441849267_6167305892553280833_n\/'><img loading=\"lazy\" decoding=\"async\" width=\"150\" height=\"150\" src=\"https:\/\/spolecznajedynka.pl\/sp\/wp-content\/uploads\/sites\/3\/2023\/10\/387768941_802819441849267_6167305892553280833_n-150x150.jpg\" class=\"attachment-thumbnail size-thumbnail\" alt=\"\" srcset=\"https:\/\/spolecznajedynka.pl\/sp\/wp-content\/uploads\/sites\/3\/2023\/10\/387768941_802819441849267_6167305892553280833_n-150x150.jpg 150w, https:\/\/spolecznajedynka.pl\/sp\/wp-content\/uploads\/sites\/3\/2023\/10\/387768941_802819441849267_6167305892553280833_n-300x300.jpg 300w, https:\/\/spolecznajedynka.pl\/sp\/wp-content\/uploads\/sites\/3\/2023\/10\/387768941_802819441849267_6167305892553280833_n-1024x1024.jpg 1024w, https:\/\/spolecznajedynka.pl\/sp\/wp-content\/uploads\/sites\/3\/2023\/10\/387768941_802819441849267_6167305892553280833_n-768x768.jpg 768w, https:\/\/spolecznajedynka.pl\/sp\/wp-content\/uploads\/sites\/3\/2023\/10\/387768941_802819441849267_6167305892553280833_n.jpg 1365w\" sizes=\"auto, (max-width: 150px) 100vw, 150px\" \/><\/a>\n\t\t\t<\/dt><\/dl><dl class='gallery-item'>\n\t\t\t<dt class='gallery-icon landscape'>\n\t\t\t\t<a href='https:\/\/spolecznajedynka.pl\/sp\/edukacja-wczesnoszkolna\/attachment\/378393629_796998199098058_8742433630862845111_n\/'><img loading=\"lazy\" decoding=\"async\" width=\"150\" height=\"150\" src=\"https:\/\/spolecznajedynka.pl\/sp\/wp-content\/uploads\/sites\/3\/2023\/10\/378393629_796998199098058_8742433630862845111_n-150x150.jpg\" class=\"attachment-thumbnail size-thumbnail\" alt=\"\" srcset=\"https:\/\/spolecznajedynka.pl\/sp\/wp-content\/uploads\/sites\/3\/2023\/10\/378393629_796998199098058_8742433630862845111_n-150x150.jpg 150w, https:\/\/spolecznajedynka.pl\/sp\/wp-content\/uploads\/sites\/3\/2023\/10\/378393629_796998199098058_8742433630862845111_n-300x300.jpg 300w, https:\/\/spolecznajedynka.pl\/sp\/wp-content\/uploads\/sites\/3\/2023\/10\/378393629_796998199098058_8742433630862845111_n-1024x1024.jpg 1024w, https:\/\/spolecznajedynka.pl\/sp\/wp-content\/uploads\/sites\/3\/2023\/10\/378393629_796998199098058_8742433630862845111_n-768x768.jpg 768w, https:\/\/spolecznajedynka.pl\/sp\/wp-content\/uploads\/sites\/3\/2023\/10\/378393629_796998199098058_8742433630862845111_n.jpg 1532w\" sizes=\"auto, (max-width: 150px) 100vw, 150px\" \/><\/a>\n\t\t\t<\/dt><\/dl><dl class='gallery-item'>\n\t\t\t<dt class='gallery-icon landscape'>\n\t\t\t\t<a href='https:\/\/spolecznajedynka.pl\/sp\/edukacja-wczesnoszkolna\/attachment\/310517978_518144820316732_8960303161744785220_n\/'><img loading=\"lazy\" decoding=\"async\" width=\"150\" height=\"150\" src=\"https:\/\/spolecznajedynka.pl\/sp\/wp-content\/uploads\/sites\/3\/2023\/10\/310517978_518144820316732_8960303161744785220_n-150x150.jpg\" class=\"attachment-thumbnail size-thumbnail\" alt=\"\" \/><\/a>\n\t\t\t<\/dt><\/dl><br style=\"clear: both\" \/><dl class='gallery-item'>\n\t\t\t<dt class='gallery-icon landscape'>\n\t\t\t\t<a href='https:\/\/spolecznajedynka.pl\/sp\/edukacja-wczesnoszkolna\/attachment\/308797997_509644761166738_8310583275860336281_n\/'><img loading=\"lazy\" decoding=\"async\" width=\"150\" height=\"150\" src=\"https:\/\/spolecznajedynka.pl\/sp\/wp-content\/uploads\/sites\/3\/2023\/10\/308797997_509644761166738_8310583275860336281_n-150x150.jpg\" class=\"attachment-thumbnail size-thumbnail\" alt=\"\" \/><\/a>\n\t\t\t<\/dt><\/dl><dl class='gallery-item'>\n\t\t\t<dt class='gallery-icon landscape'>\n\t\t\t\t<a href='https:\/\/spolecznajedynka.pl\/sp\/edukacja-wczesnoszkolna\/attachment\/387763815_800329542098257_1595789832780618485_n\/'><img loading=\"lazy\" decoding=\"async\" width=\"150\" height=\"150\" src=\"https:\/\/spolecznajedynka.pl\/sp\/wp-content\/uploads\/sites\/3\/2023\/10\/387763815_800329542098257_1595789832780618485_n-150x150.jpg\" class=\"attachment-thumbnail size-thumbnail\" alt=\"\" \/><\/a>\n\t\t\t<\/dt><\/dl><dl class='gallery-item'>\n\t\t\t<dt class='gallery-icon portrait'>\n\t\t\t\t<a href='https:\/\/spolecznajedynka.pl\/sp\/edukacja-wczesnoszkolna\/attachment\/312530120_545974394200441_5534614059238565856_n\/'><img loading=\"lazy\" decoding=\"async\" width=\"150\" height=\"150\" src=\"https:\/\/spolecznajedynka.pl\/sp\/wp-content\/uploads\/sites\/3\/2023\/10\/312530120_545974394200441_5534614059238565856_n-150x150.jpg\" class=\"attachment-thumbnail size-thumbnail\" alt=\"\" \/><\/a>\n\t\t\t<\/dt><\/dl><br style=\"clear: both\" \/><dl class='gallery-item'>\n\t\t\t<dt class='gallery-icon landscape'>\n\t\t\t\t<a href='https:\/\/spolecznajedynka.pl\/sp\/edukacja-wczesnoszkolna\/attachment\/313404179_545638960900651_1783944580011755341_n\/'><img loading=\"lazy\" decoding=\"async\" width=\"150\" height=\"150\" src=\"https:\/\/spolecznajedynka.pl\/sp\/wp-content\/uploads\/sites\/3\/2023\/10\/313404179_545638960900651_1783944580011755341_n-150x150.jpg\" class=\"attachment-thumbnail size-thumbnail\" alt=\"\" srcset=\"https:\/\/spolecznajedynka.pl\/sp\/wp-content\/uploads\/sites\/3\/2023\/10\/313404179_545638960900651_1783944580011755341_n-150x150.jpg 150w, https:\/\/spolecznajedynka.pl\/sp\/wp-content\/uploads\/sites\/3\/2023\/10\/313404179_545638960900651_1783944580011755341_n-300x300.jpg 300w, https:\/\/spolecznajedynka.pl\/sp\/wp-content\/uploads\/sites\/3\/2023\/10\/313404179_545638960900651_1783944580011755341_n-1024x1024.jpg 1024w, https:\/\/spolecznajedynka.pl\/sp\/wp-content\/uploads\/sites\/3\/2023\/10\/313404179_545638960900651_1783944580011755341_n-768x768.jpg 768w, https:\/\/spolecznajedynka.pl\/sp\/wp-content\/uploads\/sites\/3\/2023\/10\/313404179_545638960900651_1783944580011755341_n.jpg 1536w\" sizes=\"auto, (max-width: 150px) 100vw, 150px\" \/><\/a>\n\t\t\t<\/dt><\/dl><dl class='gallery-item'>\n\t\t\t<dt class='gallery-icon landscape'>\n\t\t\t\t<a href='https:\/\/spolecznajedynka.pl\/sp\/edukacja-wczesnoszkolna\/attachment\/311737062_531452322319315_7764979428564375639_n\/'><img loading=\"lazy\" decoding=\"async\" width=\"150\" height=\"150\" src=\"https:\/\/spolecznajedynka.pl\/sp\/wp-content\/uploads\/sites\/3\/2023\/10\/311737062_531452322319315_7764979428564375639_n-150x150.jpg\" class=\"attachment-thumbnail size-thumbnail\" alt=\"\" \/><\/a>\n\t\t\t<\/dt><\/dl><dl class='gallery-item'>\n\t\t\t<dt class='gallery-icon landscape'>\n\t\t\t\t<a href='https:\/\/spolecznajedynka.pl\/sp\/edukacja-wczesnoszkolna\/attachment\/311447244_530598382404709_3024367764429193875_n\/'><img loading=\"lazy\" decoding=\"async\" width=\"150\" height=\"150\" src=\"https:\/\/spolecznajedynka.pl\/sp\/wp-content\/uploads\/sites\/3\/2023\/10\/311447244_530598382404709_3024367764429193875_n-150x150.jpg\" class=\"attachment-thumbnail size-thumbnail\" alt=\"\" srcset=\"https:\/\/spolecznajedynka.pl\/sp\/wp-content\/uploads\/sites\/3\/2023\/10\/311447244_530598382404709_3024367764429193875_n-150x150.jpg 150w, https:\/\/spolecznajedynka.pl\/sp\/wp-content\/uploads\/sites\/3\/2023\/10\/311447244_530598382404709_3024367764429193875_n-300x300.jpg 300w, https:\/\/spolecznajedynka.pl\/sp\/wp-content\/uploads\/sites\/3\/2023\/10\/311447244_530598382404709_3024367764429193875_n-1024x1024.jpg 1024w, https:\/\/spolecznajedynka.pl\/sp\/wp-content\/uploads\/sites\/3\/2023\/10\/311447244_530598382404709_3024367764429193875_n-768x768.jpg 768w, https:\/\/spolecznajedynka.pl\/sp\/wp-content\/uploads\/sites\/3\/2023\/10\/311447244_530598382404709_3024367764429193875_n.jpg 1536w\" sizes=\"auto, (max-width: 150px) 100vw, 150px\" \/><\/a>\n\t\t\t<\/dt><\/dl><br style=\"clear: both\" \/><dl class='gallery-item'>\n\t\t\t<dt class='gallery-icon landscape'>\n\t\t\t\t<a href='https:\/\/spolecznajedynka.pl\/sp\/edukacja-wczesnoszkolna\/attachment\/310666266_518144996983381_8935731000735793250_n\/'><img loading=\"lazy\" decoding=\"async\" width=\"150\" height=\"150\" src=\"https:\/\/spolecznajedynka.pl\/sp\/wp-content\/uploads\/sites\/3\/2023\/10\/310666266_518144996983381_8935731000735793250_n-150x150.jpg\" class=\"attachment-thumbnail size-thumbnail\" alt=\"\" \/><\/a>\n\t\t\t<\/dt><\/dl><dl class='gallery-item'>\n\t\t\t<dt class='gallery-icon landscape'>\n\t\t\t\t<a href='https:\/\/spolecznajedynka.pl\/sp\/edukacja-wczesnoszkolna\/attachment\/387870841_805461821585029_2153674151992336802_n\/'><img loading=\"lazy\" decoding=\"async\" width=\"150\" height=\"150\" src=\"https:\/\/spolecznajedynka.pl\/sp\/wp-content\/uploads\/sites\/3\/2023\/10\/387870841_805461821585029_2153674151992336802_n-150x150.jpg\" class=\"attachment-thumbnail size-thumbnail\" alt=\"\" \/><\/a>\n\t\t\t<\/dt><\/dl>\n\t\t\t<br style='clear: both' \/>\n\t\t<\/div>\n\n","protected":false},"excerpt":{"rendered":"<p>W Spo\u0142ecznej Jedynce wiemy doskonale, \u017ce edukacja wczesnoszkolna to nie tylko poznawanie cyfr i liter. Nasi najm\u0142odsi uczniowie z pasj\u0105&#8230;<\/p>\n","protected":false},"author":2,"featured_media":0,"parent":0,"menu_order":0,"comment_status":"closed","ping_status":"closed","template":"","meta":{"_acf_changed":false,"footnotes":""},"class_list":["post-454","page","type-page","status-publish","hentry"],"acf":[],"yoast_head":"<!-- This site is optimized with the Yoast SEO plugin v27.5 - https:\/\/yoast.com\/product\/yoast-seo-wordpress\/ -->\n<title>Edukacja wczesnoszkolna - Szko\u0142a Podstawowa<\/title>\n<meta name=\"robots\" content=\"index, follow, max-snippet:-1, max-image-preview:large, max-video-preview:-1\" \/>\n<link rel=\"canonical\" href=\"https:\/\/spolecznajedynka.pl\/sp\/edukacja-wczesnoszkolna\/\" \/>\n<meta property=\"og:locale\" content=\"pl_PL\" \/>\n<meta property=\"og:type\" content=\"article\" \/>\n<meta property=\"og:title\" content=\"Edukacja wczesnoszkolna - Szko\u0142a Podstawowa\" \/>\n<meta property=\"og:description\" content=\"W Spo\u0142ecznej Jedynce wiemy doskonale, \u017ce edukacja wczesnoszkolna to nie tylko poznawanie cyfr i liter. Nasi najm\u0142odsi uczniowie z pasj\u0105...\" \/>\n<meta property=\"og:url\" content=\"https:\/\/spolecznajedynka.pl\/sp\/edukacja-wczesnoszkolna\/\" \/>\n<meta property=\"og:site_name\" content=\"Szko\u0142a Podstawowa\" \/>\n<meta property=\"article:publisher\" content=\"https:\/\/www.facebook.com\/spolecznajedynkapoznan\/\" \/>\n<meta property=\"article:modified_time\" content=\"2023-10-28T17:22:18+00:00\" \/>\n<meta property=\"og:image\" content=\"https:\/\/spolecznajedynka.pl\/sp\/wp-content\/uploads\/sites\/3\/2023\/10\/387768941_802819441849267_6167305892553280833_n-150x150.jpg\" \/>\n<meta name=\"twitter:card\" content=\"summary_large_image\" \/>\n<meta name=\"twitter:label1\" content=\"Szacowany czas czytania\" \/>\n\t<meta name=\"twitter:data1\" content=\"2 minuty\" \/>\n<script type=\"application\/ld+json\" class=\"yoast-schema-graph\">{\"@context\":\"https:\\\/\\\/schema.org\",\"@graph\":[{\"@type\":\"WebPage\",\"@id\":\"https:\\\/\\\/spolecznajedynka.pl\\\/sp\\\/edukacja-wczesnoszkolna\\\/\",\"url\":\"https:\\\/\\\/spolecznajedynka.pl\\\/sp\\\/edukacja-wczesnoszkolna\\\/\",\"name\":\"Edukacja wczesnoszkolna - Szko\u0142a Podstawowa\",\"isPartOf\":{\"@id\":\"https:\\\/\\\/spolecznajedynka.pl\\\/sp\\\/#website\"},\"datePublished\":\"2023-10-15T21:04:35+00:00\",\"dateModified\":\"2023-10-28T17:22:18+00:00\",\"breadcrumb\":{\"@id\":\"https:\\\/\\\/spolecznajedynka.pl\\\/sp\\\/edukacja-wczesnoszkolna\\\/#breadcrumb\"},\"inLanguage\":\"pl-PL\",\"potentialAction\":[{\"@type\":\"ReadAction\",\"target\":[\"https:\\\/\\\/spolecznajedynka.pl\\\/sp\\\/edukacja-wczesnoszkolna\\\/\"]}]},{\"@type\":\"BreadcrumbList\",\"@id\":\"https:\\\/\\\/spolecznajedynka.pl\\\/sp\\\/edukacja-wczesnoszkolna\\\/#breadcrumb\",\"itemListElement\":[{\"@type\":\"ListItem\",\"position\":1,\"name\":\"Strona g\u0142\u00f3wna\",\"item\":\"https:\\\/\\\/spolecznajedynka.pl\\\/sp\\\/\"},{\"@type\":\"ListItem\",\"position\":2,\"name\":\"Edukacja wczesnoszkolna\"}]},{\"@type\":\"WebSite\",\"@id\":\"https:\\\/\\\/spolecznajedynka.pl\\\/sp\\\/#website\",\"url\":\"https:\\\/\\\/spolecznajedynka.pl\\\/sp\\\/\",\"name\":\"Szko\u0142a Podstawowa Spo\u0142eczna Jedynka Pozna\u0144\",\"description\":\"\",\"publisher\":{\"@id\":\"https:\\\/\\\/spolecznajedynka.pl\\\/sp\\\/#organization\"},\"potentialAction\":[{\"@type\":\"SearchAction\",\"target\":{\"@type\":\"EntryPoint\",\"urlTemplate\":\"https:\\\/\\\/spolecznajedynka.pl\\\/sp\\\/?s={search_term_string}\"},\"query-input\":{\"@type\":\"PropertyValueSpecification\",\"valueRequired\":true,\"valueName\":\"search_term_string\"}}],\"inLanguage\":\"pl-PL\"},{\"@type\":\"Organization\",\"@id\":\"https:\\\/\\\/spolecznajedynka.pl\\\/sp\\\/#organization\",\"name\":\"Szko\u0142a Podstawowa Spo\u0142eczna Jedynka Pozna\u0144\",\"url\":\"https:\\\/\\\/spolecznajedynka.pl\\\/sp\\\/\",\"logo\":{\"@type\":\"ImageObject\",\"inLanguage\":\"pl-PL\",\"@id\":\"https:\\\/\\\/spolecznajedynka.pl\\\/sp\\\/#\\\/schema\\\/logo\\\/image\\\/\",\"url\":\"https:\\\/\\\/spolecznajedynka.pl\\\/sp\\\/wp-content\\\/uploads\\\/sites\\\/3\\\/2023\\\/10\\\/logo.png\",\"contentUrl\":\"https:\\\/\\\/spolecznajedynka.pl\\\/sp\\\/wp-content\\\/uploads\\\/sites\\\/3\\\/2023\\\/10\\\/logo.png\",\"width\":75,\"height\":124,\"caption\":\"Szko\u0142a Podstawowa Spo\u0142eczna Jedynka Pozna\u0144\"},\"image\":{\"@id\":\"https:\\\/\\\/spolecznajedynka.pl\\\/sp\\\/#\\\/schema\\\/logo\\\/image\\\/\"},\"sameAs\":[\"https:\\\/\\\/www.facebook.com\\\/spolecznajedynkapoznan\\\/\",\"https:\\\/\\\/www.instagram.com\\\/spolecznajedynka\\\/\"]}]}<\/script>\n<!-- \/ Yoast SEO plugin. -->","yoast_head_json":{"title":"Edukacja wczesnoszkolna - Szko\u0142a Podstawowa","robots":{"index":"index","follow":"follow","max-snippet":"max-snippet:-1","max-image-preview":"max-image-preview:large","max-video-preview":"max-video-preview:-1"},"canonical":"https:\/\/spolecznajedynka.pl\/sp\/edukacja-wczesnoszkolna\/","og_locale":"pl_PL","og_type":"article","og_title":"Edukacja wczesnoszkolna - Szko\u0142a Podstawowa","og_description":"W Spo\u0142ecznej Jedynce wiemy doskonale, \u017ce edukacja wczesnoszkolna to nie tylko poznawanie cyfr i liter. Nasi najm\u0142odsi uczniowie z pasj\u0105...","og_url":"https:\/\/spolecznajedynka.pl\/sp\/edukacja-wczesnoszkolna\/","og_site_name":"Szko\u0142a Podstawowa","article_publisher":"https:\/\/www.facebook.com\/spolecznajedynkapoznan\/","article_modified_time":"2023-10-28T17:22:18+00:00","og_image":[{"url":"https:\/\/spolecznajedynka.pl\/sp\/wp-content\/uploads\/sites\/3\/2023\/10\/387768941_802819441849267_6167305892553280833_n-150x150.jpg","type":"","width":"","height":""}],"twitter_card":"summary_large_image","twitter_misc":{"Szacowany czas czytania":"2 minuty"},"schema":{"@context":"https:\/\/schema.org","@graph":[{"@type":"WebPage","@id":"https:\/\/spolecznajedynka.pl\/sp\/edukacja-wczesnoszkolna\/","url":"https:\/\/spolecznajedynka.pl\/sp\/edukacja-wczesnoszkolna\/","name":"Edukacja wczesnoszkolna - Szko\u0142a Podstawowa","isPartOf":{"@id":"https:\/\/spolecznajedynka.pl\/sp\/#website"},"datePublished":"2023-10-15T21:04:35+00:00","dateModified":"2023-10-28T17:22:18+00:00","breadcrumb":{"@id":"https:\/\/spolecznajedynka.pl\/sp\/edukacja-wczesnoszkolna\/#breadcrumb"},"inLanguage":"pl-PL","potentialAction":[{"@type":"ReadAction","target":["https:\/\/spolecznajedynka.pl\/sp\/edukacja-wczesnoszkolna\/"]}]},{"@type":"BreadcrumbList","@id":"https:\/\/spolecznajedynka.pl\/sp\/edukacja-wczesnoszkolna\/#breadcrumb","itemListElement":[{"@type":"ListItem","position":1,"name":"Strona g\u0142\u00f3wna","item":"https:\/\/spolecznajedynka.pl\/sp\/"},{"@type":"ListItem","position":2,"name":"Edukacja wczesnoszkolna"}]},{"@type":"WebSite","@id":"https:\/\/spolecznajedynka.pl\/sp\/#website","url":"https:\/\/spolecznajedynka.pl\/sp\/","name":"Szko\u0142a Podstawowa Spo\u0142eczna Jedynka Pozna\u0144","description":"","publisher":{"@id":"https:\/\/spolecznajedynka.pl\/sp\/#organization"},"potentialAction":[{"@type":"SearchAction","target":{"@type":"EntryPoint","urlTemplate":"https:\/\/spolecznajedynka.pl\/sp\/?s={search_term_string}"},"query-input":{"@type":"PropertyValueSpecification","valueRequired":true,"valueName":"search_term_string"}}],"inLanguage":"pl-PL"},{"@type":"Organization","@id":"https:\/\/spolecznajedynka.pl\/sp\/#organization","name":"Szko\u0142a Podstawowa Spo\u0142eczna Jedynka Pozna\u0144","url":"https:\/\/spolecznajedynka.pl\/sp\/","logo":{"@type":"ImageObject","inLanguage":"pl-PL","@id":"https:\/\/spolecznajedynka.pl\/sp\/#\/schema\/logo\/image\/","url":"https:\/\/spolecznajedynka.pl\/sp\/wp-content\/uploads\/sites\/3\/2023\/10\/logo.png","contentUrl":"https:\/\/spolecznajedynka.pl\/sp\/wp-content\/uploads\/sites\/3\/2023\/10\/logo.png","width":75,"height":124,"caption":"Szko\u0142a Podstawowa Spo\u0142eczna Jedynka Pozna\u0144"},"image":{"@id":"https:\/\/spolecznajedynka.pl\/sp\/#\/schema\/logo\/image\/"},"sameAs":["https:\/\/www.facebook.com\/spolecznajedynkapoznan\/","https:\/\/www.instagram.com\/spolecznajedynka\/"]}]}},"_links":{"self":[{"href":"https:\/\/spolecznajedynka.pl\/sp\/wp-json\/wp\/v2\/pages\/454","targetHints":{"allow":["GET"]}}],"collection":[{"href":"https:\/\/spolecznajedynka.pl\/sp\/wp-json\/wp\/v2\/pages"}],"about":[{"href":"https:\/\/spolecznajedynka.pl\/sp\/wp-json\/wp\/v2\/types\/page"}],"author":[{"embeddable":true,"href":"https:\/\/spolecznajedynka.pl\/sp\/wp-json\/wp\/v2\/users\/2"}],"replies":[{"embeddable":true,"href":"https:\/\/spolecznajedynka.pl\/sp\/wp-json\/wp\/v2\/comments?post=454"}],"version-history":[{"count":4,"href":"https:\/\/spolecznajedynka.pl\/sp\/wp-json\/wp\/v2\/pages\/454\/revisions"}],"predecessor-version":[{"id":514,"href":"https:\/\/spolecznajedynka.pl\/sp\/wp-json\/wp\/v2\/pages\/454\/revisions\/514"}],"wp:attachment":[{"href":"https:\/\/spolecznajedynka.pl\/sp\/wp-json\/wp\/v2\/media?parent=454"}],"curies":[{"name":"wp","href":"https:\/\/api.w.org\/{rel}","templated":true}]}}