{"id":452,"date":"2023-10-15T23:03:27","date_gmt":"2023-10-15T21:03:27","guid":{"rendered":"https:\/\/zarzadzanie.smarthost.pl\/sp1\/sp\/?page_id=452"},"modified":"2023-11-04T17:48:36","modified_gmt":"2023-11-04T16:48:36","slug":"edukacja-matematyczna","status":"publish","type":"page","link":"https:\/\/spolecznajedynka.pl\/sp\/edukacja-matematyczna\/","title":{"rendered":"Edukacja matematyczna"},"content":{"rendered":"<p><strong>Matematyka w Spo\u0142ecznej Jedynce to prawdziwa akademia krytycznego i logicznego my\u015blenia. Prowadzona przez nauczycieli-pasjonat\u00f3w, dla wielu uczni\u00f3w staje si\u0119 niezapomnian\u0105 edukacyjn\u0105 przygod\u0105.<\/strong><\/p>\n<p><strong>Dlaczego uczenie si\u0119 matematyki w Spo\u0142ecznej Jedynce jest wyj\u0105tkowe?<\/strong><\/p>\n<p><strong>1. Uczymy my\u015blenia i wsp\u00f3\u0142pracy<\/strong><\/p>\n<p>Udowadniamy na ka\u017cdym kroku, \u017ce matematyka mo\u017ce by\u0107 pasjonuj\u0105c\u0105 dziedzin\u0105, kt\u00f3ra wykracza daleko poza zapisywanie \u017cmudnych oblicze\u0144. Realizowane\u00a0 zadania i projekty cz\u0119sto maj\u0105 charakter zespo\u0142owy &#8211; dzi\u0119ki nim uczniowie kszta\u0142tuj\u0105 kompetencje spo\u0142eczne i trenuj\u0105 umiej\u0119tno\u015bci wsp\u00f3\u0142pracy w rozwi\u0105zywaniu problem\u00f3w.<\/p>\n<p><strong>2. Wysoki poziom nauczania<\/strong><\/p>\n<p>Lekcje matematyki w Spo\u0142ecznej Jedynce od lat ciesz\u0105 si\u0119 renom\u0105 zaj\u0119\u0107 o wysokim poziomie nauczania. I wcale nie jest to dla nas zaskoczeniem! Nasi nauczyciele dbaj\u0105 o to, by ka\u017cdy m\u0142ody pasjonat matematyki napotka\u0142 wyzwania, kt\u00f3re b\u0119d\u0105 s\u0142u\u017cy\u0107 rozwojowi jego zainteresowa\u0144.<\/p>\n<p>Od lat wyniki egzamin\u00f3w z matematyki naszych uczni\u00f3w utrzymuj\u0105 si\u0119 w najwy\u017cszych pu\u0142apach. W 2023 roku uczniowie Spo\u0142ecznej Jedynki uzyskali w egzaminie \u00f3smoklasisty \u015bredni wynik 85%. Przekroczyli \u015bredni\u0105 krajow\u0105 o a\u017c 30%!<\/p>\n<p><strong>3. Edukacja szyta na miar\u0119 ucznia<\/strong><\/p>\n<p>Dba\u0142o\u015bci o wysoki poziom nauczania w Spo\u0142ecznej Jedynce towarzyszy \u015bwiadomo\u015b\u0107, \u017ce dla niekt\u00f3rych matematyka mo\u017ce by\u0107 dziedzin\u0105 nie\u0142atw\u0105 do pokochania. Dlatego nasi nauczyciele nie zostawiaj\u0105\u00a0 uczni\u00f3w potrzebuj\u0105cych wsparcia samym sobie, ch\u0119tnie oferuj\u0105 pomoc w zrozumieniu zawi\u0142ych zagadnie\u0144 i proponuj\u0105 zaj\u0119cia dodatkowe, kt\u00f3re s\u0142u\u017c\u0105 pokonaniu matematycznych trudno\u015bci.<\/p>\n<p><strong>4. \u0141\u0105czymy z rzeczywisto\u015bci\u0105<\/strong><\/p>\n<p>Matematyka w Spo\u0142ecznej Jedynce to zaj\u0119cia, kt\u00f3re s\u0105 pe\u0142ne przyk\u0142ad\u00f3w &#8222;z \u017cycia wzi\u0119tych&#8221;. Wierzymy, \u017ce dostarczamy tym samym uczniom narz\u0119dzi do rozumienia otaczaj\u0105cego \u015bwiata. Tworzymy \u015brodowisko sprzyjaj\u0105ce kie\u0142kowaniu kompetencji, kt\u00f3re b\u0119d\u0105 kluczowe tak\u017ce poza szko\u0142\u0105.<\/p>\n<p>Matematyka staje si\u0119 tak\u017ce cz\u0119\u015bci\u0105 szkolnego \u017cycia &#8211; od lat celebrujemy szczeg\u00f3lne okazje, takie jak \u015awiatowy Dzie\u0144 Liczby Pi i \u015awiatowy Dzie\u0144 Tabliczki Mno\u017cenia.<\/p>\n<p><strong>5. Warsztaty matematyczne i zaj\u0119cia dodatkowe<\/strong><\/p>\n<p>Jesienne warsztaty matematyczne to legenda Spo\u0142ecznej Jedynki. Wype\u0142niaj\u0105 je naszpikowane \u0142amig\u0142\u00f3wkami gry terenowe, maratony liczenia zada\u0144 konkursowych i mecze matematyczne &#8211; s\u0142owem wszystko, co sprzyja rozwojowi mi\u0142o\u015bnik\u00f3w Kr\u00f3lowej Nauk.<\/p>\n<p>Na co dzie\u0144 matematyczna pasja naszych uczni\u00f3w jest podtrzymywana i rozwijana dzi\u0119ki szerokiej ofercie zaj\u0119\u0107 dodatkowych oraz licznym konkursom, w kt\u00f3rych mog\u0105 oni sprawdzi\u0107 swoje umiej\u0119tno\u015bci.<\/p>\n<p>&nbsp;<\/p>\n<p><strong>Dzi\u0119ki pasji i profesjonalnemu podej\u015bciu nauczycieli Spo\u0142ecznej Jedynki, matematyka staje si\u0119 fascynuj\u0105c\u0105 podr\u00f3\u017c\u0105, kt\u00f3rej celem jest nie tylko nauka oblicze\u0144, ale przede wszystkim rozwijanie potencja\u0142u ka\u017cdego ucznia.<\/strong><\/p>\n<p>&nbsp;<\/p>\n<p>&nbsp;<\/p>\n\n\t\t<style type=\"text\/css\">\n\t\t\t#gallery-1 {\n\t\t\t\tmargin: auto;\n\t\t\t}\n\t\t\t#gallery-1 .gallery-item {\n\t\t\t\tfloat: left;\n\t\t\t\tmargin-top: 10px;\n\t\t\t\ttext-align: center;\n\t\t\t\twidth: 33%;\n\t\t\t}\n\t\t\t#gallery-1 img {\n\t\t\t\tborder: 2px solid #cfcfcf;\n\t\t\t}\n\t\t\t#gallery-1 .gallery-caption {\n\t\t\t\tmargin-left: 0;\n\t\t\t}\n\t\t\t\/* see gallery_shortcode() in wp-includes\/media.php *\/\n\t\t<\/style>\n\t\t<div id='gallery-1' class='gallery galleryid-452 gallery-columns-3 gallery-size-thumbnail'><dl class='gallery-item'>\n\t\t\t<dt class='gallery-icon landscape'>\n\t\t\t\t<a href='https:\/\/spolecznajedynka.pl\/sp\/edukacja-matematyczna\/attachment\/festival-nauki-i-sztuki-109-1-z-1-1\/'><img loading=\"lazy\" decoding=\"async\" width=\"150\" height=\"150\" src=\"https:\/\/spolecznajedynka.pl\/sp\/wp-content\/uploads\/sites\/3\/2023\/10\/festival-nauki-i-sztuki-109-1-z-1-1-150x150.jpg\" class=\"attachment-thumbnail size-thumbnail\" alt=\"\" \/><\/a>\n\t\t\t<\/dt><\/dl><dl class='gallery-item'>\n\t\t\t<dt class='gallery-icon landscape'>\n\t\t\t\t<a href='https:\/\/spolecznajedynka.pl\/sp\/edukacja-matematyczna\/attachment\/festival-nauki-i-sztuki-71-1-z-1-1\/'><img loading=\"lazy\" decoding=\"async\" width=\"150\" height=\"150\" src=\"https:\/\/spolecznajedynka.pl\/sp\/wp-content\/uploads\/sites\/3\/2023\/10\/festival-nauki-i-sztuki-71-1-z-1-1-150x150.jpg\" class=\"attachment-thumbnail size-thumbnail\" alt=\"\" \/><\/a>\n\t\t\t<\/dt><\/dl><dl class='gallery-item'>\n\t\t\t<dt class='gallery-icon landscape'>\n\t\t\t\t<a href='https:\/\/spolecznajedynka.pl\/sp\/edukacja-matematyczna\/attachment\/festival-nauki-i-sztuki-27-1-z-1\/'><img loading=\"lazy\" decoding=\"async\" width=\"150\" height=\"150\" src=\"https:\/\/spolecznajedynka.pl\/sp\/wp-content\/uploads\/sites\/3\/2023\/10\/festival-nauki-i-sztuki-27-1-z-1-150x150.jpg\" class=\"attachment-thumbnail size-thumbnail\" alt=\"\" \/><\/a>\n\t\t\t<\/dt><\/dl><br style=\"clear: both\" \/><dl class='gallery-item'>\n\t\t\t<dt class='gallery-icon landscape'>\n\t\t\t\t<a href='https:\/\/spolecznajedynka.pl\/sp\/edukacja-matematyczna\/attachment\/dsc_0430\/'><img loading=\"lazy\" decoding=\"async\" width=\"150\" height=\"150\" src=\"https:\/\/spolecznajedynka.pl\/sp\/wp-content\/uploads\/sites\/3\/2023\/10\/DSC_0430-150x150.jpg\" class=\"attachment-thumbnail size-thumbnail\" alt=\"\" \/><\/a>\n\t\t\t<\/dt><\/dl><dl class='gallery-item'>\n\t\t\t<dt class='gallery-icon landscape'>\n\t\t\t\t<a href='https:\/\/spolecznajedynka.pl\/sp\/edukacja-matematyczna\/attachment\/314930648_549352960529251_8784645971800641225_n\/'><img loading=\"lazy\" decoding=\"async\" width=\"150\" height=\"150\" src=\"https:\/\/spolecznajedynka.pl\/sp\/wp-content\/uploads\/sites\/3\/2023\/11\/314930648_549352960529251_8784645971800641225_n-150x150.jpg\" class=\"attachment-thumbnail size-thumbnail\" alt=\"\" \/><\/a>\n\t\t\t<\/dt><\/dl><dl class='gallery-item'>\n\t\t\t<dt class='gallery-icon landscape'>\n\t\t\t\t<a href='https:\/\/spolecznajedynka.pl\/sp\/edukacja-matematyczna\/attachment\/314945431_549352967195917_8843804285880673387_n\/'><img loading=\"lazy\" decoding=\"async\" width=\"150\" height=\"150\" src=\"https:\/\/spolecznajedynka.pl\/sp\/wp-content\/uploads\/sites\/3\/2023\/11\/314945431_549352967195917_8843804285880673387_n-150x150.jpg\" class=\"attachment-thumbnail size-thumbnail\" alt=\"\" \/><\/a>\n\t\t\t<\/dt><\/dl><br style=\"clear: both\" \/><dl class='gallery-item'>\n\t\t\t<dt class='gallery-icon landscape'>\n\t\t\t\t<a href='https:\/\/spolecznajedynka.pl\/sp\/edukacja-matematyczna\/attachment\/dsc_0121\/'><img loading=\"lazy\" decoding=\"async\" width=\"150\" height=\"150\" src=\"https:\/\/spolecznajedynka.pl\/sp\/wp-content\/uploads\/sites\/3\/2023\/10\/DSC_0121-150x150.jpg\" class=\"attachment-thumbnail size-thumbnail\" alt=\"\" \/><\/a>\n\t\t\t<\/dt><\/dl><dl class='gallery-item'>\n\t\t\t<dt class='gallery-icon landscape'>\n\t\t\t\t<a href='https:\/\/spolecznajedynka.pl\/sp\/edukacja-matematyczna\/attachment\/dsc_0103\/'><img loading=\"lazy\" decoding=\"async\" width=\"150\" height=\"150\" src=\"https:\/\/spolecznajedynka.pl\/sp\/wp-content\/uploads\/sites\/3\/2023\/10\/DSC_0103-150x150.jpg\" class=\"attachment-thumbnail size-thumbnail\" alt=\"\" \/><\/a>\n\t\t\t<\/dt><\/dl><dl class='gallery-item'>\n\t\t\t<dt class='gallery-icon landscape'>\n\t\t\t\t<a href='https:\/\/spolecznajedynka.pl\/sp\/edukacja-matematyczna\/attachment\/dsc_0082\/'><img loading=\"lazy\" decoding=\"async\" width=\"150\" height=\"150\" src=\"https:\/\/spolecznajedynka.pl\/sp\/wp-content\/uploads\/sites\/3\/2023\/10\/DSC_0082-150x150.jpg\" class=\"attachment-thumbnail size-thumbnail\" alt=\"\" \/><\/a>\n\t\t\t<\/dt><\/dl><br style=\"clear: both\" \/>\n\t\t<\/div>\n\n","protected":false},"excerpt":{"rendered":"<p>Matematyka w Spo\u0142ecznej Jedynce to prawdziwa akademia krytycznego i logicznego my\u015blenia. Prowadzona przez nauczycieli-pasjonat\u00f3w, dla wielu uczni\u00f3w staje si\u0119 niezapomnian\u0105&#8230;<\/p>\n","protected":false},"author":2,"featured_media":0,"parent":0,"menu_order":0,"comment_status":"closed","ping_status":"closed","template":"","meta":{"_acf_changed":false,"footnotes":""},"class_list":["post-452","page","type-page","status-publish","hentry"],"acf":[],"yoast_head":"<!-- This site is optimized with the Yoast SEO plugin v27.4 - https:\/\/yoast.com\/product\/yoast-seo-wordpress\/ -->\n<title>Edukacja matematyczna - Szko\u0142a Podstawowa<\/title>\n<meta name=\"robots\" content=\"index, follow, max-snippet:-1, max-image-preview:large, max-video-preview:-1\" \/>\n<link rel=\"canonical\" href=\"https:\/\/spolecznajedynka.pl\/sp\/edukacja-matematyczna\/\" \/>\n<meta property=\"og:locale\" content=\"pl_PL\" \/>\n<meta property=\"og:type\" content=\"article\" \/>\n<meta property=\"og:title\" content=\"Edukacja matematyczna - Szko\u0142a Podstawowa\" \/>\n<meta property=\"og:description\" content=\"Matematyka w Spo\u0142ecznej Jedynce to prawdziwa akademia krytycznego i logicznego my\u015blenia. Prowadzona przez nauczycieli-pasjonat\u00f3w, dla wielu uczni\u00f3w staje si\u0119 niezapomnian\u0105...\" \/>\n<meta property=\"og:url\" content=\"https:\/\/spolecznajedynka.pl\/sp\/edukacja-matematyczna\/\" \/>\n<meta property=\"og:site_name\" content=\"Szko\u0142a Podstawowa\" \/>\n<meta property=\"article:publisher\" content=\"https:\/\/www.facebook.com\/spolecznajedynkapoznan\/\" \/>\n<meta property=\"article:modified_time\" content=\"2023-11-04T16:48:36+00:00\" \/>\n<meta property=\"og:image\" content=\"https:\/\/spolecznajedynka.pl\/sp\/wp-content\/uploads\/sites\/3\/2023\/10\/festival-nauki-i-sztuki-109-1-z-1-1-150x150.jpg\" \/>\n<meta name=\"twitter:card\" content=\"summary_large_image\" \/>\n<meta name=\"twitter:label1\" content=\"Szacowany czas czytania\" \/>\n\t<meta name=\"twitter:data1\" content=\"3 minuty\" \/>\n<script type=\"application\/ld+json\" class=\"yoast-schema-graph\">{\"@context\":\"https:\\\/\\\/schema.org\",\"@graph\":[{\"@type\":\"WebPage\",\"@id\":\"https:\\\/\\\/spolecznajedynka.pl\\\/sp\\\/edukacja-matematyczna\\\/\",\"url\":\"https:\\\/\\\/spolecznajedynka.pl\\\/sp\\\/edukacja-matematyczna\\\/\",\"name\":\"Edukacja matematyczna - Szko\u0142a Podstawowa\",\"isPartOf\":{\"@id\":\"https:\\\/\\\/spolecznajedynka.pl\\\/sp\\\/#website\"},\"datePublished\":\"2023-10-15T21:03:27+00:00\",\"dateModified\":\"2023-11-04T16:48:36+00:00\",\"breadcrumb\":{\"@id\":\"https:\\\/\\\/spolecznajedynka.pl\\\/sp\\\/edukacja-matematyczna\\\/#breadcrumb\"},\"inLanguage\":\"pl-PL\",\"potentialAction\":[{\"@type\":\"ReadAction\",\"target\":[\"https:\\\/\\\/spolecznajedynka.pl\\\/sp\\\/edukacja-matematyczna\\\/\"]}]},{\"@type\":\"BreadcrumbList\",\"@id\":\"https:\\\/\\\/spolecznajedynka.pl\\\/sp\\\/edukacja-matematyczna\\\/#breadcrumb\",\"itemListElement\":[{\"@type\":\"ListItem\",\"position\":1,\"name\":\"Strona g\u0142\u00f3wna\",\"item\":\"https:\\\/\\\/spolecznajedynka.pl\\\/sp\\\/\"},{\"@type\":\"ListItem\",\"position\":2,\"name\":\"Edukacja matematyczna\"}]},{\"@type\":\"WebSite\",\"@id\":\"https:\\\/\\\/spolecznajedynka.pl\\\/sp\\\/#website\",\"url\":\"https:\\\/\\\/spolecznajedynka.pl\\\/sp\\\/\",\"name\":\"Szko\u0142a Podstawowa Spo\u0142eczna Jedynka Pozna\u0144\",\"description\":\"\",\"publisher\":{\"@id\":\"https:\\\/\\\/spolecznajedynka.pl\\\/sp\\\/#organization\"},\"potentialAction\":[{\"@type\":\"SearchAction\",\"target\":{\"@type\":\"EntryPoint\",\"urlTemplate\":\"https:\\\/\\\/spolecznajedynka.pl\\\/sp\\\/?s={search_term_string}\"},\"query-input\":{\"@type\":\"PropertyValueSpecification\",\"valueRequired\":true,\"valueName\":\"search_term_string\"}}],\"inLanguage\":\"pl-PL\"},{\"@type\":\"Organization\",\"@id\":\"https:\\\/\\\/spolecznajedynka.pl\\\/sp\\\/#organization\",\"name\":\"Szko\u0142a Podstawowa Spo\u0142eczna Jedynka Pozna\u0144\",\"url\":\"https:\\\/\\\/spolecznajedynka.pl\\\/sp\\\/\",\"logo\":{\"@type\":\"ImageObject\",\"inLanguage\":\"pl-PL\",\"@id\":\"https:\\\/\\\/spolecznajedynka.pl\\\/sp\\\/#\\\/schema\\\/logo\\\/image\\\/\",\"url\":\"https:\\\/\\\/spolecznajedynka.pl\\\/sp\\\/wp-content\\\/uploads\\\/sites\\\/3\\\/2023\\\/10\\\/logo.png\",\"contentUrl\":\"https:\\\/\\\/spolecznajedynka.pl\\\/sp\\\/wp-content\\\/uploads\\\/sites\\\/3\\\/2023\\\/10\\\/logo.png\",\"width\":75,\"height\":124,\"caption\":\"Szko\u0142a Podstawowa Spo\u0142eczna Jedynka Pozna\u0144\"},\"image\":{\"@id\":\"https:\\\/\\\/spolecznajedynka.pl\\\/sp\\\/#\\\/schema\\\/logo\\\/image\\\/\"},\"sameAs\":[\"https:\\\/\\\/www.facebook.com\\\/spolecznajedynkapoznan\\\/\",\"https:\\\/\\\/www.instagram.com\\\/spolecznajedynka\\\/\"]}]}<\/script>\n<!-- \/ Yoast SEO plugin. -->","yoast_head_json":{"title":"Edukacja matematyczna - Szko\u0142a Podstawowa","robots":{"index":"index","follow":"follow","max-snippet":"max-snippet:-1","max-image-preview":"max-image-preview:large","max-video-preview":"max-video-preview:-1"},"canonical":"https:\/\/spolecznajedynka.pl\/sp\/edukacja-matematyczna\/","og_locale":"pl_PL","og_type":"article","og_title":"Edukacja matematyczna - Szko\u0142a Podstawowa","og_description":"Matematyka w Spo\u0142ecznej Jedynce to prawdziwa akademia krytycznego i logicznego my\u015blenia. Prowadzona przez nauczycieli-pasjonat\u00f3w, dla wielu uczni\u00f3w staje si\u0119 niezapomnian\u0105...","og_url":"https:\/\/spolecznajedynka.pl\/sp\/edukacja-matematyczna\/","og_site_name":"Szko\u0142a Podstawowa","article_publisher":"https:\/\/www.facebook.com\/spolecznajedynkapoznan\/","article_modified_time":"2023-11-04T16:48:36+00:00","og_image":[{"url":"https:\/\/spolecznajedynka.pl\/sp\/wp-content\/uploads\/sites\/3\/2023\/10\/festival-nauki-i-sztuki-109-1-z-1-1-150x150.jpg","type":"","width":"","height":""}],"twitter_card":"summary_large_image","twitter_misc":{"Szacowany czas czytania":"3 minuty"},"schema":{"@context":"https:\/\/schema.org","@graph":[{"@type":"WebPage","@id":"https:\/\/spolecznajedynka.pl\/sp\/edukacja-matematyczna\/","url":"https:\/\/spolecznajedynka.pl\/sp\/edukacja-matematyczna\/","name":"Edukacja matematyczna - Szko\u0142a Podstawowa","isPartOf":{"@id":"https:\/\/spolecznajedynka.pl\/sp\/#website"},"datePublished":"2023-10-15T21:03:27+00:00","dateModified":"2023-11-04T16:48:36+00:00","breadcrumb":{"@id":"https:\/\/spolecznajedynka.pl\/sp\/edukacja-matematyczna\/#breadcrumb"},"inLanguage":"pl-PL","potentialAction":[{"@type":"ReadAction","target":["https:\/\/spolecznajedynka.pl\/sp\/edukacja-matematyczna\/"]}]},{"@type":"BreadcrumbList","@id":"https:\/\/spolecznajedynka.pl\/sp\/edukacja-matematyczna\/#breadcrumb","itemListElement":[{"@type":"ListItem","position":1,"name":"Strona g\u0142\u00f3wna","item":"https:\/\/spolecznajedynka.pl\/sp\/"},{"@type":"ListItem","position":2,"name":"Edukacja matematyczna"}]},{"@type":"WebSite","@id":"https:\/\/spolecznajedynka.pl\/sp\/#website","url":"https:\/\/spolecznajedynka.pl\/sp\/","name":"Szko\u0142a Podstawowa Spo\u0142eczna Jedynka Pozna\u0144","description":"","publisher":{"@id":"https:\/\/spolecznajedynka.pl\/sp\/#organization"},"potentialAction":[{"@type":"SearchAction","target":{"@type":"EntryPoint","urlTemplate":"https:\/\/spolecznajedynka.pl\/sp\/?s={search_term_string}"},"query-input":{"@type":"PropertyValueSpecification","valueRequired":true,"valueName":"search_term_string"}}],"inLanguage":"pl-PL"},{"@type":"Organization","@id":"https:\/\/spolecznajedynka.pl\/sp\/#organization","name":"Szko\u0142a Podstawowa Spo\u0142eczna Jedynka Pozna\u0144","url":"https:\/\/spolecznajedynka.pl\/sp\/","logo":{"@type":"ImageObject","inLanguage":"pl-PL","@id":"https:\/\/spolecznajedynka.pl\/sp\/#\/schema\/logo\/image\/","url":"https:\/\/spolecznajedynka.pl\/sp\/wp-content\/uploads\/sites\/3\/2023\/10\/logo.png","contentUrl":"https:\/\/spolecznajedynka.pl\/sp\/wp-content\/uploads\/sites\/3\/2023\/10\/logo.png","width":75,"height":124,"caption":"Szko\u0142a Podstawowa Spo\u0142eczna Jedynka Pozna\u0144"},"image":{"@id":"https:\/\/spolecznajedynka.pl\/sp\/#\/schema\/logo\/image\/"},"sameAs":["https:\/\/www.facebook.com\/spolecznajedynkapoznan\/","https:\/\/www.instagram.com\/spolecznajedynka\/"]}]}},"_links":{"self":[{"href":"https:\/\/spolecznajedynka.pl\/sp\/wp-json\/wp\/v2\/pages\/452","targetHints":{"allow":["GET"]}}],"collection":[{"href":"https:\/\/spolecznajedynka.pl\/sp\/wp-json\/wp\/v2\/pages"}],"about":[{"href":"https:\/\/spolecznajedynka.pl\/sp\/wp-json\/wp\/v2\/types\/page"}],"author":[{"embeddable":true,"href":"https:\/\/spolecznajedynka.pl\/sp\/wp-json\/wp\/v2\/users\/2"}],"replies":[{"embeddable":true,"href":"https:\/\/spolecznajedynka.pl\/sp\/wp-json\/wp\/v2\/comments?post=452"}],"version-history":[{"count":11,"href":"https:\/\/spolecznajedynka.pl\/sp\/wp-json\/wp\/v2\/pages\/452\/revisions"}],"predecessor-version":[{"id":733,"href":"https:\/\/spolecznajedynka.pl\/sp\/wp-json\/wp\/v2\/pages\/452\/revisions\/733"}],"wp:attachment":[{"href":"https:\/\/spolecznajedynka.pl\/sp\/wp-json\/wp\/v2\/media?parent=452"}],"curies":[{"name":"wp","href":"https:\/\/api.w.org\/{rel}","templated":true}]}}