{"id":432,"date":"2023-10-08T23:08:36","date_gmt":"2023-10-08T21:08:36","guid":{"rendered":"https:\/\/zarzadzanie.smarthost.pl\/sp1\/sp\/?page_id=432"},"modified":"2023-11-04T20:42:55","modified_gmt":"2023-11-04T19:42:55","slug":"wyniki-egzaminow","status":"publish","type":"page","link":"https:\/\/spolecznajedynka.pl\/sp\/wyniki-egzaminow\/","title":{"rendered":"Wyniki egzamin\u00f3w"},"content":{"rendered":"<h3><strong>Z rado\u015bci\u0105 dzielimy si\u0119 wynikami egzaminu \u00f3smoklasisty!<\/strong><\/h3>\n<p>&nbsp;<\/p>\n<p>&nbsp;<\/p>\n<p><img loading=\"lazy\" decoding=\"async\" class=\"aligncenter wp-image-433 size-full\" src=\"https:\/\/spolecznajedynka.pl\/sp\/wp-content\/uploads\/sites\/3\/2023\/10\/wyniki-egzaminu-osmoklasisty.png\" alt=\"\" width=\"1110\" height=\"668\" srcset=\"https:\/\/spolecznajedynka.pl\/sp\/wp-content\/uploads\/sites\/3\/2023\/10\/wyniki-egzaminu-osmoklasisty.png 1110w, https:\/\/spolecznajedynka.pl\/sp\/wp-content\/uploads\/sites\/3\/2023\/10\/wyniki-egzaminu-osmoklasisty-300x181.png 300w, https:\/\/spolecznajedynka.pl\/sp\/wp-content\/uploads\/sites\/3\/2023\/10\/wyniki-egzaminu-osmoklasisty-1024x616.png 1024w, https:\/\/spolecznajedynka.pl\/sp\/wp-content\/uploads\/sites\/3\/2023\/10\/wyniki-egzaminu-osmoklasisty-768x462.png 768w\" sizes=\"auto, (max-width: 1110px) 100vw, 1110px\" \/><\/p>\n<div class=\"\" data-block=\"true\" data-editor=\"3890d\" data-offset-key=\"4lrrk-0-0\">\n<div class=\"_1mf _1mj\" data-offset-key=\"4lrrk-0-0\"><span data-offset-key=\"4lrrk-0-0\">Nareszcie mo\u017cemy podzieli\u0107 si\u0119 wynikami egzamin\u00f3w \u00f3smoklasisty &#8211; i\u00a0tym, jak wypadli\u015bmy na tle wojew\u00f3dztwa wielkopolskiego oraz ca\u0142ego kraju.<\/span><\/div>\n<\/div>\n<div class=\"\" data-block=\"true\" data-editor=\"3890d\" data-offset-key=\"5lqeu-0-0\">\n<div class=\"_1mf _1mj\" data-offset-key=\"5lqeu-0-0\"><\/div>\n<\/div>\n<div class=\"\" data-block=\"true\" data-editor=\"3890d\" data-offset-key=\"32rmr-0-0\">\n<div class=\"_1mf _1mj\" data-offset-key=\"32rmr-0-0\"><span data-offset-key=\"32rmr-0-0\">Mamy powody do rado\u015bci!<\/span><\/div>\n<\/div>\n<div class=\"\" data-block=\"true\" data-editor=\"3890d\" data-offset-key=\"608bt-0-0\">\n<div class=\"_1mf _1mj\" data-offset-key=\"608bt-0-0\"><span data-offset-key=\"608bt-0-0\">Takie wyniki plasuj\u0105 nasz\u0105 szko\u0142\u0119 w\u00a0dziewi\u0105tym &#8211; najwy\u017cszym &#8211; staninie.<\/span><\/div>\n<\/div>\n<div class=\"\" data-block=\"true\" data-editor=\"3890d\" data-offset-key=\"8btq2-0-0\">\n<div class=\"_1mf _1mj\" data-offset-key=\"8btq2-0-0\"><span data-offset-key=\"8btq2-0-0\">Jeste\u015bmy w\u015br\u00f3d 4% szk\u00f3\u0142 o\u00a0najwy\u017cszych rezultatach!\u00a0<\/span><\/div>\n<\/div>\n<div class=\"\" data-block=\"true\" data-editor=\"3890d\" data-offset-key=\"5b3jg-0-0\">\n<div class=\"_1mf _1mj\" data-offset-key=\"5b3jg-0-0\"><\/div>\n<\/div>\n<div class=\"\" data-block=\"true\" data-editor=\"3890d\" data-offset-key=\"70drp-0-0\">\n<div class=\"_1mf _1mj\" data-offset-key=\"70drp-0-0\"><span data-offset-key=\"70drp-0-0\">Najwa\u017cniejsze dla nas jest jednak to, co niewidoczne na wykresach.<\/span><\/div>\n<div><\/div>\n<\/div>\n<div class=\"\" data-block=\"true\" data-editor=\"3890d\" data-offset-key=\"3gumi-0-0\">\n<div class=\"_1mf _1mj\" data-offset-key=\"3gumi-0-0\"><span data-offset-key=\"3gumi-0-0\">Wyniki egzamin\u00f3w s\u0105 bowiem efektem wsp\u00f3\u0142dzia\u0142ania wielu os\u00f3b, indywidualnego podej\u015bcia do ka\u017cdego ucznia oraz atmosfery sprzyjaj\u0105cej nauce.\u00a0<\/span><\/div>\n<\/div>\n<div class=\"\" data-block=\"true\" data-editor=\"3890d\" data-offset-key=\"aep6d-0-0\">\n<div class=\"_1mf _1mj\" data-offset-key=\"aep6d-0-0\"><\/div>\n<\/div>\n<div class=\"\" data-block=\"true\" data-editor=\"3890d\" data-offset-key=\"19a8g-0-0\">\n<div class=\"_1mf _1mj\" data-offset-key=\"19a8g-0-0\"><span data-offset-key=\"19a8g-0-0\">Dlatego bardziej ni\u017c z\u00a0liczb jeste\u015bmy dumni z\u00a0naszych uczni\u00f3w &#8211; z\u00a0ich zaanga\u017cowania w\u00a0zdobywanie wiedzy.<\/span><\/div>\n<\/div>\n<div class=\"\" data-block=\"true\" data-editor=\"3890d\" data-offset-key=\"150v6-0-0\">\n<div class=\"_1mf _1mj\" data-offset-key=\"150v6-0-0\"><\/div>\n<\/div>\n<div class=\"\" data-block=\"true\" data-editor=\"3890d\" data-offset-key=\"7qa7s-0-0\">\n<div class=\"_1mf _1mj\" data-offset-key=\"7qa7s-0-0\"><span data-offset-key=\"7qa7s-0-0\">Jeste\u015bmy dumni z\u00a0naszych nauczycieli &#8211; z\u00a0ich wyt\u0119\u017conej pracy i\u00a0talent\u00f3w dydaktycznych.<\/span><\/div>\n<\/div>\n<div class=\"\" data-block=\"true\" data-editor=\"3890d\" data-offset-key=\"6el0l-0-0\">\n<div class=\"_1mf _1mj\" data-offset-key=\"6el0l-0-0\"><\/div>\n<\/div>\n<div class=\"\" data-block=\"true\" data-editor=\"3890d\" data-offset-key=\"4usno-0-0\">\n<div class=\"_1mf _1mj\" data-offset-key=\"4usno-0-0\"><span data-offset-key=\"4usno-0-0\">I jeste\u015bmy dumni z\u00a0rodzic\u00f3w naszych uczni\u00f3w &#8211; z\u00a0wsparcia, kt\u00f3re otrzymuj\u0105 od nich ich dzieci.\u00a0<\/span><\/div>\n<\/div>\n<div class=\"\" data-block=\"true\" data-editor=\"3890d\" data-offset-key=\"3j13j-0-0\">\n<div class=\"_1mf _1mj\" data-offset-key=\"3j13j-0-0\"><\/div>\n<\/div>\n<div class=\"\" data-block=\"true\" data-editor=\"3890d\" data-offset-key=\"agaam-0-0\">\n<div class=\"_1mf _1mj\" data-offset-key=\"agaam-0-0\"><span data-offset-key=\"agaam-0-0\">Gratulujemy wszystkim, kt\u00f3rzy przyczynili si\u0119 do tego sukcesu!<\/span><\/div>\n<\/div>\n<div data-offset-key=\"agaam-0-0\"><\/div>\n<div data-offset-key=\"agaam-0-0\"><\/div>\n<div data-offset-key=\"agaam-0-0\"><\/div>\n<h3 data-offset-key=\"agaam-0-0\">Jak wypadli nasi uczniowie w poprzednich latach?<\/h3>\n<div><\/div>\n<div><\/div>\n<div><\/div>\n<p><strong>Rok 2022:<\/strong><\/p>\n<p><img loading=\"lazy\" decoding=\"async\" class=\"alignnone wp-image-744 size-full\" src=\"https:\/\/spolecznajedynka.pl\/sp\/wp-content\/uploads\/sites\/3\/2023\/11\/Zrzut-ekranu-2023-11-04-203554.png\" alt=\"\" width=\"1783\" height=\"1100\" srcset=\"https:\/\/spolecznajedynka.pl\/sp\/wp-content\/uploads\/sites\/3\/2023\/11\/Zrzut-ekranu-2023-11-04-203554.png 1783w, https:\/\/spolecznajedynka.pl\/sp\/wp-content\/uploads\/sites\/3\/2023\/11\/Zrzut-ekranu-2023-11-04-203554-300x185.png 300w, https:\/\/spolecznajedynka.pl\/sp\/wp-content\/uploads\/sites\/3\/2023\/11\/Zrzut-ekranu-2023-11-04-203554-1024x632.png 1024w, https:\/\/spolecznajedynka.pl\/sp\/wp-content\/uploads\/sites\/3\/2023\/11\/Zrzut-ekranu-2023-11-04-203554-768x474.png 768w, https:\/\/spolecznajedynka.pl\/sp\/wp-content\/uploads\/sites\/3\/2023\/11\/Zrzut-ekranu-2023-11-04-203554-1536x948.png 1536w\" sizes=\"auto, (max-width: 1783px) 100vw, 1783px\" \/><\/p>\n<p><strong>Rok 2021:<\/strong><\/p>\n<p><img loading=\"lazy\" decoding=\"async\" class=\"alignnone wp-image-742\" src=\"https:\/\/spolecznajedynka.pl\/sp\/wp-content\/uploads\/sites\/3\/2023\/11\/Zrzut-ekranu-2023-11-04-194528-1024x632.png\" alt=\"\" width=\"800\" height=\"494\" srcset=\"https:\/\/spolecznajedynka.pl\/sp\/wp-content\/uploads\/sites\/3\/2023\/11\/Zrzut-ekranu-2023-11-04-194528-1024x632.png 1024w, https:\/\/spolecznajedynka.pl\/sp\/wp-content\/uploads\/sites\/3\/2023\/11\/Zrzut-ekranu-2023-11-04-194528-300x185.png 300w, https:\/\/spolecznajedynka.pl\/sp\/wp-content\/uploads\/sites\/3\/2023\/11\/Zrzut-ekranu-2023-11-04-194528-768x474.png 768w, https:\/\/spolecznajedynka.pl\/sp\/wp-content\/uploads\/sites\/3\/2023\/11\/Zrzut-ekranu-2023-11-04-194528-1536x948.png 1536w, https:\/\/spolecznajedynka.pl\/sp\/wp-content\/uploads\/sites\/3\/2023\/11\/Zrzut-ekranu-2023-11-04-194528.png 1749w\" sizes=\"auto, (max-width: 800px) 100vw, 800px\" \/><\/p>\n<p>&nbsp;<\/p>\n<p><strong>Rok 2020:<\/strong><\/p>\n<p><img loading=\"lazy\" decoding=\"async\" class=\"alignnone wp-image-739 size-full\" src=\"https:\/\/spolecznajedynka.pl\/sp\/wp-content\/uploads\/sites\/3\/2023\/11\/200731_wynikie8_porownanie_wojewodztwo_poznan-1.png\" alt=\"\" width=\"880\" height=\"543\" srcset=\"https:\/\/spolecznajedynka.pl\/sp\/wp-content\/uploads\/sites\/3\/2023\/11\/200731_wynikie8_porownanie_wojewodztwo_poznan-1.png 880w, https:\/\/spolecznajedynka.pl\/sp\/wp-content\/uploads\/sites\/3\/2023\/11\/200731_wynikie8_porownanie_wojewodztwo_poznan-1-300x185.png 300w, https:\/\/spolecznajedynka.pl\/sp\/wp-content\/uploads\/sites\/3\/2023\/11\/200731_wynikie8_porownanie_wojewodztwo_poznan-1-768x474.png 768w\" sizes=\"auto, (max-width: 880px) 100vw, 880px\" \/><\/p>\n<p><strong>Rok 2019:<\/strong><\/p>\n<p><img loading=\"lazy\" decoding=\"async\" class=\"alignnone wp-image-738 size-full\" src=\"https:\/\/spolecznajedynka.pl\/sp\/wp-content\/uploads\/sites\/3\/2023\/11\/190616_we8.png\" alt=\"\" width=\"879\" height=\"528\" srcset=\"https:\/\/spolecznajedynka.pl\/sp\/wp-content\/uploads\/sites\/3\/2023\/11\/190616_we8.png 879w, https:\/\/spolecznajedynka.pl\/sp\/wp-content\/uploads\/sites\/3\/2023\/11\/190616_we8-300x180.png 300w, https:\/\/spolecznajedynka.pl\/sp\/wp-content\/uploads\/sites\/3\/2023\/11\/190616_we8-768x461.png 768w\" sizes=\"auto, (max-width: 879px) 100vw, 879px\" \/><\/p>\n<p>&nbsp;<\/p>\n","protected":false},"excerpt":{"rendered":"<p>Z rado\u015bci\u0105 dzielimy si\u0119 wynikami egzaminu \u00f3smoklasisty! &nbsp; &nbsp; Nareszcie mo\u017cemy podzieli\u0107 si\u0119 wynikami egzamin\u00f3w \u00f3smoklasisty &#8211; i\u00a0tym, jak wypadli\u015bmy&#8230;<\/p>\n","protected":false},"author":2,"featured_media":433,"parent":0,"menu_order":0,"comment_status":"closed","ping_status":"closed","template":"","meta":{"_acf_changed":false,"footnotes":""},"class_list":["post-432","page","type-page","status-publish","has-post-thumbnail","hentry"],"acf":[],"yoast_head":"<!-- This site is optimized with the Yoast SEO plugin v27.5 - https:\/\/yoast.com\/product\/yoast-seo-wordpress\/ -->\n<title>Wyniki egzamin\u00f3w - Szko\u0142a Podstawowa<\/title>\n<meta name=\"robots\" content=\"index, follow, max-snippet:-1, max-image-preview:large, max-video-preview:-1\" \/>\n<link rel=\"canonical\" href=\"https:\/\/spolecznajedynka.pl\/sp\/wyniki-egzaminow\/\" \/>\n<meta property=\"og:locale\" content=\"pl_PL\" \/>\n<meta property=\"og:type\" content=\"article\" \/>\n<meta property=\"og:title\" content=\"Wyniki egzamin\u00f3w - Szko\u0142a Podstawowa\" \/>\n<meta property=\"og:description\" content=\"Z rado\u015bci\u0105 dzielimy si\u0119 wynikami egzaminu \u00f3smoklasisty! &nbsp; &nbsp; Nareszcie mo\u017cemy podzieli\u0107 si\u0119 wynikami egzamin\u00f3w \u00f3smoklasisty &#8211; i\u00a0tym, jak wypadli\u015bmy...\" \/>\n<meta property=\"og:url\" content=\"https:\/\/spolecznajedynka.pl\/sp\/wyniki-egzaminow\/\" \/>\n<meta property=\"og:site_name\" content=\"Szko\u0142a Podstawowa\" \/>\n<meta property=\"article:publisher\" content=\"https:\/\/www.facebook.com\/spolecznajedynkapoznan\/\" \/>\n<meta property=\"article:modified_time\" content=\"2023-11-04T19:42:55+00:00\" \/>\n<meta property=\"og:image\" content=\"https:\/\/spolecznajedynka.pl\/sp\/wp-content\/uploads\/sites\/3\/2023\/10\/wyniki-egzaminu-osmoklasisty.png\" \/>\n\t<meta property=\"og:image:width\" content=\"1110\" \/>\n\t<meta property=\"og:image:height\" content=\"668\" \/>\n\t<meta property=\"og:image:type\" content=\"image\/png\" \/>\n<meta name=\"twitter:card\" content=\"summary_large_image\" \/>\n<meta name=\"twitter:label1\" content=\"Szacowany czas czytania\" \/>\n\t<meta name=\"twitter:data1\" content=\"2 minuty\" \/>\n<script type=\"application\/ld+json\" class=\"yoast-schema-graph\">{\"@context\":\"https:\\\/\\\/schema.org\",\"@graph\":[{\"@type\":\"WebPage\",\"@id\":\"https:\\\/\\\/spolecznajedynka.pl\\\/sp\\\/wyniki-egzaminow\\\/\",\"url\":\"https:\\\/\\\/spolecznajedynka.pl\\\/sp\\\/wyniki-egzaminow\\\/\",\"name\":\"Wyniki egzamin\u00f3w - Szko\u0142a Podstawowa\",\"isPartOf\":{\"@id\":\"https:\\\/\\\/spolecznajedynka.pl\\\/sp\\\/#website\"},\"primaryImageOfPage\":{\"@id\":\"https:\\\/\\\/spolecznajedynka.pl\\\/sp\\\/wyniki-egzaminow\\\/#primaryimage\"},\"image\":{\"@id\":\"https:\\\/\\\/spolecznajedynka.pl\\\/sp\\\/wyniki-egzaminow\\\/#primaryimage\"},\"thumbnailUrl\":\"https:\\\/\\\/spolecznajedynka.pl\\\/sp\\\/wp-content\\\/uploads\\\/sites\\\/3\\\/2023\\\/10\\\/wyniki-egzaminu-osmoklasisty.png\",\"datePublished\":\"2023-10-08T21:08:36+00:00\",\"dateModified\":\"2023-11-04T19:42:55+00:00\",\"breadcrumb\":{\"@id\":\"https:\\\/\\\/spolecznajedynka.pl\\\/sp\\\/wyniki-egzaminow\\\/#breadcrumb\"},\"inLanguage\":\"pl-PL\",\"potentialAction\":[{\"@type\":\"ReadAction\",\"target\":[\"https:\\\/\\\/spolecznajedynka.pl\\\/sp\\\/wyniki-egzaminow\\\/\"]}]},{\"@type\":\"ImageObject\",\"inLanguage\":\"pl-PL\",\"@id\":\"https:\\\/\\\/spolecznajedynka.pl\\\/sp\\\/wyniki-egzaminow\\\/#primaryimage\",\"url\":\"https:\\\/\\\/spolecznajedynka.pl\\\/sp\\\/wp-content\\\/uploads\\\/sites\\\/3\\\/2023\\\/10\\\/wyniki-egzaminu-osmoklasisty.png\",\"contentUrl\":\"https:\\\/\\\/spolecznajedynka.pl\\\/sp\\\/wp-content\\\/uploads\\\/sites\\\/3\\\/2023\\\/10\\\/wyniki-egzaminu-osmoklasisty.png\",\"width\":1110,\"height\":668},{\"@type\":\"BreadcrumbList\",\"@id\":\"https:\\\/\\\/spolecznajedynka.pl\\\/sp\\\/wyniki-egzaminow\\\/#breadcrumb\",\"itemListElement\":[{\"@type\":\"ListItem\",\"position\":1,\"name\":\"Strona g\u0142\u00f3wna\",\"item\":\"https:\\\/\\\/spolecznajedynka.pl\\\/sp\\\/\"},{\"@type\":\"ListItem\",\"position\":2,\"name\":\"Wyniki egzamin\u00f3w\"}]},{\"@type\":\"WebSite\",\"@id\":\"https:\\\/\\\/spolecznajedynka.pl\\\/sp\\\/#website\",\"url\":\"https:\\\/\\\/spolecznajedynka.pl\\\/sp\\\/\",\"name\":\"Szko\u0142a Podstawowa Spo\u0142eczna Jedynka Pozna\u0144\",\"description\":\"\",\"publisher\":{\"@id\":\"https:\\\/\\\/spolecznajedynka.pl\\\/sp\\\/#organization\"},\"potentialAction\":[{\"@type\":\"SearchAction\",\"target\":{\"@type\":\"EntryPoint\",\"urlTemplate\":\"https:\\\/\\\/spolecznajedynka.pl\\\/sp\\\/?s={search_term_string}\"},\"query-input\":{\"@type\":\"PropertyValueSpecification\",\"valueRequired\":true,\"valueName\":\"search_term_string\"}}],\"inLanguage\":\"pl-PL\"},{\"@type\":\"Organization\",\"@id\":\"https:\\\/\\\/spolecznajedynka.pl\\\/sp\\\/#organization\",\"name\":\"Szko\u0142a Podstawowa Spo\u0142eczna Jedynka Pozna\u0144\",\"url\":\"https:\\\/\\\/spolecznajedynka.pl\\\/sp\\\/\",\"logo\":{\"@type\":\"ImageObject\",\"inLanguage\":\"pl-PL\",\"@id\":\"https:\\\/\\\/spolecznajedynka.pl\\\/sp\\\/#\\\/schema\\\/logo\\\/image\\\/\",\"url\":\"https:\\\/\\\/spolecznajedynka.pl\\\/sp\\\/wp-content\\\/uploads\\\/sites\\\/3\\\/2023\\\/10\\\/logo.png\",\"contentUrl\":\"https:\\\/\\\/spolecznajedynka.pl\\\/sp\\\/wp-content\\\/uploads\\\/sites\\\/3\\\/2023\\\/10\\\/logo.png\",\"width\":75,\"height\":124,\"caption\":\"Szko\u0142a Podstawowa Spo\u0142eczna Jedynka Pozna\u0144\"},\"image\":{\"@id\":\"https:\\\/\\\/spolecznajedynka.pl\\\/sp\\\/#\\\/schema\\\/logo\\\/image\\\/\"},\"sameAs\":[\"https:\\\/\\\/www.facebook.com\\\/spolecznajedynkapoznan\\\/\",\"https:\\\/\\\/www.instagram.com\\\/spolecznajedynka\\\/\"]}]}<\/script>\n<!-- \/ Yoast SEO plugin. -->","yoast_head_json":{"title":"Wyniki egzamin\u00f3w - Szko\u0142a Podstawowa","robots":{"index":"index","follow":"follow","max-snippet":"max-snippet:-1","max-image-preview":"max-image-preview:large","max-video-preview":"max-video-preview:-1"},"canonical":"https:\/\/spolecznajedynka.pl\/sp\/wyniki-egzaminow\/","og_locale":"pl_PL","og_type":"article","og_title":"Wyniki egzamin\u00f3w - Szko\u0142a Podstawowa","og_description":"Z rado\u015bci\u0105 dzielimy si\u0119 wynikami egzaminu \u00f3smoklasisty! &nbsp; &nbsp; Nareszcie mo\u017cemy podzieli\u0107 si\u0119 wynikami egzamin\u00f3w \u00f3smoklasisty &#8211; i\u00a0tym, jak wypadli\u015bmy...","og_url":"https:\/\/spolecznajedynka.pl\/sp\/wyniki-egzaminow\/","og_site_name":"Szko\u0142a Podstawowa","article_publisher":"https:\/\/www.facebook.com\/spolecznajedynkapoznan\/","article_modified_time":"2023-11-04T19:42:55+00:00","og_image":[{"width":1110,"height":668,"url":"https:\/\/spolecznajedynka.pl\/sp\/wp-content\/uploads\/sites\/3\/2023\/10\/wyniki-egzaminu-osmoklasisty.png","type":"image\/png"}],"twitter_card":"summary_large_image","twitter_misc":{"Szacowany czas czytania":"2 minuty"},"schema":{"@context":"https:\/\/schema.org","@graph":[{"@type":"WebPage","@id":"https:\/\/spolecznajedynka.pl\/sp\/wyniki-egzaminow\/","url":"https:\/\/spolecznajedynka.pl\/sp\/wyniki-egzaminow\/","name":"Wyniki egzamin\u00f3w - Szko\u0142a Podstawowa","isPartOf":{"@id":"https:\/\/spolecznajedynka.pl\/sp\/#website"},"primaryImageOfPage":{"@id":"https:\/\/spolecznajedynka.pl\/sp\/wyniki-egzaminow\/#primaryimage"},"image":{"@id":"https:\/\/spolecznajedynka.pl\/sp\/wyniki-egzaminow\/#primaryimage"},"thumbnailUrl":"https:\/\/spolecznajedynka.pl\/sp\/wp-content\/uploads\/sites\/3\/2023\/10\/wyniki-egzaminu-osmoklasisty.png","datePublished":"2023-10-08T21:08:36+00:00","dateModified":"2023-11-04T19:42:55+00:00","breadcrumb":{"@id":"https:\/\/spolecznajedynka.pl\/sp\/wyniki-egzaminow\/#breadcrumb"},"inLanguage":"pl-PL","potentialAction":[{"@type":"ReadAction","target":["https:\/\/spolecznajedynka.pl\/sp\/wyniki-egzaminow\/"]}]},{"@type":"ImageObject","inLanguage":"pl-PL","@id":"https:\/\/spolecznajedynka.pl\/sp\/wyniki-egzaminow\/#primaryimage","url":"https:\/\/spolecznajedynka.pl\/sp\/wp-content\/uploads\/sites\/3\/2023\/10\/wyniki-egzaminu-osmoklasisty.png","contentUrl":"https:\/\/spolecznajedynka.pl\/sp\/wp-content\/uploads\/sites\/3\/2023\/10\/wyniki-egzaminu-osmoklasisty.png","width":1110,"height":668},{"@type":"BreadcrumbList","@id":"https:\/\/spolecznajedynka.pl\/sp\/wyniki-egzaminow\/#breadcrumb","itemListElement":[{"@type":"ListItem","position":1,"name":"Strona g\u0142\u00f3wna","item":"https:\/\/spolecznajedynka.pl\/sp\/"},{"@type":"ListItem","position":2,"name":"Wyniki egzamin\u00f3w"}]},{"@type":"WebSite","@id":"https:\/\/spolecznajedynka.pl\/sp\/#website","url":"https:\/\/spolecznajedynka.pl\/sp\/","name":"Szko\u0142a Podstawowa Spo\u0142eczna Jedynka Pozna\u0144","description":"","publisher":{"@id":"https:\/\/spolecznajedynka.pl\/sp\/#organization"},"potentialAction":[{"@type":"SearchAction","target":{"@type":"EntryPoint","urlTemplate":"https:\/\/spolecznajedynka.pl\/sp\/?s={search_term_string}"},"query-input":{"@type":"PropertyValueSpecification","valueRequired":true,"valueName":"search_term_string"}}],"inLanguage":"pl-PL"},{"@type":"Organization","@id":"https:\/\/spolecznajedynka.pl\/sp\/#organization","name":"Szko\u0142a Podstawowa Spo\u0142eczna Jedynka Pozna\u0144","url":"https:\/\/spolecznajedynka.pl\/sp\/","logo":{"@type":"ImageObject","inLanguage":"pl-PL","@id":"https:\/\/spolecznajedynka.pl\/sp\/#\/schema\/logo\/image\/","url":"https:\/\/spolecznajedynka.pl\/sp\/wp-content\/uploads\/sites\/3\/2023\/10\/logo.png","contentUrl":"https:\/\/spolecznajedynka.pl\/sp\/wp-content\/uploads\/sites\/3\/2023\/10\/logo.png","width":75,"height":124,"caption":"Szko\u0142a Podstawowa Spo\u0142eczna Jedynka Pozna\u0144"},"image":{"@id":"https:\/\/spolecznajedynka.pl\/sp\/#\/schema\/logo\/image\/"},"sameAs":["https:\/\/www.facebook.com\/spolecznajedynkapoznan\/","https:\/\/www.instagram.com\/spolecznajedynka\/"]}]}},"_links":{"self":[{"href":"https:\/\/spolecznajedynka.pl\/sp\/wp-json\/wp\/v2\/pages\/432","targetHints":{"allow":["GET"]}}],"collection":[{"href":"https:\/\/spolecznajedynka.pl\/sp\/wp-json\/wp\/v2\/pages"}],"about":[{"href":"https:\/\/spolecznajedynka.pl\/sp\/wp-json\/wp\/v2\/types\/page"}],"author":[{"embeddable":true,"href":"https:\/\/spolecznajedynka.pl\/sp\/wp-json\/wp\/v2\/users\/2"}],"replies":[{"embeddable":true,"href":"https:\/\/spolecznajedynka.pl\/sp\/wp-json\/wp\/v2\/comments?post=432"}],"version-history":[{"count":14,"href":"https:\/\/spolecznajedynka.pl\/sp\/wp-json\/wp\/v2\/pages\/432\/revisions"}],"predecessor-version":[{"id":753,"href":"https:\/\/spolecznajedynka.pl\/sp\/wp-json\/wp\/v2\/pages\/432\/revisions\/753"}],"wp:featuredmedia":[{"embeddable":true,"href":"https:\/\/spolecznajedynka.pl\/sp\/wp-json\/wp\/v2\/media\/433"}],"wp:attachment":[{"href":"https:\/\/spolecznajedynka.pl\/sp\/wp-json\/wp\/v2\/media?parent=432"}],"curies":[{"name":"wp","href":"https:\/\/api.w.org\/{rel}","templated":true}]}}