{"id":30,"date":"2023-10-05T08:52:23","date_gmt":"2023-10-05T06:52:23","guid":{"rendered":"https:\/\/zarzadzanie.smarthost.pl\/sp1\/sp\/?page_id=30"},"modified":"2025-12-01T09:47:01","modified_gmt":"2025-12-01T08:47:01","slug":"rekrutacja-do-szkoly-podstawowej-poznan","status":"publish","type":"page","link":"https:\/\/spolecznajedynka.pl\/sp\/rekrutacja-do-szkoly-podstawowej-poznan\/","title":{"rendered":"Rekrutacja do szko\u0142y podstawowej Pozna\u0144"},"content":{"rendered":"<p><section class=\"kc-elm kc-css-308664 kc_row section-photo-text photo-left\"><div class=\"kc-row-container  kc-container\"><div class=\"kc-wrap-columns\"><div class=\"kc-elm kc-css-583243 kc_col-sm-6 kc-animated kc-animate-eff-fadeInLeft kc_column kc_col-sm-6\"><div class=\"kc-col-container\"><div class=\"kc-elm kc-css-706256 kc_shortcode kc_single_image\">\n\n        <a rel=\"prettyPhoto\" class=\"kc-pretty-photo\" href=\"https:\/\/spolecznajedynka.pl\/sp\/wp-content\/uploads\/sites\/3\/2023\/10\/rekrutacja.jpg\" title=\"\" target=\"\">\n        <img decoding=\"async\" src=\"https:\/\/spolecznajedynka.pl\/sp\/wp-content\/uploads\/sites\/3\/2023\/10\/rekrutacja.jpg\" class=\"\" alt=\"\" \/><div class=\"kc-image-overlay\"><i class=\"fa-plus\"><\/i><\/div>    <\/a>\n    <\/div>\n<\/div><\/div><div class=\"kc-elm kc-css-275721 kc_col-sm-6 kc-animated kc-animate-eff-fadeInRight kc_column kc_col-sm-6\"><div class=\"kc-col-container\"><div class=\"kc-elm kc-css-137170 kc_text_block skroc\"><\/p>\n<p dir=\"ltr\" style=\"text-align: center;\">ZASADY REKRUTACJI<\/p>\n<p dir=\"ltr\" style=\"text-align: center;\">DO SPO\u0141ECZNEJ SZKO\u0141Y PODSTAWOWEJ nr 1<\/p>\n<p dir=\"ltr\" style=\"text-align: center;\">im. \u015bw. Urszuli Led\u00f3chowskiej\u00a0 w Poznaniu<\/p>\n<p dir=\"ltr\" style=\"text-align: center;\">Spo\u0142ecznego Towarzystwa O\u015bwiatowego<\/p>\n<p dir=\"ltr\" style=\"text-align: center;\">na rok szkolny 2026\/2027<\/p>\n<hr \/>\n<ol>\n<li dir=\"ltr\" style=\"text-align: left;\">\n<p dir=\"ltr\" role=\"presentation\">Program wychowawczy Spo\u0142ecznej Szko\u0142y Podstawowej nr 1 STO jest oparty na przes\u0142aniach filozofii chrze\u015bcija\u0144skiej. Wychowawcy w swej pracy z dzie\u0107mi kieruj\u0105 si\u0119 etyk\u0105 katolick\u0105. Przed przyst\u0105pieniem do rekrutacji rodzice zobowi\u0105zani s\u0105 do zapoznania si\u0119 ze statutem i regulaminem szko\u0142y w celu podj\u0119cia \u015bwiadomej decyzji o wyborze \u015bcie\u017cki edukacyjnej dla swojego dziecka.<\/p>\n<\/li>\n<li dir=\"ltr\" style=\"text-align: left;\">\n<p dir=\"ltr\" role=\"presentation\">Zapisy odbywaj\u0105 si\u0119 w terminie do 31 stycznia 2026 poprzez wype\u0142nienie wniosku dost\u0119pnego na stronie internetowej szko\u0142y. Od 1 lutego 2026 zapisy przyjmowane s\u0105 na list\u0119 rezerwow\u0105. Kolejno\u015b\u0107 zapisu nie ma wp\u0142ywu na decyzj\u0119 o przyj\u0119ciu dziecka.<\/p>\n<\/li>\n<li dir=\"ltr\" style=\"text-align: left;\">\n<p dir=\"ltr\" role=\"presentation\">Naboru uczni\u00f3w dokonuje Komisja Rekrutacyjna w sk\u0142adzie:<\/p>\n<ul>\n<li dir=\"ltr\">\n<p dir=\"ltr\" role=\"presentation\">dyrektor szko\u0142y \u2013 przewodnicz\u0105cy Komisji,<\/p>\n<\/li>\n<li dir=\"ltr\">\n<p dir=\"ltr\" role=\"presentation\">przedstawiciele zarz\u0105du SKT nr 15 STO,<\/p>\n<\/li>\n<li dir=\"ltr\">\n<p dir=\"ltr\" role=\"presentation\">pedagog i psycholog szkolny,<\/p>\n<\/li>\n<li dir=\"ltr\">\n<p dir=\"ltr\" role=\"presentation\">nauczyciele edukacji wczesnoszkolnej.<\/p>\n<\/li>\n<\/ul>\n<\/li>\n<li dir=\"ltr\" style=\"text-align: left;\">\n<p dir=\"ltr\" role=\"presentation\">Udzia\u0142 w rekrutacji jest odp\u0142atny. Bezzwrotna op\u0142ata rekrutacyjna wynosi 200 z\u0142 i pokrywa cz\u0119\u015b\u0107 koszt\u00f3w zwi\u0105zanych z przeprowadzeniem rekrutacji.<\/p>\n<\/li>\n<li dir=\"ltr\" style=\"text-align: left;\">\n<p dir=\"ltr\" role=\"presentation\">Pierwsze\u0144stwo w przyj\u0119ciu do szko\u0142y, pod warunkiem otrzymania pozytywnej oceny Komisji Rekrutacyjnej, maj\u0105 dzieci, kt\u00f3rych rodze\u0144stwo ucz\u0119szcza do Zespo\u0142u Szk\u00f3\u0142 Spo\u0142ecznych nr 1 w Poznaniu STO.<\/p>\n<\/li>\n<li dir=\"ltr\" style=\"text-align: left;\">\n<p dir=\"ltr\" role=\"presentation\">Procedura kwalifikacyjna obejmuje:<\/p>\n<ul>\n<li dir=\"ltr\">\n<p dir=\"ltr\" role=\"presentation\">rozmow\u0119 kandydata na ucznia z nauczycielem edukacji wczesnoszkolnej lub przedszkolnej,<\/p>\n<\/li>\n<li dir=\"ltr\">\n<p dir=\"ltr\" role=\"presentation\">udzia\u0142 w zaj\u0119ciach w grupie r\u00f3wie\u015bniczej,<\/p>\n<\/li>\n<li dir=\"ltr\">\n<p dir=\"ltr\" role=\"presentation\">wype\u0142nienie przez rodzic\u00f3w ankiety informacyjnej o dziecku,<\/p>\n<\/li>\n<li dir=\"ltr\">\n<p dir=\"ltr\" role=\"presentation\">spotkanie rodzic\u00f3w z komisj\u0105 rekrutacyjn\u0105.<\/p>\n<\/li>\n<\/ul>\n<\/li>\n<li dir=\"ltr\" style=\"text-align: left;\">\n<p dir=\"ltr\" role=\"presentation\">W przypadku posiadania przez dziecko opinii poradni psychologiczno-pedagogicznej, rodzice s\u0105 zobowi\u0105zani do jej dostarczenia do sekretariatu szko\u0142y. Dokument nale\u017cy z\u0142o\u017cy\u0107 przed spotkaniem z komisj\u0105 rekrutacyjn\u0105, nie p\u00f3\u017aniej jednak ni\u017c do 28 lutego 2026 r.<\/p>\n<\/li>\n<li dir=\"ltr\" style=\"text-align: left;\">\n<p dir=\"ltr\" role=\"presentation\">Og\u0142oszenie listy uczni\u00f3w nast\u0105pi nie p\u00f3\u017aniej ni\u017c 27 marca 2026.\u00a0\u00a0<\/p>\n<\/li>\n<li dir=\"ltr\" style=\"text-align: left;\">\n<p dir=\"ltr\" role=\"presentation\">Decyzja o przyj\u0119ciu kandydata jest ostateczna i nie przys\u0142uguje od niej odwo\u0142anie.<\/p>\n<\/li>\n<li dir=\"ltr\" style=\"text-align: left;\">\n<p dir=\"ltr\" role=\"presentation\">Warunkiem przyj\u0119cia do szko\u0142y jest:<\/p>\n<ul>\n<li dir=\"ltr\">\n<p dir=\"ltr\" role=\"presentation\">dostarczenie danych potrzebnych do sporz\u0105dzenia umowy o kszta\u0142cenie dziecka w terminie 3 dni od og\u0142oszenia listy przyj\u0119tych uczni\u00f3w<\/p>\n<\/li>\n<li dir=\"ltr\">\n<p dir=\"ltr\" role=\"presentation\">podpisanie umowy o kszta\u0142cenie dziecka w terminie 7 dni od jej udost\u0119pnienia,<\/p>\n<\/li>\n<li dir=\"ltr\">\n<p dir=\"ltr\" role=\"presentation\">dokonanie wp\u0142at wynikaj\u0105cych z warunk\u00f3w umowy.<\/p>\n<\/li>\n<\/ul>\n<\/li>\n<li dir=\"ltr\" style=\"text-align: left;\">\n<p dir=\"ltr\" role=\"presentation\">Wszystkie informacje dotycz\u0105ce kandydat\u00f3w, przebiegu spotka\u0144 kwalifikacyjnych oraz ich wyniki s\u0142u\u017c\u0105 wy\u0142\u0105cznie dla potrzeb rekrutacji uczni\u00f3w i s\u0105 obj\u0119te tajemnic\u0105. Wy\u0142\u0105cznie rodzice (prawni opiekunowie) maj\u0105 prawo otrzyma\u0107 informacj\u0119 o wynikach kwalifikacji swojego dziecka.\u00a0<\/p>\n<\/li>\n<li dir=\"ltr\">\n<p dir=\"ltr\" style=\"text-align: left;\" role=\"presentation\">Proces rekrutacyjny w Spo\u0142ecznej Szkole Podstawowej nr 1 STO opiera si\u0119 na zasadzie r\u00f3wnych szans dla wszystkich kandydat\u00f3w. Komisja Rekrutacyjna dokonuje oceny wy\u0142\u0105cznie na podstawie kryteri\u00f3w opisanych w niniejszym dokumencie. Szko\u0142a nie uwzgl\u0119dnia \u017cadnych zewn\u0119trznych opinii i rekomendacji. Wszystkich kandydat\u00f3w obowi\u0105zuje ta sama, jednolita procedura kwalifikacyjna.<\/p>\n<\/li>\n<\/ol>\n<p>\n<\/div><\/div><\/div><\/div><\/div><\/section><section class=\"kc-elm kc-css-43646 kc_row bg-gray\"><div class=\"kc-row-container  kc-container\"><div class=\"kc-wrap-columns\"><div class=\"kc-elm kc-css-157836 kc_col-sm-12 kc_column kc_col-sm-12\"><div class=\"kc-col-container\"><div class=\"kc-elm kc-css-592198 kc-animated kc-animate-eff-fadeInDown kc_shortcode kc_single_image\">\n\n        <a rel=\"prettyPhoto\" class=\"kc-pretty-photo\" href=\"https:\/\/spolecznajedynka.pl\/sp\/wp-content\/uploads\/sites\/3\/2023\/11\/Spoleczna-1-55-1-z-1.jpg\" title=\"\" target=\"\">\n        <img decoding=\"async\" src=\"https:\/\/spolecznajedynka.pl\/sp\/wp-content\/uploads\/sites\/3\/2023\/11\/Spoleczna-1-55-1-z-1.jpg\" class=\"\" alt=\"\" \/><div class=\"kc-image-overlay\"><i class=\"fa-plus\"><\/i><\/div>    <\/a>\n    <\/div>\n<div class=\"kc-elm kc-css-633154\" style=\"height: 81px; clear: both; width:100%;\"><\/div>\n<div class=\"kc-elm kc-css-312079\">\n\t<a class=\"kc_button\" href=\"#rekrutacja\" target=\"_self\" title=\"\" onclick=\"\">\n\t\tWype\u0142nij formularz rekrutacyjny\t<\/a>\n<\/div>\n<\/div><\/div><\/div><\/div><\/section><section class=\"kc-elm kc-css-548689 kc_row\"><div class=\"kc-row-container  kc-container\"><div class=\"kc-wrap-columns\"><div class=\"kc-elm kc-css-646887 kc_col-sm-12 kc_column kc_col-sm-12\"><div class=\"kc-col-container\"><\/div><\/div><\/div><\/div><\/section><section class=\"kc-elm kc-css-848896 kc_row bg-gray\"><div class=\"kc-row-container  kc-container\"><div class=\"kc-wrap-columns\"><div class=\"kc-elm kc-css-490916 kc_col-sm-12 kc_column kc_col-sm-12\"><div class=\"kc-col-container\">\n<div class=\"kc-elm kc-css-646501 kc-animated kc-animate-eff-fadeInDown kc-title-wrap \">\n\n\t<h3 class=\"kc_title\">Regulamin rekrutacji uzupe\u0142niaj\u0105cej<\/h3>\n<\/div>\n<div class=\"kc-elm kc-css-768076\" style=\"height: 20px; clear: both; width:100%;\"><\/div><div class=\"kc-elm kc-css-760309 kc_text_block skroc\"><\/p>\n<p class=\"p1\" style=\"text-align: center;\"><b>Regulamin rekrutacji uzupe\u0142niaj\u0105cej<br \/>Spo\u0142ecznej Szko\u0142y Podstawowej nr 1<br \/>i Spo\u0142ecznego Liceum Og\u00f3lnokszta\u0142c\u0105cego nr 1<br \/>im. \u015bw Urszuli Led\u00f3chowskiej w Poznaniu STO<\/b><\/p>\n<\/p>\n<p class=\"p3\"><b>Komisja Rekrutacyjna<\/b><\/p>\n<p class=\"p2\">Naboru do szko\u0142y dokonuje Komisja Rekrutacyjna w sk\u0142adzie:\u00a0<\/p>\n<ul class=\"ul1\">\n<li class=\"li4\">Dyrektor Szko\u0142y &#8211; przewodnicz\u0105cy Komisji,\u00a0<\/li>\n<li class=\"li4\">Przedstawiciel Zarz\u0105du SKT nr 15 STO,\u00a0<\/li>\n<li class=\"li4\">Psycholog szkolny,<\/li>\n<li class=\"li4\">Wychowawca klasy.<\/li>\n<\/ul>\n<p class=\"p3\"><b>2.\u00a0 \u00a0 Zapisy dzieci\u00a0\u00a0\u00a0<\/b><\/p>\n<p class=\"p2\">Zapisy odbywaj\u0105\u00a0 si\u0119 poprzez: wype\u0142nienie formularza &#8222;Wniosku o przyj\u0119cie dziecka do szko\u0142y\", na stronie internetowej szko\u0142y w zak\u0142adce rekrutacja.<\/p>\n<p class=\"p3\"><b>\u00a03.\u00a0 \u00a0 Zasady przyj\u0119cia do szko\u0142y w ramach rekrutacji uzupe\u0142niaj\u0105cej<\/b><\/p>\n<p class=\"p2\">Procedura rekrutacyjna obejmuje:\u00a0<\/p>\n<ol class=\"ol1\">\n<li class=\"li4\">dostarczenie \u015bwiadectwa z ostatnich dw\u00f3ch klas, a w przypadku z\u0142o\u017cenia wniosku w drugim p\u00f3\u0142roczu &#8211; wynik\u00f3w z pierwszego p\u00f3\u0142rocza i \u015bwiadectwa ostatniej klasy. Od kandydat\u00f3w wymagana jest \u015brednia powy\u017cej 4.0 z przedmiot\u00f3w: j. polski, j. angielski, matematyka, historia i przyroda oraz ocena z zachowania nie ni\u017csza ni\u017c dobry.<\/li>\n<li class=\"li4\">przedstawienia dokumentacji dotycz\u0105cej indywidualnych potrzeb edukacyjnych, zdrowotnych i rozwojowych dziecka, opinii poradni psychologiczno-pedagogicznych i inn.<\/li>\n<li class=\"li4\">mo\u017cliwo\u015b\u0107 sprawdzenia umiej\u0119tno\u015bci ucznia z wiod\u0105cych przedmiot\u00f3w przed podj\u0119ciem decyzji przez Komisj\u0119<\/li>\n<li class=\"li4\">przeprowadzenie testu z j\u0119zyka angielskiego w przypadku przyj\u0119cia do klasy wy\u017cszej ni\u017c pierwsza Szko\u0142y Podstawowej<\/li>\n<li class=\"li4\">rozmowa kandydata z psychologiem i wychowawc\u0105 klasy<\/li>\n<li class=\"li4\">\u00a0indywidualne spotkanie rodzic\u00f3w z Komisj\u0105 Rekrutacyjn\u0105,\u00a0<\/li>\n<li class=\"li4\">pozytywna opinia Komisji rekrutacyjnej po wszystkich etapach rekrutacji<\/li>\n<\/ol>\n<p class=\"p3\"><b>4. \u00a0 \u00a0 Umowa<\/b><\/p>\n<p class=\"p2\">Rodzice dziecka przyj\u0119tego do szko\u0142y zobowi\u0105zani s\u0105 do podpisania Umowy o nauk\u0119\u00a0 w terminie 7 dni od poinformowania o przyj\u0119ciu dziecka oraz dokonania wp\u0142at, wynikaj\u0105cych z warunk\u00f3w Umowy &#8211; w dniu podpisania umowy.<\/p>\n<p>Uwaga!\u00a0<\/p>\n<p class=\"p2\">Komisja Rekrutacyjna mo\u017ce nie przyj\u0105\u0107 dziecka do Szko\u0142y bez podania przyczyny.<\/p>\n<p>\n<\/div><\/div><\/div><\/div><\/div><\/section><section id=\"rekrutacja\" class=\"kc-elm kc-css-102491 kc_row\"><div class=\"kc-row-container  kc-container\"><div class=\"kc-wrap-columns\"><div class=\"kc-elm kc-css-3938 kc_col-sm-12 kc_column kc_col-sm-12\"><div class=\"kc-col-container\">\n<div class=\"kc-elm kc-css-123460 kc-animated kc-animate-eff-fadeInDown kc-title-wrap \">\n\n\t<h3 class=\"kc_title\">Zg\u0142oszenie ucznia do szko\u0142y<\/h3>\n<\/div>\n<div class=\"kc-elm kc-css-146864\" style=\"height: 20px; clear: both; width:100%;\"><\/div><div class=\"kc-elm kc-css-615629 kc-raw-code\"><iframe loading=\"lazy\" style=\"margin:0 auto;display:block;\" src=\"https:\/\/docs.google.com\/forms\/d\/e\/1FAIpQLSd7LbtqRzn1E5vWmOcxokIuM0K2P6jqWLb6UWJMjciAOGx7_A\/viewform?embedded=true\" width=\"700\" height=\"1250\" frameborder=\"0\" marginwidth=\"0\" marginheight=\"0\">\u0141aduj\u0119\u2026<\/iframe>\r\n\r\n<\/div><\/div><\/div><\/div><\/div><\/section><\/p>\n","protected":false},"excerpt":{"rendered":"","protected":false},"author":2,"featured_media":0,"parent":0,"menu_order":0,"comment_status":"closed","ping_status":"closed","template":"","meta":{"_acf_changed":false,"footnotes":""},"class_list":["post-30","page","type-page","status-publish","hentry"],"acf":[],"yoast_head":"<!-- This site is optimized with the Yoast SEO plugin v27.4 - https:\/\/yoast.com\/product\/yoast-seo-wordpress\/ -->\n<title>Rekrutacja do szko\u0142y podstawowej Pozna\u0144 - Szko\u0142a Podstawowa<\/title>\n<meta name=\"robots\" content=\"index, follow, max-snippet:-1, max-image-preview:large, max-video-preview:-1\" \/>\n<link rel=\"canonical\" href=\"https:\/\/spolecznajedynka.pl\/sp\/rekrutacja-do-szkoly-podstawowej-poznan\/\" \/>\n<meta property=\"og:locale\" content=\"pl_PL\" \/>\n<meta property=\"og:type\" content=\"article\" \/>\n<meta property=\"og:title\" content=\"Rekrutacja do szko\u0142y podstawowej Pozna\u0144 - Szko\u0142a Podstawowa\" \/>\n<meta property=\"og:description\" content=\"ZASADY REKRUTACJI DO SPO\u0141ECZNEJ SZKO\u0141Y PODSTAWOWEJ nr 1 im. \u015bw. Urszuli Led\u00f3chowskiej\u00a0 w Poznaniu Spo\u0142ecznego Towarzystwa O\u015bwiatowego na rok szkolny...\" \/>\n<meta property=\"og:url\" content=\"https:\/\/spolecznajedynka.pl\/sp\/rekrutacja-do-szkoly-podstawowej-poznan\/\" \/>\n<meta property=\"og:site_name\" content=\"Szko\u0142a Podstawowa\" \/>\n<meta property=\"article:publisher\" content=\"https:\/\/www.facebook.com\/spolecznajedynkapoznan\/\" \/>\n<meta property=\"article:modified_time\" content=\"2025-12-01T08:47:01+00:00\" \/>\n<meta property=\"og:image\" content=\"https:\/\/spolecznajedynka.pl\/sp\/wp-content\/uploads\/sites\/3\/2023\/10\/rekrutacja.jpg\" \/>\n<meta name=\"twitter:card\" content=\"summary_large_image\" \/>\n<meta name=\"twitter:label1\" content=\"Szacowany czas czytania\" \/>\n\t<meta name=\"twitter:data1\" content=\"5 minut\" \/>\n<script type=\"application\/ld+json\" class=\"yoast-schema-graph\">{\"@context\":\"https:\\\/\\\/schema.org\",\"@graph\":[{\"@type\":\"WebPage\",\"@id\":\"https:\\\/\\\/spolecznajedynka.pl\\\/sp\\\/rekrutacja-do-szkoly-podstawowej-poznan\\\/\",\"url\":\"https:\\\/\\\/spolecznajedynka.pl\\\/sp\\\/rekrutacja-do-szkoly-podstawowej-poznan\\\/\",\"name\":\"Rekrutacja do szko\u0142y podstawowej Pozna\u0144 - Szko\u0142a Podstawowa\",\"isPartOf\":{\"@id\":\"https:\\\/\\\/spolecznajedynka.pl\\\/sp\\\/#website\"},\"primaryImageOfPage\":{\"@id\":\"https:\\\/\\\/spolecznajedynka.pl\\\/sp\\\/rekrutacja-do-szkoly-podstawowej-poznan\\\/#primaryimage\"},\"image\":{\"@id\":\"https:\\\/\\\/spolecznajedynka.pl\\\/sp\\\/rekrutacja-do-szkoly-podstawowej-poznan\\\/#primaryimage\"},\"thumbnailUrl\":\"https:\\\/\\\/spolecznajedynka.pl\\\/sp\\\/wp-content\\\/uploads\\\/sites\\\/3\\\/2023\\\/10\\\/rekrutacja.jpg\",\"datePublished\":\"2023-10-05T06:52:23+00:00\",\"dateModified\":\"2025-12-01T08:47:01+00:00\",\"breadcrumb\":{\"@id\":\"https:\\\/\\\/spolecznajedynka.pl\\\/sp\\\/rekrutacja-do-szkoly-podstawowej-poznan\\\/#breadcrumb\"},\"inLanguage\":\"pl-PL\",\"potentialAction\":[{\"@type\":\"ReadAction\",\"target\":[\"https:\\\/\\\/spolecznajedynka.pl\\\/sp\\\/rekrutacja-do-szkoly-podstawowej-poznan\\\/\"]}]},{\"@type\":\"ImageObject\",\"inLanguage\":\"pl-PL\",\"@id\":\"https:\\\/\\\/spolecznajedynka.pl\\\/sp\\\/rekrutacja-do-szkoly-podstawowej-poznan\\\/#primaryimage\",\"url\":\"https:\\\/\\\/spolecznajedynka.pl\\\/sp\\\/wp-content\\\/uploads\\\/sites\\\/3\\\/2023\\\/10\\\/rekrutacja.jpg\",\"contentUrl\":\"https:\\\/\\\/spolecznajedynka.pl\\\/sp\\\/wp-content\\\/uploads\\\/sites\\\/3\\\/2023\\\/10\\\/rekrutacja.jpg\",\"width\":1400,\"height\":933},{\"@type\":\"BreadcrumbList\",\"@id\":\"https:\\\/\\\/spolecznajedynka.pl\\\/sp\\\/rekrutacja-do-szkoly-podstawowej-poznan\\\/#breadcrumb\",\"itemListElement\":[{\"@type\":\"ListItem\",\"position\":1,\"name\":\"Strona g\u0142\u00f3wna\",\"item\":\"https:\\\/\\\/spolecznajedynka.pl\\\/sp\\\/\"},{\"@type\":\"ListItem\",\"position\":2,\"name\":\"Rekrutacja do szko\u0142y podstawowej Pozna\u0144\"}]},{\"@type\":\"WebSite\",\"@id\":\"https:\\\/\\\/spolecznajedynka.pl\\\/sp\\\/#website\",\"url\":\"https:\\\/\\\/spolecznajedynka.pl\\\/sp\\\/\",\"name\":\"Szko\u0142a Podstawowa Spo\u0142eczna Jedynka Pozna\u0144\",\"description\":\"\",\"publisher\":{\"@id\":\"https:\\\/\\\/spolecznajedynka.pl\\\/sp\\\/#organization\"},\"potentialAction\":[{\"@type\":\"SearchAction\",\"target\":{\"@type\":\"EntryPoint\",\"urlTemplate\":\"https:\\\/\\\/spolecznajedynka.pl\\\/sp\\\/?s={search_term_string}\"},\"query-input\":{\"@type\":\"PropertyValueSpecification\",\"valueRequired\":true,\"valueName\":\"search_term_string\"}}],\"inLanguage\":\"pl-PL\"},{\"@type\":\"Organization\",\"@id\":\"https:\\\/\\\/spolecznajedynka.pl\\\/sp\\\/#organization\",\"name\":\"Szko\u0142a Podstawowa Spo\u0142eczna Jedynka Pozna\u0144\",\"url\":\"https:\\\/\\\/spolecznajedynka.pl\\\/sp\\\/\",\"logo\":{\"@type\":\"ImageObject\",\"inLanguage\":\"pl-PL\",\"@id\":\"https:\\\/\\\/spolecznajedynka.pl\\\/sp\\\/#\\\/schema\\\/logo\\\/image\\\/\",\"url\":\"https:\\\/\\\/spolecznajedynka.pl\\\/sp\\\/wp-content\\\/uploads\\\/sites\\\/3\\\/2023\\\/10\\\/logo.png\",\"contentUrl\":\"https:\\\/\\\/spolecznajedynka.pl\\\/sp\\\/wp-content\\\/uploads\\\/sites\\\/3\\\/2023\\\/10\\\/logo.png\",\"width\":75,\"height\":124,\"caption\":\"Szko\u0142a Podstawowa Spo\u0142eczna Jedynka Pozna\u0144\"},\"image\":{\"@id\":\"https:\\\/\\\/spolecznajedynka.pl\\\/sp\\\/#\\\/schema\\\/logo\\\/image\\\/\"},\"sameAs\":[\"https:\\\/\\\/www.facebook.com\\\/spolecznajedynkapoznan\\\/\",\"https:\\\/\\\/www.instagram.com\\\/spolecznajedynka\\\/\"]}]}<\/script>\n<!-- \/ Yoast SEO plugin. -->","yoast_head_json":{"title":"Rekrutacja do szko\u0142y podstawowej Pozna\u0144 - Szko\u0142a Podstawowa","robots":{"index":"index","follow":"follow","max-snippet":"max-snippet:-1","max-image-preview":"max-image-preview:large","max-video-preview":"max-video-preview:-1"},"canonical":"https:\/\/spolecznajedynka.pl\/sp\/rekrutacja-do-szkoly-podstawowej-poznan\/","og_locale":"pl_PL","og_type":"article","og_title":"Rekrutacja do szko\u0142y podstawowej Pozna\u0144 - Szko\u0142a Podstawowa","og_description":"ZASADY REKRUTACJI DO SPO\u0141ECZNEJ SZKO\u0141Y PODSTAWOWEJ nr 1 im. \u015bw. Urszuli Led\u00f3chowskiej\u00a0 w Poznaniu Spo\u0142ecznego Towarzystwa O\u015bwiatowego na rok szkolny...","og_url":"https:\/\/spolecznajedynka.pl\/sp\/rekrutacja-do-szkoly-podstawowej-poznan\/","og_site_name":"Szko\u0142a Podstawowa","article_publisher":"https:\/\/www.facebook.com\/spolecznajedynkapoznan\/","article_modified_time":"2025-12-01T08:47:01+00:00","og_image":[{"url":"https:\/\/spolecznajedynka.pl\/sp\/wp-content\/uploads\/sites\/3\/2023\/10\/rekrutacja.jpg","type":"","width":"","height":""}],"twitter_card":"summary_large_image","twitter_misc":{"Szacowany czas czytania":"5 minut"},"schema":{"@context":"https:\/\/schema.org","@graph":[{"@type":"WebPage","@id":"https:\/\/spolecznajedynka.pl\/sp\/rekrutacja-do-szkoly-podstawowej-poznan\/","url":"https:\/\/spolecznajedynka.pl\/sp\/rekrutacja-do-szkoly-podstawowej-poznan\/","name":"Rekrutacja do szko\u0142y podstawowej Pozna\u0144 - Szko\u0142a Podstawowa","isPartOf":{"@id":"https:\/\/spolecznajedynka.pl\/sp\/#website"},"primaryImageOfPage":{"@id":"https:\/\/spolecznajedynka.pl\/sp\/rekrutacja-do-szkoly-podstawowej-poznan\/#primaryimage"},"image":{"@id":"https:\/\/spolecznajedynka.pl\/sp\/rekrutacja-do-szkoly-podstawowej-poznan\/#primaryimage"},"thumbnailUrl":"https:\/\/spolecznajedynka.pl\/sp\/wp-content\/uploads\/sites\/3\/2023\/10\/rekrutacja.jpg","datePublished":"2023-10-05T06:52:23+00:00","dateModified":"2025-12-01T08:47:01+00:00","breadcrumb":{"@id":"https:\/\/spolecznajedynka.pl\/sp\/rekrutacja-do-szkoly-podstawowej-poznan\/#breadcrumb"},"inLanguage":"pl-PL","potentialAction":[{"@type":"ReadAction","target":["https:\/\/spolecznajedynka.pl\/sp\/rekrutacja-do-szkoly-podstawowej-poznan\/"]}]},{"@type":"ImageObject","inLanguage":"pl-PL","@id":"https:\/\/spolecznajedynka.pl\/sp\/rekrutacja-do-szkoly-podstawowej-poznan\/#primaryimage","url":"https:\/\/spolecznajedynka.pl\/sp\/wp-content\/uploads\/sites\/3\/2023\/10\/rekrutacja.jpg","contentUrl":"https:\/\/spolecznajedynka.pl\/sp\/wp-content\/uploads\/sites\/3\/2023\/10\/rekrutacja.jpg","width":1400,"height":933},{"@type":"BreadcrumbList","@id":"https:\/\/spolecznajedynka.pl\/sp\/rekrutacja-do-szkoly-podstawowej-poznan\/#breadcrumb","itemListElement":[{"@type":"ListItem","position":1,"name":"Strona g\u0142\u00f3wna","item":"https:\/\/spolecznajedynka.pl\/sp\/"},{"@type":"ListItem","position":2,"name":"Rekrutacja do szko\u0142y podstawowej Pozna\u0144"}]},{"@type":"WebSite","@id":"https:\/\/spolecznajedynka.pl\/sp\/#website","url":"https:\/\/spolecznajedynka.pl\/sp\/","name":"Szko\u0142a Podstawowa Spo\u0142eczna Jedynka Pozna\u0144","description":"","publisher":{"@id":"https:\/\/spolecznajedynka.pl\/sp\/#organization"},"potentialAction":[{"@type":"SearchAction","target":{"@type":"EntryPoint","urlTemplate":"https:\/\/spolecznajedynka.pl\/sp\/?s={search_term_string}"},"query-input":{"@type":"PropertyValueSpecification","valueRequired":true,"valueName":"search_term_string"}}],"inLanguage":"pl-PL"},{"@type":"Organization","@id":"https:\/\/spolecznajedynka.pl\/sp\/#organization","name":"Szko\u0142a Podstawowa Spo\u0142eczna Jedynka Pozna\u0144","url":"https:\/\/spolecznajedynka.pl\/sp\/","logo":{"@type":"ImageObject","inLanguage":"pl-PL","@id":"https:\/\/spolecznajedynka.pl\/sp\/#\/schema\/logo\/image\/","url":"https:\/\/spolecznajedynka.pl\/sp\/wp-content\/uploads\/sites\/3\/2023\/10\/logo.png","contentUrl":"https:\/\/spolecznajedynka.pl\/sp\/wp-content\/uploads\/sites\/3\/2023\/10\/logo.png","width":75,"height":124,"caption":"Szko\u0142a Podstawowa Spo\u0142eczna Jedynka Pozna\u0144"},"image":{"@id":"https:\/\/spolecznajedynka.pl\/sp\/#\/schema\/logo\/image\/"},"sameAs":["https:\/\/www.facebook.com\/spolecznajedynkapoznan\/","https:\/\/www.instagram.com\/spolecznajedynka\/"]}]}},"_links":{"self":[{"href":"https:\/\/spolecznajedynka.pl\/sp\/wp-json\/wp\/v2\/pages\/30","targetHints":{"allow":["GET"]}}],"collection":[{"href":"https:\/\/spolecznajedynka.pl\/sp\/wp-json\/wp\/v2\/pages"}],"about":[{"href":"https:\/\/spolecznajedynka.pl\/sp\/wp-json\/wp\/v2\/types\/page"}],"author":[{"embeddable":true,"href":"https:\/\/spolecznajedynka.pl\/sp\/wp-json\/wp\/v2\/users\/2"}],"replies":[{"embeddable":true,"href":"https:\/\/spolecznajedynka.pl\/sp\/wp-json\/wp\/v2\/comments?post=30"}],"version-history":[{"count":6,"href":"https:\/\/spolecznajedynka.pl\/sp\/wp-json\/wp\/v2\/pages\/30\/revisions"}],"predecessor-version":[{"id":5101,"href":"https:\/\/spolecznajedynka.pl\/sp\/wp-json\/wp\/v2\/pages\/30\/revisions\/5101"}],"wp:attachment":[{"href":"https:\/\/spolecznajedynka.pl\/sp\/wp-json\/wp\/v2\/media?parent=30"}],"curies":[{"name":"wp","href":"https:\/\/api.w.org\/{rel}","templated":true}]}}