{"id":2912,"date":"2024-11-29T01:05:43","date_gmt":"2024-11-29T00:05:43","guid":{"rendered":"https:\/\/spolecznajedynka.pl\/sp\/?page_id=2912"},"modified":"2024-12-09T12:48:40","modified_gmt":"2024-12-09T11:48:40","slug":"przestrzen-akceptacji-w-spolecznej-jedynce","status":"publish","type":"page","link":"https:\/\/spolecznajedynka.pl\/sp\/przestrzen-akceptacji-w-spolecznej-jedynce\/","title":{"rendered":"&#8222;Przestrze\u0144 akceptacji w Spo\u0142ecznej Jedynce&#8221;"},"content":{"rendered":"<div class=\"\" data-block=\"true\" data-editor=\"ukgi\" data-offset-key=\"2fsbq-0-0\">\n<div class=\"_1mf _1mj\" data-offset-key=\"2fsbq-0-0\"><strong><img loading=\"lazy\" decoding=\"async\" class=\" wp-image-2957 alignleft\" src=\"https:\/\/spolecznajedynka.pl\/sp\/wp-content\/uploads\/sites\/3\/2024\/12\/Zrzut-ekranu-2024-12-09-124740-1024x716.png\" alt=\"\" width=\"376\" height=\"263\" srcset=\"https:\/\/spolecznajedynka.pl\/sp\/wp-content\/uploads\/sites\/3\/2024\/12\/Zrzut-ekranu-2024-12-09-124740-1024x716.png 1024w, https:\/\/spolecznajedynka.pl\/sp\/wp-content\/uploads\/sites\/3\/2024\/12\/Zrzut-ekranu-2024-12-09-124740-300x210.png 300w, https:\/\/spolecznajedynka.pl\/sp\/wp-content\/uploads\/sites\/3\/2024\/12\/Zrzut-ekranu-2024-12-09-124740-768x537.png 768w, https:\/\/spolecznajedynka.pl\/sp\/wp-content\/uploads\/sites\/3\/2024\/12\/Zrzut-ekranu-2024-12-09-124740-1536x1073.png 1536w, https:\/\/spolecznajedynka.pl\/sp\/wp-content\/uploads\/sites\/3\/2024\/12\/Zrzut-ekranu-2024-12-09-124740.png 1590w\" sizes=\"auto, (max-width: 376px) 100vw, 376px\" \/>Samodzielne Ko\u0142o Terenowe nr 15 Spo\u0142ecznego Towarzystwa O\u015bwiatowego realizuje projekt pt. \u201ePrzestrze\u0144 akceptacji w Spo\u0142ecznej Jedynce\u201d w terminie 01.11.2024-31.01.2027 r.<\/strong><\/div>\n<\/div>\n<div class=\"\" data-block=\"true\" data-editor=\"ukgi\" data-offset-key=\"nded-0-0\">\n<div class=\"_1mf _1mj\" data-offset-key=\"nded-0-0\"><span data-offset-key=\"nded-0-0\">\u00a0<\/span><\/div>\n<div data-offset-key=\"nded-0-0\"><\/div>\n<\/div>\n<div class=\"\" data-block=\"true\" data-editor=\"ukgi\" data-offset-key=\"6uihi-0-0\">\n<div class=\"_1mf _1mj\" data-offset-key=\"6uihi-0-0\"><span data-offset-key=\"6uihi-0-0\">Projekt realizowany jest w ramach Funduszy Europejskich dla Wielkopolski na lata 2021-2027.<\/span><\/div>\n<\/div>\n<div class=\"\" data-block=\"true\" data-editor=\"ukgi\" data-offset-key=\"2fuio-0-0\">\n<div class=\"_1mf _1mj\" data-offset-key=\"2fuio-0-0\"><span data-offset-key=\"2fuio-0-0\">Warto\u015b\u0107 ca\u0142kowita projektu: 2 716 953,06 PLN<\/span><\/div>\n<\/div>\n<div class=\"\" data-block=\"true\" data-editor=\"ukgi\" data-offset-key=\"95nnn-0-0\">\n<div class=\"_1mf _1mj\" data-offset-key=\"95nnn-0-0\"><span data-offset-key=\"95nnn-0-0\">Wk\u0142ad Funduszy Europejskich: 1 901 867,14 PLN<\/span><\/div>\n<\/div>\n<div class=\"\" data-block=\"true\" data-editor=\"ukgi\" data-offset-key=\"ftpf6-0-0\">\n<div class=\"_1mf _1mj\" data-offset-key=\"ftpf6-0-0\"><span data-offset-key=\"ftpf6-0-0\">\u00a0<\/span><\/div>\n<\/div>\n<div class=\"\" data-block=\"true\" data-editor=\"ukgi\" data-offset-key=\"f8hph-0-0\">\n<div class=\"_1mf _1mj\" data-offset-key=\"f8hph-0-0\"><span data-offset-key=\"f8hph-0-0\">Celem g\u0142\u00f3wnym projektu jest zapewnienie dost\u0119pu do dobrej jako\u015bci w\u0142\u0105czaj\u0105cego kszta\u0142cenia dla 616 (325K, 291M) uczennic\/uczni\u00f3w kszta\u0142cenia og\u00f3lnego i przedszkolnego, w tym w szczeg\u00f3lno\u015bci dla 361 (197K, 164M) uczni\u00f3w ze specjalnymi potrzebami edukacyjnymi, ucz\u0119szczaj\u0105cych do Spo\u0142ecznej Szko\u0142y Podstawowej nr 1 i Liceum Og\u00f3lnokszta\u0142c\u0105cego nr 1 w Poznaniu poprzez organizacj\u0119 zaj\u0119\u0107 dodatkowych, zapewnienie im odpowiednich warunk\u00f3w do rozwijania indywidualnego potencja\u0142u oraz popraw\u0119 dost\u0119pno\u015bci infrastruktury i wyposa\u017cenia szk\u00f3\u0142, z uwzgl\u0119dnieniem zr\u00f3\u017cnicowania ich potrzeb, a tak\u017ce podniesienie kwalifikacji przez 73 (60 K, 13 M) nauczycielek\/nauczycieli, w okresie 27 miesi\u0119cy trwania projektu, w terminie od 01.11.2024 roku do 31.01.2027 roku.<\/span><\/div>\n<\/div>\n<div class=\"\" data-block=\"true\" data-editor=\"ukgi\" data-offset-key=\"49nbl-0-0\">\n<div class=\"_1mf _1mj\" data-offset-key=\"49nbl-0-0\"><span data-offset-key=\"49nbl-0-0\">\u00a0<\/span><\/div>\n<\/div>\n<div class=\"\" data-block=\"true\" data-editor=\"ukgi\" data-offset-key=\"9cbdl-0-0\">\n<div class=\"_1mf _1mj\" data-offset-key=\"9cbdl-0-0\"><span data-offset-key=\"9cbdl-0-0\">GRUPA DOCELOWA: to 616 uczennic\/ uczni\u00f3w (325K, 291M) i ich 73 nauczycielek\/ nauczycieli (60K, 13M) mieszkaj\u0105cych na terenie wojew\u00f3dztwa wielkopolskiego.<\/span><\/div>\n<\/div>\n<div class=\"\" data-block=\"true\" data-editor=\"ukgi\" data-offset-key=\"28mos-0-0\">\n<div class=\"_1mf _1mj\" data-offset-key=\"28mos-0-0\"><span data-offset-key=\"28mos-0-0\">Wsparcie b\u0119dzie obejmowa\u0142o rozszerzenie oferty edukacyjnej o dodatkowe zaj\u0119cia<\/span><\/div>\n<\/div>\n<div class=\"\" data-block=\"true\" data-editor=\"ukgi\" data-offset-key=\"3e3rm-0-0\">\n<div class=\"_1mf _1mj\" data-offset-key=\"3e3rm-0-0\"><span data-offset-key=\"3e3rm-0-0\">edukacyjne i specjalistyczne oraz organizacj\u0119 szkole\u0144 dla kadry. Elementem projektu jest r\u00f3wnie\u017c zakup niezb\u0119dnych pomocy do zaj\u0119\u0107 edukacyjnych i dydaktycznych, sprz\u0119tu, wyposa\u017cenia, dostosowanie budynku do potrzeb os\u00f3b niepe\u0142nosprawnych.<\/span><\/div>\n<\/div>\n<div class=\"\" data-block=\"true\" data-editor=\"ukgi\" data-offset-key=\"8r6r6-0-0\">\n<div class=\"_1mf _1mj\" data-offset-key=\"8r6r6-0-0\"><span data-offset-key=\"8r6r6-0-0\">\u00a0<\/span><\/div>\n<\/div>\n<div class=\"\" data-block=\"true\" data-editor=\"ukgi\" data-offset-key=\"1up40-0-0\">\n<div class=\"_1mf _1mj\" data-offset-key=\"1up40-0-0\"><span data-offset-key=\"1up40-0-0\">Udzia\u0142 w projekcie dla uczestnik\u00f3w- beneficjent\u00f3w ostatecznych, tj. nauczycielek\/ nauczycieli i uczennic\/ uczni\u00f3w jest ca\u0142kowicie nieodp\u0142atny. Ca\u0142o\u015b\u0107 wydatk\u00f3w zwi\u0105zanych z realizacj\u0105 projektu finansowane b\u0119dzie ze \u015brodk\u00f3w Unii Europejskiej (EFS+)- 70%, bud\u017cetu pa\u0144stwa- 20% oraz wk\u0142adu w\u0142asnego- 10 %.<\/span><\/div>\n<\/div>\n<div class=\"\" data-block=\"true\" data-editor=\"ukgi\" data-offset-key=\"et7d9-0-0\">\n<div class=\"_1mf _1mj\" data-offset-key=\"et7d9-0-0\"><span data-offset-key=\"et7d9-0-0\">\u00a0<\/span><\/div>\n<\/div>\n<div class=\"\" data-block=\"true\" data-editor=\"ukgi\" data-offset-key=\"2j19j-0-0\">\n<div class=\"_1mf _1mj\" data-offset-key=\"2j19j-0-0\"><span class=\"_5zk7\" spellcheck=\"false\" data-offset-key=\"2j19j-0-0\"><span data-offset-key=\"2j19j-0-0\">#FunduszeEU<\/span><\/span> <span class=\"_5zk7\" spellcheck=\"false\" data-offset-key=\"2j19j-2-0\"><span data-offset-key=\"2j19j-2-0\">#FunduszeEuropejskie<\/span><\/span><\/div>\n<\/div>\n<div data-offset-key=\"2j19j-0-0\"><\/div>\n<div data-offset-key=\"2j19j-0-0\"><\/div>\n","protected":false},"excerpt":{"rendered":"<p>Samodzielne Ko\u0142o Terenowe nr 15 Spo\u0142ecznego Towarzystwa O\u015bwiatowego realizuje projekt pt. \u201ePrzestrze\u0144 akceptacji w Spo\u0142ecznej Jedynce\u201d w terminie 01.11.2024-31.01.2027 r&#8230;.<\/p>\n","protected":false},"author":2,"featured_media":0,"parent":0,"menu_order":0,"comment_status":"closed","ping_status":"closed","template":"","meta":{"_acf_changed":false,"footnotes":""},"class_list":["post-2912","page","type-page","status-publish","hentry"],"acf":[],"yoast_head":"<!-- This site is optimized with the Yoast SEO plugin v27.4 - https:\/\/yoast.com\/product\/yoast-seo-wordpress\/ -->\n<title>&quot;Przestrze\u0144 akceptacji w Spo\u0142ecznej Jedynce&quot; - Szko\u0142a Podstawowa<\/title>\n<meta name=\"robots\" content=\"index, follow, max-snippet:-1, max-image-preview:large, max-video-preview:-1\" \/>\n<link rel=\"canonical\" href=\"https:\/\/spolecznajedynka.pl\/sp\/przestrzen-akceptacji-w-spolecznej-jedynce\/\" \/>\n<meta property=\"og:locale\" content=\"pl_PL\" \/>\n<meta property=\"og:type\" content=\"article\" \/>\n<meta property=\"og:title\" content=\"&quot;Przestrze\u0144 akceptacji w Spo\u0142ecznej Jedynce&quot; - Szko\u0142a Podstawowa\" \/>\n<meta property=\"og:description\" content=\"Samodzielne Ko\u0142o Terenowe nr 15 Spo\u0142ecznego Towarzystwa O\u015bwiatowego realizuje projekt pt. \u201ePrzestrze\u0144 akceptacji w Spo\u0142ecznej Jedynce\u201d w terminie 01.11.2024-31.01.2027 r....\" \/>\n<meta property=\"og:url\" content=\"https:\/\/spolecznajedynka.pl\/sp\/przestrzen-akceptacji-w-spolecznej-jedynce\/\" \/>\n<meta property=\"og:site_name\" content=\"Szko\u0142a Podstawowa\" \/>\n<meta property=\"article:publisher\" content=\"https:\/\/www.facebook.com\/spolecznajedynkapoznan\/\" \/>\n<meta property=\"article:modified_time\" content=\"2024-12-09T11:48:40+00:00\" \/>\n<meta property=\"og:image\" content=\"https:\/\/spolecznajedynka.pl\/sp\/wp-content\/uploads\/sites\/3\/2024\/12\/Zrzut-ekranu-2024-12-09-124740.png\" \/>\n\t<meta property=\"og:image:width\" content=\"1590\" \/>\n\t<meta property=\"og:image:height\" content=\"1111\" \/>\n\t<meta property=\"og:image:type\" content=\"image\/png\" \/>\n<meta name=\"twitter:card\" content=\"summary_large_image\" \/>\n<meta name=\"twitter:label1\" content=\"Szacowany czas czytania\" \/>\n\t<meta name=\"twitter:data1\" content=\"2 minuty\" \/>\n<script type=\"application\/ld+json\" class=\"yoast-schema-graph\">{\"@context\":\"https:\\\/\\\/schema.org\",\"@graph\":[{\"@type\":\"WebPage\",\"@id\":\"https:\\\/\\\/spolecznajedynka.pl\\\/sp\\\/przestrzen-akceptacji-w-spolecznej-jedynce\\\/\",\"url\":\"https:\\\/\\\/spolecznajedynka.pl\\\/sp\\\/przestrzen-akceptacji-w-spolecznej-jedynce\\\/\",\"name\":\"\\\"Przestrze\u0144 akceptacji w Spo\u0142ecznej Jedynce\\\" - Szko\u0142a Podstawowa\",\"isPartOf\":{\"@id\":\"https:\\\/\\\/spolecznajedynka.pl\\\/sp\\\/#website\"},\"primaryImageOfPage\":{\"@id\":\"https:\\\/\\\/spolecznajedynka.pl\\\/sp\\\/przestrzen-akceptacji-w-spolecznej-jedynce\\\/#primaryimage\"},\"image\":{\"@id\":\"https:\\\/\\\/spolecznajedynka.pl\\\/sp\\\/przestrzen-akceptacji-w-spolecznej-jedynce\\\/#primaryimage\"},\"thumbnailUrl\":\"https:\\\/\\\/spolecznajedynka.pl\\\/sp\\\/wp-content\\\/uploads\\\/sites\\\/3\\\/2024\\\/12\\\/Zrzut-ekranu-2024-12-09-124740-1024x716.png\",\"datePublished\":\"2024-11-29T00:05:43+00:00\",\"dateModified\":\"2024-12-09T11:48:40+00:00\",\"breadcrumb\":{\"@id\":\"https:\\\/\\\/spolecznajedynka.pl\\\/sp\\\/przestrzen-akceptacji-w-spolecznej-jedynce\\\/#breadcrumb\"},\"inLanguage\":\"pl-PL\",\"potentialAction\":[{\"@type\":\"ReadAction\",\"target\":[\"https:\\\/\\\/spolecznajedynka.pl\\\/sp\\\/przestrzen-akceptacji-w-spolecznej-jedynce\\\/\"]}]},{\"@type\":\"ImageObject\",\"inLanguage\":\"pl-PL\",\"@id\":\"https:\\\/\\\/spolecznajedynka.pl\\\/sp\\\/przestrzen-akceptacji-w-spolecznej-jedynce\\\/#primaryimage\",\"url\":\"https:\\\/\\\/spolecznajedynka.pl\\\/sp\\\/wp-content\\\/uploads\\\/sites\\\/3\\\/2024\\\/12\\\/Zrzut-ekranu-2024-12-09-124740.png\",\"contentUrl\":\"https:\\\/\\\/spolecznajedynka.pl\\\/sp\\\/wp-content\\\/uploads\\\/sites\\\/3\\\/2024\\\/12\\\/Zrzut-ekranu-2024-12-09-124740.png\",\"width\":1590,\"height\":1111},{\"@type\":\"BreadcrumbList\",\"@id\":\"https:\\\/\\\/spolecznajedynka.pl\\\/sp\\\/przestrzen-akceptacji-w-spolecznej-jedynce\\\/#breadcrumb\",\"itemListElement\":[{\"@type\":\"ListItem\",\"position\":1,\"name\":\"Strona g\u0142\u00f3wna\",\"item\":\"https:\\\/\\\/spolecznajedynka.pl\\\/sp\\\/\"},{\"@type\":\"ListItem\",\"position\":2,\"name\":\"&#8222;Przestrze\u0144 akceptacji w Spo\u0142ecznej Jedynce&#8221;\"}]},{\"@type\":\"WebSite\",\"@id\":\"https:\\\/\\\/spolecznajedynka.pl\\\/sp\\\/#website\",\"url\":\"https:\\\/\\\/spolecznajedynka.pl\\\/sp\\\/\",\"name\":\"Szko\u0142a Podstawowa Spo\u0142eczna Jedynka Pozna\u0144\",\"description\":\"\",\"publisher\":{\"@id\":\"https:\\\/\\\/spolecznajedynka.pl\\\/sp\\\/#organization\"},\"potentialAction\":[{\"@type\":\"SearchAction\",\"target\":{\"@type\":\"EntryPoint\",\"urlTemplate\":\"https:\\\/\\\/spolecznajedynka.pl\\\/sp\\\/?s={search_term_string}\"},\"query-input\":{\"@type\":\"PropertyValueSpecification\",\"valueRequired\":true,\"valueName\":\"search_term_string\"}}],\"inLanguage\":\"pl-PL\"},{\"@type\":\"Organization\",\"@id\":\"https:\\\/\\\/spolecznajedynka.pl\\\/sp\\\/#organization\",\"name\":\"Szko\u0142a Podstawowa Spo\u0142eczna Jedynka Pozna\u0144\",\"url\":\"https:\\\/\\\/spolecznajedynka.pl\\\/sp\\\/\",\"logo\":{\"@type\":\"ImageObject\",\"inLanguage\":\"pl-PL\",\"@id\":\"https:\\\/\\\/spolecznajedynka.pl\\\/sp\\\/#\\\/schema\\\/logo\\\/image\\\/\",\"url\":\"https:\\\/\\\/spolecznajedynka.pl\\\/sp\\\/wp-content\\\/uploads\\\/sites\\\/3\\\/2023\\\/10\\\/logo.png\",\"contentUrl\":\"https:\\\/\\\/spolecznajedynka.pl\\\/sp\\\/wp-content\\\/uploads\\\/sites\\\/3\\\/2023\\\/10\\\/logo.png\",\"width\":75,\"height\":124,\"caption\":\"Szko\u0142a Podstawowa Spo\u0142eczna Jedynka Pozna\u0144\"},\"image\":{\"@id\":\"https:\\\/\\\/spolecznajedynka.pl\\\/sp\\\/#\\\/schema\\\/logo\\\/image\\\/\"},\"sameAs\":[\"https:\\\/\\\/www.facebook.com\\\/spolecznajedynkapoznan\\\/\",\"https:\\\/\\\/www.instagram.com\\\/spolecznajedynka\\\/\"]}]}<\/script>\n<!-- \/ Yoast SEO plugin. -->","yoast_head_json":{"title":"\"Przestrze\u0144 akceptacji w Spo\u0142ecznej Jedynce\" - Szko\u0142a Podstawowa","robots":{"index":"index","follow":"follow","max-snippet":"max-snippet:-1","max-image-preview":"max-image-preview:large","max-video-preview":"max-video-preview:-1"},"canonical":"https:\/\/spolecznajedynka.pl\/sp\/przestrzen-akceptacji-w-spolecznej-jedynce\/","og_locale":"pl_PL","og_type":"article","og_title":"\"Przestrze\u0144 akceptacji w Spo\u0142ecznej Jedynce\" - Szko\u0142a Podstawowa","og_description":"Samodzielne Ko\u0142o Terenowe nr 15 Spo\u0142ecznego Towarzystwa O\u015bwiatowego realizuje projekt pt. \u201ePrzestrze\u0144 akceptacji w Spo\u0142ecznej Jedynce\u201d w terminie 01.11.2024-31.01.2027 r....","og_url":"https:\/\/spolecznajedynka.pl\/sp\/przestrzen-akceptacji-w-spolecznej-jedynce\/","og_site_name":"Szko\u0142a Podstawowa","article_publisher":"https:\/\/www.facebook.com\/spolecznajedynkapoznan\/","article_modified_time":"2024-12-09T11:48:40+00:00","og_image":[{"width":1590,"height":1111,"url":"https:\/\/spolecznajedynka.pl\/sp\/wp-content\/uploads\/sites\/3\/2024\/12\/Zrzut-ekranu-2024-12-09-124740.png","type":"image\/png"}],"twitter_card":"summary_large_image","twitter_misc":{"Szacowany czas czytania":"2 minuty"},"schema":{"@context":"https:\/\/schema.org","@graph":[{"@type":"WebPage","@id":"https:\/\/spolecznajedynka.pl\/sp\/przestrzen-akceptacji-w-spolecznej-jedynce\/","url":"https:\/\/spolecznajedynka.pl\/sp\/przestrzen-akceptacji-w-spolecznej-jedynce\/","name":"\"Przestrze\u0144 akceptacji w Spo\u0142ecznej Jedynce\" - Szko\u0142a Podstawowa","isPartOf":{"@id":"https:\/\/spolecznajedynka.pl\/sp\/#website"},"primaryImageOfPage":{"@id":"https:\/\/spolecznajedynka.pl\/sp\/przestrzen-akceptacji-w-spolecznej-jedynce\/#primaryimage"},"image":{"@id":"https:\/\/spolecznajedynka.pl\/sp\/przestrzen-akceptacji-w-spolecznej-jedynce\/#primaryimage"},"thumbnailUrl":"https:\/\/spolecznajedynka.pl\/sp\/wp-content\/uploads\/sites\/3\/2024\/12\/Zrzut-ekranu-2024-12-09-124740-1024x716.png","datePublished":"2024-11-29T00:05:43+00:00","dateModified":"2024-12-09T11:48:40+00:00","breadcrumb":{"@id":"https:\/\/spolecznajedynka.pl\/sp\/przestrzen-akceptacji-w-spolecznej-jedynce\/#breadcrumb"},"inLanguage":"pl-PL","potentialAction":[{"@type":"ReadAction","target":["https:\/\/spolecznajedynka.pl\/sp\/przestrzen-akceptacji-w-spolecznej-jedynce\/"]}]},{"@type":"ImageObject","inLanguage":"pl-PL","@id":"https:\/\/spolecznajedynka.pl\/sp\/przestrzen-akceptacji-w-spolecznej-jedynce\/#primaryimage","url":"https:\/\/spolecznajedynka.pl\/sp\/wp-content\/uploads\/sites\/3\/2024\/12\/Zrzut-ekranu-2024-12-09-124740.png","contentUrl":"https:\/\/spolecznajedynka.pl\/sp\/wp-content\/uploads\/sites\/3\/2024\/12\/Zrzut-ekranu-2024-12-09-124740.png","width":1590,"height":1111},{"@type":"BreadcrumbList","@id":"https:\/\/spolecznajedynka.pl\/sp\/przestrzen-akceptacji-w-spolecznej-jedynce\/#breadcrumb","itemListElement":[{"@type":"ListItem","position":1,"name":"Strona g\u0142\u00f3wna","item":"https:\/\/spolecznajedynka.pl\/sp\/"},{"@type":"ListItem","position":2,"name":"&#8222;Przestrze\u0144 akceptacji w Spo\u0142ecznej Jedynce&#8221;"}]},{"@type":"WebSite","@id":"https:\/\/spolecznajedynka.pl\/sp\/#website","url":"https:\/\/spolecznajedynka.pl\/sp\/","name":"Szko\u0142a Podstawowa Spo\u0142eczna Jedynka Pozna\u0144","description":"","publisher":{"@id":"https:\/\/spolecznajedynka.pl\/sp\/#organization"},"potentialAction":[{"@type":"SearchAction","target":{"@type":"EntryPoint","urlTemplate":"https:\/\/spolecznajedynka.pl\/sp\/?s={search_term_string}"},"query-input":{"@type":"PropertyValueSpecification","valueRequired":true,"valueName":"search_term_string"}}],"inLanguage":"pl-PL"},{"@type":"Organization","@id":"https:\/\/spolecznajedynka.pl\/sp\/#organization","name":"Szko\u0142a Podstawowa Spo\u0142eczna Jedynka Pozna\u0144","url":"https:\/\/spolecznajedynka.pl\/sp\/","logo":{"@type":"ImageObject","inLanguage":"pl-PL","@id":"https:\/\/spolecznajedynka.pl\/sp\/#\/schema\/logo\/image\/","url":"https:\/\/spolecznajedynka.pl\/sp\/wp-content\/uploads\/sites\/3\/2023\/10\/logo.png","contentUrl":"https:\/\/spolecznajedynka.pl\/sp\/wp-content\/uploads\/sites\/3\/2023\/10\/logo.png","width":75,"height":124,"caption":"Szko\u0142a Podstawowa Spo\u0142eczna Jedynka Pozna\u0144"},"image":{"@id":"https:\/\/spolecznajedynka.pl\/sp\/#\/schema\/logo\/image\/"},"sameAs":["https:\/\/www.facebook.com\/spolecznajedynkapoznan\/","https:\/\/www.instagram.com\/spolecznajedynka\/"]}]}},"_links":{"self":[{"href":"https:\/\/spolecznajedynka.pl\/sp\/wp-json\/wp\/v2\/pages\/2912","targetHints":{"allow":["GET"]}}],"collection":[{"href":"https:\/\/spolecznajedynka.pl\/sp\/wp-json\/wp\/v2\/pages"}],"about":[{"href":"https:\/\/spolecznajedynka.pl\/sp\/wp-json\/wp\/v2\/types\/page"}],"author":[{"embeddable":true,"href":"https:\/\/spolecznajedynka.pl\/sp\/wp-json\/wp\/v2\/users\/2"}],"replies":[{"embeddable":true,"href":"https:\/\/spolecznajedynka.pl\/sp\/wp-json\/wp\/v2\/comments?post=2912"}],"version-history":[{"count":5,"href":"https:\/\/spolecznajedynka.pl\/sp\/wp-json\/wp\/v2\/pages\/2912\/revisions"}],"predecessor-version":[{"id":2951,"href":"https:\/\/spolecznajedynka.pl\/sp\/wp-json\/wp\/v2\/pages\/2912\/revisions\/2951"}],"wp:attachment":[{"href":"https:\/\/spolecznajedynka.pl\/sp\/wp-json\/wp\/v2\/media?parent=2912"}],"curies":[{"name":"wp","href":"https:\/\/api.w.org\/{rel}","templated":true}]}}