{"id":2689,"date":"2024-10-25T00:04:49","date_gmt":"2024-10-24T22:04:49","guid":{"rendered":"https:\/\/spolecznajedynka.pl\/sp\/?page_id=2689"},"modified":"2024-10-25T13:43:34","modified_gmt":"2024-10-25T11:43:34","slug":"2689-2","status":"publish","type":"page","link":"https:\/\/spolecznajedynka.pl\/sp\/2689-2\/","title":{"rendered":"Zrealizowane projekty unijne"},"content":{"rendered":"<p><img loading=\"lazy\" decoding=\"async\" class=\"wp-image-2627 aligncenter\" src=\"https:\/\/spolecznajedynka.pl\/sp\/wp-content\/uploads\/sites\/3\/2024\/10\/unnamed-4-1024x216.png\" alt=\"\" width=\"322\" height=\"68\" srcset=\"https:\/\/spolecznajedynka.pl\/sp\/wp-content\/uploads\/sites\/3\/2024\/10\/unnamed-4-1024x216.png 1024w, https:\/\/spolecznajedynka.pl\/sp\/wp-content\/uploads\/sites\/3\/2024\/10\/unnamed-4-300x63.png 300w, https:\/\/spolecznajedynka.pl\/sp\/wp-content\/uploads\/sites\/3\/2024\/10\/unnamed-4-768x162.png 768w, https:\/\/spolecznajedynka.pl\/sp\/wp-content\/uploads\/sites\/3\/2024\/10\/unnamed-4-1536x325.png 1536w, https:\/\/spolecznajedynka.pl\/sp\/wp-content\/uploads\/sites\/3\/2024\/10\/unnamed-4.png 1892w\" sizes=\"auto, (max-width: 322px) 100vw, 322px\" \/><\/p>\n<p style=\"text-align: center;\"><strong>Projekty w ramach <\/strong><br \/>\n<strong>Akredytacji Erasmusa (KA120) 2021-2027<\/strong><\/p>\n<p><strong>Projekt 01\/09\/2021- 30\/11\/2022 ca\u0142kowita kwota dofinansowania 51 450 \u20ac<\/strong><br \/>\n19 nauczycieli na kursach i szkoleniach (Malta i Irlandia)<br \/>\n2 nauczycieli wizyta przygotowawcza (Alicante)<br \/>\n20 uczni\u00f3w wymiana z Hiszpani\u0105 (Alicante)<\/p>\n<p><strong>Projekt 01\/06\/2022-31\/08\/2023 ca\u0142kowita kwota dofinansowania 83 375,00 \u20ac<\/strong><br \/>\n20 uczni\u00f3w wymiana z Hiszpani\u0105 (Alicante)<br \/>\n14 uczni\u00f3w wymiana z Niemcami (Magdeburg)<br \/>\n23 n-li na kursach i szkoleniach (Cypr, Hiszpania, W\u0142ochy, Irlandia, Grecja, Holandia, Islandia) 5 n-li wizyta przygotowawcza (Alicante oraz Magdeburg)<br \/>\n3 nauczycieli Job-shadowing (Alicante i Metz)<br \/>\n1 ucze\u0144 kr\u00f3tkoterminowa mobilno\u015b\u0107 (29 dni Alicante)<br \/>\n1 ucze\u0144 d\u0142ugoterminowa mobilno\u015b\u0107 (33 dni Alicante)<\/p>\n<p><strong>Projekt 01\/06\/2023-31\/08\/2024 ca\u0142kowita kwota dofinansowania 62 934,00 \u20ac<\/strong><br \/>\n17 uczni\u00f3w wymiana z Hiszpani\u0105 (Alicante)<br \/>\n10 uczni\u00f3w wymiana z Niemcami (Magdeburg)<br \/>\n4 uczni\u00f3w wymiana z Francj\u0105 (Metz)<br \/>\n9 n-li na kursach i szkoleniach (Cypr, Portugalia, Grecja, Islandia)<br \/>\n5 n-li Job-shadowing (Strasburg i Magdeburg)<br \/>\n2 uczni\u00f3w d\u0142ugoterminowa mobilno\u015b\u0107 (35 dni Alicante)<\/p>\n<p><strong>Project 01\/06\/204-31\/08\/2025 ca\u0142kowita kwota dofinansowania 52 730,00 \u20ac <\/strong><br \/>\nprojekt w trakcie realizacji<\/p>\n<p>Wcze\u015bniejsze projekty w ramach dofinansowania z \u015brodk\u00f3w Unii Europejskiej<br \/>\n<strong>01\/10\/2017 do 30\/10\/2019 CLIL CHALLENGE-SPO\u0141ECZNA JEDYNKA PODEJMUJE WYZWANIE<\/strong> 142 618, 36 PLN (21 mobilno\u015bci kursy, szkolenia, job shadowing)<br \/>\n<strong>01\/10\/2020-30\/09\/2021 projekt: CYFROWE OKNO W KLASIE<\/strong> 66910,48 PLN (8 mobilno\u015bci kursy, szkolenia)<br \/>\n<strong>30\/08\/2021-29\/03\/2022 projekt: CO M\u00d3WI\u0104 NAM KOLORY<\/strong> 118987,00 PLN (20 mobilno\u015bci uczniowie + 4 opiekun\u00f3w)<\/p>\n<p><strong>Ponadto go\u015bcili\u015bmy w szkole i w naszych domach, w ramach wsp\u00f3\u0142pracy Erasmus+ ponad 100 uczni\u00f3w, ponad 20 nauczycieli, 2 dyrektor\u00f3w szk\u00f3\u0142.<\/strong><\/p>\n","protected":false},"excerpt":{"rendered":"<p>Projekty w ramach Akredytacji Erasmusa (KA120) 2021-2027 Projekt 01\/09\/2021- 30\/11\/2022 ca\u0142kowita kwota dofinansowania 51 450 \u20ac 19 nauczycieli na kursach&#8230;<\/p>\n","protected":false},"author":2,"featured_media":0,"parent":0,"menu_order":0,"comment_status":"closed","ping_status":"closed","template":"","meta":{"_acf_changed":false,"footnotes":""},"class_list":["post-2689","page","type-page","status-publish","hentry"],"acf":[],"yoast_head":"<!-- This site is optimized with the Yoast SEO plugin v27.5 - https:\/\/yoast.com\/product\/yoast-seo-wordpress\/ -->\n<title>Zrealizowane projekty unijne - Szko\u0142a Podstawowa<\/title>\n<meta name=\"robots\" content=\"index, follow, max-snippet:-1, max-image-preview:large, max-video-preview:-1\" \/>\n<link rel=\"canonical\" href=\"https:\/\/spolecznajedynka.pl\/sp\/2689-2\/\" \/>\n<meta property=\"og:locale\" content=\"pl_PL\" \/>\n<meta property=\"og:type\" content=\"article\" \/>\n<meta property=\"og:title\" content=\"Zrealizowane projekty unijne - Szko\u0142a Podstawowa\" \/>\n<meta property=\"og:description\" content=\"Projekty w ramach Akredytacji Erasmusa (KA120) 2021-2027 Projekt 01\/09\/2021- 30\/11\/2022 ca\u0142kowita kwota dofinansowania 51 450 \u20ac 19 nauczycieli na kursach...\" \/>\n<meta property=\"og:url\" content=\"https:\/\/spolecznajedynka.pl\/sp\/2689-2\/\" \/>\n<meta property=\"og:site_name\" content=\"Szko\u0142a Podstawowa\" \/>\n<meta property=\"article:publisher\" content=\"https:\/\/www.facebook.com\/spolecznajedynkapoznan\/\" \/>\n<meta property=\"article:modified_time\" content=\"2024-10-25T11:43:34+00:00\" \/>\n<meta property=\"og:image\" content=\"https:\/\/spolecznajedynka.pl\/sp\/wp-content\/uploads\/sites\/3\/2024\/10\/unnamed-4.png\" \/>\n\t<meta property=\"og:image:width\" content=\"1892\" \/>\n\t<meta property=\"og:image:height\" content=\"400\" \/>\n\t<meta property=\"og:image:type\" content=\"image\/png\" \/>\n<meta name=\"twitter:card\" content=\"summary_large_image\" \/>\n<meta name=\"twitter:label1\" content=\"Szacowany czas czytania\" \/>\n\t<meta name=\"twitter:data1\" content=\"2 minuty\" \/>\n<script type=\"application\/ld+json\" class=\"yoast-schema-graph\">{\"@context\":\"https:\\\/\\\/schema.org\",\"@graph\":[{\"@type\":\"WebPage\",\"@id\":\"https:\\\/\\\/spolecznajedynka.pl\\\/sp\\\/2689-2\\\/\",\"url\":\"https:\\\/\\\/spolecznajedynka.pl\\\/sp\\\/2689-2\\\/\",\"name\":\"Zrealizowane projekty unijne - Szko\u0142a Podstawowa\",\"isPartOf\":{\"@id\":\"https:\\\/\\\/spolecznajedynka.pl\\\/sp\\\/#website\"},\"primaryImageOfPage\":{\"@id\":\"https:\\\/\\\/spolecznajedynka.pl\\\/sp\\\/2689-2\\\/#primaryimage\"},\"image\":{\"@id\":\"https:\\\/\\\/spolecznajedynka.pl\\\/sp\\\/2689-2\\\/#primaryimage\"},\"thumbnailUrl\":\"https:\\\/\\\/spolecznajedynka.pl\\\/sp\\\/wp-content\\\/uploads\\\/sites\\\/3\\\/2024\\\/10\\\/unnamed-4-1024x216.png\",\"datePublished\":\"2024-10-24T22:04:49+00:00\",\"dateModified\":\"2024-10-25T11:43:34+00:00\",\"breadcrumb\":{\"@id\":\"https:\\\/\\\/spolecznajedynka.pl\\\/sp\\\/2689-2\\\/#breadcrumb\"},\"inLanguage\":\"pl-PL\",\"potentialAction\":[{\"@type\":\"ReadAction\",\"target\":[\"https:\\\/\\\/spolecznajedynka.pl\\\/sp\\\/2689-2\\\/\"]}]},{\"@type\":\"ImageObject\",\"inLanguage\":\"pl-PL\",\"@id\":\"https:\\\/\\\/spolecznajedynka.pl\\\/sp\\\/2689-2\\\/#primaryimage\",\"url\":\"https:\\\/\\\/spolecznajedynka.pl\\\/sp\\\/wp-content\\\/uploads\\\/sites\\\/3\\\/2024\\\/10\\\/unnamed-4.png\",\"contentUrl\":\"https:\\\/\\\/spolecznajedynka.pl\\\/sp\\\/wp-content\\\/uploads\\\/sites\\\/3\\\/2024\\\/10\\\/unnamed-4.png\",\"width\":1892,\"height\":400},{\"@type\":\"BreadcrumbList\",\"@id\":\"https:\\\/\\\/spolecznajedynka.pl\\\/sp\\\/2689-2\\\/#breadcrumb\",\"itemListElement\":[{\"@type\":\"ListItem\",\"position\":1,\"name\":\"Strona g\u0142\u00f3wna\",\"item\":\"https:\\\/\\\/spolecznajedynka.pl\\\/sp\\\/\"},{\"@type\":\"ListItem\",\"position\":2,\"name\":\"Zrealizowane projekty unijne\"}]},{\"@type\":\"WebSite\",\"@id\":\"https:\\\/\\\/spolecznajedynka.pl\\\/sp\\\/#website\",\"url\":\"https:\\\/\\\/spolecznajedynka.pl\\\/sp\\\/\",\"name\":\"Szko\u0142a Podstawowa Spo\u0142eczna Jedynka Pozna\u0144\",\"description\":\"\",\"publisher\":{\"@id\":\"https:\\\/\\\/spolecznajedynka.pl\\\/sp\\\/#organization\"},\"potentialAction\":[{\"@type\":\"SearchAction\",\"target\":{\"@type\":\"EntryPoint\",\"urlTemplate\":\"https:\\\/\\\/spolecznajedynka.pl\\\/sp\\\/?s={search_term_string}\"},\"query-input\":{\"@type\":\"PropertyValueSpecification\",\"valueRequired\":true,\"valueName\":\"search_term_string\"}}],\"inLanguage\":\"pl-PL\"},{\"@type\":\"Organization\",\"@id\":\"https:\\\/\\\/spolecznajedynka.pl\\\/sp\\\/#organization\",\"name\":\"Szko\u0142a Podstawowa Spo\u0142eczna Jedynka Pozna\u0144\",\"url\":\"https:\\\/\\\/spolecznajedynka.pl\\\/sp\\\/\",\"logo\":{\"@type\":\"ImageObject\",\"inLanguage\":\"pl-PL\",\"@id\":\"https:\\\/\\\/spolecznajedynka.pl\\\/sp\\\/#\\\/schema\\\/logo\\\/image\\\/\",\"url\":\"https:\\\/\\\/spolecznajedynka.pl\\\/sp\\\/wp-content\\\/uploads\\\/sites\\\/3\\\/2023\\\/10\\\/logo.png\",\"contentUrl\":\"https:\\\/\\\/spolecznajedynka.pl\\\/sp\\\/wp-content\\\/uploads\\\/sites\\\/3\\\/2023\\\/10\\\/logo.png\",\"width\":75,\"height\":124,\"caption\":\"Szko\u0142a Podstawowa Spo\u0142eczna Jedynka Pozna\u0144\"},\"image\":{\"@id\":\"https:\\\/\\\/spolecznajedynka.pl\\\/sp\\\/#\\\/schema\\\/logo\\\/image\\\/\"},\"sameAs\":[\"https:\\\/\\\/www.facebook.com\\\/spolecznajedynkapoznan\\\/\",\"https:\\\/\\\/www.instagram.com\\\/spolecznajedynka\\\/\"]}]}<\/script>\n<!-- \/ Yoast SEO plugin. -->","yoast_head_json":{"title":"Zrealizowane projekty unijne - Szko\u0142a Podstawowa","robots":{"index":"index","follow":"follow","max-snippet":"max-snippet:-1","max-image-preview":"max-image-preview:large","max-video-preview":"max-video-preview:-1"},"canonical":"https:\/\/spolecznajedynka.pl\/sp\/2689-2\/","og_locale":"pl_PL","og_type":"article","og_title":"Zrealizowane projekty unijne - Szko\u0142a Podstawowa","og_description":"Projekty w ramach Akredytacji Erasmusa (KA120) 2021-2027 Projekt 01\/09\/2021- 30\/11\/2022 ca\u0142kowita kwota dofinansowania 51 450 \u20ac 19 nauczycieli na kursach...","og_url":"https:\/\/spolecznajedynka.pl\/sp\/2689-2\/","og_site_name":"Szko\u0142a Podstawowa","article_publisher":"https:\/\/www.facebook.com\/spolecznajedynkapoznan\/","article_modified_time":"2024-10-25T11:43:34+00:00","og_image":[{"width":1892,"height":400,"url":"https:\/\/spolecznajedynka.pl\/sp\/wp-content\/uploads\/sites\/3\/2024\/10\/unnamed-4.png","type":"image\/png"}],"twitter_card":"summary_large_image","twitter_misc":{"Szacowany czas czytania":"2 minuty"},"schema":{"@context":"https:\/\/schema.org","@graph":[{"@type":"WebPage","@id":"https:\/\/spolecznajedynka.pl\/sp\/2689-2\/","url":"https:\/\/spolecznajedynka.pl\/sp\/2689-2\/","name":"Zrealizowane projekty unijne - Szko\u0142a Podstawowa","isPartOf":{"@id":"https:\/\/spolecznajedynka.pl\/sp\/#website"},"primaryImageOfPage":{"@id":"https:\/\/spolecznajedynka.pl\/sp\/2689-2\/#primaryimage"},"image":{"@id":"https:\/\/spolecznajedynka.pl\/sp\/2689-2\/#primaryimage"},"thumbnailUrl":"https:\/\/spolecznajedynka.pl\/sp\/wp-content\/uploads\/sites\/3\/2024\/10\/unnamed-4-1024x216.png","datePublished":"2024-10-24T22:04:49+00:00","dateModified":"2024-10-25T11:43:34+00:00","breadcrumb":{"@id":"https:\/\/spolecznajedynka.pl\/sp\/2689-2\/#breadcrumb"},"inLanguage":"pl-PL","potentialAction":[{"@type":"ReadAction","target":["https:\/\/spolecznajedynka.pl\/sp\/2689-2\/"]}]},{"@type":"ImageObject","inLanguage":"pl-PL","@id":"https:\/\/spolecznajedynka.pl\/sp\/2689-2\/#primaryimage","url":"https:\/\/spolecznajedynka.pl\/sp\/wp-content\/uploads\/sites\/3\/2024\/10\/unnamed-4.png","contentUrl":"https:\/\/spolecznajedynka.pl\/sp\/wp-content\/uploads\/sites\/3\/2024\/10\/unnamed-4.png","width":1892,"height":400},{"@type":"BreadcrumbList","@id":"https:\/\/spolecznajedynka.pl\/sp\/2689-2\/#breadcrumb","itemListElement":[{"@type":"ListItem","position":1,"name":"Strona g\u0142\u00f3wna","item":"https:\/\/spolecznajedynka.pl\/sp\/"},{"@type":"ListItem","position":2,"name":"Zrealizowane projekty unijne"}]},{"@type":"WebSite","@id":"https:\/\/spolecznajedynka.pl\/sp\/#website","url":"https:\/\/spolecznajedynka.pl\/sp\/","name":"Szko\u0142a Podstawowa Spo\u0142eczna Jedynka Pozna\u0144","description":"","publisher":{"@id":"https:\/\/spolecznajedynka.pl\/sp\/#organization"},"potentialAction":[{"@type":"SearchAction","target":{"@type":"EntryPoint","urlTemplate":"https:\/\/spolecznajedynka.pl\/sp\/?s={search_term_string}"},"query-input":{"@type":"PropertyValueSpecification","valueRequired":true,"valueName":"search_term_string"}}],"inLanguage":"pl-PL"},{"@type":"Organization","@id":"https:\/\/spolecznajedynka.pl\/sp\/#organization","name":"Szko\u0142a Podstawowa Spo\u0142eczna Jedynka Pozna\u0144","url":"https:\/\/spolecznajedynka.pl\/sp\/","logo":{"@type":"ImageObject","inLanguage":"pl-PL","@id":"https:\/\/spolecznajedynka.pl\/sp\/#\/schema\/logo\/image\/","url":"https:\/\/spolecznajedynka.pl\/sp\/wp-content\/uploads\/sites\/3\/2023\/10\/logo.png","contentUrl":"https:\/\/spolecznajedynka.pl\/sp\/wp-content\/uploads\/sites\/3\/2023\/10\/logo.png","width":75,"height":124,"caption":"Szko\u0142a Podstawowa Spo\u0142eczna Jedynka Pozna\u0144"},"image":{"@id":"https:\/\/spolecznajedynka.pl\/sp\/#\/schema\/logo\/image\/"},"sameAs":["https:\/\/www.facebook.com\/spolecznajedynkapoznan\/","https:\/\/www.instagram.com\/spolecznajedynka\/"]}]}},"_links":{"self":[{"href":"https:\/\/spolecznajedynka.pl\/sp\/wp-json\/wp\/v2\/pages\/2689","targetHints":{"allow":["GET"]}}],"collection":[{"href":"https:\/\/spolecznajedynka.pl\/sp\/wp-json\/wp\/v2\/pages"}],"about":[{"href":"https:\/\/spolecznajedynka.pl\/sp\/wp-json\/wp\/v2\/types\/page"}],"author":[{"embeddable":true,"href":"https:\/\/spolecznajedynka.pl\/sp\/wp-json\/wp\/v2\/users\/2"}],"replies":[{"embeddable":true,"href":"https:\/\/spolecznajedynka.pl\/sp\/wp-json\/wp\/v2\/comments?post=2689"}],"version-history":[{"count":4,"href":"https:\/\/spolecznajedynka.pl\/sp\/wp-json\/wp\/v2\/pages\/2689\/revisions"}],"predecessor-version":[{"id":2715,"href":"https:\/\/spolecznajedynka.pl\/sp\/wp-json\/wp\/v2\/pages\/2689\/revisions\/2715"}],"wp:attachment":[{"href":"https:\/\/spolecznajedynka.pl\/sp\/wp-json\/wp\/v2\/media?parent=2689"}],"curies":[{"name":"wp","href":"https:\/\/api.w.org\/{rel}","templated":true}]}}