{"id":2669,"date":"2024-10-24T03:28:55","date_gmt":"2024-10-24T01:28:55","guid":{"rendered":"https:\/\/spolecznajedynka.pl\/sp\/?page_id=2669"},"modified":"2024-10-24T04:31:33","modified_gmt":"2024-10-24T02:31:33","slug":"jubileusz-35-lecie-spolecznej-jedynki","status":"publish","type":"page","link":"https:\/\/spolecznajedynka.pl\/sp\/jubileusz-35-lecie-spolecznej-jedynki\/","title":{"rendered":"Jubileusz: 35-lecie Spo\u0142ecznej Jedynki"},"content":{"rendered":"<p><strong>Ju\u017c od 35 lat tworzymy nowe standardy w edukacji!<\/strong><\/p>\n<p>&nbsp;<\/p>\n<p>Kiedy w 1989 roku powstawa\u0142a Spo\u0142eczna Szko\u0142a Podstawowa nr 1 w Poznaniu wiedzieli\u015bmy, \u017ce chcemy by\u0107 tymi, kt\u00f3rzy przecieraj\u0105 nowe szlaki w edukacji.<\/p>\n<p>Od tamtej pory umiej\u0119tnie \u0142\u0105czymy tradycj\u0119 z nowoczesno\u015bci\u0105, a naszym uczniom i uczennicom proponujemy najwy\u017cszej jako\u015bci edukacj\u0119 opart\u0105 na fundamencie wspieraj\u0105cych relacji.<\/p>\n<p>&nbsp;<\/p>\n<p>Jest co \u015bwi\u0119towa\u0107, dlatego zapraszamy wszystkich sympatyk\u00f3w Spo\u0142ecznej Jedynki do wsp\u00f3lnych obchod\u00f3w naszych 35. urodzin!<\/p>\n<p>&nbsp;<\/p>\n<p><strong>Program obchod\u00f3w 35-lecia Spo\u0142ecznej Jedynki.<\/strong><\/p>\n<p><strong>Listopad<\/strong><\/p>\n<p><strong>16.11 &#8211; spotkanie z absolwentami:<\/strong><\/p>\n<ul>\n<li>11:00 &#8211; Msza \u015aw.<\/li>\n<li>12:00 &#8211; 15:00 &#8211; spotkanie w du\u017cej sali gimnastycznej<\/li>\n<\/ul>\n<p><strong>Maj<\/strong><\/p>\n<p><strong>31.05 &#8211; Gala Spo\u0142ecznej Jedynki <\/strong><\/p>\n<ul>\n<li>16:00 &#8211; 19:00 &#8211; uroczysta gala (Aula Nova Akademii Muzycznej w Poznaniu)<\/li>\n<\/ul>\n","protected":false},"excerpt":{"rendered":"<p>Ju\u017c od 35 lat tworzymy nowe standardy w edukacji! &nbsp; Kiedy w 1989 roku powstawa\u0142a Spo\u0142eczna Szko\u0142a Podstawowa nr 1&#8230;<\/p>\n","protected":false},"author":2,"featured_media":0,"parent":0,"menu_order":0,"comment_status":"closed","ping_status":"closed","template":"","meta":{"_acf_changed":false,"footnotes":""},"class_list":["post-2669","page","type-page","status-publish","hentry"],"acf":[],"yoast_head":"<!-- This site is optimized with the Yoast SEO plugin v27.5 - https:\/\/yoast.com\/product\/yoast-seo-wordpress\/ -->\n<title>Jubileusz: 35-lecie Spo\u0142ecznej Jedynki - Szko\u0142a Podstawowa<\/title>\n<meta name=\"robots\" content=\"index, follow, max-snippet:-1, max-image-preview:large, max-video-preview:-1\" \/>\n<link rel=\"canonical\" href=\"https:\/\/spolecznajedynka.pl\/sp\/jubileusz-35-lecie-spolecznej-jedynki\/\" \/>\n<meta property=\"og:locale\" content=\"pl_PL\" \/>\n<meta property=\"og:type\" content=\"article\" \/>\n<meta property=\"og:title\" content=\"Jubileusz: 35-lecie Spo\u0142ecznej Jedynki - Szko\u0142a Podstawowa\" \/>\n<meta property=\"og:description\" content=\"Ju\u017c od 35 lat tworzymy nowe standardy w edukacji! &nbsp; Kiedy w 1989 roku powstawa\u0142a Spo\u0142eczna Szko\u0142a Podstawowa nr 1...\" \/>\n<meta property=\"og:url\" content=\"https:\/\/spolecznajedynka.pl\/sp\/jubileusz-35-lecie-spolecznej-jedynki\/\" \/>\n<meta property=\"og:site_name\" content=\"Szko\u0142a Podstawowa\" \/>\n<meta property=\"article:publisher\" content=\"https:\/\/www.facebook.com\/spolecznajedynkapoznan\/\" \/>\n<meta property=\"article:modified_time\" content=\"2024-10-24T02:31:33+00:00\" \/>\n<meta name=\"twitter:card\" content=\"summary_large_image\" \/>\n<meta name=\"twitter:label1\" content=\"Szacowany czas czytania\" \/>\n\t<meta name=\"twitter:data1\" content=\"1 minuta\" \/>\n<script type=\"application\/ld+json\" class=\"yoast-schema-graph\">{\"@context\":\"https:\\\/\\\/schema.org\",\"@graph\":[{\"@type\":\"WebPage\",\"@id\":\"https:\\\/\\\/spolecznajedynka.pl\\\/sp\\\/jubileusz-35-lecie-spolecznej-jedynki\\\/\",\"url\":\"https:\\\/\\\/spolecznajedynka.pl\\\/sp\\\/jubileusz-35-lecie-spolecznej-jedynki\\\/\",\"name\":\"Jubileusz: 35-lecie Spo\u0142ecznej Jedynki - Szko\u0142a Podstawowa\",\"isPartOf\":{\"@id\":\"https:\\\/\\\/spolecznajedynka.pl\\\/sp\\\/#website\"},\"datePublished\":\"2024-10-24T01:28:55+00:00\",\"dateModified\":\"2024-10-24T02:31:33+00:00\",\"breadcrumb\":{\"@id\":\"https:\\\/\\\/spolecznajedynka.pl\\\/sp\\\/jubileusz-35-lecie-spolecznej-jedynki\\\/#breadcrumb\"},\"inLanguage\":\"pl-PL\",\"potentialAction\":[{\"@type\":\"ReadAction\",\"target\":[\"https:\\\/\\\/spolecznajedynka.pl\\\/sp\\\/jubileusz-35-lecie-spolecznej-jedynki\\\/\"]}]},{\"@type\":\"BreadcrumbList\",\"@id\":\"https:\\\/\\\/spolecznajedynka.pl\\\/sp\\\/jubileusz-35-lecie-spolecznej-jedynki\\\/#breadcrumb\",\"itemListElement\":[{\"@type\":\"ListItem\",\"position\":1,\"name\":\"Strona g\u0142\u00f3wna\",\"item\":\"https:\\\/\\\/spolecznajedynka.pl\\\/sp\\\/\"},{\"@type\":\"ListItem\",\"position\":2,\"name\":\"Jubileusz: 35-lecie Spo\u0142ecznej Jedynki\"}]},{\"@type\":\"WebSite\",\"@id\":\"https:\\\/\\\/spolecznajedynka.pl\\\/sp\\\/#website\",\"url\":\"https:\\\/\\\/spolecznajedynka.pl\\\/sp\\\/\",\"name\":\"Szko\u0142a Podstawowa Spo\u0142eczna Jedynka Pozna\u0144\",\"description\":\"\",\"publisher\":{\"@id\":\"https:\\\/\\\/spolecznajedynka.pl\\\/sp\\\/#organization\"},\"potentialAction\":[{\"@type\":\"SearchAction\",\"target\":{\"@type\":\"EntryPoint\",\"urlTemplate\":\"https:\\\/\\\/spolecznajedynka.pl\\\/sp\\\/?s={search_term_string}\"},\"query-input\":{\"@type\":\"PropertyValueSpecification\",\"valueRequired\":true,\"valueName\":\"search_term_string\"}}],\"inLanguage\":\"pl-PL\"},{\"@type\":\"Organization\",\"@id\":\"https:\\\/\\\/spolecznajedynka.pl\\\/sp\\\/#organization\",\"name\":\"Szko\u0142a Podstawowa Spo\u0142eczna Jedynka Pozna\u0144\",\"url\":\"https:\\\/\\\/spolecznajedynka.pl\\\/sp\\\/\",\"logo\":{\"@type\":\"ImageObject\",\"inLanguage\":\"pl-PL\",\"@id\":\"https:\\\/\\\/spolecznajedynka.pl\\\/sp\\\/#\\\/schema\\\/logo\\\/image\\\/\",\"url\":\"https:\\\/\\\/spolecznajedynka.pl\\\/sp\\\/wp-content\\\/uploads\\\/sites\\\/3\\\/2023\\\/10\\\/logo.png\",\"contentUrl\":\"https:\\\/\\\/spolecznajedynka.pl\\\/sp\\\/wp-content\\\/uploads\\\/sites\\\/3\\\/2023\\\/10\\\/logo.png\",\"width\":75,\"height\":124,\"caption\":\"Szko\u0142a Podstawowa Spo\u0142eczna Jedynka Pozna\u0144\"},\"image\":{\"@id\":\"https:\\\/\\\/spolecznajedynka.pl\\\/sp\\\/#\\\/schema\\\/logo\\\/image\\\/\"},\"sameAs\":[\"https:\\\/\\\/www.facebook.com\\\/spolecznajedynkapoznan\\\/\",\"https:\\\/\\\/www.instagram.com\\\/spolecznajedynka\\\/\"]}]}<\/script>\n<!-- \/ Yoast SEO plugin. -->","yoast_head_json":{"title":"Jubileusz: 35-lecie Spo\u0142ecznej Jedynki - Szko\u0142a Podstawowa","robots":{"index":"index","follow":"follow","max-snippet":"max-snippet:-1","max-image-preview":"max-image-preview:large","max-video-preview":"max-video-preview:-1"},"canonical":"https:\/\/spolecznajedynka.pl\/sp\/jubileusz-35-lecie-spolecznej-jedynki\/","og_locale":"pl_PL","og_type":"article","og_title":"Jubileusz: 35-lecie Spo\u0142ecznej Jedynki - Szko\u0142a Podstawowa","og_description":"Ju\u017c od 35 lat tworzymy nowe standardy w edukacji! &nbsp; Kiedy w 1989 roku powstawa\u0142a Spo\u0142eczna Szko\u0142a Podstawowa nr 1...","og_url":"https:\/\/spolecznajedynka.pl\/sp\/jubileusz-35-lecie-spolecznej-jedynki\/","og_site_name":"Szko\u0142a Podstawowa","article_publisher":"https:\/\/www.facebook.com\/spolecznajedynkapoznan\/","article_modified_time":"2024-10-24T02:31:33+00:00","twitter_card":"summary_large_image","twitter_misc":{"Szacowany czas czytania":"1 minuta"},"schema":{"@context":"https:\/\/schema.org","@graph":[{"@type":"WebPage","@id":"https:\/\/spolecznajedynka.pl\/sp\/jubileusz-35-lecie-spolecznej-jedynki\/","url":"https:\/\/spolecznajedynka.pl\/sp\/jubileusz-35-lecie-spolecznej-jedynki\/","name":"Jubileusz: 35-lecie Spo\u0142ecznej Jedynki - Szko\u0142a Podstawowa","isPartOf":{"@id":"https:\/\/spolecznajedynka.pl\/sp\/#website"},"datePublished":"2024-10-24T01:28:55+00:00","dateModified":"2024-10-24T02:31:33+00:00","breadcrumb":{"@id":"https:\/\/spolecznajedynka.pl\/sp\/jubileusz-35-lecie-spolecznej-jedynki\/#breadcrumb"},"inLanguage":"pl-PL","potentialAction":[{"@type":"ReadAction","target":["https:\/\/spolecznajedynka.pl\/sp\/jubileusz-35-lecie-spolecznej-jedynki\/"]}]},{"@type":"BreadcrumbList","@id":"https:\/\/spolecznajedynka.pl\/sp\/jubileusz-35-lecie-spolecznej-jedynki\/#breadcrumb","itemListElement":[{"@type":"ListItem","position":1,"name":"Strona g\u0142\u00f3wna","item":"https:\/\/spolecznajedynka.pl\/sp\/"},{"@type":"ListItem","position":2,"name":"Jubileusz: 35-lecie Spo\u0142ecznej Jedynki"}]},{"@type":"WebSite","@id":"https:\/\/spolecznajedynka.pl\/sp\/#website","url":"https:\/\/spolecznajedynka.pl\/sp\/","name":"Szko\u0142a Podstawowa Spo\u0142eczna Jedynka Pozna\u0144","description":"","publisher":{"@id":"https:\/\/spolecznajedynka.pl\/sp\/#organization"},"potentialAction":[{"@type":"SearchAction","target":{"@type":"EntryPoint","urlTemplate":"https:\/\/spolecznajedynka.pl\/sp\/?s={search_term_string}"},"query-input":{"@type":"PropertyValueSpecification","valueRequired":true,"valueName":"search_term_string"}}],"inLanguage":"pl-PL"},{"@type":"Organization","@id":"https:\/\/spolecznajedynka.pl\/sp\/#organization","name":"Szko\u0142a Podstawowa Spo\u0142eczna Jedynka Pozna\u0144","url":"https:\/\/spolecznajedynka.pl\/sp\/","logo":{"@type":"ImageObject","inLanguage":"pl-PL","@id":"https:\/\/spolecznajedynka.pl\/sp\/#\/schema\/logo\/image\/","url":"https:\/\/spolecznajedynka.pl\/sp\/wp-content\/uploads\/sites\/3\/2023\/10\/logo.png","contentUrl":"https:\/\/spolecznajedynka.pl\/sp\/wp-content\/uploads\/sites\/3\/2023\/10\/logo.png","width":75,"height":124,"caption":"Szko\u0142a Podstawowa Spo\u0142eczna Jedynka Pozna\u0144"},"image":{"@id":"https:\/\/spolecznajedynka.pl\/sp\/#\/schema\/logo\/image\/"},"sameAs":["https:\/\/www.facebook.com\/spolecznajedynkapoznan\/","https:\/\/www.instagram.com\/spolecznajedynka\/"]}]}},"_links":{"self":[{"href":"https:\/\/spolecznajedynka.pl\/sp\/wp-json\/wp\/v2\/pages\/2669","targetHints":{"allow":["GET"]}}],"collection":[{"href":"https:\/\/spolecznajedynka.pl\/sp\/wp-json\/wp\/v2\/pages"}],"about":[{"href":"https:\/\/spolecznajedynka.pl\/sp\/wp-json\/wp\/v2\/types\/page"}],"author":[{"embeddable":true,"href":"https:\/\/spolecznajedynka.pl\/sp\/wp-json\/wp\/v2\/users\/2"}],"replies":[{"embeddable":true,"href":"https:\/\/spolecznajedynka.pl\/sp\/wp-json\/wp\/v2\/comments?post=2669"}],"version-history":[{"count":5,"href":"https:\/\/spolecznajedynka.pl\/sp\/wp-json\/wp\/v2\/pages\/2669\/revisions"}],"predecessor-version":[{"id":2680,"href":"https:\/\/spolecznajedynka.pl\/sp\/wp-json\/wp\/v2\/pages\/2669\/revisions\/2680"}],"wp:attachment":[{"href":"https:\/\/spolecznajedynka.pl\/sp\/wp-json\/wp\/v2\/media?parent=2669"}],"curies":[{"name":"wp","href":"https:\/\/api.w.org\/{rel}","templated":true}]}}