{"id":2409,"date":"2024-06-18T21:38:34","date_gmt":"2024-06-18T19:38:34","guid":{"rendered":"https:\/\/spolecznajedynka.pl\/sp\/?page_id=2409"},"modified":"2024-06-18T21:38:34","modified_gmt":"2024-06-18T19:38:34","slug":"zdjecie-do-legitymacji","status":"publish","type":"page","link":"https:\/\/spolecznajedynka.pl\/sp\/zdjecie-do-legitymacji\/","title":{"rendered":"Zdj\u0119cie do legitymacji"},"content":{"rendered":"<div>Zgodnie z rozporz\u0105dzeniem Ministra Edukacji i Nauki z dnia 7 czerwca 2023 r. w sprawie \u015bwiadectw, dyplom\u00f3w pa\u0144stwowych i innych druk\u00f3w (Dz. U. 2023 poz. 1120) zobowi\u0105zani jeste\u015bmy do wprowadzenia nowych plastikowych legitymacji szkolnych, kt\u00f3re b\u0119d\u0105 zar\u00f3wno: legitymacj\u0105, kart\u0105 wej\u015bciow\u0105 i kart\u0105 biblioteczn\u0105.\u00a0 Z tego powodu zwracamy si\u0119 do Pa\u0144stwa z pro\u015bb\u0105 o przes\u0142anie fotografii za pomoc\u0105 formularza (tu link:\u00a0<a href=\"https:\/\/forms.gle\/Ue1gtWZn5NjKAuQp9\" target=\"_blank\" rel=\"noopener\" data-saferedirecturl=\"https:\/\/www.google.com\/url?q=https:\/\/forms.gle\/Ue1gtWZn5NjKAuQp9&amp;source=gmail&amp;ust=1718817425389000&amp;usg=AOvVaw2C7qC8fQn6T68UVfaC73pk\">https:\/\/forms.gle\/<wbr \/>Ue1gtWZn5NjKAuQp9<\/a>)<\/p>\n<\/div>\n<div>Podpisane, kolorowe zdj\u0119cia uczni\u00f3w o wymiarach 26 mm wysoko\u015bci x 19 mm szeroko\u015bci\u00a0nale\u017cy przes\u0142a\u0107 w formacie JPG o minimalnej rozdzielczo\u015bci 150 dpi, maksymalna wielko\u015b\u0107\u00a0do 500 kB.<\/div>\n","protected":false},"excerpt":{"rendered":"<p>Zgodnie z rozporz\u0105dzeniem Ministra Edukacji i Nauki z dnia 7 czerwca 2023 r. w sprawie \u015bwiadectw, dyplom\u00f3w pa\u0144stwowych i innych&#8230;<\/p>\n","protected":false},"author":2,"featured_media":0,"parent":0,"menu_order":0,"comment_status":"closed","ping_status":"closed","template":"","meta":{"_acf_changed":false,"footnotes":""},"class_list":["post-2409","page","type-page","status-publish","hentry"],"acf":[],"yoast_head":"<!-- This site is optimized with the Yoast SEO plugin v27.4 - https:\/\/yoast.com\/product\/yoast-seo-wordpress\/ -->\n<title>Zdj\u0119cie do legitymacji - Szko\u0142a Podstawowa<\/title>\n<meta name=\"robots\" content=\"index, follow, max-snippet:-1, max-image-preview:large, max-video-preview:-1\" \/>\n<link rel=\"canonical\" href=\"https:\/\/spolecznajedynka.pl\/sp\/zdjecie-do-legitymacji\/\" \/>\n<meta property=\"og:locale\" content=\"pl_PL\" \/>\n<meta property=\"og:type\" content=\"article\" \/>\n<meta property=\"og:title\" content=\"Zdj\u0119cie do legitymacji - Szko\u0142a Podstawowa\" \/>\n<meta property=\"og:description\" content=\"Zgodnie z rozporz\u0105dzeniem Ministra Edukacji i Nauki z dnia 7 czerwca 2023 r. w sprawie \u015bwiadectw, dyplom\u00f3w pa\u0144stwowych i innych...\" \/>\n<meta property=\"og:url\" content=\"https:\/\/spolecznajedynka.pl\/sp\/zdjecie-do-legitymacji\/\" \/>\n<meta property=\"og:site_name\" content=\"Szko\u0142a Podstawowa\" \/>\n<meta property=\"article:publisher\" content=\"https:\/\/www.facebook.com\/spolecznajedynkapoznan\/\" \/>\n<meta name=\"twitter:card\" content=\"summary_large_image\" \/>\n<meta name=\"twitter:label1\" content=\"Szacowany czas czytania\" \/>\n\t<meta name=\"twitter:data1\" content=\"1 minuta\" \/>\n<script type=\"application\/ld+json\" class=\"yoast-schema-graph\">{\"@context\":\"https:\\\/\\\/schema.org\",\"@graph\":[{\"@type\":\"WebPage\",\"@id\":\"https:\\\/\\\/spolecznajedynka.pl\\\/sp\\\/zdjecie-do-legitymacji\\\/\",\"url\":\"https:\\\/\\\/spolecznajedynka.pl\\\/sp\\\/zdjecie-do-legitymacji\\\/\",\"name\":\"Zdj\u0119cie do legitymacji - Szko\u0142a Podstawowa\",\"isPartOf\":{\"@id\":\"https:\\\/\\\/spolecznajedynka.pl\\\/sp\\\/#website\"},\"datePublished\":\"2024-06-18T19:38:34+00:00\",\"breadcrumb\":{\"@id\":\"https:\\\/\\\/spolecznajedynka.pl\\\/sp\\\/zdjecie-do-legitymacji\\\/#breadcrumb\"},\"inLanguage\":\"pl-PL\",\"potentialAction\":[{\"@type\":\"ReadAction\",\"target\":[\"https:\\\/\\\/spolecznajedynka.pl\\\/sp\\\/zdjecie-do-legitymacji\\\/\"]}]},{\"@type\":\"BreadcrumbList\",\"@id\":\"https:\\\/\\\/spolecznajedynka.pl\\\/sp\\\/zdjecie-do-legitymacji\\\/#breadcrumb\",\"itemListElement\":[{\"@type\":\"ListItem\",\"position\":1,\"name\":\"Strona g\u0142\u00f3wna\",\"item\":\"https:\\\/\\\/spolecznajedynka.pl\\\/sp\\\/\"},{\"@type\":\"ListItem\",\"position\":2,\"name\":\"Zdj\u0119cie do legitymacji\"}]},{\"@type\":\"WebSite\",\"@id\":\"https:\\\/\\\/spolecznajedynka.pl\\\/sp\\\/#website\",\"url\":\"https:\\\/\\\/spolecznajedynka.pl\\\/sp\\\/\",\"name\":\"Szko\u0142a Podstawowa Spo\u0142eczna Jedynka Pozna\u0144\",\"description\":\"\",\"publisher\":{\"@id\":\"https:\\\/\\\/spolecznajedynka.pl\\\/sp\\\/#organization\"},\"potentialAction\":[{\"@type\":\"SearchAction\",\"target\":{\"@type\":\"EntryPoint\",\"urlTemplate\":\"https:\\\/\\\/spolecznajedynka.pl\\\/sp\\\/?s={search_term_string}\"},\"query-input\":{\"@type\":\"PropertyValueSpecification\",\"valueRequired\":true,\"valueName\":\"search_term_string\"}}],\"inLanguage\":\"pl-PL\"},{\"@type\":\"Organization\",\"@id\":\"https:\\\/\\\/spolecznajedynka.pl\\\/sp\\\/#organization\",\"name\":\"Szko\u0142a Podstawowa Spo\u0142eczna Jedynka Pozna\u0144\",\"url\":\"https:\\\/\\\/spolecznajedynka.pl\\\/sp\\\/\",\"logo\":{\"@type\":\"ImageObject\",\"inLanguage\":\"pl-PL\",\"@id\":\"https:\\\/\\\/spolecznajedynka.pl\\\/sp\\\/#\\\/schema\\\/logo\\\/image\\\/\",\"url\":\"https:\\\/\\\/spolecznajedynka.pl\\\/sp\\\/wp-content\\\/uploads\\\/sites\\\/3\\\/2023\\\/10\\\/logo.png\",\"contentUrl\":\"https:\\\/\\\/spolecznajedynka.pl\\\/sp\\\/wp-content\\\/uploads\\\/sites\\\/3\\\/2023\\\/10\\\/logo.png\",\"width\":75,\"height\":124,\"caption\":\"Szko\u0142a Podstawowa Spo\u0142eczna Jedynka Pozna\u0144\"},\"image\":{\"@id\":\"https:\\\/\\\/spolecznajedynka.pl\\\/sp\\\/#\\\/schema\\\/logo\\\/image\\\/\"},\"sameAs\":[\"https:\\\/\\\/www.facebook.com\\\/spolecznajedynkapoznan\\\/\",\"https:\\\/\\\/www.instagram.com\\\/spolecznajedynka\\\/\"]}]}<\/script>\n<!-- \/ Yoast SEO plugin. -->","yoast_head_json":{"title":"Zdj\u0119cie do legitymacji - Szko\u0142a Podstawowa","robots":{"index":"index","follow":"follow","max-snippet":"max-snippet:-1","max-image-preview":"max-image-preview:large","max-video-preview":"max-video-preview:-1"},"canonical":"https:\/\/spolecznajedynka.pl\/sp\/zdjecie-do-legitymacji\/","og_locale":"pl_PL","og_type":"article","og_title":"Zdj\u0119cie do legitymacji - Szko\u0142a Podstawowa","og_description":"Zgodnie z rozporz\u0105dzeniem Ministra Edukacji i Nauki z dnia 7 czerwca 2023 r. w sprawie \u015bwiadectw, dyplom\u00f3w pa\u0144stwowych i innych...","og_url":"https:\/\/spolecznajedynka.pl\/sp\/zdjecie-do-legitymacji\/","og_site_name":"Szko\u0142a Podstawowa","article_publisher":"https:\/\/www.facebook.com\/spolecznajedynkapoznan\/","twitter_card":"summary_large_image","twitter_misc":{"Szacowany czas czytania":"1 minuta"},"schema":{"@context":"https:\/\/schema.org","@graph":[{"@type":"WebPage","@id":"https:\/\/spolecznajedynka.pl\/sp\/zdjecie-do-legitymacji\/","url":"https:\/\/spolecznajedynka.pl\/sp\/zdjecie-do-legitymacji\/","name":"Zdj\u0119cie do legitymacji - Szko\u0142a Podstawowa","isPartOf":{"@id":"https:\/\/spolecznajedynka.pl\/sp\/#website"},"datePublished":"2024-06-18T19:38:34+00:00","breadcrumb":{"@id":"https:\/\/spolecznajedynka.pl\/sp\/zdjecie-do-legitymacji\/#breadcrumb"},"inLanguage":"pl-PL","potentialAction":[{"@type":"ReadAction","target":["https:\/\/spolecznajedynka.pl\/sp\/zdjecie-do-legitymacji\/"]}]},{"@type":"BreadcrumbList","@id":"https:\/\/spolecznajedynka.pl\/sp\/zdjecie-do-legitymacji\/#breadcrumb","itemListElement":[{"@type":"ListItem","position":1,"name":"Strona g\u0142\u00f3wna","item":"https:\/\/spolecznajedynka.pl\/sp\/"},{"@type":"ListItem","position":2,"name":"Zdj\u0119cie do legitymacji"}]},{"@type":"WebSite","@id":"https:\/\/spolecznajedynka.pl\/sp\/#website","url":"https:\/\/spolecznajedynka.pl\/sp\/","name":"Szko\u0142a Podstawowa Spo\u0142eczna Jedynka Pozna\u0144","description":"","publisher":{"@id":"https:\/\/spolecznajedynka.pl\/sp\/#organization"},"potentialAction":[{"@type":"SearchAction","target":{"@type":"EntryPoint","urlTemplate":"https:\/\/spolecznajedynka.pl\/sp\/?s={search_term_string}"},"query-input":{"@type":"PropertyValueSpecification","valueRequired":true,"valueName":"search_term_string"}}],"inLanguage":"pl-PL"},{"@type":"Organization","@id":"https:\/\/spolecznajedynka.pl\/sp\/#organization","name":"Szko\u0142a Podstawowa Spo\u0142eczna Jedynka Pozna\u0144","url":"https:\/\/spolecznajedynka.pl\/sp\/","logo":{"@type":"ImageObject","inLanguage":"pl-PL","@id":"https:\/\/spolecznajedynka.pl\/sp\/#\/schema\/logo\/image\/","url":"https:\/\/spolecznajedynka.pl\/sp\/wp-content\/uploads\/sites\/3\/2023\/10\/logo.png","contentUrl":"https:\/\/spolecznajedynka.pl\/sp\/wp-content\/uploads\/sites\/3\/2023\/10\/logo.png","width":75,"height":124,"caption":"Szko\u0142a Podstawowa Spo\u0142eczna Jedynka Pozna\u0144"},"image":{"@id":"https:\/\/spolecznajedynka.pl\/sp\/#\/schema\/logo\/image\/"},"sameAs":["https:\/\/www.facebook.com\/spolecznajedynkapoznan\/","https:\/\/www.instagram.com\/spolecznajedynka\/"]}]}},"_links":{"self":[{"href":"https:\/\/spolecznajedynka.pl\/sp\/wp-json\/wp\/v2\/pages\/2409","targetHints":{"allow":["GET"]}}],"collection":[{"href":"https:\/\/spolecznajedynka.pl\/sp\/wp-json\/wp\/v2\/pages"}],"about":[{"href":"https:\/\/spolecznajedynka.pl\/sp\/wp-json\/wp\/v2\/types\/page"}],"author":[{"embeddable":true,"href":"https:\/\/spolecznajedynka.pl\/sp\/wp-json\/wp\/v2\/users\/2"}],"replies":[{"embeddable":true,"href":"https:\/\/spolecznajedynka.pl\/sp\/wp-json\/wp\/v2\/comments?post=2409"}],"version-history":[{"count":1,"href":"https:\/\/spolecznajedynka.pl\/sp\/wp-json\/wp\/v2\/pages\/2409\/revisions"}],"predecessor-version":[{"id":2410,"href":"https:\/\/spolecznajedynka.pl\/sp\/wp-json\/wp\/v2\/pages\/2409\/revisions\/2410"}],"wp:attachment":[{"href":"https:\/\/spolecznajedynka.pl\/sp\/wp-json\/wp\/v2\/media?parent=2409"}],"curies":[{"name":"wp","href":"https:\/\/api.w.org\/{rel}","templated":true}]}}