{"id":1354,"date":"2023-11-30T00:23:27","date_gmt":"2023-11-29T23:23:27","guid":{"rendered":"https:\/\/spolecznajedynka.pl\/sp\/?page_id=1354"},"modified":"2025-10-24T15:58:54","modified_gmt":"2025-10-24T13:58:54","slug":"dyzury-dyrekcji","status":"publish","type":"page","link":"https:\/\/spolecznajedynka.pl\/sp\/dyzury-dyrekcji\/","title":{"rendered":"Dy\u017cury dyrekcji"},"content":{"rendered":"<div class=\"well\"><i>Spotkania w ramach dy\u017curu przeznaczone s\u0105 dla rodzic\u00f3w uczni\u00f3w Spo\u0142ecznej Jedynki.<br \/>\nW innych sprawach (np. rekrutacja, oferty) prosimy kontakt z sekretariatem szko\u0142y.<\/i><\/div>\n<div><\/div>\n<div>\n<p><strong>dyrektor\u00a0&#8211; Tomasz Karolak<\/strong><br \/>\ndy\u017cur dla rodzic\u00f3w:<br \/>\n&#8211; poniedzia\u0142ek\u00a0 14:00 &#8211; 15:00,<br \/>\n&#8211; czwartek 8:00 &#8211; 9:30,<br \/>\nprosimy o wcze\u015bniejsze umawianie si\u0119 za pomoc\u0105 formularz dost\u0119pnego w kodzie QR lub przez sekretariat szko\u0142y.<\/p>\n<p><a href=\"https:\/\/calendar.google.com\/calendar\/appointments\/schedules\/AcZssZ35MuvFDdkwhaqoRVcGJrXJCMRY4i9tVpSHocC5_Ql24k_5FvxcNxug04237WFdUqVHHTRGL8Iw\">Um\u00f3w spotkanie<\/a><\/p>\n<p>&nbsp;<\/p>\n<p dir=\"ltr\"><strong>wicedyrektor &#8211; Ma\u0142gorzata Andrzejewska<\/strong><br \/>\ndy\u017cur dla rodzic\u00f3w:<br \/>\n&#8211; \u015broda 13:00 &#8211; 14:00,<br \/>\nprosimy o wcze\u015bniejsze umawianie si\u0119 za pomoc\u0105 formularz dost\u0119pnego w kodzie QR lub przez sekretariat szko\u0142y.<\/p>\n<p dir=\"ltr\"><a href=\"https:\/\/calendar.google.com\/calendar\/appointments\/schedules\/AcZssZ3hW3wHwDQr5K8CMZwbZWLVZcGM_I-0lnetBpZEgYAMuHb0QQAyHV30iSKjM2xd5Cr_ywwCfBo7\">Um\u00f3w spotkanie<\/a><\/p>\n<p>&nbsp;<\/p>\n<p dir=\"ltr\"><strong>wicedyrektor &#8211; Krzysztof Kulikowski<\/strong><br \/>\ndy\u017cur dla rodzic\u00f3w:<br \/>\nwtorek 9:00 &#8211; 10:00<br \/>\n\u015broda 10:30 &#8211; 11:30<br \/>\nprosimy o wcze\u015bniejsze umawianie si\u0119 za pomoc\u0105 formularz dost\u0119pnego w kodzie QR lub przez sekretariat szko\u0142y.<\/p>\n<p dir=\"ltr\"><a href=\"https:\/\/calendar.google.com\/calendar\/appointments\/schedules\/AcZssZ2ltFmyIcG_VLqiPPZ0-wezdO3UT3Iij3lkYK8usj9NI60gXIaxt3AO8EeC91uo9aiIlLB2XPgA\">Um\u00f3w spotkanie<\/a><\/p>\n<\/div>\n","protected":false},"excerpt":{"rendered":"<p>Spotkania w ramach dy\u017curu przeznaczone s\u0105 dla rodzic\u00f3w uczni\u00f3w Spo\u0142ecznej Jedynki. W innych sprawach (np. rekrutacja, oferty) prosimy kontakt z&#8230;<\/p>\n","protected":false},"author":2,"featured_media":0,"parent":0,"menu_order":0,"comment_status":"closed","ping_status":"closed","template":"","meta":{"_acf_changed":false,"footnotes":""},"class_list":["post-1354","page","type-page","status-publish","hentry"],"acf":[],"yoast_head":"<!-- This site is optimized with the Yoast SEO plugin v27.4 - https:\/\/yoast.com\/product\/yoast-seo-wordpress\/ -->\n<title>Dy\u017cury dyrekcji - Szko\u0142a Podstawowa<\/title>\n<meta name=\"robots\" content=\"index, follow, max-snippet:-1, max-image-preview:large, max-video-preview:-1\" \/>\n<link rel=\"canonical\" href=\"https:\/\/spolecznajedynka.pl\/sp\/dyzury-dyrekcji\/\" \/>\n<meta property=\"og:locale\" content=\"pl_PL\" \/>\n<meta property=\"og:type\" content=\"article\" \/>\n<meta property=\"og:title\" content=\"Dy\u017cury dyrekcji - Szko\u0142a Podstawowa\" \/>\n<meta property=\"og:description\" content=\"Spotkania w ramach dy\u017curu przeznaczone s\u0105 dla rodzic\u00f3w uczni\u00f3w Spo\u0142ecznej Jedynki. W innych sprawach (np. rekrutacja, oferty) prosimy kontakt z...\" \/>\n<meta property=\"og:url\" content=\"https:\/\/spolecznajedynka.pl\/sp\/dyzury-dyrekcji\/\" \/>\n<meta property=\"og:site_name\" content=\"Szko\u0142a Podstawowa\" \/>\n<meta property=\"article:publisher\" content=\"https:\/\/www.facebook.com\/spolecznajedynkapoznan\/\" \/>\n<meta property=\"article:modified_time\" content=\"2025-10-24T13:58:54+00:00\" \/>\n<meta name=\"twitter:card\" content=\"summary_large_image\" \/>\n<meta name=\"twitter:label1\" content=\"Szacowany czas czytania\" \/>\n\t<meta name=\"twitter:data1\" content=\"1 minuta\" \/>\n<script type=\"application\/ld+json\" class=\"yoast-schema-graph\">{\"@context\":\"https:\\\/\\\/schema.org\",\"@graph\":[{\"@type\":\"WebPage\",\"@id\":\"https:\\\/\\\/spolecznajedynka.pl\\\/sp\\\/dyzury-dyrekcji\\\/\",\"url\":\"https:\\\/\\\/spolecznajedynka.pl\\\/sp\\\/dyzury-dyrekcji\\\/\",\"name\":\"Dy\u017cury dyrekcji - Szko\u0142a Podstawowa\",\"isPartOf\":{\"@id\":\"https:\\\/\\\/spolecznajedynka.pl\\\/sp\\\/#website\"},\"datePublished\":\"2023-11-29T23:23:27+00:00\",\"dateModified\":\"2025-10-24T13:58:54+00:00\",\"breadcrumb\":{\"@id\":\"https:\\\/\\\/spolecznajedynka.pl\\\/sp\\\/dyzury-dyrekcji\\\/#breadcrumb\"},\"inLanguage\":\"pl-PL\",\"potentialAction\":[{\"@type\":\"ReadAction\",\"target\":[\"https:\\\/\\\/spolecznajedynka.pl\\\/sp\\\/dyzury-dyrekcji\\\/\"]}]},{\"@type\":\"BreadcrumbList\",\"@id\":\"https:\\\/\\\/spolecznajedynka.pl\\\/sp\\\/dyzury-dyrekcji\\\/#breadcrumb\",\"itemListElement\":[{\"@type\":\"ListItem\",\"position\":1,\"name\":\"Strona g\u0142\u00f3wna\",\"item\":\"https:\\\/\\\/spolecznajedynka.pl\\\/sp\\\/\"},{\"@type\":\"ListItem\",\"position\":2,\"name\":\"Dy\u017cury dyrekcji\"}]},{\"@type\":\"WebSite\",\"@id\":\"https:\\\/\\\/spolecznajedynka.pl\\\/sp\\\/#website\",\"url\":\"https:\\\/\\\/spolecznajedynka.pl\\\/sp\\\/\",\"name\":\"Szko\u0142a Podstawowa Spo\u0142eczna Jedynka Pozna\u0144\",\"description\":\"\",\"publisher\":{\"@id\":\"https:\\\/\\\/spolecznajedynka.pl\\\/sp\\\/#organization\"},\"potentialAction\":[{\"@type\":\"SearchAction\",\"target\":{\"@type\":\"EntryPoint\",\"urlTemplate\":\"https:\\\/\\\/spolecznajedynka.pl\\\/sp\\\/?s={search_term_string}\"},\"query-input\":{\"@type\":\"PropertyValueSpecification\",\"valueRequired\":true,\"valueName\":\"search_term_string\"}}],\"inLanguage\":\"pl-PL\"},{\"@type\":\"Organization\",\"@id\":\"https:\\\/\\\/spolecznajedynka.pl\\\/sp\\\/#organization\",\"name\":\"Szko\u0142a Podstawowa Spo\u0142eczna Jedynka Pozna\u0144\",\"url\":\"https:\\\/\\\/spolecznajedynka.pl\\\/sp\\\/\",\"logo\":{\"@type\":\"ImageObject\",\"inLanguage\":\"pl-PL\",\"@id\":\"https:\\\/\\\/spolecznajedynka.pl\\\/sp\\\/#\\\/schema\\\/logo\\\/image\\\/\",\"url\":\"https:\\\/\\\/spolecznajedynka.pl\\\/sp\\\/wp-content\\\/uploads\\\/sites\\\/3\\\/2023\\\/10\\\/logo.png\",\"contentUrl\":\"https:\\\/\\\/spolecznajedynka.pl\\\/sp\\\/wp-content\\\/uploads\\\/sites\\\/3\\\/2023\\\/10\\\/logo.png\",\"width\":75,\"height\":124,\"caption\":\"Szko\u0142a Podstawowa Spo\u0142eczna Jedynka Pozna\u0144\"},\"image\":{\"@id\":\"https:\\\/\\\/spolecznajedynka.pl\\\/sp\\\/#\\\/schema\\\/logo\\\/image\\\/\"},\"sameAs\":[\"https:\\\/\\\/www.facebook.com\\\/spolecznajedynkapoznan\\\/\",\"https:\\\/\\\/www.instagram.com\\\/spolecznajedynka\\\/\"]}]}<\/script>\n<!-- \/ Yoast SEO plugin. -->","yoast_head_json":{"title":"Dy\u017cury dyrekcji - Szko\u0142a Podstawowa","robots":{"index":"index","follow":"follow","max-snippet":"max-snippet:-1","max-image-preview":"max-image-preview:large","max-video-preview":"max-video-preview:-1"},"canonical":"https:\/\/spolecznajedynka.pl\/sp\/dyzury-dyrekcji\/","og_locale":"pl_PL","og_type":"article","og_title":"Dy\u017cury dyrekcji - Szko\u0142a Podstawowa","og_description":"Spotkania w ramach dy\u017curu przeznaczone s\u0105 dla rodzic\u00f3w uczni\u00f3w Spo\u0142ecznej Jedynki. W innych sprawach (np. rekrutacja, oferty) prosimy kontakt z...","og_url":"https:\/\/spolecznajedynka.pl\/sp\/dyzury-dyrekcji\/","og_site_name":"Szko\u0142a Podstawowa","article_publisher":"https:\/\/www.facebook.com\/spolecznajedynkapoznan\/","article_modified_time":"2025-10-24T13:58:54+00:00","twitter_card":"summary_large_image","twitter_misc":{"Szacowany czas czytania":"1 minuta"},"schema":{"@context":"https:\/\/schema.org","@graph":[{"@type":"WebPage","@id":"https:\/\/spolecznajedynka.pl\/sp\/dyzury-dyrekcji\/","url":"https:\/\/spolecznajedynka.pl\/sp\/dyzury-dyrekcji\/","name":"Dy\u017cury dyrekcji - Szko\u0142a Podstawowa","isPartOf":{"@id":"https:\/\/spolecznajedynka.pl\/sp\/#website"},"datePublished":"2023-11-29T23:23:27+00:00","dateModified":"2025-10-24T13:58:54+00:00","breadcrumb":{"@id":"https:\/\/spolecznajedynka.pl\/sp\/dyzury-dyrekcji\/#breadcrumb"},"inLanguage":"pl-PL","potentialAction":[{"@type":"ReadAction","target":["https:\/\/spolecznajedynka.pl\/sp\/dyzury-dyrekcji\/"]}]},{"@type":"BreadcrumbList","@id":"https:\/\/spolecznajedynka.pl\/sp\/dyzury-dyrekcji\/#breadcrumb","itemListElement":[{"@type":"ListItem","position":1,"name":"Strona g\u0142\u00f3wna","item":"https:\/\/spolecznajedynka.pl\/sp\/"},{"@type":"ListItem","position":2,"name":"Dy\u017cury dyrekcji"}]},{"@type":"WebSite","@id":"https:\/\/spolecznajedynka.pl\/sp\/#website","url":"https:\/\/spolecznajedynka.pl\/sp\/","name":"Szko\u0142a Podstawowa Spo\u0142eczna Jedynka Pozna\u0144","description":"","publisher":{"@id":"https:\/\/spolecznajedynka.pl\/sp\/#organization"},"potentialAction":[{"@type":"SearchAction","target":{"@type":"EntryPoint","urlTemplate":"https:\/\/spolecznajedynka.pl\/sp\/?s={search_term_string}"},"query-input":{"@type":"PropertyValueSpecification","valueRequired":true,"valueName":"search_term_string"}}],"inLanguage":"pl-PL"},{"@type":"Organization","@id":"https:\/\/spolecznajedynka.pl\/sp\/#organization","name":"Szko\u0142a Podstawowa Spo\u0142eczna Jedynka Pozna\u0144","url":"https:\/\/spolecznajedynka.pl\/sp\/","logo":{"@type":"ImageObject","inLanguage":"pl-PL","@id":"https:\/\/spolecznajedynka.pl\/sp\/#\/schema\/logo\/image\/","url":"https:\/\/spolecznajedynka.pl\/sp\/wp-content\/uploads\/sites\/3\/2023\/10\/logo.png","contentUrl":"https:\/\/spolecznajedynka.pl\/sp\/wp-content\/uploads\/sites\/3\/2023\/10\/logo.png","width":75,"height":124,"caption":"Szko\u0142a Podstawowa Spo\u0142eczna Jedynka Pozna\u0144"},"image":{"@id":"https:\/\/spolecznajedynka.pl\/sp\/#\/schema\/logo\/image\/"},"sameAs":["https:\/\/www.facebook.com\/spolecznajedynkapoznan\/","https:\/\/www.instagram.com\/spolecznajedynka\/"]}]}},"_links":{"self":[{"href":"https:\/\/spolecznajedynka.pl\/sp\/wp-json\/wp\/v2\/pages\/1354","targetHints":{"allow":["GET"]}}],"collection":[{"href":"https:\/\/spolecznajedynka.pl\/sp\/wp-json\/wp\/v2\/pages"}],"about":[{"href":"https:\/\/spolecznajedynka.pl\/sp\/wp-json\/wp\/v2\/types\/page"}],"author":[{"embeddable":true,"href":"https:\/\/spolecznajedynka.pl\/sp\/wp-json\/wp\/v2\/users\/2"}],"replies":[{"embeddable":true,"href":"https:\/\/spolecznajedynka.pl\/sp\/wp-json\/wp\/v2\/comments?post=1354"}],"version-history":[{"count":5,"href":"https:\/\/spolecznajedynka.pl\/sp\/wp-json\/wp\/v2\/pages\/1354\/revisions"}],"predecessor-version":[{"id":4598,"href":"https:\/\/spolecznajedynka.pl\/sp\/wp-json\/wp\/v2\/pages\/1354\/revisions\/4598"}],"wp:attachment":[{"href":"https:\/\/spolecznajedynka.pl\/sp\/wp-json\/wp\/v2\/media?parent=1354"}],"curies":[{"name":"wp","href":"https:\/\/api.w.org\/{rel}","templated":true}]}}