{"id":1235,"date":"2023-11-16T13:15:09","date_gmt":"2023-11-16T12:15:09","guid":{"rendered":"https:\/\/zarzadzanie.smarthost.pl\/sp1\/sp\/?page_id=1235"},"modified":"2023-11-16T13:15:44","modified_gmt":"2023-11-16T12:15:44","slug":"spotkania-rekrutacyjne","status":"publish","type":"page","link":"https:\/\/spolecznajedynka.pl\/sp\/spotkania-rekrutacyjne\/","title":{"rendered":"Spotkania rekrutacyjne"},"content":{"rendered":"<section class=\"kc-elm kc-css-580674 kc_row\"><div class=\"kc-row-container  kc-container\"><div class=\"kc-wrap-columns\"><div class=\"kc-elm kc-css-288093 kc_col-sm-12 kc_column kc_col-sm-12\"><div class=\"kc-col-container\"><div class=\"kc-elm kc-css-417035 kc-raw-code\"><div>Formularz rezerwacji terminu spotkania rekrutacyjnego.<\/div>\r\n<div>&nbsp;<\/div>\r\n<div>Spotkania rekrutacyjne dla kandydat\u00f3w, kt\u00f3rych rodze\u0144stwo ucz\u0119szcza do Spo\u0142ecznej Jedynki, odb\u0119d\u0105 si\u0119 w grudniu 2023 r.&nbsp;Terminy zostan\u0105 opublikowane 22 listopada 2023.\r\n\t<div>&nbsp;<\/div>\r\n\t<div><\/div>\r\n<\/div>\r\n<!-- Google Calendar Appointment Scheduling begin -->\r\n<style type=\"text\/css\">\r\n\t@import url('https:\/\/calendar.google.com\/calendar\/scheduling-button-script.css');\r\n<\/style>\r\n<script type=\"text\/javascript\">\r\n\t(function() {\r\n\t\tvar target = document.currentScript;\r\n\t\twindow.addEventListener('load', function() {\r\n\t\t\tcalendar.schedulingButton.load({\r\n\t\t\t\turl: 'https:\/\/calendar.google.com\/calendar\/appointments\/schedules\/AcZssZ3V9urEy9Wb0IQIG4sGW8QeBptpHJnoj4tPn0vJ6RIXe3Dw2MNkYfDr7dbHBFeBK-EgjEkikYZN?gv=true',\r\n\t\t\t\tcolor: '#15830d',\r\n\t\t\t\tlabel: \"Spotkania rekrutacyjne - rodze\\u0144stwa\",\r\n\t\t\t\ttarget,\r\n\t\t\t});\r\n\t\t});\r\n\t})();\r\n<\/script>\r\n<!-- end Google Calendar Appointment Scheduling -->\r\n<p>Spotkania rekrutacyjne dla pozosta\u0142ych kandytat\u00f3w odb\u0119d\u0105 si\u0119 w lutym i marcu 2024 r. Terminy zostan\u0105 opublikowane w styczniu 2024 r.<\/p>\r\n<!-- Google Calendar Appointment Scheduling begin -->\r\n<script src=\"https:\/\/calendar.google.com\/calendar\/scheduling-button-script.js\" async=\"\" type=\"text\/javascript\"><\/script>\r\n<script type=\"text\/javascript\">\r\n\t(function() {\r\n\t\tvar target = document.currentScript;\r\n\t\twindow.addEventListener('load', function() {\r\n\t\t\tcalendar.schedulingButton.load({\r\n\t\t\t\turl: 'https:\/\/calendar.google.com\/calendar\/appointments\/schedules\/AcZssZ1bLoYysGvBAce2vhWEaKh-dvq9GFi8GxAH_A54dl0D8zkeBHPAN8MW69oqZgPxFTASUwBWF47P?gv=true',\r\n\t\t\t\tcolor: '#15830d',\r\n\t\t\t\tlabel: \"Spotkania rekrutacyjne - pozostali kandydaci\",\r\n\t\t\t\ttarget,\r\n\t\t\t});\r\n\t\t});\r\n\t})();\r\n<\/script>\r\n<!-- end Google Calendar Appointment Scheduling --><\/div><\/div><\/div><\/div><\/div><\/section>\n","protected":false},"excerpt":{"rendered":"","protected":false},"author":2,"featured_media":0,"parent":0,"menu_order":0,"comment_status":"closed","ping_status":"closed","template":"","meta":{"_acf_changed":false,"footnotes":""},"class_list":["post-1235","page","type-page","status-publish","hentry"],"acf":[],"yoast_head":"<!-- This site is optimized with the Yoast SEO plugin v27.5 - https:\/\/yoast.com\/product\/yoast-seo-wordpress\/ -->\n<title>Spotkania rekrutacyjne - Szko\u0142a Podstawowa<\/title>\n<meta name=\"robots\" content=\"index, follow, max-snippet:-1, max-image-preview:large, max-video-preview:-1\" \/>\n<link rel=\"canonical\" href=\"https:\/\/spolecznajedynka.pl\/sp\/spotkania-rekrutacyjne\/\" \/>\n<meta property=\"og:locale\" content=\"pl_PL\" \/>\n<meta property=\"og:type\" content=\"article\" \/>\n<meta property=\"og:title\" content=\"Spotkania rekrutacyjne - Szko\u0142a Podstawowa\" \/>\n<meta property=\"og:description\" content=\"Formularz rezerwacji terminu spotkania rekrutacyjnego. &nbsp; Spotkania rekrutacyjne dla kandydat\u00f3w, kt\u00f3rych rodze\u0144stwo ucz\u0119szcza do Spo\u0142ecznej Jedynki, odb\u0119d\u0105 si\u0119 w grudniu...\" \/>\n<meta property=\"og:url\" content=\"https:\/\/spolecznajedynka.pl\/sp\/spotkania-rekrutacyjne\/\" \/>\n<meta property=\"og:site_name\" content=\"Szko\u0142a Podstawowa\" \/>\n<meta property=\"article:publisher\" content=\"https:\/\/www.facebook.com\/spolecznajedynkapoznan\/\" \/>\n<meta property=\"article:modified_time\" content=\"2023-11-16T12:15:44+00:00\" \/>\n<meta name=\"twitter:card\" content=\"summary_large_image\" \/>\n<meta name=\"twitter:label1\" content=\"Szacowany czas czytania\" \/>\n\t<meta name=\"twitter:data1\" content=\"1 minuta\" \/>\n<script type=\"application\/ld+json\" class=\"yoast-schema-graph\">{\"@context\":\"https:\\\/\\\/schema.org\",\"@graph\":[{\"@type\":\"WebPage\",\"@id\":\"https:\\\/\\\/spolecznajedynka.pl\\\/sp\\\/spotkania-rekrutacyjne\\\/\",\"url\":\"https:\\\/\\\/spolecznajedynka.pl\\\/sp\\\/spotkania-rekrutacyjne\\\/\",\"name\":\"Spotkania rekrutacyjne - Szko\u0142a Podstawowa\",\"isPartOf\":{\"@id\":\"https:\\\/\\\/spolecznajedynka.pl\\\/sp\\\/#website\"},\"datePublished\":\"2023-11-16T12:15:09+00:00\",\"dateModified\":\"2023-11-16T12:15:44+00:00\",\"breadcrumb\":{\"@id\":\"https:\\\/\\\/spolecznajedynka.pl\\\/sp\\\/spotkania-rekrutacyjne\\\/#breadcrumb\"},\"inLanguage\":\"pl-PL\",\"potentialAction\":[{\"@type\":\"ReadAction\",\"target\":[\"https:\\\/\\\/spolecznajedynka.pl\\\/sp\\\/spotkania-rekrutacyjne\\\/\"]}]},{\"@type\":\"BreadcrumbList\",\"@id\":\"https:\\\/\\\/spolecznajedynka.pl\\\/sp\\\/spotkania-rekrutacyjne\\\/#breadcrumb\",\"itemListElement\":[{\"@type\":\"ListItem\",\"position\":1,\"name\":\"Strona g\u0142\u00f3wna\",\"item\":\"https:\\\/\\\/spolecznajedynka.pl\\\/sp\\\/\"},{\"@type\":\"ListItem\",\"position\":2,\"name\":\"Spotkania rekrutacyjne\"}]},{\"@type\":\"WebSite\",\"@id\":\"https:\\\/\\\/spolecznajedynka.pl\\\/sp\\\/#website\",\"url\":\"https:\\\/\\\/spolecznajedynka.pl\\\/sp\\\/\",\"name\":\"Szko\u0142a Podstawowa Spo\u0142eczna Jedynka Pozna\u0144\",\"description\":\"\",\"publisher\":{\"@id\":\"https:\\\/\\\/spolecznajedynka.pl\\\/sp\\\/#organization\"},\"potentialAction\":[{\"@type\":\"SearchAction\",\"target\":{\"@type\":\"EntryPoint\",\"urlTemplate\":\"https:\\\/\\\/spolecznajedynka.pl\\\/sp\\\/?s={search_term_string}\"},\"query-input\":{\"@type\":\"PropertyValueSpecification\",\"valueRequired\":true,\"valueName\":\"search_term_string\"}}],\"inLanguage\":\"pl-PL\"},{\"@type\":\"Organization\",\"@id\":\"https:\\\/\\\/spolecznajedynka.pl\\\/sp\\\/#organization\",\"name\":\"Szko\u0142a Podstawowa Spo\u0142eczna Jedynka Pozna\u0144\",\"url\":\"https:\\\/\\\/spolecznajedynka.pl\\\/sp\\\/\",\"logo\":{\"@type\":\"ImageObject\",\"inLanguage\":\"pl-PL\",\"@id\":\"https:\\\/\\\/spolecznajedynka.pl\\\/sp\\\/#\\\/schema\\\/logo\\\/image\\\/\",\"url\":\"https:\\\/\\\/spolecznajedynka.pl\\\/sp\\\/wp-content\\\/uploads\\\/sites\\\/3\\\/2023\\\/10\\\/logo.png\",\"contentUrl\":\"https:\\\/\\\/spolecznajedynka.pl\\\/sp\\\/wp-content\\\/uploads\\\/sites\\\/3\\\/2023\\\/10\\\/logo.png\",\"width\":75,\"height\":124,\"caption\":\"Szko\u0142a Podstawowa Spo\u0142eczna Jedynka Pozna\u0144\"},\"image\":{\"@id\":\"https:\\\/\\\/spolecznajedynka.pl\\\/sp\\\/#\\\/schema\\\/logo\\\/image\\\/\"},\"sameAs\":[\"https:\\\/\\\/www.facebook.com\\\/spolecznajedynkapoznan\\\/\",\"https:\\\/\\\/www.instagram.com\\\/spolecznajedynka\\\/\"]}]}<\/script>\n<!-- \/ Yoast SEO plugin. -->","yoast_head_json":{"title":"Spotkania rekrutacyjne - Szko\u0142a Podstawowa","robots":{"index":"index","follow":"follow","max-snippet":"max-snippet:-1","max-image-preview":"max-image-preview:large","max-video-preview":"max-video-preview:-1"},"canonical":"https:\/\/spolecznajedynka.pl\/sp\/spotkania-rekrutacyjne\/","og_locale":"pl_PL","og_type":"article","og_title":"Spotkania rekrutacyjne - Szko\u0142a Podstawowa","og_description":"Formularz rezerwacji terminu spotkania rekrutacyjnego. &nbsp; Spotkania rekrutacyjne dla kandydat\u00f3w, kt\u00f3rych rodze\u0144stwo ucz\u0119szcza do Spo\u0142ecznej Jedynki, odb\u0119d\u0105 si\u0119 w grudniu...","og_url":"https:\/\/spolecznajedynka.pl\/sp\/spotkania-rekrutacyjne\/","og_site_name":"Szko\u0142a Podstawowa","article_publisher":"https:\/\/www.facebook.com\/spolecznajedynkapoznan\/","article_modified_time":"2023-11-16T12:15:44+00:00","twitter_card":"summary_large_image","twitter_misc":{"Szacowany czas czytania":"1 minuta"},"schema":{"@context":"https:\/\/schema.org","@graph":[{"@type":"WebPage","@id":"https:\/\/spolecznajedynka.pl\/sp\/spotkania-rekrutacyjne\/","url":"https:\/\/spolecznajedynka.pl\/sp\/spotkania-rekrutacyjne\/","name":"Spotkania rekrutacyjne - Szko\u0142a Podstawowa","isPartOf":{"@id":"https:\/\/spolecznajedynka.pl\/sp\/#website"},"datePublished":"2023-11-16T12:15:09+00:00","dateModified":"2023-11-16T12:15:44+00:00","breadcrumb":{"@id":"https:\/\/spolecznajedynka.pl\/sp\/spotkania-rekrutacyjne\/#breadcrumb"},"inLanguage":"pl-PL","potentialAction":[{"@type":"ReadAction","target":["https:\/\/spolecznajedynka.pl\/sp\/spotkania-rekrutacyjne\/"]}]},{"@type":"BreadcrumbList","@id":"https:\/\/spolecznajedynka.pl\/sp\/spotkania-rekrutacyjne\/#breadcrumb","itemListElement":[{"@type":"ListItem","position":1,"name":"Strona g\u0142\u00f3wna","item":"https:\/\/spolecznajedynka.pl\/sp\/"},{"@type":"ListItem","position":2,"name":"Spotkania rekrutacyjne"}]},{"@type":"WebSite","@id":"https:\/\/spolecznajedynka.pl\/sp\/#website","url":"https:\/\/spolecznajedynka.pl\/sp\/","name":"Szko\u0142a Podstawowa Spo\u0142eczna Jedynka Pozna\u0144","description":"","publisher":{"@id":"https:\/\/spolecznajedynka.pl\/sp\/#organization"},"potentialAction":[{"@type":"SearchAction","target":{"@type":"EntryPoint","urlTemplate":"https:\/\/spolecznajedynka.pl\/sp\/?s={search_term_string}"},"query-input":{"@type":"PropertyValueSpecification","valueRequired":true,"valueName":"search_term_string"}}],"inLanguage":"pl-PL"},{"@type":"Organization","@id":"https:\/\/spolecznajedynka.pl\/sp\/#organization","name":"Szko\u0142a Podstawowa Spo\u0142eczna Jedynka Pozna\u0144","url":"https:\/\/spolecznajedynka.pl\/sp\/","logo":{"@type":"ImageObject","inLanguage":"pl-PL","@id":"https:\/\/spolecznajedynka.pl\/sp\/#\/schema\/logo\/image\/","url":"https:\/\/spolecznajedynka.pl\/sp\/wp-content\/uploads\/sites\/3\/2023\/10\/logo.png","contentUrl":"https:\/\/spolecznajedynka.pl\/sp\/wp-content\/uploads\/sites\/3\/2023\/10\/logo.png","width":75,"height":124,"caption":"Szko\u0142a Podstawowa Spo\u0142eczna Jedynka Pozna\u0144"},"image":{"@id":"https:\/\/spolecznajedynka.pl\/sp\/#\/schema\/logo\/image\/"},"sameAs":["https:\/\/www.facebook.com\/spolecznajedynkapoznan\/","https:\/\/www.instagram.com\/spolecznajedynka\/"]}]}},"_links":{"self":[{"href":"https:\/\/spolecznajedynka.pl\/sp\/wp-json\/wp\/v2\/pages\/1235","targetHints":{"allow":["GET"]}}],"collection":[{"href":"https:\/\/spolecznajedynka.pl\/sp\/wp-json\/wp\/v2\/pages"}],"about":[{"href":"https:\/\/spolecznajedynka.pl\/sp\/wp-json\/wp\/v2\/types\/page"}],"author":[{"embeddable":true,"href":"https:\/\/spolecznajedynka.pl\/sp\/wp-json\/wp\/v2\/users\/2"}],"replies":[{"embeddable":true,"href":"https:\/\/spolecznajedynka.pl\/sp\/wp-json\/wp\/v2\/comments?post=1235"}],"version-history":[{"count":2,"href":"https:\/\/spolecznajedynka.pl\/sp\/wp-json\/wp\/v2\/pages\/1235\/revisions"}],"predecessor-version":[{"id":1237,"href":"https:\/\/spolecznajedynka.pl\/sp\/wp-json\/wp\/v2\/pages\/1235\/revisions\/1237"}],"wp:attachment":[{"href":"https:\/\/spolecznajedynka.pl\/sp\/wp-json\/wp\/v2\/media?parent=1235"}],"curies":[{"name":"wp","href":"https:\/\/api.w.org\/{rel}","templated":true}]}}