{"id":1212,"date":"2023-11-13T21:31:00","date_gmt":"2023-11-13T20:31:00","guid":{"rendered":"https:\/\/zarzadzanie.smarthost.pl\/sp1\/sp\/?page_id=1212"},"modified":"2025-09-29T12:28:36","modified_gmt":"2025-09-29T10:28:36","slug":"oplaty","status":"publish","type":"page","link":"https:\/\/spolecznajedynka.pl\/sp\/oplaty\/","title":{"rendered":"Op\u0142aty"},"content":{"rendered":"<p><span style=\"font-weight: 400;\">Nauka w szko\u0142ach Spo\u0142ecznego Towarzystwa O\u015bwiatowego jest odp\u0142atna.<\/span><\/p>\n<p><span style=\"font-weight: 400;\">Nasze szko\u0142y s\u0105 finansowane na zasadzie <\/span><i><span style=\"font-weight: 400;\">non profit<\/span><\/i><span style=\"font-weight: 400;\">, do oznacza, \u017ce ewentualna nadwy\u017cka finansowa jest inwestowana w rozw\u00f3j szko\u0142y.\u00a0<\/span><\/p>\n<h3><b>Wysoko\u015b\u0107 czesnego<\/b><\/h3>\n<p><span style=\"font-weight: 400;\">Czesne w szkole podstawowej wynosi 1300 z\u0142 i jest p\u0142atne przez 12 miesi\u0119cy w roku, od 1 lipca roku rozpocz\u0119cia nauki do 30 czerwca kolejnego roku kalendarzowego<\/span><\/p>\n<h3><b>Ulgi dla rodze\u0144stw<\/b><\/h3>\n<p><span style=\"font-weight: 400;\">Rodze\u0144stwom przys\u0142uguje ulga systemowa w wysoko\u015bci:<\/span><\/p>\n<p><span style=\"font-weight: 400;\">10% kwoty czesnego na drugie dziecko,<\/span><\/p>\n<p><span style=\"font-weight: 400;\">50% kwoty czesnego na trzecie i kolejne dziecko,<\/span><\/p>\n<p><span style=\"font-weight: 400;\">pod warunkiem, \u017ce rodze\u0144stwo nadal ucz\u0119szcza do szko\u0142y.<\/span><\/p>\n<h3><b>Fundusz stypendialny<\/b><\/h3>\n<p><span style=\"font-weight: 400;\">Z my\u015bl\u0105 o rodzinach znajduj\u0105cych si\u0119 przej\u015bciowo w trudnej sytuacji finansowej Zarz\u0105d SKT nr 15 STO utworzy\u0142 Socjalny Fundusz Stypendialny dzia\u0142aj\u0105cy na podstawie za\u0142\u0105czonego regulaminu.<\/span><\/p>\n<p><span style=\"font-weight: 400;\">Regulamin &#8211; za\u0142\u0105cznik<\/span><\/p>\n<p><a href=\"https:\/\/spolecznajedynka.pl\/sp\/wp-content\/uploads\/sites\/3\/2025\/01\/160620_regulami_do_publikacji.pdf\"><span style=\"font-weight: 400;\">Regulamin Szkolnego Funduszu Stypendialnego<\/span><\/a><\/p>\n<div>Sk\u0142ad Komisji Stypendialnej w kadencji 2025-2028:<\/div>\n<div>\n<p>\u2013 Natalia Awedyk<\/p>\n<p>\u2013 Aleksandra Balcerowicz-Bibel<\/p>\n<p>\u2013 Julia Pietz-Muszkieta<\/p>\n<\/div>\n<p><span style=\"font-weight: 400;\">kontakt: komisjastypendialna@spolecznajedynka.pl<\/span><\/p>\n<hr \/>\n<p><span style=\"font-weight: 400;\">Rozliczenia ze szko\u0142\u0105 s\u0105 dokonywane za po\u015brednictwem aplikacji Pagaspot: <a href=\"https:\/\/auth.pagaspot.com\/login\">https:\/\/auth.pagaspot.com\/login<\/a><\/span><\/p>\n<hr \/>\n<p>&nbsp;<\/p>\n","protected":false},"excerpt":{"rendered":"<p>Nauka w szko\u0142ach Spo\u0142ecznego Towarzystwa O\u015bwiatowego jest odp\u0142atna. Nasze szko\u0142y s\u0105 finansowane na zasadzie non profit, do oznacza, \u017ce ewentualna&#8230;<\/p>\n","protected":false},"author":2,"featured_media":0,"parent":0,"menu_order":0,"comment_status":"closed","ping_status":"closed","template":"","meta":{"_acf_changed":false,"footnotes":""},"class_list":["post-1212","page","type-page","status-publish","hentry"],"acf":[],"yoast_head":"<!-- This site is optimized with the Yoast SEO plugin v27.4 - https:\/\/yoast.com\/product\/yoast-seo-wordpress\/ -->\n<title>Op\u0142aty - Szko\u0142a Podstawowa<\/title>\n<meta name=\"robots\" content=\"index, follow, max-snippet:-1, max-image-preview:large, max-video-preview:-1\" \/>\n<link rel=\"canonical\" href=\"https:\/\/spolecznajedynka.pl\/sp\/oplaty\/\" \/>\n<meta property=\"og:locale\" content=\"pl_PL\" \/>\n<meta property=\"og:type\" content=\"article\" \/>\n<meta property=\"og:title\" content=\"Op\u0142aty - Szko\u0142a Podstawowa\" \/>\n<meta property=\"og:description\" content=\"Nauka w szko\u0142ach Spo\u0142ecznego Towarzystwa O\u015bwiatowego jest odp\u0142atna. Nasze szko\u0142y s\u0105 finansowane na zasadzie non profit, do oznacza, \u017ce ewentualna...\" \/>\n<meta property=\"og:url\" content=\"https:\/\/spolecznajedynka.pl\/sp\/oplaty\/\" \/>\n<meta property=\"og:site_name\" content=\"Szko\u0142a Podstawowa\" \/>\n<meta property=\"article:publisher\" content=\"https:\/\/www.facebook.com\/spolecznajedynkapoznan\/\" \/>\n<meta property=\"article:modified_time\" content=\"2025-09-29T10:28:36+00:00\" \/>\n<meta name=\"twitter:card\" content=\"summary_large_image\" \/>\n<meta name=\"twitter:label1\" content=\"Szacowany czas czytania\" \/>\n\t<meta name=\"twitter:data1\" content=\"1 minuta\" \/>\n<script type=\"application\/ld+json\" class=\"yoast-schema-graph\">{\"@context\":\"https:\\\/\\\/schema.org\",\"@graph\":[{\"@type\":\"WebPage\",\"@id\":\"https:\\\/\\\/spolecznajedynka.pl\\\/sp\\\/oplaty\\\/\",\"url\":\"https:\\\/\\\/spolecznajedynka.pl\\\/sp\\\/oplaty\\\/\",\"name\":\"Op\u0142aty - Szko\u0142a Podstawowa\",\"isPartOf\":{\"@id\":\"https:\\\/\\\/spolecznajedynka.pl\\\/sp\\\/#website\"},\"datePublished\":\"2023-11-13T20:31:00+00:00\",\"dateModified\":\"2025-09-29T10:28:36+00:00\",\"breadcrumb\":{\"@id\":\"https:\\\/\\\/spolecznajedynka.pl\\\/sp\\\/oplaty\\\/#breadcrumb\"},\"inLanguage\":\"pl-PL\",\"potentialAction\":[{\"@type\":\"ReadAction\",\"target\":[\"https:\\\/\\\/spolecznajedynka.pl\\\/sp\\\/oplaty\\\/\"]}]},{\"@type\":\"BreadcrumbList\",\"@id\":\"https:\\\/\\\/spolecznajedynka.pl\\\/sp\\\/oplaty\\\/#breadcrumb\",\"itemListElement\":[{\"@type\":\"ListItem\",\"position\":1,\"name\":\"Strona g\u0142\u00f3wna\",\"item\":\"https:\\\/\\\/spolecznajedynka.pl\\\/sp\\\/\"},{\"@type\":\"ListItem\",\"position\":2,\"name\":\"Op\u0142aty\"}]},{\"@type\":\"WebSite\",\"@id\":\"https:\\\/\\\/spolecznajedynka.pl\\\/sp\\\/#website\",\"url\":\"https:\\\/\\\/spolecznajedynka.pl\\\/sp\\\/\",\"name\":\"Szko\u0142a Podstawowa Spo\u0142eczna Jedynka Pozna\u0144\",\"description\":\"\",\"publisher\":{\"@id\":\"https:\\\/\\\/spolecznajedynka.pl\\\/sp\\\/#organization\"},\"potentialAction\":[{\"@type\":\"SearchAction\",\"target\":{\"@type\":\"EntryPoint\",\"urlTemplate\":\"https:\\\/\\\/spolecznajedynka.pl\\\/sp\\\/?s={search_term_string}\"},\"query-input\":{\"@type\":\"PropertyValueSpecification\",\"valueRequired\":true,\"valueName\":\"search_term_string\"}}],\"inLanguage\":\"pl-PL\"},{\"@type\":\"Organization\",\"@id\":\"https:\\\/\\\/spolecznajedynka.pl\\\/sp\\\/#organization\",\"name\":\"Szko\u0142a Podstawowa Spo\u0142eczna Jedynka Pozna\u0144\",\"url\":\"https:\\\/\\\/spolecznajedynka.pl\\\/sp\\\/\",\"logo\":{\"@type\":\"ImageObject\",\"inLanguage\":\"pl-PL\",\"@id\":\"https:\\\/\\\/spolecznajedynka.pl\\\/sp\\\/#\\\/schema\\\/logo\\\/image\\\/\",\"url\":\"https:\\\/\\\/spolecznajedynka.pl\\\/sp\\\/wp-content\\\/uploads\\\/sites\\\/3\\\/2023\\\/10\\\/logo.png\",\"contentUrl\":\"https:\\\/\\\/spolecznajedynka.pl\\\/sp\\\/wp-content\\\/uploads\\\/sites\\\/3\\\/2023\\\/10\\\/logo.png\",\"width\":75,\"height\":124,\"caption\":\"Szko\u0142a Podstawowa Spo\u0142eczna Jedynka Pozna\u0144\"},\"image\":{\"@id\":\"https:\\\/\\\/spolecznajedynka.pl\\\/sp\\\/#\\\/schema\\\/logo\\\/image\\\/\"},\"sameAs\":[\"https:\\\/\\\/www.facebook.com\\\/spolecznajedynkapoznan\\\/\",\"https:\\\/\\\/www.instagram.com\\\/spolecznajedynka\\\/\"]}]}<\/script>\n<!-- \/ Yoast SEO plugin. -->","yoast_head_json":{"title":"Op\u0142aty - Szko\u0142a Podstawowa","robots":{"index":"index","follow":"follow","max-snippet":"max-snippet:-1","max-image-preview":"max-image-preview:large","max-video-preview":"max-video-preview:-1"},"canonical":"https:\/\/spolecznajedynka.pl\/sp\/oplaty\/","og_locale":"pl_PL","og_type":"article","og_title":"Op\u0142aty - Szko\u0142a Podstawowa","og_description":"Nauka w szko\u0142ach Spo\u0142ecznego Towarzystwa O\u015bwiatowego jest odp\u0142atna. Nasze szko\u0142y s\u0105 finansowane na zasadzie non profit, do oznacza, \u017ce ewentualna...","og_url":"https:\/\/spolecznajedynka.pl\/sp\/oplaty\/","og_site_name":"Szko\u0142a Podstawowa","article_publisher":"https:\/\/www.facebook.com\/spolecznajedynkapoznan\/","article_modified_time":"2025-09-29T10:28:36+00:00","twitter_card":"summary_large_image","twitter_misc":{"Szacowany czas czytania":"1 minuta"},"schema":{"@context":"https:\/\/schema.org","@graph":[{"@type":"WebPage","@id":"https:\/\/spolecznajedynka.pl\/sp\/oplaty\/","url":"https:\/\/spolecznajedynka.pl\/sp\/oplaty\/","name":"Op\u0142aty - Szko\u0142a Podstawowa","isPartOf":{"@id":"https:\/\/spolecznajedynka.pl\/sp\/#website"},"datePublished":"2023-11-13T20:31:00+00:00","dateModified":"2025-09-29T10:28:36+00:00","breadcrumb":{"@id":"https:\/\/spolecznajedynka.pl\/sp\/oplaty\/#breadcrumb"},"inLanguage":"pl-PL","potentialAction":[{"@type":"ReadAction","target":["https:\/\/spolecznajedynka.pl\/sp\/oplaty\/"]}]},{"@type":"BreadcrumbList","@id":"https:\/\/spolecznajedynka.pl\/sp\/oplaty\/#breadcrumb","itemListElement":[{"@type":"ListItem","position":1,"name":"Strona g\u0142\u00f3wna","item":"https:\/\/spolecznajedynka.pl\/sp\/"},{"@type":"ListItem","position":2,"name":"Op\u0142aty"}]},{"@type":"WebSite","@id":"https:\/\/spolecznajedynka.pl\/sp\/#website","url":"https:\/\/spolecznajedynka.pl\/sp\/","name":"Szko\u0142a Podstawowa Spo\u0142eczna Jedynka Pozna\u0144","description":"","publisher":{"@id":"https:\/\/spolecznajedynka.pl\/sp\/#organization"},"potentialAction":[{"@type":"SearchAction","target":{"@type":"EntryPoint","urlTemplate":"https:\/\/spolecznajedynka.pl\/sp\/?s={search_term_string}"},"query-input":{"@type":"PropertyValueSpecification","valueRequired":true,"valueName":"search_term_string"}}],"inLanguage":"pl-PL"},{"@type":"Organization","@id":"https:\/\/spolecznajedynka.pl\/sp\/#organization","name":"Szko\u0142a Podstawowa Spo\u0142eczna Jedynka Pozna\u0144","url":"https:\/\/spolecznajedynka.pl\/sp\/","logo":{"@type":"ImageObject","inLanguage":"pl-PL","@id":"https:\/\/spolecznajedynka.pl\/sp\/#\/schema\/logo\/image\/","url":"https:\/\/spolecznajedynka.pl\/sp\/wp-content\/uploads\/sites\/3\/2023\/10\/logo.png","contentUrl":"https:\/\/spolecznajedynka.pl\/sp\/wp-content\/uploads\/sites\/3\/2023\/10\/logo.png","width":75,"height":124,"caption":"Szko\u0142a Podstawowa Spo\u0142eczna Jedynka Pozna\u0144"},"image":{"@id":"https:\/\/spolecznajedynka.pl\/sp\/#\/schema\/logo\/image\/"},"sameAs":["https:\/\/www.facebook.com\/spolecznajedynkapoznan\/","https:\/\/www.instagram.com\/spolecznajedynka\/"]}]}},"_links":{"self":[{"href":"https:\/\/spolecznajedynka.pl\/sp\/wp-json\/wp\/v2\/pages\/1212","targetHints":{"allow":["GET"]}}],"collection":[{"href":"https:\/\/spolecznajedynka.pl\/sp\/wp-json\/wp\/v2\/pages"}],"about":[{"href":"https:\/\/spolecznajedynka.pl\/sp\/wp-json\/wp\/v2\/types\/page"}],"author":[{"embeddable":true,"href":"https:\/\/spolecznajedynka.pl\/sp\/wp-json\/wp\/v2\/users\/2"}],"replies":[{"embeddable":true,"href":"https:\/\/spolecznajedynka.pl\/sp\/wp-json\/wp\/v2\/comments?post=1212"}],"version-history":[{"count":6,"href":"https:\/\/spolecznajedynka.pl\/sp\/wp-json\/wp\/v2\/pages\/1212\/revisions"}],"predecessor-version":[{"id":4457,"href":"https:\/\/spolecznajedynka.pl\/sp\/wp-json\/wp\/v2\/pages\/1212\/revisions\/4457"}],"wp:attachment":[{"href":"https:\/\/spolecznajedynka.pl\/sp\/wp-json\/wp\/v2\/media?parent=1212"}],"curies":[{"name":"wp","href":"https:\/\/api.w.org\/{rel}","templated":true}]}}