{"id":1173,"date":"2023-11-08T11:04:58","date_gmt":"2023-11-08T10:04:58","guid":{"rendered":"https:\/\/zarzadzanie.smarthost.pl\/sp1\/sp\/?page_id=1173"},"modified":"2025-02-01T21:23:14","modified_gmt":"2025-02-01T20:23:14","slug":"pomoc-psychologiczno-pedagogiczna","status":"publish","type":"page","link":"https:\/\/spolecznajedynka.pl\/sp\/pomoc-psychologiczno-pedagogiczna\/","title":{"rendered":"Pomoc psychologiczno-pedagogiczna"},"content":{"rendered":"<p><strong>Czym jest pomoc psychologiczno-pedagogiczna?<\/strong><\/p>\n<p style=\"text-align: justify;\">Pomoc psychologiczno-pedagogiczna jest profesjonaln\u0105 form\u0105 wsparcia, kt\u00f3ra odbywa si\u0119 na wniosek rodzica lub ucznia w oparciu o wsp\u00f3lnie ustalone cele oraz warunki udzielania i otrzymywania pomocy.\u00a0Psychologowie i logopedzi s\u0105 zawsze do s\u0105 zawsze do dyspozycji uczni\u00f3w i rodzic\u00f3w i nauczycieli, kt\u00f3rzy potrzebuj\u0105 wsparcia, porady, rozmowy.<\/p>\n<p style=\"text-align: justify;\">Celem pomocy psychologiczno-pedagogicznej jest wsp\u00f3lne znalezienie realnych i dost\u0119pnych \u015brodk\u00f3w u\u0142atwiaj\u0105cych codzienne funkcjonowanie ucznia w szkole.<\/p>\n<div>W naszej szkole do dyspozycji dzieci i rodzic\u00f3w jest troje psycholog\u00f3w i troje logoped\u00f3w. Psychologowie s\u0105 dedykowani do pomocy konkretnym klasom:<\/div>\n<ul>\n<li>Andrzej Wisniewski\u00a0&#8211; 0-3<\/li>\n<li>Luiza Maciejewska &#8211; 4-6<\/li>\n<li>Igor Kozak &#8211; 7-8 i LO<\/li>\n<\/ul>\n<div>W razie takiej potrzeby mo\u017cna skorzysta\u0107 z pomocy psychologa, kt\u00f3ry nie jest dedykowany klasie, w kt\u00f3rej uczy si\u0119 Pa\u0144stwa dziecko.<\/div>\n<p><iframe loading=\"lazy\" src=\"https:\/\/docs.google.com\/document\/d\/e\/2PACX-1vT8g0-jyFh4UacsOjbNbv4NikyTS2xICMg5rdVGbsNc_oOqXmvmO6woVCo7r4HgAcH4busZI10pyYKB\/pub?embedded=true\" width=\"100%\" height=\"600\"><span data-mce-type=\"bookmark\" style=\"display: inline-block; width: 0px; overflow: hidden; line-height: 0;\" class=\"mce_SELRES_start\">\ufeff<\/span><span data-mce-type=\"bookmark\" style=\"display: inline-block; width: 0px; overflow: hidden; line-height: 0;\" class=\"mce_SELRES_start\">\ufeff<\/span><span data-mce-type=\"bookmark\" style=\"display: inline-block; width: 0px; overflow: hidden; line-height: 0;\" class=\"mce_SELRES_start\">\ufeff<\/span><\/iframe><\/p>\n<p><span class=\"s1\"><span style=\"background-color: inherit;\"><span style=\"background-color: inherit;\">Za\u0142\u0105czamy druk wniosku o wydanie opinii o uczniu &#8211; do pobrania pod poni\u017cszym linkiem.<\/span><\/span><\/span><\/p>\n<p><a href=\"https:\/\/drive.google.com\/file\/d\/1E0TGLj0BWRisrFYw0vmi8B47-GSWY2x2\/view?usp=sharing\">Wniosek o wydanie opinii o uczniu &#8211; pobierz<\/a><\/p>\n","protected":false},"excerpt":{"rendered":"<p>Czym jest pomoc psychologiczno-pedagogiczna? Pomoc psychologiczno-pedagogiczna jest profesjonaln\u0105 form\u0105 wsparcia, kt\u00f3ra odbywa si\u0119 na wniosek rodzica lub ucznia w oparciu&#8230;<\/p>\n","protected":false},"author":2,"featured_media":0,"parent":0,"menu_order":0,"comment_status":"closed","ping_status":"closed","template":"","meta":{"_acf_changed":false,"footnotes":""},"class_list":["post-1173","page","type-page","status-publish","hentry"],"acf":[],"yoast_head":"<!-- This site is optimized with the Yoast SEO plugin v27.5 - https:\/\/yoast.com\/product\/yoast-seo-wordpress\/ -->\n<title>Pomoc psychologiczno-pedagogiczna - Szko\u0142a Podstawowa<\/title>\n<meta name=\"robots\" content=\"index, follow, max-snippet:-1, max-image-preview:large, max-video-preview:-1\" \/>\n<link rel=\"canonical\" href=\"https:\/\/spolecznajedynka.pl\/sp\/pomoc-psychologiczno-pedagogiczna\/\" \/>\n<meta property=\"og:locale\" content=\"pl_PL\" \/>\n<meta property=\"og:type\" content=\"article\" \/>\n<meta property=\"og:title\" content=\"Pomoc psychologiczno-pedagogiczna - Szko\u0142a Podstawowa\" \/>\n<meta property=\"og:description\" content=\"Czym jest pomoc psychologiczno-pedagogiczna? Pomoc psychologiczno-pedagogiczna jest profesjonaln\u0105 form\u0105 wsparcia, kt\u00f3ra odbywa si\u0119 na wniosek rodzica lub ucznia w oparciu...\" \/>\n<meta property=\"og:url\" content=\"https:\/\/spolecznajedynka.pl\/sp\/pomoc-psychologiczno-pedagogiczna\/\" \/>\n<meta property=\"og:site_name\" content=\"Szko\u0142a Podstawowa\" \/>\n<meta property=\"article:publisher\" content=\"https:\/\/www.facebook.com\/spolecznajedynkapoznan\/\" \/>\n<meta property=\"article:modified_time\" content=\"2025-02-01T20:23:14+00:00\" \/>\n<meta name=\"twitter:card\" content=\"summary_large_image\" \/>\n<meta name=\"twitter:label1\" content=\"Szacowany czas czytania\" \/>\n\t<meta name=\"twitter:data1\" content=\"1 minuta\" \/>\n<script type=\"application\/ld+json\" class=\"yoast-schema-graph\">{\"@context\":\"https:\\\/\\\/schema.org\",\"@graph\":[{\"@type\":\"WebPage\",\"@id\":\"https:\\\/\\\/spolecznajedynka.pl\\\/sp\\\/pomoc-psychologiczno-pedagogiczna\\\/\",\"url\":\"https:\\\/\\\/spolecznajedynka.pl\\\/sp\\\/pomoc-psychologiczno-pedagogiczna\\\/\",\"name\":\"Pomoc psychologiczno-pedagogiczna - Szko\u0142a Podstawowa\",\"isPartOf\":{\"@id\":\"https:\\\/\\\/spolecznajedynka.pl\\\/sp\\\/#website\"},\"datePublished\":\"2023-11-08T10:04:58+00:00\",\"dateModified\":\"2025-02-01T20:23:14+00:00\",\"breadcrumb\":{\"@id\":\"https:\\\/\\\/spolecznajedynka.pl\\\/sp\\\/pomoc-psychologiczno-pedagogiczna\\\/#breadcrumb\"},\"inLanguage\":\"pl-PL\",\"potentialAction\":[{\"@type\":\"ReadAction\",\"target\":[\"https:\\\/\\\/spolecznajedynka.pl\\\/sp\\\/pomoc-psychologiczno-pedagogiczna\\\/\"]}]},{\"@type\":\"BreadcrumbList\",\"@id\":\"https:\\\/\\\/spolecznajedynka.pl\\\/sp\\\/pomoc-psychologiczno-pedagogiczna\\\/#breadcrumb\",\"itemListElement\":[{\"@type\":\"ListItem\",\"position\":1,\"name\":\"Strona g\u0142\u00f3wna\",\"item\":\"https:\\\/\\\/spolecznajedynka.pl\\\/sp\\\/\"},{\"@type\":\"ListItem\",\"position\":2,\"name\":\"Pomoc psychologiczno-pedagogiczna\"}]},{\"@type\":\"WebSite\",\"@id\":\"https:\\\/\\\/spolecznajedynka.pl\\\/sp\\\/#website\",\"url\":\"https:\\\/\\\/spolecznajedynka.pl\\\/sp\\\/\",\"name\":\"Szko\u0142a Podstawowa Spo\u0142eczna Jedynka Pozna\u0144\",\"description\":\"\",\"publisher\":{\"@id\":\"https:\\\/\\\/spolecznajedynka.pl\\\/sp\\\/#organization\"},\"potentialAction\":[{\"@type\":\"SearchAction\",\"target\":{\"@type\":\"EntryPoint\",\"urlTemplate\":\"https:\\\/\\\/spolecznajedynka.pl\\\/sp\\\/?s={search_term_string}\"},\"query-input\":{\"@type\":\"PropertyValueSpecification\",\"valueRequired\":true,\"valueName\":\"search_term_string\"}}],\"inLanguage\":\"pl-PL\"},{\"@type\":\"Organization\",\"@id\":\"https:\\\/\\\/spolecznajedynka.pl\\\/sp\\\/#organization\",\"name\":\"Szko\u0142a Podstawowa Spo\u0142eczna Jedynka Pozna\u0144\",\"url\":\"https:\\\/\\\/spolecznajedynka.pl\\\/sp\\\/\",\"logo\":{\"@type\":\"ImageObject\",\"inLanguage\":\"pl-PL\",\"@id\":\"https:\\\/\\\/spolecznajedynka.pl\\\/sp\\\/#\\\/schema\\\/logo\\\/image\\\/\",\"url\":\"https:\\\/\\\/spolecznajedynka.pl\\\/sp\\\/wp-content\\\/uploads\\\/sites\\\/3\\\/2023\\\/10\\\/logo.png\",\"contentUrl\":\"https:\\\/\\\/spolecznajedynka.pl\\\/sp\\\/wp-content\\\/uploads\\\/sites\\\/3\\\/2023\\\/10\\\/logo.png\",\"width\":75,\"height\":124,\"caption\":\"Szko\u0142a Podstawowa Spo\u0142eczna Jedynka Pozna\u0144\"},\"image\":{\"@id\":\"https:\\\/\\\/spolecznajedynka.pl\\\/sp\\\/#\\\/schema\\\/logo\\\/image\\\/\"},\"sameAs\":[\"https:\\\/\\\/www.facebook.com\\\/spolecznajedynkapoznan\\\/\",\"https:\\\/\\\/www.instagram.com\\\/spolecznajedynka\\\/\"]}]}<\/script>\n<!-- \/ Yoast SEO plugin. -->","yoast_head_json":{"title":"Pomoc psychologiczno-pedagogiczna - Szko\u0142a Podstawowa","robots":{"index":"index","follow":"follow","max-snippet":"max-snippet:-1","max-image-preview":"max-image-preview:large","max-video-preview":"max-video-preview:-1"},"canonical":"https:\/\/spolecznajedynka.pl\/sp\/pomoc-psychologiczno-pedagogiczna\/","og_locale":"pl_PL","og_type":"article","og_title":"Pomoc psychologiczno-pedagogiczna - Szko\u0142a Podstawowa","og_description":"Czym jest pomoc psychologiczno-pedagogiczna? Pomoc psychologiczno-pedagogiczna jest profesjonaln\u0105 form\u0105 wsparcia, kt\u00f3ra odbywa si\u0119 na wniosek rodzica lub ucznia w oparciu...","og_url":"https:\/\/spolecznajedynka.pl\/sp\/pomoc-psychologiczno-pedagogiczna\/","og_site_name":"Szko\u0142a Podstawowa","article_publisher":"https:\/\/www.facebook.com\/spolecznajedynkapoznan\/","article_modified_time":"2025-02-01T20:23:14+00:00","twitter_card":"summary_large_image","twitter_misc":{"Szacowany czas czytania":"1 minuta"},"schema":{"@context":"https:\/\/schema.org","@graph":[{"@type":"WebPage","@id":"https:\/\/spolecznajedynka.pl\/sp\/pomoc-psychologiczno-pedagogiczna\/","url":"https:\/\/spolecznajedynka.pl\/sp\/pomoc-psychologiczno-pedagogiczna\/","name":"Pomoc psychologiczno-pedagogiczna - Szko\u0142a Podstawowa","isPartOf":{"@id":"https:\/\/spolecznajedynka.pl\/sp\/#website"},"datePublished":"2023-11-08T10:04:58+00:00","dateModified":"2025-02-01T20:23:14+00:00","breadcrumb":{"@id":"https:\/\/spolecznajedynka.pl\/sp\/pomoc-psychologiczno-pedagogiczna\/#breadcrumb"},"inLanguage":"pl-PL","potentialAction":[{"@type":"ReadAction","target":["https:\/\/spolecznajedynka.pl\/sp\/pomoc-psychologiczno-pedagogiczna\/"]}]},{"@type":"BreadcrumbList","@id":"https:\/\/spolecznajedynka.pl\/sp\/pomoc-psychologiczno-pedagogiczna\/#breadcrumb","itemListElement":[{"@type":"ListItem","position":1,"name":"Strona g\u0142\u00f3wna","item":"https:\/\/spolecznajedynka.pl\/sp\/"},{"@type":"ListItem","position":2,"name":"Pomoc psychologiczno-pedagogiczna"}]},{"@type":"WebSite","@id":"https:\/\/spolecznajedynka.pl\/sp\/#website","url":"https:\/\/spolecznajedynka.pl\/sp\/","name":"Szko\u0142a Podstawowa Spo\u0142eczna Jedynka Pozna\u0144","description":"","publisher":{"@id":"https:\/\/spolecznajedynka.pl\/sp\/#organization"},"potentialAction":[{"@type":"SearchAction","target":{"@type":"EntryPoint","urlTemplate":"https:\/\/spolecznajedynka.pl\/sp\/?s={search_term_string}"},"query-input":{"@type":"PropertyValueSpecification","valueRequired":true,"valueName":"search_term_string"}}],"inLanguage":"pl-PL"},{"@type":"Organization","@id":"https:\/\/spolecznajedynka.pl\/sp\/#organization","name":"Szko\u0142a Podstawowa Spo\u0142eczna Jedynka Pozna\u0144","url":"https:\/\/spolecznajedynka.pl\/sp\/","logo":{"@type":"ImageObject","inLanguage":"pl-PL","@id":"https:\/\/spolecznajedynka.pl\/sp\/#\/schema\/logo\/image\/","url":"https:\/\/spolecznajedynka.pl\/sp\/wp-content\/uploads\/sites\/3\/2023\/10\/logo.png","contentUrl":"https:\/\/spolecznajedynka.pl\/sp\/wp-content\/uploads\/sites\/3\/2023\/10\/logo.png","width":75,"height":124,"caption":"Szko\u0142a Podstawowa Spo\u0142eczna Jedynka Pozna\u0144"},"image":{"@id":"https:\/\/spolecznajedynka.pl\/sp\/#\/schema\/logo\/image\/"},"sameAs":["https:\/\/www.facebook.com\/spolecznajedynkapoznan\/","https:\/\/www.instagram.com\/spolecznajedynka\/"]}]}},"_links":{"self":[{"href":"https:\/\/spolecznajedynka.pl\/sp\/wp-json\/wp\/v2\/pages\/1173","targetHints":{"allow":["GET"]}}],"collection":[{"href":"https:\/\/spolecznajedynka.pl\/sp\/wp-json\/wp\/v2\/pages"}],"about":[{"href":"https:\/\/spolecznajedynka.pl\/sp\/wp-json\/wp\/v2\/types\/page"}],"author":[{"embeddable":true,"href":"https:\/\/spolecznajedynka.pl\/sp\/wp-json\/wp\/v2\/users\/2"}],"replies":[{"embeddable":true,"href":"https:\/\/spolecznajedynka.pl\/sp\/wp-json\/wp\/v2\/comments?post=1173"}],"version-history":[{"count":5,"href":"https:\/\/spolecznajedynka.pl\/sp\/wp-json\/wp\/v2\/pages\/1173\/revisions"}],"predecessor-version":[{"id":3227,"href":"https:\/\/spolecznajedynka.pl\/sp\/wp-json\/wp\/v2\/pages\/1173\/revisions\/3227"}],"wp:attachment":[{"href":"https:\/\/spolecznajedynka.pl\/sp\/wp-json\/wp\/v2\/media?parent=1173"}],"curies":[{"name":"wp","href":"https:\/\/api.w.org\/{rel}","templated":true}]}}