{"id":633,"date":"2023-11-13T21:32:50","date_gmt":"2023-11-13T20:32:50","guid":{"rendered":"https:\/\/zarzadzanie.smarthost.pl\/sp1\/lo\/?page_id=633"},"modified":"2025-09-29T12:28:54","modified_gmt":"2025-09-29T10:28:54","slug":"oplaty","status":"publish","type":"page","link":"https:\/\/spolecznajedynka.pl\/lo\/oplaty\/","title":{"rendered":"Op\u0142aty"},"content":{"rendered":"<p><span style=\"font-weight: 400;\">Nauka w szko\u0142ach Spo\u0142ecznego Towarzystwa O\u015bwiatowego jest odp\u0142atna.<\/span><\/p>\n<p><span style=\"font-weight: 400;\">Nasze szko\u0142y s\u0105 finansowane na zasadzie <\/span><i><span style=\"font-weight: 400;\">non profit<\/span><\/i><span style=\"font-weight: 400;\">, do oznacza, \u017ce ewentualna nadwy\u017cka finansowa jest inwestowana w rozw\u00f3j szko\u0142y.\u00a0<\/span><\/p>\n<h3><b>Wysoko\u015b\u0107 czesnego<\/b><\/h3>\n<p><span style=\"font-weight: 400;\">Czesne w liceum wynosi 1350 z\u0142 i jest p\u0142atne przez 12 miesi\u0119cy w roku, od 1 wrze\u015bnia roku rozpocz\u0119cia nauki do 31 sierpnia kolejnego roku kalendarzowego<\/span><\/p>\n<h3><b>Op\u0142ata sprz\u0119towa<\/b><\/h3>\n<p><span style=\"font-weight: 400;\">Op\u0142ata sprz\u0119towa za udost\u0119pnienie szkolnego iPada jest doliczana do miesi\u0119cznego czesnego i wynosi:<\/span><\/p>\n<ul>\n<li style=\"font-weight: 400;\" aria-level=\"1\"><span style=\"font-weight: 400;\">dla uczni\u00f3w przyj\u0119tych do szko\u0142y w roku 2022\/23: 60 z\u0142 miesi\u0119cznie<\/span><\/li>\n<li style=\"font-weight: 400;\" aria-level=\"1\"><span style=\"font-weight: 400;\">dla uczni\u00f3w przyj\u0119tych do szko\u0142y w roku 2023\/24: 90 z\u0142 miesi\u0119cznie<\/span><\/li>\n<\/ul>\n<h3><b>Ulgi dla rodze\u0144stw<\/b><\/h3>\n<p><span style=\"font-weight: 400;\">Rodze\u0144stwom przys\u0142uguje ulga systemowa w wysoko\u015bci:<\/span><\/p>\n<p><span style=\"font-weight: 400;\">10% kwoty czesnego na drugie dziecko,<\/span><\/p>\n<p><span style=\"font-weight: 400;\">50% kwoty czesnego na trzecie i kolejne dziecko,<\/span><\/p>\n<p><span style=\"font-weight: 400;\">pod warunkiem, \u017ce rodze\u0144stwo nadal ucz\u0119szcza do szko\u0142y.<\/span><\/p>\n<h3><b>Fundusz stypendialny<\/b><\/h3>\n<p><span style=\"font-weight: 400;\">Z my\u015bl\u0105 o rodzinach znajduj\u0105cych si\u0119 przej\u015bciowo w trudnej sytuacji finansowej Zarz\u0105d SKT nr 15 STO utworzy\u0142 Socjalny Fundusz Stypendialny dzia\u0142aj\u0105cy na podstawie za\u0142\u0105czonego regulaminu.<\/span><\/p>\n<p><span style=\"font-weight: 400;\">Regulamin &#8211; za\u0142\u0105cznik<\/span><\/p>\n<p><a href=\"https:\/\/spolecznajedynka.pl\/sp\/wp-content\/uploads\/sites\/3\/2025\/01\/160620_regulami_do_publikacji.pdf\"><span style=\"font-weight: 400;\">Regulamin Szkolnego Funduszu Stypendialnego<\/span><\/a><\/p>\n<div>Sk\u0142ad Komisji Stypendialnej w kadencji 2025-2028:<\/div>\n<div>\n<p>\u2013 Natalia Awedyk<\/p>\n<p>\u2013 Aleksandra Balcerowicz-Bibel<\/p>\n<p>\u2013 Julia Pietz-Muszkieta<\/p>\n<\/div>\n<p><span style=\"font-weight: 400;\">kontakt: komisjastypendialna@spolecznajedynka.pl<\/span><\/p>\n<hr \/>\n<p><span style=\"font-weight: 400;\">Rozliczenia ze szko\u0142\u0105 s\u0105 dokonywane za po\u015brednictwem aplikacji Pagaspot: <a href=\"https:\/\/auth.pagaspot.com\/login\">https:\/\/auth.pagaspot.com\/login<\/a><\/span><\/p>\n<hr \/>\n<p>&nbsp;<\/p>\n","protected":false},"excerpt":{"rendered":"<p>Nauka w szko\u0142ach Spo\u0142ecznego Towarzystwa O\u015bwiatowego jest odp\u0142atna. Nasze szko\u0142y s\u0105 finansowane na zasadzie non profit, do oznacza, \u017ce ewentualna&#8230;<\/p>\n","protected":false},"author":2,"featured_media":0,"parent":0,"menu_order":0,"comment_status":"closed","ping_status":"closed","template":"","meta":{"_acf_changed":false,"footnotes":""},"class_list":["post-633","page","type-page","status-publish","hentry"],"acf":[],"yoast_head":"<!-- This site is optimized with the Yoast SEO plugin v27.4 - https:\/\/yoast.com\/product\/yoast-seo-wordpress\/ -->\n<title>Op\u0142aty - Spo\u0142eczne Liceum Og\u00f3lnokszta\u0142c\u0105ce nr 1 w Poznaniu<\/title>\n<meta name=\"robots\" content=\"index, follow, max-snippet:-1, max-image-preview:large, max-video-preview:-1\" \/>\n<link rel=\"canonical\" href=\"https:\/\/spolecznajedynka.pl\/lo\/oplaty\/\" \/>\n<meta property=\"og:locale\" content=\"pl_PL\" \/>\n<meta property=\"og:type\" content=\"article\" \/>\n<meta property=\"og:title\" content=\"Op\u0142aty - Spo\u0142eczne Liceum Og\u00f3lnokszta\u0142c\u0105ce nr 1 w Poznaniu\" \/>\n<meta property=\"og:description\" content=\"Nauka w szko\u0142ach Spo\u0142ecznego Towarzystwa O\u015bwiatowego jest odp\u0142atna. Nasze szko\u0142y s\u0105 finansowane na zasadzie non profit, do oznacza, \u017ce ewentualna...\" \/>\n<meta property=\"og:url\" content=\"https:\/\/spolecznajedynka.pl\/lo\/oplaty\/\" \/>\n<meta property=\"og:site_name\" content=\"Spo\u0142eczne Liceum Og\u00f3lnokszta\u0142c\u0105ce nr 1 w Poznaniu\" \/>\n<meta property=\"article:publisher\" content=\"https:\/\/www.facebook.com\/p\/Liceum-Spoeczna-Jedynka-Pozna-100082885224687\" \/>\n<meta property=\"article:modified_time\" content=\"2025-09-29T10:28:54+00:00\" \/>\n<meta name=\"twitter:card\" content=\"summary_large_image\" \/>\n<meta name=\"twitter:label1\" content=\"Szacowany czas czytania\" \/>\n\t<meta name=\"twitter:data1\" content=\"2 minuty\" \/>\n<script type=\"application\/ld+json\" class=\"yoast-schema-graph\">{\"@context\":\"https:\\\/\\\/schema.org\",\"@graph\":[{\"@type\":\"WebPage\",\"@id\":\"https:\\\/\\\/spolecznajedynka.pl\\\/lo\\\/oplaty\\\/\",\"url\":\"https:\\\/\\\/spolecznajedynka.pl\\\/lo\\\/oplaty\\\/\",\"name\":\"Op\u0142aty - Spo\u0142eczne Liceum Og\u00f3lnokszta\u0142c\u0105ce nr 1 w Poznaniu\",\"isPartOf\":{\"@id\":\"https:\\\/\\\/spolecznajedynka.pl\\\/lo\\\/#website\"},\"datePublished\":\"2023-11-13T20:32:50+00:00\",\"dateModified\":\"2025-09-29T10:28:54+00:00\",\"breadcrumb\":{\"@id\":\"https:\\\/\\\/spolecznajedynka.pl\\\/lo\\\/oplaty\\\/#breadcrumb\"},\"inLanguage\":\"pl-PL\",\"potentialAction\":[{\"@type\":\"ReadAction\",\"target\":[\"https:\\\/\\\/spolecznajedynka.pl\\\/lo\\\/oplaty\\\/\"]}]},{\"@type\":\"BreadcrumbList\",\"@id\":\"https:\\\/\\\/spolecznajedynka.pl\\\/lo\\\/oplaty\\\/#breadcrumb\",\"itemListElement\":[{\"@type\":\"ListItem\",\"position\":1,\"name\":\"Strona g\u0142\u00f3wna\",\"item\":\"https:\\\/\\\/spolecznajedynka.pl\\\/lo\\\/\"},{\"@type\":\"ListItem\",\"position\":2,\"name\":\"Op\u0142aty\"}]},{\"@type\":\"WebSite\",\"@id\":\"https:\\\/\\\/spolecznajedynka.pl\\\/lo\\\/#website\",\"url\":\"https:\\\/\\\/spolecznajedynka.pl\\\/lo\\\/\",\"name\":\"Spo\u0142eczne Liceum Og\u00f3lnokszta\u0142c\u0105ce nr 1 w Poznaniu\",\"description\":\"\",\"publisher\":{\"@id\":\"https:\\\/\\\/spolecznajedynka.pl\\\/lo\\\/#organization\"},\"potentialAction\":[{\"@type\":\"SearchAction\",\"target\":{\"@type\":\"EntryPoint\",\"urlTemplate\":\"https:\\\/\\\/spolecznajedynka.pl\\\/lo\\\/?s={search_term_string}\"},\"query-input\":{\"@type\":\"PropertyValueSpecification\",\"valueRequired\":true,\"valueName\":\"search_term_string\"}}],\"inLanguage\":\"pl-PL\"},{\"@type\":\"Organization\",\"@id\":\"https:\\\/\\\/spolecznajedynka.pl\\\/lo\\\/#organization\",\"name\":\"Spo\u0142eczne Liceum Og\u00f3lnokszta\u0142c\u0105ce nr 1 w Poznaniu\",\"url\":\"https:\\\/\\\/spolecznajedynka.pl\\\/lo\\\/\",\"logo\":{\"@type\":\"ImageObject\",\"inLanguage\":\"pl-PL\",\"@id\":\"https:\\\/\\\/spolecznajedynka.pl\\\/lo\\\/#\\\/schema\\\/logo\\\/image\\\/\",\"url\":\"https:\\\/\\\/spolecznajedynka.pl\\\/lo\\\/wp-content\\\/uploads\\\/sites\\\/2\\\/2023\\\/08\\\/logo-lo.png\",\"contentUrl\":\"https:\\\/\\\/spolecznajedynka.pl\\\/lo\\\/wp-content\\\/uploads\\\/sites\\\/2\\\/2023\\\/08\\\/logo-lo.png\",\"width\":651,\"height\":355,\"caption\":\"Spo\u0142eczne Liceum Og\u00f3lnokszta\u0142c\u0105ce nr 1 w Poznaniu\"},\"image\":{\"@id\":\"https:\\\/\\\/spolecznajedynka.pl\\\/lo\\\/#\\\/schema\\\/logo\\\/image\\\/\"},\"sameAs\":[\"https:\\\/\\\/www.facebook.com\\\/p\\\/Liceum-Spoeczna-Jedynka-Pozna-100082885224687\",\"https:\\\/\\\/www.instagram.com\\\/spolecznajedynka\\\/\",\"https:\\\/\\\/www.tiktok.com\\\/@lospoleczna1\"]}]}<\/script>\n<!-- \/ Yoast SEO plugin. -->","yoast_head_json":{"title":"Op\u0142aty - Spo\u0142eczne Liceum Og\u00f3lnokszta\u0142c\u0105ce nr 1 w Poznaniu","robots":{"index":"index","follow":"follow","max-snippet":"max-snippet:-1","max-image-preview":"max-image-preview:large","max-video-preview":"max-video-preview:-1"},"canonical":"https:\/\/spolecznajedynka.pl\/lo\/oplaty\/","og_locale":"pl_PL","og_type":"article","og_title":"Op\u0142aty - Spo\u0142eczne Liceum Og\u00f3lnokszta\u0142c\u0105ce nr 1 w Poznaniu","og_description":"Nauka w szko\u0142ach Spo\u0142ecznego Towarzystwa O\u015bwiatowego jest odp\u0142atna. Nasze szko\u0142y s\u0105 finansowane na zasadzie non profit, do oznacza, \u017ce ewentualna...","og_url":"https:\/\/spolecznajedynka.pl\/lo\/oplaty\/","og_site_name":"Spo\u0142eczne Liceum Og\u00f3lnokszta\u0142c\u0105ce nr 1 w Poznaniu","article_publisher":"https:\/\/www.facebook.com\/p\/Liceum-Spoeczna-Jedynka-Pozna-100082885224687","article_modified_time":"2025-09-29T10:28:54+00:00","twitter_card":"summary_large_image","twitter_misc":{"Szacowany czas czytania":"2 minuty"},"schema":{"@context":"https:\/\/schema.org","@graph":[{"@type":"WebPage","@id":"https:\/\/spolecznajedynka.pl\/lo\/oplaty\/","url":"https:\/\/spolecznajedynka.pl\/lo\/oplaty\/","name":"Op\u0142aty - Spo\u0142eczne Liceum Og\u00f3lnokszta\u0142c\u0105ce nr 1 w Poznaniu","isPartOf":{"@id":"https:\/\/spolecznajedynka.pl\/lo\/#website"},"datePublished":"2023-11-13T20:32:50+00:00","dateModified":"2025-09-29T10:28:54+00:00","breadcrumb":{"@id":"https:\/\/spolecznajedynka.pl\/lo\/oplaty\/#breadcrumb"},"inLanguage":"pl-PL","potentialAction":[{"@type":"ReadAction","target":["https:\/\/spolecznajedynka.pl\/lo\/oplaty\/"]}]},{"@type":"BreadcrumbList","@id":"https:\/\/spolecznajedynka.pl\/lo\/oplaty\/#breadcrumb","itemListElement":[{"@type":"ListItem","position":1,"name":"Strona g\u0142\u00f3wna","item":"https:\/\/spolecznajedynka.pl\/lo\/"},{"@type":"ListItem","position":2,"name":"Op\u0142aty"}]},{"@type":"WebSite","@id":"https:\/\/spolecznajedynka.pl\/lo\/#website","url":"https:\/\/spolecznajedynka.pl\/lo\/","name":"Spo\u0142eczne Liceum Og\u00f3lnokszta\u0142c\u0105ce nr 1 w Poznaniu","description":"","publisher":{"@id":"https:\/\/spolecznajedynka.pl\/lo\/#organization"},"potentialAction":[{"@type":"SearchAction","target":{"@type":"EntryPoint","urlTemplate":"https:\/\/spolecznajedynka.pl\/lo\/?s={search_term_string}"},"query-input":{"@type":"PropertyValueSpecification","valueRequired":true,"valueName":"search_term_string"}}],"inLanguage":"pl-PL"},{"@type":"Organization","@id":"https:\/\/spolecznajedynka.pl\/lo\/#organization","name":"Spo\u0142eczne Liceum Og\u00f3lnokszta\u0142c\u0105ce nr 1 w Poznaniu","url":"https:\/\/spolecznajedynka.pl\/lo\/","logo":{"@type":"ImageObject","inLanguage":"pl-PL","@id":"https:\/\/spolecznajedynka.pl\/lo\/#\/schema\/logo\/image\/","url":"https:\/\/spolecznajedynka.pl\/lo\/wp-content\/uploads\/sites\/2\/2023\/08\/logo-lo.png","contentUrl":"https:\/\/spolecznajedynka.pl\/lo\/wp-content\/uploads\/sites\/2\/2023\/08\/logo-lo.png","width":651,"height":355,"caption":"Spo\u0142eczne Liceum Og\u00f3lnokszta\u0142c\u0105ce nr 1 w Poznaniu"},"image":{"@id":"https:\/\/spolecznajedynka.pl\/lo\/#\/schema\/logo\/image\/"},"sameAs":["https:\/\/www.facebook.com\/p\/Liceum-Spoeczna-Jedynka-Pozna-100082885224687","https:\/\/www.instagram.com\/spolecznajedynka\/","https:\/\/www.tiktok.com\/@lospoleczna1"]}]}},"_links":{"self":[{"href":"https:\/\/spolecznajedynka.pl\/lo\/wp-json\/wp\/v2\/pages\/633","targetHints":{"allow":["GET"]}}],"collection":[{"href":"https:\/\/spolecznajedynka.pl\/lo\/wp-json\/wp\/v2\/pages"}],"about":[{"href":"https:\/\/spolecznajedynka.pl\/lo\/wp-json\/wp\/v2\/types\/page"}],"author":[{"embeddable":true,"href":"https:\/\/spolecznajedynka.pl\/lo\/wp-json\/wp\/v2\/users\/2"}],"replies":[{"embeddable":true,"href":"https:\/\/spolecznajedynka.pl\/lo\/wp-json\/wp\/v2\/comments?post=633"}],"version-history":[{"count":5,"href":"https:\/\/spolecznajedynka.pl\/lo\/wp-json\/wp\/v2\/pages\/633\/revisions"}],"predecessor-version":[{"id":1822,"href":"https:\/\/spolecznajedynka.pl\/lo\/wp-json\/wp\/v2\/pages\/633\/revisions\/1822"}],"wp:attachment":[{"href":"https:\/\/spolecznajedynka.pl\/lo\/wp-json\/wp\/v2\/media?parent=633"}],"curies":[{"name":"wp","href":"https:\/\/api.w.org\/{rel}","templated":true}]}}