{"id":353,"date":"2023-10-02T09:13:10","date_gmt":"2023-10-02T07:13:10","guid":{"rendered":"https:\/\/zarzadzanie.smarthost.pl\/sp1\/lo\/?page_id=353"},"modified":"2026-04-01T17:51:59","modified_gmt":"2026-04-01T15:51:59","slug":"obiady","status":"publish","type":"page","link":"https:\/\/spolecznajedynka.pl\/lo\/obiady\/","title":{"rendered":"Obiady"},"content":{"rendered":"<p><span style=\"font-weight: 400;\">Zam\u00f3wienia na obiady mo\u017cna z\u0142o\u017cy\u0107 na stronie <\/span><a href=\"http:\/\/www.zamow.kuchniacateringowa.pl\"><span style=\"font-weight: 400;\">www.zamow.kuchniacateringowa.pl<\/span><\/a><\/p>\n<p><b>CENY POSI\u0141K\u00d3W OBIADOWYCH<\/b><\/p>\n<p><span style=\"font-weight: 400;\">ZESTAW OBIADOWY : zupa + drugie danie\u00a0 (bez deseru) \u2013 cena 16,00 z\u0142\u00a0<\/span><\/p>\n<p><span style=\"font-weight: 400;\">Zupa- cena 5,00 z\u0142<\/span><\/p>\n<p><span style=\"font-weight: 400;\">Drugie danie \u2013 cena 14,00 z\u0142<\/span><\/p>\n<p><span style=\"font-weight: 400;\">Deser- 5,00 z\u0142<\/span><\/p>\n<p><span style=\"font-weight: 400;\">CA\u0141Y ZESTAW OBIADOWY + DESER \u2013 cena 21,00 z\u0142\u00a0\u00a0\u00a0\u00a0<\/span><\/p>\n<p><span style=\"font-weight: 400;\">ZESTAW OBIADOWY : zupa + drugie danie\u00a0 (bez deseru) &#8211; dieta eliminacyjna (bezglutenowa, bezbia\u0142kowa) \u2013 cena 17,00 z\u0142\u00a0<\/span><\/p>\n<p><span style=\"font-weight: 400;\">Zupa- cena 5,00 z\u0142<\/span><\/p>\n<p><span style=\"font-weight: 400;\">Drugie danie \u2013 cena 15,00 z\u0142<\/span><\/p>\n<p><span style=\"font-weight: 400;\">Deser- 6,00 z\u0142<\/span><\/p>\n<p><span style=\"font-weight: 400;\">ZESTAW OBIADOWY : zupa + drugie danie\u00a0 (bez deseru) &#8211; dieta indywidualna (uwzgl\u0119dniaj\u0105ca indywidualne alergeny) \u2013 cena 18,00 z\u0142\u00a0<\/span><\/p>\n<p><span style=\"font-weight: 400;\">Zupa- cena 5,00 z\u0142<\/span><\/p>\n<p><span style=\"font-weight: 400;\">Drugie danie \u2013 cena 16,00 z\u0142<\/span><\/p>\n<p><span style=\"font-weight: 400;\">Deser- 6,00 z\u0142<\/span><\/p>\n<p><span style=\"font-weight: 400;\">Gramatury da\u0144 obiadowych<\/span><span style=\"font-weight: 400;\">: zupa \u2013 pojemno\u015b\u0107 250 ml , drugie danie 300 g \u2013 400 g, nap\u00f3j 200 ml<\/span><\/p>\n<p><b>Najwa\u017cniejsze informacje dotycz\u0105ce zamawiania posi\u0142k\u00f3w:<\/b><\/p>\n<p><span style=\"font-weight: 400;\">&#8211; ZAM\u00d3WIENIE mo\u017ce by\u0107 z\u0142o\u017cone w dowolnej konfiguracji na dowolnie wybrany okres\u00a0<\/span><\/p>\n<p><span style=\"font-weight: 400;\">(dzie\u0144, tydzie\u0144, miesi\u0105c)<\/span><\/p>\n<p><span style=\"font-weight: 400;\">&#8211; ZAM\u00d3WIENIE mo\u017cna z\u0142o\u017cy\u0107 najp\u00f3\u017aniej do godziny 7.30 w dniu dostawy<\/span><\/p>\n<p><span style=\"font-weight: 400;\">&#8211; NIEOBECNO\u015a\u0106 DZIECKA NA POSI\u0141KU mo\u017cna zg\u0142osi\u0107 na stronie <\/span><a href=\"http:\/\/www.zamow.kuchniacateringowa.pl\"><span style=\"font-weight: 400;\">www.zamow.kuchniacateringowa.pl<\/span><\/a><span style=\"font-weight: 400;\"> codziennie do godziny 7.30, dokonuj\u0105c przeniesienia zam\u00f3wienia z tego dnia na inny dzie\u0144, w szczeg\u00f3lno\u015bci pierwszy dzie\u0144 roboczy nast\u0119puj\u0105cy po zako\u0144czeniu op\u0142aconego zam\u00f3wienia lub inny wskazany dzie\u0144<\/span><\/p>\n<p><span style=\"font-weight: 400;\">-P\u0141ATNO\u015a\u0106- Zam\u00f3wienie powinno by\u0107 op\u0142acone po z\u0142o\u017ceniu- form\u0105 p\u0142atno\u015bci jest przelew online obs\u0142ugiwany przez firm\u0119 Tpay.com<\/span><\/p>\n<p><span style=\"font-weight: 400;\">Realizowane s\u0105 tylko op\u0142acone zam\u00f3wienia<\/span><\/p>\n<p><span style=\"font-weight: 400;\">-EDYCJA\/ANULACJA- Z\u0142o\u017conego zam\u00f3wienia nie mo\u017cna edytowa\u0107 lub anulowa\u0107. W przypadku konieczno\u015bci modyfikacji lub anulacji zam\u00f3wienia, nale\u017cy wys\u0142a\u0107 maila z numerem zam\u00f3wienia na adres : <\/span><a href=\"mailto:biuro@kuchniacateringowa.pl\"><span style=\"font-weight: 400;\">biuro@kuchniacateringowa.pl<\/span><\/a><span style=\"font-weight: 400;\">.<\/span><\/p>\n<p><span style=\"font-weight: 400;\">&#8211; RABATY CENOWE- Rodziny wielodzietne mog\u0105 skorzysta\u0107 z\u00a0systemu rabatowego:<\/span><\/p>\n<p><span style=\"font-weight: 400;\">&#8211; zam\u00f3wienie dla drugiego dziecka: 10%<\/span><\/p>\n<p><span style=\"font-weight: 400;\">&#8211; zam\u00f3wienie dla trzeciego i\u00a0kolejnego dziecka: 20%<\/span><\/p>\n<p><span style=\"font-weight: 400;\">Rabat obowi\u0105zuje przy zam\u00f3wieniu ca\u0142ego zestawu obiadowego sk\u0142adaj\u0105cego si\u0119 z: zupy i\u00a0drugiego dania z\u00a0napojem na okres 21 dni roboczych. Odst\u0119p pomi\u0119dzy z\u0142o\u017conymi zam\u00f3wieniami mo\u017ce wynosi\u0107 maksymalnie 7 dni.<\/span><\/p>\n<div class=\"attachmentsContainer\">\n<div id=\"attachmentsList_com_content_article_181\" class=\"attachmentsList\">\n<table>\n<caption>Za\u0142\u0105czniki:<\/caption>\n<tbody>\n<tr class=\"odd\">\n<td class=\"at_filename\"><a href=\"https:\/\/drive.google.com\/file\/d\/1winfKXGtrnbSAzYMN7azj2aGMl1DAB3z\/view?usp=sharing\">MENU OBIADOWE II WYBORY- 1.04-30.04<\/a><\/p>\n<p><a href=\"https:\/\/drive.google.com\/file\/d\/1FOrj4cOaKs-CghlLha7RkcrisucNEjXJ\/view?usp=sharing\">MENU OBIADOWE SZKOLNE- 1.04-30.04 DIETA BEZBIA\u0141KOWA <\/a><\/p>\n<p><a href=\"https:\/\/drive.google.com\/file\/d\/1-H0z4udzwUiGUGvxLRU8fm02IbCKS3q0\/view?usp=sharing\">MENU OBIADOWE SZKOLNE- 1.04-30.04 <\/a><a href=\"https:\/\/drive.google.com\/file\/d\/1OYkxsrmxMwGtRJnrTlwqS6JyNr_Ow2p3\/view?usp=drive_link\">DIETA BEZGLUTENOWA<\/a><\/p>\n<p><a href=\"https:\/\/drive.google.com\/file\/d\/1OLaMI8_c0YmEuTD7mNhMlj4voECtkfYG\/view?usp=sharing\">MENU OBIADOWE &#8211; 1.04-30.04 DIETA WEGETARIA\u0143SKA<\/a><\/td>\n<td class=\"at_description\">[Menu na kwiecie\u0144]<\/td>\n<\/tr>\n<tr class=\"even\">\n<td class=\"at_filename\"><a class=\"at_url\" title=\"Pobierz plik (INSTRUKCJA PRZENIESIENIA.pdf)\" href=\"https:\/\/spolecznajedynka.pl\/sp\/wp-content\/uploads\/sites\/3\/2025\/01\/INSTRUKCJA-PRZENIESIENIA.pdf\">INSTRUKCJA PRZENIESIENIA.pdf<\/a><\/td>\n<td class=\"at_description\">[Instrukcja przeniesienia]<\/td>\n<\/tr>\n<tr class=\"odd\">\n<td class=\"at_filename\"><a class=\"at_url\" title=\"Pobierz plik (INSTRUKCJA ZAMAWIANIA.pdf)\" href=\"https:\/\/drive.google.com\/file\/d\/1wZ2MuxKULXOKP_bUFB3jrXVELYgikq4r\/view?usp=sharing\">INSTRUKCJA ZAMAWIANIA.pdf<\/a><\/td>\n<td class=\"at_description\">[Instrukcja zamawiania]<\/td>\n<\/tr>\n<\/tbody>\n<\/table>\n<\/div>\n<\/div>\n","protected":false},"excerpt":{"rendered":"<p>Zam\u00f3wienia na obiady mo\u017cna z\u0142o\u017cy\u0107 na stronie www.zamow.kuchniacateringowa.pl CENY POSI\u0141K\u00d3W OBIADOWYCH ZESTAW OBIADOWY : zupa + drugie danie\u00a0 (bez deseru)&#8230;<\/p>\n","protected":false},"author":2,"featured_media":0,"parent":0,"menu_order":0,"comment_status":"closed","ping_status":"closed","template":"","meta":{"_acf_changed":false,"footnotes":""},"class_list":["post-353","page","type-page","status-publish","hentry"],"acf":[],"yoast_head":"<!-- This site is optimized with the Yoast SEO plugin v27.5 - https:\/\/yoast.com\/product\/yoast-seo-wordpress\/ -->\n<title>Obiady - Spo\u0142eczne Liceum Og\u00f3lnokszta\u0142c\u0105ce nr 1 w Poznaniu<\/title>\n<meta name=\"robots\" content=\"index, follow, max-snippet:-1, max-image-preview:large, max-video-preview:-1\" \/>\n<link rel=\"canonical\" href=\"https:\/\/spolecznajedynka.pl\/lo\/obiady\/\" \/>\n<meta property=\"og:locale\" content=\"pl_PL\" \/>\n<meta property=\"og:type\" content=\"article\" \/>\n<meta property=\"og:title\" content=\"Obiady - Spo\u0142eczne Liceum Og\u00f3lnokszta\u0142c\u0105ce nr 1 w Poznaniu\" \/>\n<meta property=\"og:description\" content=\"Zam\u00f3wienia na obiady mo\u017cna z\u0142o\u017cy\u0107 na stronie www.zamow.kuchniacateringowa.pl CENY POSI\u0141K\u00d3W OBIADOWYCH ZESTAW OBIADOWY : zupa + drugie danie\u00a0 (bez deseru)...\" \/>\n<meta property=\"og:url\" content=\"https:\/\/spolecznajedynka.pl\/lo\/obiady\/\" \/>\n<meta property=\"og:site_name\" content=\"Spo\u0142eczne Liceum Og\u00f3lnokszta\u0142c\u0105ce nr 1 w Poznaniu\" \/>\n<meta property=\"article:publisher\" content=\"https:\/\/www.facebook.com\/p\/Liceum-Spoeczna-Jedynka-Pozna-100082885224687\" \/>\n<meta property=\"article:modified_time\" content=\"2026-04-01T15:51:59+00:00\" \/>\n<meta name=\"twitter:card\" content=\"summary_large_image\" \/>\n<meta name=\"twitter:label1\" content=\"Szacowany czas czytania\" \/>\n\t<meta name=\"twitter:data1\" content=\"2 minuty\" \/>\n<script type=\"application\/ld+json\" class=\"yoast-schema-graph\">{\"@context\":\"https:\\\/\\\/schema.org\",\"@graph\":[{\"@type\":\"WebPage\",\"@id\":\"https:\\\/\\\/spolecznajedynka.pl\\\/lo\\\/obiady\\\/\",\"url\":\"https:\\\/\\\/spolecznajedynka.pl\\\/lo\\\/obiady\\\/\",\"name\":\"Obiady - Spo\u0142eczne Liceum Og\u00f3lnokszta\u0142c\u0105ce nr 1 w Poznaniu\",\"isPartOf\":{\"@id\":\"https:\\\/\\\/spolecznajedynka.pl\\\/lo\\\/#website\"},\"datePublished\":\"2023-10-02T07:13:10+00:00\",\"dateModified\":\"2026-04-01T15:51:59+00:00\",\"breadcrumb\":{\"@id\":\"https:\\\/\\\/spolecznajedynka.pl\\\/lo\\\/obiady\\\/#breadcrumb\"},\"inLanguage\":\"pl-PL\",\"potentialAction\":[{\"@type\":\"ReadAction\",\"target\":[\"https:\\\/\\\/spolecznajedynka.pl\\\/lo\\\/obiady\\\/\"]}]},{\"@type\":\"BreadcrumbList\",\"@id\":\"https:\\\/\\\/spolecznajedynka.pl\\\/lo\\\/obiady\\\/#breadcrumb\",\"itemListElement\":[{\"@type\":\"ListItem\",\"position\":1,\"name\":\"Strona g\u0142\u00f3wna\",\"item\":\"https:\\\/\\\/spolecznajedynka.pl\\\/lo\\\/\"},{\"@type\":\"ListItem\",\"position\":2,\"name\":\"Obiady\"}]},{\"@type\":\"WebSite\",\"@id\":\"https:\\\/\\\/spolecznajedynka.pl\\\/lo\\\/#website\",\"url\":\"https:\\\/\\\/spolecznajedynka.pl\\\/lo\\\/\",\"name\":\"Spo\u0142eczne Liceum Og\u00f3lnokszta\u0142c\u0105ce nr 1 w Poznaniu\",\"description\":\"\",\"publisher\":{\"@id\":\"https:\\\/\\\/spolecznajedynka.pl\\\/lo\\\/#organization\"},\"potentialAction\":[{\"@type\":\"SearchAction\",\"target\":{\"@type\":\"EntryPoint\",\"urlTemplate\":\"https:\\\/\\\/spolecznajedynka.pl\\\/lo\\\/?s={search_term_string}\"},\"query-input\":{\"@type\":\"PropertyValueSpecification\",\"valueRequired\":true,\"valueName\":\"search_term_string\"}}],\"inLanguage\":\"pl-PL\"},{\"@type\":\"Organization\",\"@id\":\"https:\\\/\\\/spolecznajedynka.pl\\\/lo\\\/#organization\",\"name\":\"Spo\u0142eczne Liceum Og\u00f3lnokszta\u0142c\u0105ce nr 1 w Poznaniu\",\"url\":\"https:\\\/\\\/spolecznajedynka.pl\\\/lo\\\/\",\"logo\":{\"@type\":\"ImageObject\",\"inLanguage\":\"pl-PL\",\"@id\":\"https:\\\/\\\/spolecznajedynka.pl\\\/lo\\\/#\\\/schema\\\/logo\\\/image\\\/\",\"url\":\"https:\\\/\\\/spolecznajedynka.pl\\\/lo\\\/wp-content\\\/uploads\\\/sites\\\/2\\\/2023\\\/08\\\/logo-lo.png\",\"contentUrl\":\"https:\\\/\\\/spolecznajedynka.pl\\\/lo\\\/wp-content\\\/uploads\\\/sites\\\/2\\\/2023\\\/08\\\/logo-lo.png\",\"width\":651,\"height\":355,\"caption\":\"Spo\u0142eczne Liceum Og\u00f3lnokszta\u0142c\u0105ce nr 1 w Poznaniu\"},\"image\":{\"@id\":\"https:\\\/\\\/spolecznajedynka.pl\\\/lo\\\/#\\\/schema\\\/logo\\\/image\\\/\"},\"sameAs\":[\"https:\\\/\\\/www.facebook.com\\\/p\\\/Liceum-Spoeczna-Jedynka-Pozna-100082885224687\",\"https:\\\/\\\/www.instagram.com\\\/spolecznajedynka\\\/\",\"https:\\\/\\\/www.tiktok.com\\\/@lospoleczna1\"]}]}<\/script>\n<!-- \/ Yoast SEO plugin. -->","yoast_head_json":{"title":"Obiady - Spo\u0142eczne Liceum Og\u00f3lnokszta\u0142c\u0105ce nr 1 w Poznaniu","robots":{"index":"index","follow":"follow","max-snippet":"max-snippet:-1","max-image-preview":"max-image-preview:large","max-video-preview":"max-video-preview:-1"},"canonical":"https:\/\/spolecznajedynka.pl\/lo\/obiady\/","og_locale":"pl_PL","og_type":"article","og_title":"Obiady - Spo\u0142eczne Liceum Og\u00f3lnokszta\u0142c\u0105ce nr 1 w Poznaniu","og_description":"Zam\u00f3wienia na obiady mo\u017cna z\u0142o\u017cy\u0107 na stronie www.zamow.kuchniacateringowa.pl CENY POSI\u0141K\u00d3W OBIADOWYCH ZESTAW OBIADOWY : zupa + drugie danie\u00a0 (bez deseru)...","og_url":"https:\/\/spolecznajedynka.pl\/lo\/obiady\/","og_site_name":"Spo\u0142eczne Liceum Og\u00f3lnokszta\u0142c\u0105ce nr 1 w Poznaniu","article_publisher":"https:\/\/www.facebook.com\/p\/Liceum-Spoeczna-Jedynka-Pozna-100082885224687","article_modified_time":"2026-04-01T15:51:59+00:00","twitter_card":"summary_large_image","twitter_misc":{"Szacowany czas czytania":"2 minuty"},"schema":{"@context":"https:\/\/schema.org","@graph":[{"@type":"WebPage","@id":"https:\/\/spolecznajedynka.pl\/lo\/obiady\/","url":"https:\/\/spolecznajedynka.pl\/lo\/obiady\/","name":"Obiady - Spo\u0142eczne Liceum Og\u00f3lnokszta\u0142c\u0105ce nr 1 w Poznaniu","isPartOf":{"@id":"https:\/\/spolecznajedynka.pl\/lo\/#website"},"datePublished":"2023-10-02T07:13:10+00:00","dateModified":"2026-04-01T15:51:59+00:00","breadcrumb":{"@id":"https:\/\/spolecznajedynka.pl\/lo\/obiady\/#breadcrumb"},"inLanguage":"pl-PL","potentialAction":[{"@type":"ReadAction","target":["https:\/\/spolecznajedynka.pl\/lo\/obiady\/"]}]},{"@type":"BreadcrumbList","@id":"https:\/\/spolecznajedynka.pl\/lo\/obiady\/#breadcrumb","itemListElement":[{"@type":"ListItem","position":1,"name":"Strona g\u0142\u00f3wna","item":"https:\/\/spolecznajedynka.pl\/lo\/"},{"@type":"ListItem","position":2,"name":"Obiady"}]},{"@type":"WebSite","@id":"https:\/\/spolecznajedynka.pl\/lo\/#website","url":"https:\/\/spolecznajedynka.pl\/lo\/","name":"Spo\u0142eczne Liceum Og\u00f3lnokszta\u0142c\u0105ce nr 1 w Poznaniu","description":"","publisher":{"@id":"https:\/\/spolecznajedynka.pl\/lo\/#organization"},"potentialAction":[{"@type":"SearchAction","target":{"@type":"EntryPoint","urlTemplate":"https:\/\/spolecznajedynka.pl\/lo\/?s={search_term_string}"},"query-input":{"@type":"PropertyValueSpecification","valueRequired":true,"valueName":"search_term_string"}}],"inLanguage":"pl-PL"},{"@type":"Organization","@id":"https:\/\/spolecznajedynka.pl\/lo\/#organization","name":"Spo\u0142eczne Liceum Og\u00f3lnokszta\u0142c\u0105ce nr 1 w Poznaniu","url":"https:\/\/spolecznajedynka.pl\/lo\/","logo":{"@type":"ImageObject","inLanguage":"pl-PL","@id":"https:\/\/spolecznajedynka.pl\/lo\/#\/schema\/logo\/image\/","url":"https:\/\/spolecznajedynka.pl\/lo\/wp-content\/uploads\/sites\/2\/2023\/08\/logo-lo.png","contentUrl":"https:\/\/spolecznajedynka.pl\/lo\/wp-content\/uploads\/sites\/2\/2023\/08\/logo-lo.png","width":651,"height":355,"caption":"Spo\u0142eczne Liceum Og\u00f3lnokszta\u0142c\u0105ce nr 1 w Poznaniu"},"image":{"@id":"https:\/\/spolecznajedynka.pl\/lo\/#\/schema\/logo\/image\/"},"sameAs":["https:\/\/www.facebook.com\/p\/Liceum-Spoeczna-Jedynka-Pozna-100082885224687","https:\/\/www.instagram.com\/spolecznajedynka\/","https:\/\/www.tiktok.com\/@lospoleczna1"]}]}},"_links":{"self":[{"href":"https:\/\/spolecznajedynka.pl\/lo\/wp-json\/wp\/v2\/pages\/353","targetHints":{"allow":["GET"]}}],"collection":[{"href":"https:\/\/spolecznajedynka.pl\/lo\/wp-json\/wp\/v2\/pages"}],"about":[{"href":"https:\/\/spolecznajedynka.pl\/lo\/wp-json\/wp\/v2\/types\/page"}],"author":[{"embeddable":true,"href":"https:\/\/spolecznajedynka.pl\/lo\/wp-json\/wp\/v2\/users\/2"}],"replies":[{"embeddable":true,"href":"https:\/\/spolecznajedynka.pl\/lo\/wp-json\/wp\/v2\/comments?post=353"}],"version-history":[{"count":5,"href":"https:\/\/spolecznajedynka.pl\/lo\/wp-json\/wp\/v2\/pages\/353\/revisions"}],"predecessor-version":[{"id":2266,"href":"https:\/\/spolecznajedynka.pl\/lo\/wp-json\/wp\/v2\/pages\/353\/revisions\/2266"}],"wp:attachment":[{"href":"https:\/\/spolecznajedynka.pl\/lo\/wp-json\/wp\/v2\/media?parent=353"}],"curies":[{"name":"wp","href":"https:\/\/api.w.org\/{rel}","templated":true}]}}