{"id":210,"date":"2023-09-27T22:26:21","date_gmt":"2023-09-27T20:26:21","guid":{"rendered":"https:\/\/zarzadzanie.smarthost.pl\/sp1\/lo\/?page_id=210"},"modified":"2025-09-05T14:02:11","modified_gmt":"2025-09-05T12:02:11","slug":"dokumenty","status":"publish","type":"page","link":"https:\/\/spolecznajedynka.pl\/lo\/dokumenty\/","title":{"rendered":"Dokumenty"},"content":{"rendered":"<section class=\"kc-elm kc-css-517254 kc_row\"><div class=\"kc-row-container  kc-container\"><div class=\"kc-wrap-columns\"><div class=\"kc-elm kc-css-566704 kc_col-sm-3 kc_column kc_col-sm-3\"><div class=\"kc-col-container\"><\/div><\/div><div class=\"kc-elm kc-css-371822 kc_col-sm-5 kc_column kc_col-sm-5\"><div class=\"kc-col-container\">\n<div class=\"kc-elm kc-css-729246 kc-title-wrap \">\n\n\t<h3 class=\"kc_title\">Statut<\/h3>\n<\/div>\n<div class=\"kc-elm kc-css-87387\" style=\"height: 20px; clear: both; width:100%;\"><\/div>\n<div class=\"kc-elm kc-css-293035\">\n\t<a class=\"kc_button btn-download\" href=\"https:\/\/docs.google.com\/document\/d\/1pipWueUULZO5WKfAZy5RDojs_LUCn-pFZygq2rimqPw\/edit#\" target=\"_blank\" title=\"\" onclick=\"\">\n\t\tStatut\t<\/a>\n<\/div>\n<div class=\"kc-elm kc-css-595937\" style=\"height: 20px; clear: both; width:100%;\"><\/div>\n<div class=\"kc-elm kc-css-827329 kc-title-wrap \">\n\n\t<h3 class=\"kc_title\">Regulamin liceum<\/h3>\n<\/div>\n<div class=\"kc-elm kc-css-482200\" style=\"height: 20px; clear: both; width:100%;\"><\/div>\n<div class=\"kc-elm kc-css-340694\">\n\t<a class=\"kc_button btn-download\" href=\"https:\/\/docs.google.com\/document\/d\/1z2eBc26XnPvmNgv4bnfp77lcqSjZ_bDj\/edit\" target=\"_blank\" title=\"\" onclick=\"\">\n\t\tRegulamin\t<\/a>\n<\/div>\n<div class=\"kc-elm kc-css-768150\" style=\"height: 20px; clear: both; width:100%;\"><\/div>\n<div class=\"kc-elm kc-css-263208 kc-title-wrap \">\n\n\t<h3 class=\"kc_title\">Regulaminy<\/h3>\n<\/div>\n<div class=\"kc-elm kc-css-953658\" style=\"height: 20px; clear: both; width:100%;\"><\/div>\n<div class=\"kc-elm kc-css-418146\">\n\t<a class=\"kc_button btn-download\" href=\"https:\/\/docs.google.com\/document\/d\/1Xxc-QuCKGbf9w0qq6IpzYyMC5NvFgOyGMmWfYjOS2Wk\/edit\" target=\"_blank\" title=\"\" onclick=\"\">\n\t\tRegulamin op\u0142at i przyznawania ulg \t<\/a>\n<\/div>\n<div class=\"kc-elm kc-css-803539\" style=\"height: 20px; clear: both; width:100%;\"><\/div>\n<div class=\"kc-elm kc-css-315186\">\n\t<a class=\"kc_button btn-download\" href=\"https:\/\/docs.google.com\/document\/d\/1W6TSovF-C8jqdz6jmKFNz_-QCFSrZGXtX6VqlZBZiN0\/edit?usp=sharing\" target=\"_blank\" title=\"\" onclick=\"\">\n\t\tSzkolny System Oceniania\t<\/a>\n<\/div>\n<div class=\"kc-elm kc-css-716196\" style=\"height: 20px; clear: both; width:100%;\"><\/div>\n<div class=\"kc-elm kc-css-64283\">\n\t<a class=\"kc_button btn-download\" href=\"https:\/\/drive.google.com\/file\/d\/12mC88Z60QjIaWczU7Dc-lj1wNb2kGH4n\/view?usp=sharing\" target=\"_blank\" title=\"\" onclick=\"\">\n\t\tKryteria oceny zachowania\t<\/a>\n<\/div>\n<div class=\"kc-elm kc-css-468729\" style=\"height: 20px; clear: both; width:100%;\"><\/div>\n<div class=\"kc-elm kc-css-105854\">\n\t<a class=\"kc_button btn-download\" href=\"https:\/\/drive.google.com\/file\/d\/1DAZJYAQQojEsu4_ejBHBH3wmK19TTQqJ\/view?usp=sharing\" target=\"_blank\" title=\"\" onclick=\"\">\n\t\tRegulamin op\u0142at i przyznawania ulg\t<\/a>\n<\/div>\n<div class=\"kc-elm kc-css-689728\" style=\"height: 20px; clear: both; width:100%;\"><\/div>\n<div class=\"kc-elm kc-css-853963\">\n\t<a class=\"kc_button btn-download\" href=\"https:\/\/docs.google.com\/document\/d\/1kb4YUpzCrWQr5EMw9d3Lucuru0HxzJAMwT0_pf6115M\/edit?usp=sharing\" target=\"_blank\" title=\"\" onclick=\"\">\n\t\tPolityka ochrony dzieci i m\u0142odzie\u017cy (standardy ochrony ma\u0142oletnich)\t<\/a>\n<\/div>\n<div class=\"kc-elm kc-css-982264\" style=\"height: 20px; clear: both; width:100%;\"><\/div>\n<div class=\"kc-elm kc-css-272530\">\n\t<a class=\"kc_button btn-download\" href=\"https:\/\/drive.google.com\/file\/d\/1uNBH88LDvt9dBjSPMvM7RIqOlaU2N0Fl\/view?usp=sharing\" target=\"_blank\" title=\"\" onclick=\"\">\n\t\tRegulamin zmiany rozszerze\u0144 przedmiotowych\t<\/a>\n<\/div>\n<div class=\"kc-elm kc-css-26544\" style=\"height: 20px; clear: both; width:100%;\"><\/div>\n<div class=\"kc-elm kc-css-261972\">\n\t<a class=\"kc_button btn-download\" href=\"https:\/\/spolecznajedynka.pl\/images\/pdf\/170915_procedury_zwolnien_z_wf.pdf\" target=\"_blank\" title=\"\" onclick=\"\">\n\t\tProcedury uzyskiwania d\u0142u\u017cszych zwolnie\u0144 z zaj\u0119\u0107 wychowania fizycznego \t<\/a>\n<\/div>\n<div class=\"kc-elm kc-css-926449\" style=\"height: 20px; clear: both; width:100%;\"><\/div>\n<div class=\"kc-elm kc-css-630684 kc-title-wrap \">\n\n\t<h3 class=\"kc_title\">iPad<\/h3>\n<\/div>\n<div class=\"kc-elm kc-css-792198\" style=\"height: 20px; clear: both; width:100%;\"><\/div>\n<div class=\"kc-elm kc-css-565667\">\n\t<a class=\"kc_button btn-download\" href=\"https:\/\/docs.google.com\/document\/d\/1Pqg0DrTtHVr1QYoxbShzhgIz8gn5q0RL3rVEMDv7KA4\/edit#heading=h.w2zcpj2lryq1\" target=\"_blank\" title=\"\" onclick=\"\">\n\t\tRegulamin korzystania z iPada\t<\/a>\n<\/div>\n\n<div class=\"kc-elm kc-css-567321\">\n\t<a class=\"kc_button btn-download\" href=\"https:\/\/drive.google.com\/file\/d\/16BpDXgf-Ri5VO6Zx6xeEX7SM86mj0Alo\/view?usp=drive_link\" target=\"_blank\" title=\"\" onclick=\"\">\n\t\tiPad - karta produktu\t<\/a>\n<\/div>\n\n<div class=\"kc-elm kc-css-22739\">\n\t<a class=\"kc_button btn-download\" href=\"https:\/\/drive.google.com\/file\/d\/1lnRif7XgHkSYg94slveWI18Hu21k3P7d\/view?usp=sharing\" target=\"_blank\" title=\"\" onclick=\"\">\n\t\tiPad - og\u00f3lne warunki ubezpieczenia\t<\/a>\n<\/div>\n<\/div><\/div><div class=\"kc-elm kc-css-820877 kc_col-sm-3 kc_column kc_col-sm-3\"><div class=\"kc-col-container\"><\/div><\/div><\/div><\/div><\/section>\n","protected":false},"excerpt":{"rendered":"","protected":false},"author":2,"featured_media":0,"parent":0,"menu_order":0,"comment_status":"closed","ping_status":"closed","template":"","meta":{"_acf_changed":false,"footnotes":""},"class_list":["post-210","page","type-page","status-publish","hentry"],"acf":[],"yoast_head":"<!-- This site is optimized with the Yoast SEO plugin v27.5 - https:\/\/yoast.com\/product\/yoast-seo-wordpress\/ -->\n<title>Dokumenty - Spo\u0142eczne Liceum Og\u00f3lnokszta\u0142c\u0105ce nr 1 w Poznaniu<\/title>\n<meta name=\"robots\" content=\"index, follow, max-snippet:-1, max-image-preview:large, max-video-preview:-1\" \/>\n<link rel=\"canonical\" href=\"https:\/\/spolecznajedynka.pl\/lo\/dokumenty\/\" \/>\n<meta property=\"og:locale\" content=\"pl_PL\" \/>\n<meta property=\"og:type\" content=\"article\" \/>\n<meta property=\"og:title\" content=\"Dokumenty - Spo\u0142eczne Liceum Og\u00f3lnokszta\u0142c\u0105ce nr 1 w Poznaniu\" \/>\n<meta property=\"og:description\" content=\"Statut Statut Regulamin liceum Regulamin Regulaminy Regulamin op\u0142at i przyznawania ulg Szkolny System Oceniania Kryteria oceny zachowania Regulamin op\u0142at i...\" \/>\n<meta property=\"og:url\" content=\"https:\/\/spolecznajedynka.pl\/lo\/dokumenty\/\" \/>\n<meta property=\"og:site_name\" content=\"Spo\u0142eczne Liceum Og\u00f3lnokszta\u0142c\u0105ce nr 1 w Poznaniu\" \/>\n<meta property=\"article:publisher\" content=\"https:\/\/www.facebook.com\/p\/Liceum-Spoeczna-Jedynka-Pozna-100082885224687\" \/>\n<meta property=\"article:modified_time\" content=\"2025-09-05T12:02:11+00:00\" \/>\n<meta name=\"twitter:card\" content=\"summary_large_image\" \/>\n<meta name=\"twitter:label1\" content=\"Szacowany czas czytania\" \/>\n\t<meta name=\"twitter:data1\" content=\"1 minuta\" \/>\n<script type=\"application\/ld+json\" class=\"yoast-schema-graph\">{\"@context\":\"https:\\\/\\\/schema.org\",\"@graph\":[{\"@type\":\"WebPage\",\"@id\":\"https:\\\/\\\/spolecznajedynka.pl\\\/lo\\\/dokumenty\\\/\",\"url\":\"https:\\\/\\\/spolecznajedynka.pl\\\/lo\\\/dokumenty\\\/\",\"name\":\"Dokumenty - Spo\u0142eczne Liceum Og\u00f3lnokszta\u0142c\u0105ce nr 1 w Poznaniu\",\"isPartOf\":{\"@id\":\"https:\\\/\\\/spolecznajedynka.pl\\\/lo\\\/#website\"},\"datePublished\":\"2023-09-27T20:26:21+00:00\",\"dateModified\":\"2025-09-05T12:02:11+00:00\",\"breadcrumb\":{\"@id\":\"https:\\\/\\\/spolecznajedynka.pl\\\/lo\\\/dokumenty\\\/#breadcrumb\"},\"inLanguage\":\"pl-PL\",\"potentialAction\":[{\"@type\":\"ReadAction\",\"target\":[\"https:\\\/\\\/spolecznajedynka.pl\\\/lo\\\/dokumenty\\\/\"]}]},{\"@type\":\"BreadcrumbList\",\"@id\":\"https:\\\/\\\/spolecznajedynka.pl\\\/lo\\\/dokumenty\\\/#breadcrumb\",\"itemListElement\":[{\"@type\":\"ListItem\",\"position\":1,\"name\":\"Strona g\u0142\u00f3wna\",\"item\":\"https:\\\/\\\/spolecznajedynka.pl\\\/lo\\\/\"},{\"@type\":\"ListItem\",\"position\":2,\"name\":\"Dokumenty\"}]},{\"@type\":\"WebSite\",\"@id\":\"https:\\\/\\\/spolecznajedynka.pl\\\/lo\\\/#website\",\"url\":\"https:\\\/\\\/spolecznajedynka.pl\\\/lo\\\/\",\"name\":\"Spo\u0142eczne Liceum Og\u00f3lnokszta\u0142c\u0105ce nr 1 w Poznaniu\",\"description\":\"\",\"publisher\":{\"@id\":\"https:\\\/\\\/spolecznajedynka.pl\\\/lo\\\/#organization\"},\"potentialAction\":[{\"@type\":\"SearchAction\",\"target\":{\"@type\":\"EntryPoint\",\"urlTemplate\":\"https:\\\/\\\/spolecznajedynka.pl\\\/lo\\\/?s={search_term_string}\"},\"query-input\":{\"@type\":\"PropertyValueSpecification\",\"valueRequired\":true,\"valueName\":\"search_term_string\"}}],\"inLanguage\":\"pl-PL\"},{\"@type\":\"Organization\",\"@id\":\"https:\\\/\\\/spolecznajedynka.pl\\\/lo\\\/#organization\",\"name\":\"Spo\u0142eczne Liceum Og\u00f3lnokszta\u0142c\u0105ce nr 1 w Poznaniu\",\"url\":\"https:\\\/\\\/spolecznajedynka.pl\\\/lo\\\/\",\"logo\":{\"@type\":\"ImageObject\",\"inLanguage\":\"pl-PL\",\"@id\":\"https:\\\/\\\/spolecznajedynka.pl\\\/lo\\\/#\\\/schema\\\/logo\\\/image\\\/\",\"url\":\"https:\\\/\\\/spolecznajedynka.pl\\\/lo\\\/wp-content\\\/uploads\\\/sites\\\/2\\\/2023\\\/08\\\/logo-lo.png\",\"contentUrl\":\"https:\\\/\\\/spolecznajedynka.pl\\\/lo\\\/wp-content\\\/uploads\\\/sites\\\/2\\\/2023\\\/08\\\/logo-lo.png\",\"width\":651,\"height\":355,\"caption\":\"Spo\u0142eczne Liceum Og\u00f3lnokszta\u0142c\u0105ce nr 1 w Poznaniu\"},\"image\":{\"@id\":\"https:\\\/\\\/spolecznajedynka.pl\\\/lo\\\/#\\\/schema\\\/logo\\\/image\\\/\"},\"sameAs\":[\"https:\\\/\\\/www.facebook.com\\\/p\\\/Liceum-Spoeczna-Jedynka-Pozna-100082885224687\",\"https:\\\/\\\/www.instagram.com\\\/spolecznajedynka\\\/\",\"https:\\\/\\\/www.tiktok.com\\\/@lospoleczna1\"]}]}<\/script>\n<!-- \/ Yoast SEO plugin. -->","yoast_head_json":{"title":"Dokumenty - Spo\u0142eczne Liceum Og\u00f3lnokszta\u0142c\u0105ce nr 1 w Poznaniu","robots":{"index":"index","follow":"follow","max-snippet":"max-snippet:-1","max-image-preview":"max-image-preview:large","max-video-preview":"max-video-preview:-1"},"canonical":"https:\/\/spolecznajedynka.pl\/lo\/dokumenty\/","og_locale":"pl_PL","og_type":"article","og_title":"Dokumenty - Spo\u0142eczne Liceum Og\u00f3lnokszta\u0142c\u0105ce nr 1 w Poznaniu","og_description":"Statut Statut Regulamin liceum Regulamin Regulaminy Regulamin op\u0142at i przyznawania ulg Szkolny System Oceniania Kryteria oceny zachowania Regulamin op\u0142at i...","og_url":"https:\/\/spolecznajedynka.pl\/lo\/dokumenty\/","og_site_name":"Spo\u0142eczne Liceum Og\u00f3lnokszta\u0142c\u0105ce nr 1 w Poznaniu","article_publisher":"https:\/\/www.facebook.com\/p\/Liceum-Spoeczna-Jedynka-Pozna-100082885224687","article_modified_time":"2025-09-05T12:02:11+00:00","twitter_card":"summary_large_image","twitter_misc":{"Szacowany czas czytania":"1 minuta"},"schema":{"@context":"https:\/\/schema.org","@graph":[{"@type":"WebPage","@id":"https:\/\/spolecznajedynka.pl\/lo\/dokumenty\/","url":"https:\/\/spolecznajedynka.pl\/lo\/dokumenty\/","name":"Dokumenty - Spo\u0142eczne Liceum Og\u00f3lnokszta\u0142c\u0105ce nr 1 w Poznaniu","isPartOf":{"@id":"https:\/\/spolecznajedynka.pl\/lo\/#website"},"datePublished":"2023-09-27T20:26:21+00:00","dateModified":"2025-09-05T12:02:11+00:00","breadcrumb":{"@id":"https:\/\/spolecznajedynka.pl\/lo\/dokumenty\/#breadcrumb"},"inLanguage":"pl-PL","potentialAction":[{"@type":"ReadAction","target":["https:\/\/spolecznajedynka.pl\/lo\/dokumenty\/"]}]},{"@type":"BreadcrumbList","@id":"https:\/\/spolecznajedynka.pl\/lo\/dokumenty\/#breadcrumb","itemListElement":[{"@type":"ListItem","position":1,"name":"Strona g\u0142\u00f3wna","item":"https:\/\/spolecznajedynka.pl\/lo\/"},{"@type":"ListItem","position":2,"name":"Dokumenty"}]},{"@type":"WebSite","@id":"https:\/\/spolecznajedynka.pl\/lo\/#website","url":"https:\/\/spolecznajedynka.pl\/lo\/","name":"Spo\u0142eczne Liceum Og\u00f3lnokszta\u0142c\u0105ce nr 1 w Poznaniu","description":"","publisher":{"@id":"https:\/\/spolecznajedynka.pl\/lo\/#organization"},"potentialAction":[{"@type":"SearchAction","target":{"@type":"EntryPoint","urlTemplate":"https:\/\/spolecznajedynka.pl\/lo\/?s={search_term_string}"},"query-input":{"@type":"PropertyValueSpecification","valueRequired":true,"valueName":"search_term_string"}}],"inLanguage":"pl-PL"},{"@type":"Organization","@id":"https:\/\/spolecznajedynka.pl\/lo\/#organization","name":"Spo\u0142eczne Liceum Og\u00f3lnokszta\u0142c\u0105ce nr 1 w Poznaniu","url":"https:\/\/spolecznajedynka.pl\/lo\/","logo":{"@type":"ImageObject","inLanguage":"pl-PL","@id":"https:\/\/spolecznajedynka.pl\/lo\/#\/schema\/logo\/image\/","url":"https:\/\/spolecznajedynka.pl\/lo\/wp-content\/uploads\/sites\/2\/2023\/08\/logo-lo.png","contentUrl":"https:\/\/spolecznajedynka.pl\/lo\/wp-content\/uploads\/sites\/2\/2023\/08\/logo-lo.png","width":651,"height":355,"caption":"Spo\u0142eczne Liceum Og\u00f3lnokszta\u0142c\u0105ce nr 1 w Poznaniu"},"image":{"@id":"https:\/\/spolecznajedynka.pl\/lo\/#\/schema\/logo\/image\/"},"sameAs":["https:\/\/www.facebook.com\/p\/Liceum-Spoeczna-Jedynka-Pozna-100082885224687","https:\/\/www.instagram.com\/spolecznajedynka\/","https:\/\/www.tiktok.com\/@lospoleczna1"]}]}},"_links":{"self":[{"href":"https:\/\/spolecznajedynka.pl\/lo\/wp-json\/wp\/v2\/pages\/210","targetHints":{"allow":["GET"]}}],"collection":[{"href":"https:\/\/spolecznajedynka.pl\/lo\/wp-json\/wp\/v2\/pages"}],"about":[{"href":"https:\/\/spolecznajedynka.pl\/lo\/wp-json\/wp\/v2\/types\/page"}],"author":[{"embeddable":true,"href":"https:\/\/spolecznajedynka.pl\/lo\/wp-json\/wp\/v2\/users\/2"}],"replies":[{"embeddable":true,"href":"https:\/\/spolecznajedynka.pl\/lo\/wp-json\/wp\/v2\/comments?post=210"}],"version-history":[{"count":5,"href":"https:\/\/spolecznajedynka.pl\/lo\/wp-json\/wp\/v2\/pages\/210\/revisions"}],"predecessor-version":[{"id":1760,"href":"https:\/\/spolecznajedynka.pl\/lo\/wp-json\/wp\/v2\/pages\/210\/revisions\/1760"}],"wp:attachment":[{"href":"https:\/\/spolecznajedynka.pl\/lo\/wp-json\/wp\/v2\/media?parent=210"}],"curies":[{"name":"wp","href":"https:\/\/api.w.org\/{rel}","templated":true}]}}