{"id":162,"date":"2023-09-25T09:20:00","date_gmt":"2023-09-25T07:20:00","guid":{"rendered":"https:\/\/zarzadzanie.smarthost.pl\/sp1\/lo\/?page_id=162"},"modified":"2023-09-25T09:20:00","modified_gmt":"2023-09-25T07:20:00","slug":"jezyki-obce-w-liceum","status":"publish","type":"page","link":"https:\/\/spolecznajedynka.pl\/lo\/jezyki-obce-w-liceum\/","title":{"rendered":"J\u0119zyki obce w liceum"},"content":{"rendered":"<p><section class=\"kc-elm kc_row\"><div class=\"kc-row-container  kc-container\"><div class=\"kc-wrap-columns\"><div class=\"kc-elm kc_column kc_col-sm-12\"><div class=\"kc-col-container\"><div class=\"kc-elm kc_text_block\"><\/p>\n<h2 class=\\\"articleHeader\\\"><strong>Stopnie znajomo\u015bci j\u0119zyk\u00f3w<\/strong><\/h2>\n<p>Wysoki poziom znajomo\u015bci j\u0119zyk\u00f3w obcych we wsp\u00f3\u0142czesnej przestrzeni kulturowej i\u00a0ekonomicznej stanowi niezb\u0119dny atut w\u00a0r\u0119kach os\u00f3b powa\u017cnie my\u015bl\u0105cych o\u00a0swojej przysz\u0142o\u015bci. Sprawna komunikacja zw\u0142aszcza w\u00a0j\u0119zyku angielskim jest niezb\u0119dnym narz\u0119dziem pracy w\u00a0wielu zawodach. U\u0142atwia tak\u017ce dost\u0119p do specjalistycznych materia\u0142\u00f3w oraz znalezienie zatrudnienia za granic\u0105. Wiele profesji opartych jest przede wszystkim o\u00a0znajomo\u015b\u0107 j\u0119zyka obcego.<\/p>\n<p>Warto skupi\u0107 si\u0119 na tak istotnej kwestii i\u00a0nieustannie poszerza\u0107 swoje kompetencje lingwistyczne. Wychodzimy naprzeciw potrzebom naszych uczni\u00f3w. Dlatego du\u017cy nacisk k\u0142adziemy na j\u0119zyki obce w\u00a0liceum. U\u0142atwiamy tym samym podj\u0119cie dalszej edukacji oraz drog\u0119 do sukces\u00f3w zawodowych w\u00a0doros\u0142ym \u017cyciu.<\/p>\n<p>\n<\/div><div class=\"kc-elm\" style=\"height: 20px; clear: both; width:100%;\"><\/div><div class=\"kc-elm kc_shortcode kc_single_image\">\n\n        <img decoding=\"async\" src=\"https:\/\/spolecznajedynka.pl\/lo\/wp-content\/plugins\/kingcomposer\/assets\/images\/get_start.jpg\" class=\"kc_image_empty\" alt=\"\" \/>    <\/div>\n<\/div><\/div><\/div><\/div><\/section><section class=\"kc-elm kc_row\"><div class=\"kc-row-container  kc-container\"><div class=\"kc-wrap-columns\"><div class=\"kc-elm kc_column kc_col-sm-12\"><div class=\"kc-col-container\"><div class=\"kc-elm kc_text_block\"><\/p>\n<h2><strong>J\u0119zyki obce w\u00a0liceum &#8211; nasza oferta<\/strong><\/h2>\n<p>Na pocz\u0105tku edukacji ucze\u0144 Spo\u0142ecznego Liceum Og\u00f3lnokszta\u0142c\u0105cym nr 1 im. \u015bw. Urszuli Led\u00f3chowskiej w\u00a0Poznaniu Spo\u0142ecznego Towarzystwa O\u015bwiatowego przyst\u0119puje do testu poziomuj\u0105cego. Wykonujemy go w\u00a0celu przydzielenia adepta do jednej z\u00a0trzech grup podzielonych ze wzgl\u0119du na kategorie j\u0119zykowe. Nasz rozbudowany program nauczania j\u0119zyka stawia przede wszystkim na praktyk\u0119: konwersacje, dodatkowe kursy oraz mi\u0119dzynarodowe projekty. W\u00a0ten spos\u00f3b uczniowie zdobywaj\u0105 niezb\u0119dne do\u015bwiadczenie w\u00a0realnej komunikacji. Osi\u0105gaj\u0105 kolejne poziomy j\u0119zykowe, realizuj\u0105c zadania wymagaj\u0105ce aktywnego korzystania ze zdobytych umiej\u0119tno\u015bci.<\/p>\n<p>Obok j\u0119zyka angielskiego w\u00a0naszej szkole obowi\u0105zkowe s\u0105 zaj\u0119cia z\u00a0drugiego j\u0119zyka obcego: niemieckiego, francuskiego lub hiszpa\u0144skiego. Ka\u017cdy z\u00a0tych przedmiot\u00f3w realizowany jest w\u00a0trybie podstawowym lub zaawansowanym.<\/p>\n<p>J\u0119zyki obce w\u00a0liceum s\u0105 dla nas \u201eoczkiem w\u00a0g\u0142owie\u201d. Zaufaj naszemu do\u015bwiadczeniu, kompetencjom i\u00a0wiedzy dydaktycznej. Nauka w\u00a0naszej szkole gwarantuje \u015bwiadomy i\u00a0pewny start w\u00a0doros\u0142o\u015b\u0107. Skontaktuj si\u0119 z\u00a0nami, by pozna\u0107 szczeg\u00f3\u0142y naszej oferty edukacyjnej. Z\u00a0ch\u0119ci\u0105 odpowiemy na wszystkie pytania.<\/p>\n<p>\n<\/div><div class=\"kc-elm\" style=\"height: 20px; clear: both; width:100%;\"><\/div><div class=\"kc-elm kc_shortcode kc_single_image\">\n\n        <img decoding=\"async\" src=\"https:\/\/spolecznajedynka.pl\/lo\/wp-content\/plugins\/kingcomposer\/assets\/images\/get_start.jpg\" class=\"kc_image_empty\" alt=\"\" \/>    <\/div>\n<\/div><\/div><\/div><\/div><\/section><\/p>\n","protected":false},"excerpt":{"rendered":"","protected":false},"author":2,"featured_media":0,"parent":0,"menu_order":0,"comment_status":"closed","ping_status":"closed","template":"","meta":{"_acf_changed":false,"footnotes":""},"class_list":["post-162","page","type-page","status-publish","hentry"],"acf":[],"yoast_head":"<!-- This site is optimized with the Yoast SEO plugin v27.5 - https:\/\/yoast.com\/product\/yoast-seo-wordpress\/ -->\n<title>J\u0119zyki obce w liceum - Spo\u0142eczne Liceum Og\u00f3lnokszta\u0142c\u0105ce nr 1 w Poznaniu<\/title>\n<meta name=\"robots\" content=\"index, follow, max-snippet:-1, max-image-preview:large, max-video-preview:-1\" \/>\n<link rel=\"canonical\" href=\"https:\/\/spolecznajedynka.pl\/lo\/jezyki-obce-w-liceum\/\" \/>\n<meta property=\"og:locale\" content=\"pl_PL\" \/>\n<meta property=\"og:type\" content=\"article\" \/>\n<meta property=\"og:title\" content=\"J\u0119zyki obce w liceum - Spo\u0142eczne Liceum Og\u00f3lnokszta\u0142c\u0105ce nr 1 w Poznaniu\" \/>\n<meta property=\"og:description\" content=\"Stopnie znajomo\u015bci j\u0119zyk\u00f3w Wysoki poziom znajomo\u015bci j\u0119zyk\u00f3w obcych we wsp\u00f3\u0142czesnej przestrzeni kulturowej i\u00a0ekonomicznej stanowi niezb\u0119dny atut w\u00a0r\u0119kach os\u00f3b powa\u017cnie my\u015bl\u0105cych...\" \/>\n<meta property=\"og:url\" content=\"https:\/\/spolecznajedynka.pl\/lo\/jezyki-obce-w-liceum\/\" \/>\n<meta property=\"og:site_name\" content=\"Spo\u0142eczne Liceum Og\u00f3lnokszta\u0142c\u0105ce nr 1 w Poznaniu\" \/>\n<meta property=\"article:publisher\" content=\"https:\/\/www.facebook.com\/p\/Liceum-Spoeczna-Jedynka-Pozna-100082885224687\" \/>\n<meta property=\"og:image\" content=\"https:\/\/lh5.googleusercontent.com\/AX4h-G5Dx-bCjefXccq5OX5_VM7MvsZMfhELrDspXT5rnD1aOyxRD3u8lj9Pq59rdAwBIQqeSl-RGWGZmwPI-JwHKvwJTzV1PzUbS2aeTINFMmTuKsyTkpAcIT5MwEPKZDDMXgtWQ1lC6T-OcFY\" \/>\n<meta name=\"twitter:card\" content=\"summary_large_image\" \/>\n<meta name=\"twitter:label1\" content=\"Szacowany czas czytania\" \/>\n\t<meta name=\"twitter:data1\" content=\"2 minuty\" \/>\n<script type=\"application\/ld+json\" class=\"yoast-schema-graph\">{\"@context\":\"https:\\\/\\\/schema.org\",\"@graph\":[{\"@type\":\"WebPage\",\"@id\":\"https:\\\/\\\/spolecznajedynka.pl\\\/lo\\\/jezyki-obce-w-liceum\\\/\",\"url\":\"https:\\\/\\\/spolecznajedynka.pl\\\/lo\\\/jezyki-obce-w-liceum\\\/\",\"name\":\"J\u0119zyki obce w liceum - Spo\u0142eczne Liceum Og\u00f3lnokszta\u0142c\u0105ce nr 1 w Poznaniu\",\"isPartOf\":{\"@id\":\"https:\\\/\\\/spolecznajedynka.pl\\\/lo\\\/#website\"},\"primaryImageOfPage\":{\"@id\":\"https:\\\/\\\/spolecznajedynka.pl\\\/lo\\\/jezyki-obce-w-liceum\\\/#primaryimage\"},\"image\":{\"@id\":\"https:\\\/\\\/spolecznajedynka.pl\\\/lo\\\/jezyki-obce-w-liceum\\\/#primaryimage\"},\"thumbnailUrl\":\"https:\\\/\\\/spolecznajedynka.pl\\\/lo\\\/wp-content\\\/plugins\\\/kingcomposer\\\/assets\\\/images\\\/get_start.jpg\",\"datePublished\":\"2023-09-25T07:20:00+00:00\",\"breadcrumb\":{\"@id\":\"https:\\\/\\\/spolecznajedynka.pl\\\/lo\\\/jezyki-obce-w-liceum\\\/#breadcrumb\"},\"inLanguage\":\"pl-PL\",\"potentialAction\":[{\"@type\":\"ReadAction\",\"target\":[\"https:\\\/\\\/spolecznajedynka.pl\\\/lo\\\/jezyki-obce-w-liceum\\\/\"]}]},{\"@type\":\"ImageObject\",\"inLanguage\":\"pl-PL\",\"@id\":\"https:\\\/\\\/spolecznajedynka.pl\\\/lo\\\/jezyki-obce-w-liceum\\\/#primaryimage\",\"url\":\"https:\\\/\\\/spolecznajedynka.pl\\\/lo\\\/wp-content\\\/plugins\\\/kingcomposer\\\/assets\\\/images\\\/get_start.jpg\",\"contentUrl\":\"https:\\\/\\\/spolecznajedynka.pl\\\/lo\\\/wp-content\\\/plugins\\\/kingcomposer\\\/assets\\\/images\\\/get_start.jpg\"},{\"@type\":\"BreadcrumbList\",\"@id\":\"https:\\\/\\\/spolecznajedynka.pl\\\/lo\\\/jezyki-obce-w-liceum\\\/#breadcrumb\",\"itemListElement\":[{\"@type\":\"ListItem\",\"position\":1,\"name\":\"Strona g\u0142\u00f3wna\",\"item\":\"https:\\\/\\\/spolecznajedynka.pl\\\/lo\\\/\"},{\"@type\":\"ListItem\",\"position\":2,\"name\":\"J\u0119zyki obce w liceum\"}]},{\"@type\":\"WebSite\",\"@id\":\"https:\\\/\\\/spolecznajedynka.pl\\\/lo\\\/#website\",\"url\":\"https:\\\/\\\/spolecznajedynka.pl\\\/lo\\\/\",\"name\":\"Spo\u0142eczne Liceum Og\u00f3lnokszta\u0142c\u0105ce nr 1 w Poznaniu\",\"description\":\"\",\"publisher\":{\"@id\":\"https:\\\/\\\/spolecznajedynka.pl\\\/lo\\\/#organization\"},\"potentialAction\":[{\"@type\":\"SearchAction\",\"target\":{\"@type\":\"EntryPoint\",\"urlTemplate\":\"https:\\\/\\\/spolecznajedynka.pl\\\/lo\\\/?s={search_term_string}\"},\"query-input\":{\"@type\":\"PropertyValueSpecification\",\"valueRequired\":true,\"valueName\":\"search_term_string\"}}],\"inLanguage\":\"pl-PL\"},{\"@type\":\"Organization\",\"@id\":\"https:\\\/\\\/spolecznajedynka.pl\\\/lo\\\/#organization\",\"name\":\"Spo\u0142eczne Liceum Og\u00f3lnokszta\u0142c\u0105ce nr 1 w Poznaniu\",\"url\":\"https:\\\/\\\/spolecznajedynka.pl\\\/lo\\\/\",\"logo\":{\"@type\":\"ImageObject\",\"inLanguage\":\"pl-PL\",\"@id\":\"https:\\\/\\\/spolecznajedynka.pl\\\/lo\\\/#\\\/schema\\\/logo\\\/image\\\/\",\"url\":\"https:\\\/\\\/spolecznajedynka.pl\\\/lo\\\/wp-content\\\/uploads\\\/sites\\\/2\\\/2023\\\/08\\\/logo-lo.png\",\"contentUrl\":\"https:\\\/\\\/spolecznajedynka.pl\\\/lo\\\/wp-content\\\/uploads\\\/sites\\\/2\\\/2023\\\/08\\\/logo-lo.png\",\"width\":651,\"height\":355,\"caption\":\"Spo\u0142eczne Liceum Og\u00f3lnokszta\u0142c\u0105ce nr 1 w Poznaniu\"},\"image\":{\"@id\":\"https:\\\/\\\/spolecznajedynka.pl\\\/lo\\\/#\\\/schema\\\/logo\\\/image\\\/\"},\"sameAs\":[\"https:\\\/\\\/www.facebook.com\\\/p\\\/Liceum-Spoeczna-Jedynka-Pozna-100082885224687\",\"https:\\\/\\\/www.instagram.com\\\/spolecznajedynka\\\/\",\"https:\\\/\\\/www.tiktok.com\\\/@lospoleczna1\"]}]}<\/script>\n<!-- \/ Yoast SEO plugin. -->","yoast_head_json":{"title":"J\u0119zyki obce w liceum - Spo\u0142eczne Liceum Og\u00f3lnokszta\u0142c\u0105ce nr 1 w Poznaniu","robots":{"index":"index","follow":"follow","max-snippet":"max-snippet:-1","max-image-preview":"max-image-preview:large","max-video-preview":"max-video-preview:-1"},"canonical":"https:\/\/spolecznajedynka.pl\/lo\/jezyki-obce-w-liceum\/","og_locale":"pl_PL","og_type":"article","og_title":"J\u0119zyki obce w liceum - Spo\u0142eczne Liceum Og\u00f3lnokszta\u0142c\u0105ce nr 1 w Poznaniu","og_description":"Stopnie znajomo\u015bci j\u0119zyk\u00f3w Wysoki poziom znajomo\u015bci j\u0119zyk\u00f3w obcych we wsp\u00f3\u0142czesnej przestrzeni kulturowej i\u00a0ekonomicznej stanowi niezb\u0119dny atut w\u00a0r\u0119kach os\u00f3b powa\u017cnie my\u015bl\u0105cych...","og_url":"https:\/\/spolecznajedynka.pl\/lo\/jezyki-obce-w-liceum\/","og_site_name":"Spo\u0142eczne Liceum Og\u00f3lnokszta\u0142c\u0105ce nr 1 w Poznaniu","article_publisher":"https:\/\/www.facebook.com\/p\/Liceum-Spoeczna-Jedynka-Pozna-100082885224687","og_image":[{"url":"https:\/\/lh5.googleusercontent.com\/AX4h-G5Dx-bCjefXccq5OX5_VM7MvsZMfhELrDspXT5rnD1aOyxRD3u8lj9Pq59rdAwBIQqeSl-RGWGZmwPI-JwHKvwJTzV1PzUbS2aeTINFMmTuKsyTkpAcIT5MwEPKZDDMXgtWQ1lC6T-OcFY","type":"","width":"","height":""}],"twitter_card":"summary_large_image","twitter_misc":{"Szacowany czas czytania":"2 minuty"},"schema":{"@context":"https:\/\/schema.org","@graph":[{"@type":"WebPage","@id":"https:\/\/spolecznajedynka.pl\/lo\/jezyki-obce-w-liceum\/","url":"https:\/\/spolecznajedynka.pl\/lo\/jezyki-obce-w-liceum\/","name":"J\u0119zyki obce w liceum - Spo\u0142eczne Liceum Og\u00f3lnokszta\u0142c\u0105ce nr 1 w Poznaniu","isPartOf":{"@id":"https:\/\/spolecznajedynka.pl\/lo\/#website"},"primaryImageOfPage":{"@id":"https:\/\/spolecznajedynka.pl\/lo\/jezyki-obce-w-liceum\/#primaryimage"},"image":{"@id":"https:\/\/spolecznajedynka.pl\/lo\/jezyki-obce-w-liceum\/#primaryimage"},"thumbnailUrl":"https:\/\/spolecznajedynka.pl\/lo\/wp-content\/plugins\/kingcomposer\/assets\/images\/get_start.jpg","datePublished":"2023-09-25T07:20:00+00:00","breadcrumb":{"@id":"https:\/\/spolecznajedynka.pl\/lo\/jezyki-obce-w-liceum\/#breadcrumb"},"inLanguage":"pl-PL","potentialAction":[{"@type":"ReadAction","target":["https:\/\/spolecznajedynka.pl\/lo\/jezyki-obce-w-liceum\/"]}]},{"@type":"ImageObject","inLanguage":"pl-PL","@id":"https:\/\/spolecznajedynka.pl\/lo\/jezyki-obce-w-liceum\/#primaryimage","url":"https:\/\/spolecznajedynka.pl\/lo\/wp-content\/plugins\/kingcomposer\/assets\/images\/get_start.jpg","contentUrl":"https:\/\/spolecznajedynka.pl\/lo\/wp-content\/plugins\/kingcomposer\/assets\/images\/get_start.jpg"},{"@type":"BreadcrumbList","@id":"https:\/\/spolecznajedynka.pl\/lo\/jezyki-obce-w-liceum\/#breadcrumb","itemListElement":[{"@type":"ListItem","position":1,"name":"Strona g\u0142\u00f3wna","item":"https:\/\/spolecznajedynka.pl\/lo\/"},{"@type":"ListItem","position":2,"name":"J\u0119zyki obce w liceum"}]},{"@type":"WebSite","@id":"https:\/\/spolecznajedynka.pl\/lo\/#website","url":"https:\/\/spolecznajedynka.pl\/lo\/","name":"Spo\u0142eczne Liceum Og\u00f3lnokszta\u0142c\u0105ce nr 1 w Poznaniu","description":"","publisher":{"@id":"https:\/\/spolecznajedynka.pl\/lo\/#organization"},"potentialAction":[{"@type":"SearchAction","target":{"@type":"EntryPoint","urlTemplate":"https:\/\/spolecznajedynka.pl\/lo\/?s={search_term_string}"},"query-input":{"@type":"PropertyValueSpecification","valueRequired":true,"valueName":"search_term_string"}}],"inLanguage":"pl-PL"},{"@type":"Organization","@id":"https:\/\/spolecznajedynka.pl\/lo\/#organization","name":"Spo\u0142eczne Liceum Og\u00f3lnokszta\u0142c\u0105ce nr 1 w Poznaniu","url":"https:\/\/spolecznajedynka.pl\/lo\/","logo":{"@type":"ImageObject","inLanguage":"pl-PL","@id":"https:\/\/spolecznajedynka.pl\/lo\/#\/schema\/logo\/image\/","url":"https:\/\/spolecznajedynka.pl\/lo\/wp-content\/uploads\/sites\/2\/2023\/08\/logo-lo.png","contentUrl":"https:\/\/spolecznajedynka.pl\/lo\/wp-content\/uploads\/sites\/2\/2023\/08\/logo-lo.png","width":651,"height":355,"caption":"Spo\u0142eczne Liceum Og\u00f3lnokszta\u0142c\u0105ce nr 1 w Poznaniu"},"image":{"@id":"https:\/\/spolecznajedynka.pl\/lo\/#\/schema\/logo\/image\/"},"sameAs":["https:\/\/www.facebook.com\/p\/Liceum-Spoeczna-Jedynka-Pozna-100082885224687","https:\/\/www.instagram.com\/spolecznajedynka\/","https:\/\/www.tiktok.com\/@lospoleczna1"]}]}},"_links":{"self":[{"href":"https:\/\/spolecznajedynka.pl\/lo\/wp-json\/wp\/v2\/pages\/162","targetHints":{"allow":["GET"]}}],"collection":[{"href":"https:\/\/spolecznajedynka.pl\/lo\/wp-json\/wp\/v2\/pages"}],"about":[{"href":"https:\/\/spolecznajedynka.pl\/lo\/wp-json\/wp\/v2\/types\/page"}],"author":[{"embeddable":true,"href":"https:\/\/spolecznajedynka.pl\/lo\/wp-json\/wp\/v2\/users\/2"}],"replies":[{"embeddable":true,"href":"https:\/\/spolecznajedynka.pl\/lo\/wp-json\/wp\/v2\/comments?post=162"}],"version-history":[{"count":2,"href":"https:\/\/spolecznajedynka.pl\/lo\/wp-json\/wp\/v2\/pages\/162\/revisions"}],"predecessor-version":[{"id":364,"href":"https:\/\/spolecznajedynka.pl\/lo\/wp-json\/wp\/v2\/pages\/162\/revisions\/364"}],"wp:attachment":[{"href":"https:\/\/spolecznajedynka.pl\/lo\/wp-json\/wp\/v2\/media?parent=162"}],"curies":[{"name":"wp","href":"https:\/\/api.w.org\/{rel}","templated":true}]}}