{"id":159,"date":"2023-09-25T09:19:24","date_gmt":"2023-09-25T07:19:24","guid":{"rendered":"https:\/\/zarzadzanie.smarthost.pl\/sp1\/lo\/?page_id=159"},"modified":"2023-09-27T22:40:40","modified_gmt":"2023-09-27T20:40:40","slug":"przedmioty-rozszerzone-w-liceum","status":"publish","type":"page","link":"https:\/\/spolecznajedynka.pl\/lo\/przedmioty-rozszerzone-w-liceum\/","title":{"rendered":"Przedmioty rozszerzone w liceum"},"content":{"rendered":"<p><span style=\"background-color: inherit;\">Przedmioty rozszerzone w\u00a0liceum cz\u0119sto determinuj\u0105 dalsz\u0105 \u015bcie\u017ck\u0119 kariery, z\u00a0kt\u00f3r\u0105 uczniowie wi\u0105\u017c\u0105 si\u0119 ju\u017c na ca\u0142e \u017cycie. Ich w\u0142a\u015bciwy wyb\u00f3r jest wa\u017cn\u0105 i\u00a0istotn\u0105 kwesti\u0105. Nie nale\u017cy pozostawia\u0107 jej przypadkowi ani sugerowa\u0107 si\u0119 decyzjami podejmowane przez znajomych. Wyb\u00f3r rozszerze\u0144 w\u00a0liceum warto gruntownie przemy\u015ble\u0107.<\/span><\/p>\n<p>Profile determinuj\u0105 przedmioty, na kt\u00f3re po\u0142o\u017cony b\u0119dzie najwi\u0119kszy nacisk podczas przygotowa\u0144 do egzamin\u00f3w maturalnych. Ich wyniki zadecyduj\u0105 o\u00a0mo\u017cliwo\u015bci podj\u0119cia nauki na wybranej uczelni wy\u017cszej, co ma niebagatelny wp\u0142yw na ca\u0142e przysz\u0142e \u017cycie. Zatroszcz si\u0119 o\u00a0nie ju\u017c dzi\u015b i\u00a0postaw na edukacj\u0119 w\u00a0Spo\u0142ecznym Liceum Og\u00f3lnokszta\u0142c\u0105cym nr 1 im. \u015bw. Urszuli Led\u00f3chowskiej w\u00a0Poznaniu Spo\u0142ecznego Towarzystwa O\u015bwiatowego.<\/p>\n<h2 class=\"articleHeader\"><strong>Liceum w\u00a0Poznaniu &#8211; profile<\/strong><\/h2>\n<p>Ka\u017cdemu z\u00a0naszych uczni\u00f3w oferujemy indywidualny wyb\u00f3r przedmiot\u00f3w na poziomie rozszerzonym. Na pocz\u0105tku adepci decyduj\u0105 o\u00a0poziomie, na jakim realizowana b\u0119dzie nauka matematyki.<\/p>\n<p>Je\u015bli wi\u0105\u017cesz swoj\u0105 przysz\u0142o\u015b\u0107 z\u00a0edukacj\u0105 opart\u0105 na \u015bcis\u0142ych dyscyplinach, wybierz profil z\u00a0rozszerzon\u0105 matematyk\u0105. Drugim przedmiotem wiod\u0105cym mo\u017ce by\u0107 w\u00f3wczas fizyka, informatyka, geografia, chemia lub historia. Uczniowie zainteresowani podstawowym poziomem matematyki maj\u0105 do wyboru klasy z\u00a0rozszerzonymi: j\u0119zykiem polskim i\u00a0histori\u0105, biologi\u0105 i\u00a0chemi\u0105, geografi\u0105 i\u00a0wiedz\u0105 o\u00a0spo\u0142ecze\u0144stwie.<\/p>\n<p>Dzi\u0119ki takiemu podzia\u0142owi nasi podopieczni mog\u0105 rozwija\u0107 swoje zainteresowania i\u00a0talenty, skutecznie przygotowuj\u0105c si\u0119 do zdania matury i\u00a0udzia\u0142u w\u00a0rekrutacjach uczelni wy\u017cszych.<\/p>\n<p>&nbsp;<\/p>\n<p>&nbsp;<\/p>\n<p><img loading=\"lazy\" decoding=\"async\" src=\"https:\/\/lh6.googleusercontent.com\/QGtGS8zF8g99EH4HHe76mW3fkXIgyykwCI2ixNVl5W3kg57wusY3xrfD_FXIyLdi8lHdFk2m-YHy07E25ozCzkNUCiTGDMNnO4PMoVMAaxNzOj8k2PrvD7z163GbvtXpPzc7RjaBWy-4OOEshok\" alt=\"Przedmioty rozszerzone w\u00a0liceum\" width=\"584\" height=\"229\" \/><\/p>\n<p><img loading=\"lazy\" decoding=\"async\" src=\"https:\/\/lh5.googleusercontent.com\/rCZYG4TelLkPmttErjLO1HYxLBvKmXOfd-Hm4EyS5wwUjgppCL-gory6SvqOGMV5lIFPZQQXUqp3xY8Pb9W9_JOxqi7E_xjEzJoMIY4Y59-PD7F_3CfXvZXyC7mkmmDSBgWfhN-jFijcN2o3puM\" alt=\"Przedmioty rozszerzone w\u00a0liceum\" width=\"584\" height=\"230\" \/><\/p>\n<h2 class=\"articleHeader\"><strong>Jak wybra\u0107 dobrze rozszerzenia w\u00a0liceum?<\/strong><\/h2>\n<p>By dobrze wybra\u0107 profil liceum w\u00a0Poznaniu, przyjrzyj si\u0119 swojej dotychczasowej edukacji. Ka\u017cdy z\u00a0uczni\u00f3w wykazuje predyspozycje w\u00a0konkretnych dziedzinach i\u00a0cz\u0119sto dalsze ich rozwijanie jest dobrym pomys\u0142em. Podejmuj\u0105c decyzj\u0119, we\u017a pod uwag\u0119 r\u00f3wnie\u017c kierunek, jaki planujesz studiowa\u0107 na uczelni wy\u017cszej oraz zaw\u00f3d, kt\u00f3rego wykonywaniem zajmiesz si\u0119 w\u00a0niedalekiej przysz\u0142o\u015bci. Skontaktuj si\u0119 z\u00a0nami, a\u00a0udzielimy Ci konsultacji, kt\u00f3ra pomo\u017ce Ci pozytywnie przej\u015b\u0107 przez proces rekrutacji i\u00a0wybra\u0107 przedmioty rozszerzone w\u00a0liceum.<\/p>\n","protected":false},"excerpt":{"rendered":"<p>Przedmioty rozszerzone w\u00a0liceum cz\u0119sto determinuj\u0105 dalsz\u0105 \u015bcie\u017ck\u0119 kariery, z\u00a0kt\u00f3r\u0105 uczniowie wi\u0105\u017c\u0105 si\u0119 ju\u017c na ca\u0142e \u017cycie. Ich w\u0142a\u015bciwy wyb\u00f3r jest&#8230;<\/p>\n","protected":false},"author":2,"featured_media":0,"parent":0,"menu_order":0,"comment_status":"closed","ping_status":"closed","template":"","meta":{"_acf_changed":false,"footnotes":""},"class_list":["post-159","page","type-page","status-publish","hentry"],"acf":[],"yoast_head":"<!-- This site is optimized with the Yoast SEO plugin v27.4 - https:\/\/yoast.com\/product\/yoast-seo-wordpress\/ -->\n<title>Przedmioty rozszerzone w liceum - Spo\u0142eczne Liceum Og\u00f3lnokszta\u0142c\u0105ce nr 1 w Poznaniu<\/title>\n<meta name=\"robots\" content=\"index, follow, max-snippet:-1, max-image-preview:large, max-video-preview:-1\" \/>\n<link rel=\"canonical\" href=\"https:\/\/spolecznajedynka.pl\/lo\/przedmioty-rozszerzone-w-liceum\/\" \/>\n<meta property=\"og:locale\" content=\"pl_PL\" \/>\n<meta property=\"og:type\" content=\"article\" \/>\n<meta property=\"og:title\" content=\"Przedmioty rozszerzone w liceum - Spo\u0142eczne Liceum Og\u00f3lnokszta\u0142c\u0105ce nr 1 w Poznaniu\" \/>\n<meta property=\"og:description\" content=\"Przedmioty rozszerzone w\u00a0liceum cz\u0119sto determinuj\u0105 dalsz\u0105 \u015bcie\u017ck\u0119 kariery, z\u00a0kt\u00f3r\u0105 uczniowie wi\u0105\u017c\u0105 si\u0119 ju\u017c na ca\u0142e \u017cycie. Ich w\u0142a\u015bciwy wyb\u00f3r jest...\" \/>\n<meta property=\"og:url\" content=\"https:\/\/spolecznajedynka.pl\/lo\/przedmioty-rozszerzone-w-liceum\/\" \/>\n<meta property=\"og:site_name\" content=\"Spo\u0142eczne Liceum Og\u00f3lnokszta\u0142c\u0105ce nr 1 w Poznaniu\" \/>\n<meta property=\"article:publisher\" content=\"https:\/\/www.facebook.com\/p\/Liceum-Spoeczna-Jedynka-Pozna-100082885224687\" \/>\n<meta property=\"article:modified_time\" content=\"2023-09-27T20:40:40+00:00\" \/>\n<meta property=\"og:image\" content=\"https:\/\/lh6.googleusercontent.com\/QGtGS8zF8g99EH4HHe76mW3fkXIgyykwCI2ixNVl5W3kg57wusY3xrfD_FXIyLdi8lHdFk2m-YHy07E25ozCzkNUCiTGDMNnO4PMoVMAaxNzOj8k2PrvD7z163GbvtXpPzc7RjaBWy-4OOEshok\" \/>\n<meta name=\"twitter:card\" content=\"summary_large_image\" \/>\n<meta name=\"twitter:label1\" content=\"Szacowany czas czytania\" \/>\n\t<meta name=\"twitter:data1\" content=\"3 minuty\" \/>\n<script type=\"application\/ld+json\" class=\"yoast-schema-graph\">{\"@context\":\"https:\\\/\\\/schema.org\",\"@graph\":[{\"@type\":\"WebPage\",\"@id\":\"https:\\\/\\\/spolecznajedynka.pl\\\/lo\\\/przedmioty-rozszerzone-w-liceum\\\/\",\"url\":\"https:\\\/\\\/spolecznajedynka.pl\\\/lo\\\/przedmioty-rozszerzone-w-liceum\\\/\",\"name\":\"Przedmioty rozszerzone w liceum - Spo\u0142eczne Liceum Og\u00f3lnokszta\u0142c\u0105ce nr 1 w Poznaniu\",\"isPartOf\":{\"@id\":\"https:\\\/\\\/spolecznajedynka.pl\\\/lo\\\/#website\"},\"primaryImageOfPage\":{\"@id\":\"https:\\\/\\\/spolecznajedynka.pl\\\/lo\\\/przedmioty-rozszerzone-w-liceum\\\/#primaryimage\"},\"image\":{\"@id\":\"https:\\\/\\\/spolecznajedynka.pl\\\/lo\\\/przedmioty-rozszerzone-w-liceum\\\/#primaryimage\"},\"thumbnailUrl\":\"https:\\\/\\\/lh6.googleusercontent.com\\\/QGtGS8zF8g99EH4HHe76mW3fkXIgyykwCI2ixNVl5W3kg57wusY3xrfD_FXIyLdi8lHdFk2m-YHy07E25ozCzkNUCiTGDMNnO4PMoVMAaxNzOj8k2PrvD7z163GbvtXpPzc7RjaBWy-4OOEshok\",\"datePublished\":\"2023-09-25T07:19:24+00:00\",\"dateModified\":\"2023-09-27T20:40:40+00:00\",\"breadcrumb\":{\"@id\":\"https:\\\/\\\/spolecznajedynka.pl\\\/lo\\\/przedmioty-rozszerzone-w-liceum\\\/#breadcrumb\"},\"inLanguage\":\"pl-PL\",\"potentialAction\":[{\"@type\":\"ReadAction\",\"target\":[\"https:\\\/\\\/spolecznajedynka.pl\\\/lo\\\/przedmioty-rozszerzone-w-liceum\\\/\"]}]},{\"@type\":\"ImageObject\",\"inLanguage\":\"pl-PL\",\"@id\":\"https:\\\/\\\/spolecznajedynka.pl\\\/lo\\\/przedmioty-rozszerzone-w-liceum\\\/#primaryimage\",\"url\":\"https:\\\/\\\/lh6.googleusercontent.com\\\/QGtGS8zF8g99EH4HHe76mW3fkXIgyykwCI2ixNVl5W3kg57wusY3xrfD_FXIyLdi8lHdFk2m-YHy07E25ozCzkNUCiTGDMNnO4PMoVMAaxNzOj8k2PrvD7z163GbvtXpPzc7RjaBWy-4OOEshok\",\"contentUrl\":\"https:\\\/\\\/lh6.googleusercontent.com\\\/QGtGS8zF8g99EH4HHe76mW3fkXIgyykwCI2ixNVl5W3kg57wusY3xrfD_FXIyLdi8lHdFk2m-YHy07E25ozCzkNUCiTGDMNnO4PMoVMAaxNzOj8k2PrvD7z163GbvtXpPzc7RjaBWy-4OOEshok\"},{\"@type\":\"BreadcrumbList\",\"@id\":\"https:\\\/\\\/spolecznajedynka.pl\\\/lo\\\/przedmioty-rozszerzone-w-liceum\\\/#breadcrumb\",\"itemListElement\":[{\"@type\":\"ListItem\",\"position\":1,\"name\":\"Strona g\u0142\u00f3wna\",\"item\":\"https:\\\/\\\/spolecznajedynka.pl\\\/lo\\\/\"},{\"@type\":\"ListItem\",\"position\":2,\"name\":\"Przedmioty rozszerzone w liceum\"}]},{\"@type\":\"WebSite\",\"@id\":\"https:\\\/\\\/spolecznajedynka.pl\\\/lo\\\/#website\",\"url\":\"https:\\\/\\\/spolecznajedynka.pl\\\/lo\\\/\",\"name\":\"Spo\u0142eczne Liceum Og\u00f3lnokszta\u0142c\u0105ce nr 1 w Poznaniu\",\"description\":\"\",\"publisher\":{\"@id\":\"https:\\\/\\\/spolecznajedynka.pl\\\/lo\\\/#organization\"},\"potentialAction\":[{\"@type\":\"SearchAction\",\"target\":{\"@type\":\"EntryPoint\",\"urlTemplate\":\"https:\\\/\\\/spolecznajedynka.pl\\\/lo\\\/?s={search_term_string}\"},\"query-input\":{\"@type\":\"PropertyValueSpecification\",\"valueRequired\":true,\"valueName\":\"search_term_string\"}}],\"inLanguage\":\"pl-PL\"},{\"@type\":\"Organization\",\"@id\":\"https:\\\/\\\/spolecznajedynka.pl\\\/lo\\\/#organization\",\"name\":\"Spo\u0142eczne Liceum Og\u00f3lnokszta\u0142c\u0105ce nr 1 w Poznaniu\",\"url\":\"https:\\\/\\\/spolecznajedynka.pl\\\/lo\\\/\",\"logo\":{\"@type\":\"ImageObject\",\"inLanguage\":\"pl-PL\",\"@id\":\"https:\\\/\\\/spolecznajedynka.pl\\\/lo\\\/#\\\/schema\\\/logo\\\/image\\\/\",\"url\":\"https:\\\/\\\/spolecznajedynka.pl\\\/lo\\\/wp-content\\\/uploads\\\/sites\\\/2\\\/2023\\\/08\\\/logo-lo.png\",\"contentUrl\":\"https:\\\/\\\/spolecznajedynka.pl\\\/lo\\\/wp-content\\\/uploads\\\/sites\\\/2\\\/2023\\\/08\\\/logo-lo.png\",\"width\":651,\"height\":355,\"caption\":\"Spo\u0142eczne Liceum Og\u00f3lnokszta\u0142c\u0105ce nr 1 w Poznaniu\"},\"image\":{\"@id\":\"https:\\\/\\\/spolecznajedynka.pl\\\/lo\\\/#\\\/schema\\\/logo\\\/image\\\/\"},\"sameAs\":[\"https:\\\/\\\/www.facebook.com\\\/p\\\/Liceum-Spoeczna-Jedynka-Pozna-100082885224687\",\"https:\\\/\\\/www.instagram.com\\\/spolecznajedynka\\\/\",\"https:\\\/\\\/www.tiktok.com\\\/@lospoleczna1\"]}]}<\/script>\n<!-- \/ Yoast SEO plugin. -->","yoast_head_json":{"title":"Przedmioty rozszerzone w liceum - Spo\u0142eczne Liceum Og\u00f3lnokszta\u0142c\u0105ce nr 1 w Poznaniu","robots":{"index":"index","follow":"follow","max-snippet":"max-snippet:-1","max-image-preview":"max-image-preview:large","max-video-preview":"max-video-preview:-1"},"canonical":"https:\/\/spolecznajedynka.pl\/lo\/przedmioty-rozszerzone-w-liceum\/","og_locale":"pl_PL","og_type":"article","og_title":"Przedmioty rozszerzone w liceum - Spo\u0142eczne Liceum Og\u00f3lnokszta\u0142c\u0105ce nr 1 w Poznaniu","og_description":"Przedmioty rozszerzone w\u00a0liceum cz\u0119sto determinuj\u0105 dalsz\u0105 \u015bcie\u017ck\u0119 kariery, z\u00a0kt\u00f3r\u0105 uczniowie wi\u0105\u017c\u0105 si\u0119 ju\u017c na ca\u0142e \u017cycie. Ich w\u0142a\u015bciwy wyb\u00f3r jest...","og_url":"https:\/\/spolecznajedynka.pl\/lo\/przedmioty-rozszerzone-w-liceum\/","og_site_name":"Spo\u0142eczne Liceum Og\u00f3lnokszta\u0142c\u0105ce nr 1 w Poznaniu","article_publisher":"https:\/\/www.facebook.com\/p\/Liceum-Spoeczna-Jedynka-Pozna-100082885224687","article_modified_time":"2023-09-27T20:40:40+00:00","og_image":[{"url":"https:\/\/lh6.googleusercontent.com\/QGtGS8zF8g99EH4HHe76mW3fkXIgyykwCI2ixNVl5W3kg57wusY3xrfD_FXIyLdi8lHdFk2m-YHy07E25ozCzkNUCiTGDMNnO4PMoVMAaxNzOj8k2PrvD7z163GbvtXpPzc7RjaBWy-4OOEshok","type":"","width":"","height":""}],"twitter_card":"summary_large_image","twitter_misc":{"Szacowany czas czytania":"3 minuty"},"schema":{"@context":"https:\/\/schema.org","@graph":[{"@type":"WebPage","@id":"https:\/\/spolecznajedynka.pl\/lo\/przedmioty-rozszerzone-w-liceum\/","url":"https:\/\/spolecznajedynka.pl\/lo\/przedmioty-rozszerzone-w-liceum\/","name":"Przedmioty rozszerzone w liceum - Spo\u0142eczne Liceum Og\u00f3lnokszta\u0142c\u0105ce nr 1 w Poznaniu","isPartOf":{"@id":"https:\/\/spolecznajedynka.pl\/lo\/#website"},"primaryImageOfPage":{"@id":"https:\/\/spolecznajedynka.pl\/lo\/przedmioty-rozszerzone-w-liceum\/#primaryimage"},"image":{"@id":"https:\/\/spolecznajedynka.pl\/lo\/przedmioty-rozszerzone-w-liceum\/#primaryimage"},"thumbnailUrl":"https:\/\/lh6.googleusercontent.com\/QGtGS8zF8g99EH4HHe76mW3fkXIgyykwCI2ixNVl5W3kg57wusY3xrfD_FXIyLdi8lHdFk2m-YHy07E25ozCzkNUCiTGDMNnO4PMoVMAaxNzOj8k2PrvD7z163GbvtXpPzc7RjaBWy-4OOEshok","datePublished":"2023-09-25T07:19:24+00:00","dateModified":"2023-09-27T20:40:40+00:00","breadcrumb":{"@id":"https:\/\/spolecznajedynka.pl\/lo\/przedmioty-rozszerzone-w-liceum\/#breadcrumb"},"inLanguage":"pl-PL","potentialAction":[{"@type":"ReadAction","target":["https:\/\/spolecznajedynka.pl\/lo\/przedmioty-rozszerzone-w-liceum\/"]}]},{"@type":"ImageObject","inLanguage":"pl-PL","@id":"https:\/\/spolecznajedynka.pl\/lo\/przedmioty-rozszerzone-w-liceum\/#primaryimage","url":"https:\/\/lh6.googleusercontent.com\/QGtGS8zF8g99EH4HHe76mW3fkXIgyykwCI2ixNVl5W3kg57wusY3xrfD_FXIyLdi8lHdFk2m-YHy07E25ozCzkNUCiTGDMNnO4PMoVMAaxNzOj8k2PrvD7z163GbvtXpPzc7RjaBWy-4OOEshok","contentUrl":"https:\/\/lh6.googleusercontent.com\/QGtGS8zF8g99EH4HHe76mW3fkXIgyykwCI2ixNVl5W3kg57wusY3xrfD_FXIyLdi8lHdFk2m-YHy07E25ozCzkNUCiTGDMNnO4PMoVMAaxNzOj8k2PrvD7z163GbvtXpPzc7RjaBWy-4OOEshok"},{"@type":"BreadcrumbList","@id":"https:\/\/spolecznajedynka.pl\/lo\/przedmioty-rozszerzone-w-liceum\/#breadcrumb","itemListElement":[{"@type":"ListItem","position":1,"name":"Strona g\u0142\u00f3wna","item":"https:\/\/spolecznajedynka.pl\/lo\/"},{"@type":"ListItem","position":2,"name":"Przedmioty rozszerzone w liceum"}]},{"@type":"WebSite","@id":"https:\/\/spolecznajedynka.pl\/lo\/#website","url":"https:\/\/spolecznajedynka.pl\/lo\/","name":"Spo\u0142eczne Liceum Og\u00f3lnokszta\u0142c\u0105ce nr 1 w Poznaniu","description":"","publisher":{"@id":"https:\/\/spolecznajedynka.pl\/lo\/#organization"},"potentialAction":[{"@type":"SearchAction","target":{"@type":"EntryPoint","urlTemplate":"https:\/\/spolecznajedynka.pl\/lo\/?s={search_term_string}"},"query-input":{"@type":"PropertyValueSpecification","valueRequired":true,"valueName":"search_term_string"}}],"inLanguage":"pl-PL"},{"@type":"Organization","@id":"https:\/\/spolecznajedynka.pl\/lo\/#organization","name":"Spo\u0142eczne Liceum Og\u00f3lnokszta\u0142c\u0105ce nr 1 w Poznaniu","url":"https:\/\/spolecznajedynka.pl\/lo\/","logo":{"@type":"ImageObject","inLanguage":"pl-PL","@id":"https:\/\/spolecznajedynka.pl\/lo\/#\/schema\/logo\/image\/","url":"https:\/\/spolecznajedynka.pl\/lo\/wp-content\/uploads\/sites\/2\/2023\/08\/logo-lo.png","contentUrl":"https:\/\/spolecznajedynka.pl\/lo\/wp-content\/uploads\/sites\/2\/2023\/08\/logo-lo.png","width":651,"height":355,"caption":"Spo\u0142eczne Liceum Og\u00f3lnokszta\u0142c\u0105ce nr 1 w Poznaniu"},"image":{"@id":"https:\/\/spolecznajedynka.pl\/lo\/#\/schema\/logo\/image\/"},"sameAs":["https:\/\/www.facebook.com\/p\/Liceum-Spoeczna-Jedynka-Pozna-100082885224687","https:\/\/www.instagram.com\/spolecznajedynka\/","https:\/\/www.tiktok.com\/@lospoleczna1"]}]}},"_links":{"self":[{"href":"https:\/\/spolecznajedynka.pl\/lo\/wp-json\/wp\/v2\/pages\/159","targetHints":{"allow":["GET"]}}],"collection":[{"href":"https:\/\/spolecznajedynka.pl\/lo\/wp-json\/wp\/v2\/pages"}],"about":[{"href":"https:\/\/spolecznajedynka.pl\/lo\/wp-json\/wp\/v2\/types\/page"}],"author":[{"embeddable":true,"href":"https:\/\/spolecznajedynka.pl\/lo\/wp-json\/wp\/v2\/users\/2"}],"replies":[{"embeddable":true,"href":"https:\/\/spolecznajedynka.pl\/lo\/wp-json\/wp\/v2\/comments?post=159"}],"version-history":[{"count":4,"href":"https:\/\/spolecznajedynka.pl\/lo\/wp-json\/wp\/v2\/pages\/159\/revisions"}],"predecessor-version":[{"id":216,"href":"https:\/\/spolecznajedynka.pl\/lo\/wp-json\/wp\/v2\/pages\/159\/revisions\/216"}],"wp:attachment":[{"href":"https:\/\/spolecznajedynka.pl\/lo\/wp-json\/wp\/v2\/media?parent=159"}],"curies":[{"name":"wp","href":"https:\/\/api.w.org\/{rel}","templated":true}]}}