{"id":155,"date":"2023-09-25T09:16:32","date_gmt":"2023-09-25T07:16:32","guid":{"rendered":"https:\/\/zarzadzanie.smarthost.pl\/sp1\/lo\/?page_id=155"},"modified":"2026-03-07T21:43:32","modified_gmt":"2026-03-07T20:43:32","slug":"co-nas-wyroznia","status":"publish","type":"page","link":"https:\/\/spolecznajedynka.pl\/lo\/co-nas-wyroznia\/","title":{"rendered":"Co nas wyr\u00f3\u017cnia"},"content":{"rendered":"<p><section class=\"kc-elm kc-css-697854 kc_row\"><div class=\"kc-row-container  kc-container\"><div class=\"kc-wrap-columns\"><div class=\"kc-elm kc-css-494868 kc_col-sm-12 kc_column kc_col-sm-12\"><div class=\"kc-col-container\"><div class=\"kc-elm kc-css-897223 kc_text_block\"><\/p>\n<h1>Sze\u015b\u0107 filar\u00f3w naszego Liceum<\/h1>\n<p>\n<\/div><div class=\"kc-elm kc-css-245374 kc_row kc_row_inner\"><div class=\"kc-elm kc-css-277489 kc_col-sm-2 kc_column_inner kc_col-sm-2\"><div class=\"kc_wrapper kc-col-inner-container\"><div class=\"kc-elm kc-css-731549 kc_text_block\"><\/p>\n<div style=\"width: 270px;\" class=\"wp-video\"><video class=\"wp-video-shortcode\" id=\"video-155-1\" width=\"270\" height=\"480\" preload=\"metadata\" controls=\"controls\"><source type=\"video\/mp4\" src=\"https:\/\/spolecznajedynka.pl\/lo\/wp-content\/uploads\/sites\/2\/2026\/03\/Szesc-filarow-Liceum-Spolecznej-Jedynki-3.mp4?_=1\" \/><a href=\"https:\/\/spolecznajedynka.pl\/lo\/wp-content\/uploads\/sites\/2\/2026\/03\/Szesc-filarow-Liceum-Spolecznej-Jedynki-3.mp4\">https:\/\/spolecznajedynka.pl\/lo\/wp-content\/uploads\/sites\/2\/2026\/03\/Szesc-filarow-Liceum-Spolecznej-Jedynki-3.mp4<\/a><\/video><\/div>\n<p>\n<\/div><\/div><\/div><div class=\"kc-elm kc-css-830930 kc_col-sm-2 kc_column_inner kc_col-sm-2\"><div class=\"kc_wrapper kc-col-inner-container\"><div class=\"kc-elm kc-css-167878 kc_text_block\"><\/p>\n<div style=\"width: 270px;\" class=\"wp-video\"><video class=\"wp-video-shortcode\" id=\"video-155-2\" width=\"270\" height=\"480\" preload=\"metadata\" controls=\"controls\"><source type=\"video\/mp4\" src=\"https:\/\/spolecznajedynka.pl\/lo\/wp-content\/uploads\/sites\/2\/2026\/03\/Filar-I-STEAM-1.mp4?_=2\" \/><a href=\"https:\/\/spolecznajedynka.pl\/lo\/wp-content\/uploads\/sites\/2\/2026\/03\/Filar-I-STEAM-1.mp4\">https:\/\/spolecznajedynka.pl\/lo\/wp-content\/uploads\/sites\/2\/2026\/03\/Filar-I-STEAM-1.mp4<\/a><\/video><\/div>\n<p>\n<\/div><\/div><\/div><div class=\"kc-elm kc-css-331929 kc_col-sm-2 kc_column_inner kc_col-sm-2\"><div class=\"kc_wrapper kc-col-inner-container\"><div class=\"kc-elm kc-css-199057 kc_text_block\"><\/p>\n<div style=\"width: 270px;\" class=\"wp-video\"><video class=\"wp-video-shortcode\" id=\"video-155-3\" width=\"270\" height=\"480\" preload=\"metadata\" controls=\"controls\"><source type=\"video\/mp4\" src=\"https:\/\/spolecznajedynka.pl\/lo\/wp-content\/uploads\/sites\/2\/2026\/03\/II-Filar-kompetencje-przyszlosci-1-1.mp4?_=3\" \/><a href=\"https:\/\/spolecznajedynka.pl\/lo\/wp-content\/uploads\/sites\/2\/2026\/03\/II-Filar-kompetencje-przyszlosci-1-1.mp4\">https:\/\/spolecznajedynka.pl\/lo\/wp-content\/uploads\/sites\/2\/2026\/03\/II-Filar-kompetencje-przyszlosci-1-1.mp4<\/a><\/video><\/div>\n<p>\n<\/div><\/div><\/div><div class=\"kc-elm kc-css-286902 kc_col-sm-2 kc_column_inner kc_col-sm-2\"><div class=\"kc_wrapper kc-col-inner-container\"><div class=\"kc-elm kc-css-427033 kc_text_block\"><\/p>\n<div style=\"width: 270px;\" class=\"wp-video\"><video class=\"wp-video-shortcode\" id=\"video-155-4\" width=\"270\" height=\"480\" preload=\"metadata\" controls=\"controls\"><source type=\"video\/mp4\" src=\"https:\/\/spolecznajedynka.pl\/lo\/wp-content\/uploads\/sites\/2\/2026\/03\/III-filar-angielski-jako-most-2.mp4?_=4\" \/><a href=\"https:\/\/spolecznajedynka.pl\/lo\/wp-content\/uploads\/sites\/2\/2026\/03\/III-filar-angielski-jako-most-2.mp4\">https:\/\/spolecznajedynka.pl\/lo\/wp-content\/uploads\/sites\/2\/2026\/03\/III-filar-angielski-jako-most-2.mp4<\/a><\/video><\/div>\n<p>\n<\/div><\/div><\/div><div class=\"kc-elm kc-css-328480 kc_col-sm-2 kc_column_inner kc_col-sm-2\"><div class=\"kc_wrapper kc-col-inner-container\"><div class=\"kc-elm kc-css-32772 kc_text_block\"><\/p>\n<p>\n<\/div><\/div><\/div><div class=\"kc-elm kc-css-800623 kc_col-sm-2 kc_column_inner kc_col-sm-2\"><div class=\"kc_wrapper kc-col-inner-container\"><div class=\"kc-elm kc-css-323896 kc_text_block\"><\/p>\n<p>\n<\/div><\/div><\/div><\/div><div class=\"kc-elm kc-css-86850 kc_row kc_row_inner\"><div class=\"kc-elm kc-css-929152 kc_col-sm-2 kc_column_inner kc_col-sm-2\"><div class=\"kc_wrapper kc-col-inner-container\"><div class=\"kc-elm kc-css-950271 kc_text_block\"><\/p>\n<div style=\"width: 270px;\" class=\"wp-video\"><video class=\"wp-video-shortcode\" id=\"video-155-5\" width=\"270\" height=\"480\" preload=\"metadata\" controls=\"controls\"><source type=\"video\/mp4\" src=\"https:\/\/spolecznajedynka.pl\/lo\/wp-content\/uploads\/sites\/2\/2026\/03\/Projekt-bez-nazwy-20.mp4?_=5\" \/><a href=\"https:\/\/spolecznajedynka.pl\/lo\/wp-content\/uploads\/sites\/2\/2026\/03\/Projekt-bez-nazwy-20.mp4\">https:\/\/spolecznajedynka.pl\/lo\/wp-content\/uploads\/sites\/2\/2026\/03\/Projekt-bez-nazwy-20.mp4<\/a><\/video><\/div>\n<p>\n<\/div><\/div><\/div><div class=\"kc-elm kc-css-548778 kc_col-sm-2 kc_column_inner kc_col-sm-2\"><div class=\"kc_wrapper kc-col-inner-container\"><div class=\"kc-elm kc-css-973557 kc_text_block\"><\/p>\n<p>\n<\/div><\/div><\/div><div class=\"kc-elm kc-css-335705 kc_col-sm-2 kc_column_inner kc_col-sm-2\"><div class=\"kc_wrapper kc-col-inner-container\"><div class=\"kc-elm kc-css-761576 kc_text_block\"><\/p>\n<p>\n<\/div><\/div><\/div><div class=\"kc-elm kc-css-109895 kc_col-sm-2 kc_column_inner kc_col-sm-2\"><div class=\"kc_wrapper kc-col-inner-container\"><div class=\"kc-elm kc-css-413935 kc_text_block\"><\/p>\n<p>\n<\/div><\/div><\/div><div class=\"kc-elm kc-css-301482 kc_col-sm-2 kc_column_inner kc_col-sm-2\"><div class=\"kc_wrapper kc-col-inner-container\"><div class=\"kc-elm kc-css-317752 kc_text_block\"><\/p>\n<p>\n<\/div><\/div><\/div><div class=\"kc-elm kc-css-382767 kc_col-sm-2 kc_column_inner kc_col-sm-2\"><div class=\"kc_wrapper kc-col-inner-container\"><div class=\"kc-elm kc-css-701584 kc_text_block\"><\/p>\n<p>\n<\/div><\/div><\/div><\/div><\/div><\/div><\/div><\/div><\/section><section class=\"kc-elm kc-css-969188 kc_row\"><div class=\"kc-row-container  kc-container\"><div class=\"kc-wrap-columns\"><div class=\"kc-elm kc-css-556322 kc_col-sm-12 kc_column kc_col-sm-12\"><div class=\"kc-col-container\"><div class=\"kc-elm kc-css-72698 kc_text_block\"><\/p>\n<h1>Informator<\/h1>\n<p>\n<\/div><div class=\"kc-elm kc-css-878312\">\n\t<div class=\"kc-carousel_images kc-elm kc-css-878312\">\n\t\n\t\t<div class=\"kc-carousel-images owl-carousel-images kc-sync1 \" data-owl-i-options='{\"items\":\"3\",\"tablet\":\"2\",\"mobile\":\"1\",\"speed\":\"500\",\"navigation\":\"\",\"pagination\":\"yes\",\"autoheight\":\"\",\"progressbar\":\"\",\"delay\":\"8\",\"autoplay\":\"yes\",\"showthumb\":\"\",\"num_thumb\":\"5\"}'>\n\t\n\t\t\t\t\t<div class=\"item\">\n\t\n\t\t\t\t\t\t\t<img decoding=\"async\" src=\"https:\/\/spolecznajedynka.pl\/lo\/wp-content\/uploads\/sites\/2\/2026\/03\/Informator-Spolecznej-Jedynki-LIceum_nastr-1_pages-to-jpg-0001.jpg\"  alt=\"\"\/>\n\t\n\t\t\t\t\n\t\t\t<\/div>\n\t\n\t\t\t\t\t<div class=\"item\">\n\t\n\t\t\t\t\t\t\t<img decoding=\"async\" src=\"https:\/\/spolecznajedynka.pl\/lo\/wp-content\/uploads\/sites\/2\/2026\/03\/Informator-Spolecznej-Jedynki-LIceum_nastr-1_pages-to-jpg-0002.jpg\"  alt=\"\"\/>\n\t\n\t\t\t\t\n\t\t\t<\/div>\n\t\n\t\t\t\t\t<div class=\"item\">\n\t\n\t\t\t\t\t\t\t<img decoding=\"async\" src=\"https:\/\/spolecznajedynka.pl\/lo\/wp-content\/uploads\/sites\/2\/2026\/03\/Informator-Spolecznej-Jedynki-LIceum_nastr-1_pages-to-jpg-0003.jpg\"  alt=\"\"\/>\n\t\n\t\t\t\t\n\t\t\t<\/div>\n\t\n\t\t\t\t\t<div class=\"item\">\n\t\n\t\t\t\t\t\t\t<img decoding=\"async\" src=\"https:\/\/spolecznajedynka.pl\/lo\/wp-content\/uploads\/sites\/2\/2026\/03\/Informator-Spolecznej-Jedynki-LIceum_nastr-1_pages-to-jpg-0004.jpg\"  alt=\"\"\/>\n\t\n\t\t\t\t\n\t\t\t<\/div>\n\t\n\t\t\t\t\t<div class=\"item\">\n\t\n\t\t\t\t\t\t\t<img decoding=\"async\" src=\"https:\/\/spolecznajedynka.pl\/lo\/wp-content\/uploads\/sites\/2\/2026\/03\/Informator-Spolecznej-Jedynki-LIceum_nastr-1_pages-to-jpg-0005.jpg\"  alt=\"\"\/>\n\t\n\t\t\t\t\n\t\t\t<\/div>\n\t\n\t\t\t\t\t<div class=\"item\">\n\t\n\t\t\t\t\t\t\t<img decoding=\"async\" src=\"https:\/\/spolecznajedynka.pl\/lo\/wp-content\/uploads\/sites\/2\/2026\/03\/Informator-Spolecznej-Jedynki-LIceum_nastr-1_pages-to-jpg-0006.jpg\"  alt=\"\"\/>\n\t\n\t\t\t\t\n\t\t\t<\/div>\n\t\n\t\t\t\t\t<div class=\"item\">\n\t\n\t\t\t\t\t\t\t<img decoding=\"async\" src=\"https:\/\/spolecznajedynka.pl\/lo\/wp-content\/uploads\/sites\/2\/2026\/03\/Informator-Spolecznej-Jedynki-LIceum_nastr-1_pages-to-jpg-0007.jpg\"  alt=\"\"\/>\n\t\n\t\t\t\t\n\t\t\t<\/div>\n\t\n\t\t\t\t\t<div class=\"item\">\n\t\n\t\t\t\t\t\t\t<img decoding=\"async\" src=\"https:\/\/spolecznajedynka.pl\/lo\/wp-content\/uploads\/sites\/2\/2026\/03\/Informator-Spolecznej-Jedynki-LIceum_nastr-1_pages-to-jpg-0008.jpg\"  alt=\"\"\/>\n\t\n\t\t\t\t\n\t\t\t<\/div>\n\t\n\t\t\t\t\t<div class=\"item\">\n\t\n\t\t\t\t\t\t\t<img decoding=\"async\" src=\"https:\/\/spolecznajedynka.pl\/lo\/wp-content\/uploads\/sites\/2\/2026\/03\/Informator-Spolecznej-Jedynki-LIceum_nastr-1_pages-to-jpg-0009.jpg\"  alt=\"\"\/>\n\t\n\t\t\t\t\n\t\t\t<\/div>\n\t\n\t\t\t\t\t<div class=\"item\">\n\t\n\t\t\t\t\t\t\t<img decoding=\"async\" src=\"https:\/\/spolecznajedynka.pl\/lo\/wp-content\/uploads\/sites\/2\/2026\/03\/Informator-Spolecznej-Jedynki-LIceum_nastr-1_pages-to-jpg-0010.jpg\"  alt=\"\"\/>\n\t\n\t\t\t\t\n\t\t\t<\/div>\n\t\n\t\t\t\t\t<div class=\"item\">\n\t\n\t\t\t\t\t\t\t<img decoding=\"async\" src=\"https:\/\/spolecznajedynka.pl\/lo\/wp-content\/uploads\/sites\/2\/2026\/03\/Informator-Spolecznej-Jedynki-LIceum_nastr-1_pages-to-jpg-0011.jpg\"  alt=\"\"\/>\n\t\n\t\t\t\t\n\t\t\t<\/div>\n\t\n\t\t\t\t\t<div class=\"item\">\n\t\n\t\t\t\t\t\t\t<img decoding=\"async\" src=\"https:\/\/spolecznajedynka.pl\/lo\/wp-content\/uploads\/sites\/2\/2026\/03\/Informator-Spolecznej-Jedynki-LIceum_nastr-1_pages-to-jpg-0012.jpg\"  alt=\"\"\/>\n\t\n\t\t\t\t\n\t\t\t<\/div>\n\t\n\t\t\t\t\t<div class=\"item\">\n\t\n\t\t\t\t\t\t\t<img decoding=\"async\" src=\"https:\/\/spolecznajedynka.pl\/lo\/wp-content\/uploads\/sites\/2\/2026\/03\/Informator-Spolecznej-Jedynki-LIceum_nastr-1_pages-to-jpg-0013.jpg\"  alt=\"\"\/>\n\t\n\t\t\t\t\n\t\t\t<\/div>\n\t\n\t\t\t\t\t<div class=\"item\">\n\t\n\t\t\t\t\t\t\t<img decoding=\"async\" src=\"https:\/\/spolecznajedynka.pl\/lo\/wp-content\/uploads\/sites\/2\/2026\/03\/Informator-Spolecznej-Jedynki-LIceum_nastr-1_pages-to-jpg-0014.jpg\"  alt=\"\"\/>\n\t\n\t\t\t\t\n\t\t\t<\/div>\n\t\n\t\t\t\t\t<div class=\"item\">\n\t\n\t\t\t\t\t\t\t<img decoding=\"async\" src=\"https:\/\/spolecznajedynka.pl\/lo\/wp-content\/uploads\/sites\/2\/2026\/03\/Informator-Spolecznej-Jedynki-LIceum_nastr-1_pages-to-jpg-0015.jpg\"  alt=\"\"\/>\n\t\n\t\t\t\t\n\t\t\t<\/div>\n\t\n\t\t\t\t\t<div class=\"item\">\n\t\n\t\t\t\t\t\t\t<img decoding=\"async\" src=\"https:\/\/spolecznajedynka.pl\/lo\/wp-content\/uploads\/sites\/2\/2026\/03\/Informator-Spolecznej-Jedynki-LIceum_nastr-1_pages-to-jpg-0016.jpg\"  alt=\"\"\/>\n\t\n\t\t\t\t\n\t\t\t<\/div>\n\t\n\t\t\t\t\t<div class=\"item\">\n\t\n\t\t\t\t\t\t\t<img decoding=\"async\" src=\"https:\/\/spolecznajedynka.pl\/lo\/wp-content\/uploads\/sites\/2\/2026\/03\/Informator-Spolecznej-Jedynki-LIceum_nastr-1_pages-to-jpg-0017.jpg\"  alt=\"\"\/>\n\t\n\t\t\t\t\n\t\t\t<\/div>\n\t\n\t\t\t\t\t<div class=\"item\">\n\t\n\t\t\t\t\t\t\t<img decoding=\"async\" src=\"https:\/\/spolecznajedynka.pl\/lo\/wp-content\/uploads\/sites\/2\/2026\/03\/Informator-Spolecznej-Jedynki-LIceum_nastr-1_pages-to-jpg-0018.jpg\"  alt=\"\"\/>\n\t\n\t\t\t\t\n\t\t\t<\/div>\n\t\n\t\t\t\t\t<div class=\"item\">\n\t\n\t\t\t\t\t\t\t<img decoding=\"async\" src=\"https:\/\/spolecznajedynka.pl\/lo\/wp-content\/uploads\/sites\/2\/2026\/03\/Informator-Spolecznej-Jedynki-LIceum_nastr-1_pages-to-jpg-0019.jpg\"  alt=\"\"\/>\n\t\n\t\t\t\t\n\t\t\t<\/div>\n\t\n\t\t\t\t\t<div class=\"item\">\n\t\n\t\t\t\t\t\t\t<img decoding=\"async\" src=\"https:\/\/spolecznajedynka.pl\/lo\/wp-content\/uploads\/sites\/2\/2026\/03\/Informator-Spolecznej-Jedynki-LIceum_nastr-1_pages-to-jpg-0020.jpg\"  alt=\"\"\/>\n\t\n\t\t\t\t\n\t\t\t<\/div>\n\t\n\t\t\t\n\t\t<\/div>\n\t\n\t\t\t<\/div>\n<\/div>\n<div class=\"kc-elm kc-css-816255\" style=\"height: 20px; clear: both; width:100%;\"><\/div><div class=\"kc-elm kc-css-154538 kc_text_block\"><\/p>\n<h3>Pobierz nasz informator<\/h3>\n<p>\n<\/div><div class=\"kc-elm kc-css-222113 kc_text_block\"><\/p>\n<p><a href=\"https:\/\/drive.google.com\/file\/d\/1NGT4ijH0GohX_EKZGW5v950dBFHCnW_o\/view?usp=drive_link\">Informator Liceum Spo\u0142ecznej Jedynki &#8211; pobierz<\/a><\/p>\n<p>\n<\/div><div class=\"kc-elm kc-css-31462\" style=\"height: 20px; clear: both; width:100%;\"><\/div><\/div><\/div><\/div><\/div><\/section><\/p>\n","protected":false},"excerpt":{"rendered":"","protected":false},"author":2,"featured_media":0,"parent":0,"menu_order":0,"comment_status":"closed","ping_status":"closed","template":"","meta":{"_acf_changed":false,"footnotes":""},"class_list":["post-155","page","type-page","status-publish","hentry"],"acf":[],"yoast_head":"<!-- This site is optimized with the Yoast SEO plugin v27.5 - https:\/\/yoast.com\/product\/yoast-seo-wordpress\/ -->\n<title>Co nas wyr\u00f3\u017cnia - Spo\u0142eczne Liceum Og\u00f3lnokszta\u0142c\u0105ce nr 1 w Poznaniu<\/title>\n<meta name=\"robots\" content=\"index, follow, max-snippet:-1, max-image-preview:large, max-video-preview:-1\" \/>\n<link rel=\"canonical\" href=\"https:\/\/spolecznajedynka.pl\/lo\/co-nas-wyroznia\/\" \/>\n<meta property=\"og:locale\" content=\"pl_PL\" \/>\n<meta property=\"og:type\" content=\"article\" \/>\n<meta property=\"og:title\" content=\"Co nas wyr\u00f3\u017cnia - Spo\u0142eczne Liceum Og\u00f3lnokszta\u0142c\u0105ce nr 1 w Poznaniu\" \/>\n<meta property=\"og:description\" content=\"Sze\u015b\u0107 filar\u00f3w naszego Liceum https:\/\/spolecznajedynka.pl\/lo\/wp-content\/uploads\/sites\/2\/2026\/03\/Szesc-filarow-Liceum-Spolecznej-Jedynki-3.mp4 https:\/\/spolecznajedynka.pl\/lo\/wp-content\/uploads\/sites\/2\/2026\/03\/Filar-I-STEAM-1.mp4 https:\/\/spolecznajedynka.pl\/lo\/wp-content\/uploads\/sites\/2\/2026\/03\/II-Filar-kompetencje-przyszlosci-1-1.mp4 https:\/\/spolecznajedynka.pl\/lo\/wp-content\/uploads\/sites\/2\/2026\/03\/III-filar-angielski-jako-most-2.mp4 https:\/\/spolecznajedynka.pl\/lo\/wp-content\/uploads\/sites\/2\/2026\/03\/Projekt-bez-nazwy-20.mp4 Informator Pobierz nasz informator Informator Liceum Spo\u0142ecznej Jedynki &#8211; pobierz\" \/>\n<meta property=\"og:url\" content=\"https:\/\/spolecznajedynka.pl\/lo\/co-nas-wyroznia\/\" \/>\n<meta property=\"og:site_name\" content=\"Spo\u0142eczne Liceum Og\u00f3lnokszta\u0142c\u0105ce nr 1 w Poznaniu\" \/>\n<meta property=\"article:publisher\" content=\"https:\/\/www.facebook.com\/p\/Liceum-Spoeczna-Jedynka-Pozna-100082885224687\" \/>\n<meta property=\"article:modified_time\" content=\"2026-03-07T20:43:32+00:00\" \/>\n<meta property=\"og:image\" content=\"https:\/\/spolecznajedynka.pl\/lo\/wp-content\/uploads\/sites\/2\/2026\/03\/Informator-Spolecznej-Jedynki-LIceum_nastr-1_pages-to-jpg-0001.jpg\" \/>\n<meta name=\"twitter:card\" content=\"summary_large_image\" \/>\n<meta name=\"twitter:label1\" content=\"Szacowany czas czytania\" \/>\n\t<meta name=\"twitter:data1\" content=\"1 minuta\" \/>\n<script type=\"application\/ld+json\" class=\"yoast-schema-graph\">{\"@context\":\"https:\\\/\\\/schema.org\",\"@graph\":[{\"@type\":\"WebPage\",\"@id\":\"https:\\\/\\\/spolecznajedynka.pl\\\/lo\\\/co-nas-wyroznia\\\/\",\"url\":\"https:\\\/\\\/spolecznajedynka.pl\\\/lo\\\/co-nas-wyroznia\\\/\",\"name\":\"Co nas wyr\u00f3\u017cnia - Spo\u0142eczne Liceum Og\u00f3lnokszta\u0142c\u0105ce nr 1 w Poznaniu\",\"isPartOf\":{\"@id\":\"https:\\\/\\\/spolecznajedynka.pl\\\/lo\\\/#website\"},\"primaryImageOfPage\":{\"@id\":\"https:\\\/\\\/spolecznajedynka.pl\\\/lo\\\/co-nas-wyroznia\\\/#primaryimage\"},\"image\":{\"@id\":\"https:\\\/\\\/spolecznajedynka.pl\\\/lo\\\/co-nas-wyroznia\\\/#primaryimage\"},\"thumbnailUrl\":\"https:\\\/\\\/spolecznajedynka.pl\\\/lo\\\/wp-content\\\/uploads\\\/sites\\\/2\\\/2026\\\/03\\\/Informator-Spolecznej-Jedynki-LIceum_nastr-1_pages-to-jpg-0001.jpg\",\"datePublished\":\"2023-09-25T07:16:32+00:00\",\"dateModified\":\"2026-03-07T20:43:32+00:00\",\"breadcrumb\":{\"@id\":\"https:\\\/\\\/spolecznajedynka.pl\\\/lo\\\/co-nas-wyroznia\\\/#breadcrumb\"},\"inLanguage\":\"pl-PL\",\"potentialAction\":[{\"@type\":\"ReadAction\",\"target\":[\"https:\\\/\\\/spolecznajedynka.pl\\\/lo\\\/co-nas-wyroznia\\\/\"]}]},{\"@type\":\"ImageObject\",\"inLanguage\":\"pl-PL\",\"@id\":\"https:\\\/\\\/spolecznajedynka.pl\\\/lo\\\/co-nas-wyroznia\\\/#primaryimage\",\"url\":\"https:\\\/\\\/spolecznajedynka.pl\\\/lo\\\/wp-content\\\/uploads\\\/sites\\\/2\\\/2026\\\/03\\\/Informator-Spolecznej-Jedynki-LIceum_nastr-1_pages-to-jpg-0001.jpg\",\"contentUrl\":\"https:\\\/\\\/spolecznajedynka.pl\\\/lo\\\/wp-content\\\/uploads\\\/sites\\\/2\\\/2026\\\/03\\\/Informator-Spolecznej-Jedynki-LIceum_nastr-1_pages-to-jpg-0001.jpg\",\"width\":1241,\"height\":1241},{\"@type\":\"BreadcrumbList\",\"@id\":\"https:\\\/\\\/spolecznajedynka.pl\\\/lo\\\/co-nas-wyroznia\\\/#breadcrumb\",\"itemListElement\":[{\"@type\":\"ListItem\",\"position\":1,\"name\":\"Strona g\u0142\u00f3wna\",\"item\":\"https:\\\/\\\/spolecznajedynka.pl\\\/lo\\\/\"},{\"@type\":\"ListItem\",\"position\":2,\"name\":\"Co nas wyr\u00f3\u017cnia\"}]},{\"@type\":\"WebSite\",\"@id\":\"https:\\\/\\\/spolecznajedynka.pl\\\/lo\\\/#website\",\"url\":\"https:\\\/\\\/spolecznajedynka.pl\\\/lo\\\/\",\"name\":\"Spo\u0142eczne Liceum Og\u00f3lnokszta\u0142c\u0105ce nr 1 w Poznaniu\",\"description\":\"\",\"publisher\":{\"@id\":\"https:\\\/\\\/spolecznajedynka.pl\\\/lo\\\/#organization\"},\"potentialAction\":[{\"@type\":\"SearchAction\",\"target\":{\"@type\":\"EntryPoint\",\"urlTemplate\":\"https:\\\/\\\/spolecznajedynka.pl\\\/lo\\\/?s={search_term_string}\"},\"query-input\":{\"@type\":\"PropertyValueSpecification\",\"valueRequired\":true,\"valueName\":\"search_term_string\"}}],\"inLanguage\":\"pl-PL\"},{\"@type\":\"Organization\",\"@id\":\"https:\\\/\\\/spolecznajedynka.pl\\\/lo\\\/#organization\",\"name\":\"Spo\u0142eczne Liceum Og\u00f3lnokszta\u0142c\u0105ce nr 1 w Poznaniu\",\"url\":\"https:\\\/\\\/spolecznajedynka.pl\\\/lo\\\/\",\"logo\":{\"@type\":\"ImageObject\",\"inLanguage\":\"pl-PL\",\"@id\":\"https:\\\/\\\/spolecznajedynka.pl\\\/lo\\\/#\\\/schema\\\/logo\\\/image\\\/\",\"url\":\"https:\\\/\\\/spolecznajedynka.pl\\\/lo\\\/wp-content\\\/uploads\\\/sites\\\/2\\\/2023\\\/08\\\/logo-lo.png\",\"contentUrl\":\"https:\\\/\\\/spolecznajedynka.pl\\\/lo\\\/wp-content\\\/uploads\\\/sites\\\/2\\\/2023\\\/08\\\/logo-lo.png\",\"width\":651,\"height\":355,\"caption\":\"Spo\u0142eczne Liceum Og\u00f3lnokszta\u0142c\u0105ce nr 1 w Poznaniu\"},\"image\":{\"@id\":\"https:\\\/\\\/spolecznajedynka.pl\\\/lo\\\/#\\\/schema\\\/logo\\\/image\\\/\"},\"sameAs\":[\"https:\\\/\\\/www.facebook.com\\\/p\\\/Liceum-Spoeczna-Jedynka-Pozna-100082885224687\",\"https:\\\/\\\/www.instagram.com\\\/spolecznajedynka\\\/\",\"https:\\\/\\\/www.tiktok.com\\\/@lospoleczna1\"]}]}<\/script>\n<!-- \/ Yoast SEO plugin. -->","yoast_head_json":{"title":"Co nas wyr\u00f3\u017cnia - Spo\u0142eczne Liceum Og\u00f3lnokszta\u0142c\u0105ce nr 1 w Poznaniu","robots":{"index":"index","follow":"follow","max-snippet":"max-snippet:-1","max-image-preview":"max-image-preview:large","max-video-preview":"max-video-preview:-1"},"canonical":"https:\/\/spolecznajedynka.pl\/lo\/co-nas-wyroznia\/","og_locale":"pl_PL","og_type":"article","og_title":"Co nas wyr\u00f3\u017cnia - Spo\u0142eczne Liceum Og\u00f3lnokszta\u0142c\u0105ce nr 1 w Poznaniu","og_description":"Sze\u015b\u0107 filar\u00f3w naszego Liceum https:\/\/spolecznajedynka.pl\/lo\/wp-content\/uploads\/sites\/2\/2026\/03\/Szesc-filarow-Liceum-Spolecznej-Jedynki-3.mp4 https:\/\/spolecznajedynka.pl\/lo\/wp-content\/uploads\/sites\/2\/2026\/03\/Filar-I-STEAM-1.mp4 https:\/\/spolecznajedynka.pl\/lo\/wp-content\/uploads\/sites\/2\/2026\/03\/II-Filar-kompetencje-przyszlosci-1-1.mp4 https:\/\/spolecznajedynka.pl\/lo\/wp-content\/uploads\/sites\/2\/2026\/03\/III-filar-angielski-jako-most-2.mp4 https:\/\/spolecznajedynka.pl\/lo\/wp-content\/uploads\/sites\/2\/2026\/03\/Projekt-bez-nazwy-20.mp4 Informator Pobierz nasz informator Informator Liceum Spo\u0142ecznej Jedynki &#8211; pobierz","og_url":"https:\/\/spolecznajedynka.pl\/lo\/co-nas-wyroznia\/","og_site_name":"Spo\u0142eczne Liceum Og\u00f3lnokszta\u0142c\u0105ce nr 1 w Poznaniu","article_publisher":"https:\/\/www.facebook.com\/p\/Liceum-Spoeczna-Jedynka-Pozna-100082885224687","article_modified_time":"2026-03-07T20:43:32+00:00","og_image":[{"url":"https:\/\/spolecznajedynka.pl\/lo\/wp-content\/uploads\/sites\/2\/2026\/03\/Informator-Spolecznej-Jedynki-LIceum_nastr-1_pages-to-jpg-0001.jpg","type":"","width":"","height":""}],"twitter_card":"summary_large_image","twitter_misc":{"Szacowany czas czytania":"1 minuta"},"schema":{"@context":"https:\/\/schema.org","@graph":[{"@type":"WebPage","@id":"https:\/\/spolecznajedynka.pl\/lo\/co-nas-wyroznia\/","url":"https:\/\/spolecznajedynka.pl\/lo\/co-nas-wyroznia\/","name":"Co nas wyr\u00f3\u017cnia - Spo\u0142eczne Liceum Og\u00f3lnokszta\u0142c\u0105ce nr 1 w Poznaniu","isPartOf":{"@id":"https:\/\/spolecznajedynka.pl\/lo\/#website"},"primaryImageOfPage":{"@id":"https:\/\/spolecznajedynka.pl\/lo\/co-nas-wyroznia\/#primaryimage"},"image":{"@id":"https:\/\/spolecznajedynka.pl\/lo\/co-nas-wyroznia\/#primaryimage"},"thumbnailUrl":"https:\/\/spolecznajedynka.pl\/lo\/wp-content\/uploads\/sites\/2\/2026\/03\/Informator-Spolecznej-Jedynki-LIceum_nastr-1_pages-to-jpg-0001.jpg","datePublished":"2023-09-25T07:16:32+00:00","dateModified":"2026-03-07T20:43:32+00:00","breadcrumb":{"@id":"https:\/\/spolecznajedynka.pl\/lo\/co-nas-wyroznia\/#breadcrumb"},"inLanguage":"pl-PL","potentialAction":[{"@type":"ReadAction","target":["https:\/\/spolecznajedynka.pl\/lo\/co-nas-wyroznia\/"]}]},{"@type":"ImageObject","inLanguage":"pl-PL","@id":"https:\/\/spolecznajedynka.pl\/lo\/co-nas-wyroznia\/#primaryimage","url":"https:\/\/spolecznajedynka.pl\/lo\/wp-content\/uploads\/sites\/2\/2026\/03\/Informator-Spolecznej-Jedynki-LIceum_nastr-1_pages-to-jpg-0001.jpg","contentUrl":"https:\/\/spolecznajedynka.pl\/lo\/wp-content\/uploads\/sites\/2\/2026\/03\/Informator-Spolecznej-Jedynki-LIceum_nastr-1_pages-to-jpg-0001.jpg","width":1241,"height":1241},{"@type":"BreadcrumbList","@id":"https:\/\/spolecznajedynka.pl\/lo\/co-nas-wyroznia\/#breadcrumb","itemListElement":[{"@type":"ListItem","position":1,"name":"Strona g\u0142\u00f3wna","item":"https:\/\/spolecznajedynka.pl\/lo\/"},{"@type":"ListItem","position":2,"name":"Co nas wyr\u00f3\u017cnia"}]},{"@type":"WebSite","@id":"https:\/\/spolecznajedynka.pl\/lo\/#website","url":"https:\/\/spolecznajedynka.pl\/lo\/","name":"Spo\u0142eczne Liceum Og\u00f3lnokszta\u0142c\u0105ce nr 1 w Poznaniu","description":"","publisher":{"@id":"https:\/\/spolecznajedynka.pl\/lo\/#organization"},"potentialAction":[{"@type":"SearchAction","target":{"@type":"EntryPoint","urlTemplate":"https:\/\/spolecznajedynka.pl\/lo\/?s={search_term_string}"},"query-input":{"@type":"PropertyValueSpecification","valueRequired":true,"valueName":"search_term_string"}}],"inLanguage":"pl-PL"},{"@type":"Organization","@id":"https:\/\/spolecznajedynka.pl\/lo\/#organization","name":"Spo\u0142eczne Liceum Og\u00f3lnokszta\u0142c\u0105ce nr 1 w Poznaniu","url":"https:\/\/spolecznajedynka.pl\/lo\/","logo":{"@type":"ImageObject","inLanguage":"pl-PL","@id":"https:\/\/spolecznajedynka.pl\/lo\/#\/schema\/logo\/image\/","url":"https:\/\/spolecznajedynka.pl\/lo\/wp-content\/uploads\/sites\/2\/2023\/08\/logo-lo.png","contentUrl":"https:\/\/spolecznajedynka.pl\/lo\/wp-content\/uploads\/sites\/2\/2023\/08\/logo-lo.png","width":651,"height":355,"caption":"Spo\u0142eczne Liceum Og\u00f3lnokszta\u0142c\u0105ce nr 1 w Poznaniu"},"image":{"@id":"https:\/\/spolecznajedynka.pl\/lo\/#\/schema\/logo\/image\/"},"sameAs":["https:\/\/www.facebook.com\/p\/Liceum-Spoeczna-Jedynka-Pozna-100082885224687","https:\/\/www.instagram.com\/spolecznajedynka\/","https:\/\/www.tiktok.com\/@lospoleczna1"]}]}},"_links":{"self":[{"href":"https:\/\/spolecznajedynka.pl\/lo\/wp-json\/wp\/v2\/pages\/155","targetHints":{"allow":["GET"]}}],"collection":[{"href":"https:\/\/spolecznajedynka.pl\/lo\/wp-json\/wp\/v2\/pages"}],"about":[{"href":"https:\/\/spolecznajedynka.pl\/lo\/wp-json\/wp\/v2\/types\/page"}],"author":[{"embeddable":true,"href":"https:\/\/spolecznajedynka.pl\/lo\/wp-json\/wp\/v2\/users\/2"}],"replies":[{"embeddable":true,"href":"https:\/\/spolecznajedynka.pl\/lo\/wp-json\/wp\/v2\/comments?post=155"}],"version-history":[{"count":6,"href":"https:\/\/spolecznajedynka.pl\/lo\/wp-json\/wp\/v2\/pages\/155\/revisions"}],"predecessor-version":[{"id":2254,"href":"https:\/\/spolecznajedynka.pl\/lo\/wp-json\/wp\/v2\/pages\/155\/revisions\/2254"}],"wp:attachment":[{"href":"https:\/\/spolecznajedynka.pl\/lo\/wp-json\/wp\/v2\/media?parent=155"}],"curies":[{"name":"wp","href":"https:\/\/api.w.org\/{rel}","templated":true}]}}