{"id":46,"date":"2023-10-06T14:23:20","date_gmt":"2023-10-06T12:23:20","guid":{"rendered":"https:\/\/zarzadzanie.smarthost.pl\/sp1\/biblioteka\/?page_id=46"},"modified":"2023-10-06T14:23:20","modified_gmt":"2023-10-06T12:23:20","slug":"regulamin-wypozyczania-z-biblioteki-podrecznikow-i-materialow-edukacyjnych-otrzymanych-z-dotacji-men","status":"publish","type":"page","link":"https:\/\/spolecznajedynka.pl\/biblioteka\/regulaminy\/regulamin-wypozyczania-z-biblioteki-podrecznikow-i-materialow-edukacyjnych-otrzymanych-z-dotacji-men\/","title":{"rendered":"Regulamin wypo\u017cyczania z biblioteki podr\u0119cznik\u00f3w i materia\u0142\u00f3w edukacyjnych otrzymanych z dotacji MEN"},"content":{"rendered":"<ol>\n<li>Podr\u0119czniki otrzymane w\u00a0ramach\u00a0 dotacji stanowi\u0105 w\u0142asno\u015b\u0107 szko\u0142y i\u00a0b\u0119d\u0105 s\u0142u\u017cy\u0142y trzem nast\u0119puj\u0105cym<br \/>\npo sobie rocznikom, dlatego\u00a0 nale\u017cy dba\u0107 o\u00a0ich stan i\u00a0estetyk\u0119; nie wolno w\u00a0nich\u00a0 podkre\u015bla\u0107, robi\u0107 notatek.<\/li>\n<li>Podr\u0119czniki b\u0119d\u0105 wypo\u017cyczane w\u00a0pierwszych dniach wrze\u015bnia. Nast\u0119pnie ka\u017cdy ucze\u0144 zobowi\u0105zany jest<br \/>\ndo ich podpisania w\u00a0stosownym miejscu (w przygotowanej przez wydawnictwo tabeli lub na wewn\u0119trznej stronie ok\u0142adki) tak, by wiadomo by\u0142o, do kogo nale\u017cy dany egzemplarz, i\u00a0kto jest\u00a0za niego odpowiedzialny.<\/li>\n<li>W czerwcu, (dok\u0142adna data zostanie podana w\u00a0harmonogramie\u00a0 szkolnym), po zako\u0144czeniu zaj\u0119\u0107 dydaktycznych, podr\u0119czniki musz\u0105 zosta\u0107 zwr\u00f3cone do biblioteki. W\u00a0przypadku, gdy ucze\u0144 rezygnuje<br \/>\nze szko\u0142y w\u00a0trakcie trwania roku szkolnego, w\u00f3wczas z\u00a0obowi\u0105zku tego musi wywi\u0105za\u0107 si\u0119 wcze\u015bniej.<\/li>\n<li>Podczas zwrotu podr\u0119cznika do biblioteki \u2013 nauczyciel bibliotekarz oraz obecny wychowawca klasy, dokonuj\u0105 \u00a0ogl\u0119dzin podr\u0119cznika, okre\u015blaj\u0105c stopie\u0144 jego zu\u017cycia.<\/li>\n<li>Zapisu ust\u0119pu 4 nie stosuje si\u0119 w\u00a0przypadku zwrotu podr\u0119cznika po jego trzyletnim u\u017cytkowaniu.<\/li>\n<li>W przypadku zgubienia podr\u0119cznika, znacznego zu\u017cycia, wykraczaj\u0105cego poza jego zwyk\u0142e u\u017cywanie, b\u0105d\u017a jego zniszczenia, rodzice s\u0105 zobowi\u0105zani do zwrotu koszt\u00f3w zakupu nowego podr\u0119cznika.<\/li>\n<li>\u0106wiczenia s\u0105 w\u0142asno\u015bci\u0105 ucznia i\u00a0nie podlegaj\u0105 zwrotowi. Ucze\u0144 kwituje ich odbi\u00f3r z\u00a0biblioteki\u00a0\u00a0w momencie odbierania.<\/li>\n<\/ol>\n","protected":false},"excerpt":{"rendered":"<p>Podr\u0119czniki otrzymane w\u00a0ramach\u00a0 dotacji stanowi\u0105 w\u0142asno\u015b\u0107 szko\u0142y i\u00a0b\u0119d\u0105 s\u0142u\u017cy\u0142y trzem nast\u0119puj\u0105cym po sobie rocznikom, dlatego\u00a0 nale\u017cy dba\u0107 o\u00a0ich stan i\u00a0estetyk\u0119;&#8230;<\/p>\n","protected":false},"author":2,"featured_media":0,"parent":38,"menu_order":0,"comment_status":"closed","ping_status":"closed","template":"","meta":{"_acf_changed":false,"footnotes":""},"class_list":["post-46","page","type-page","status-publish","hentry"],"acf":[],"yoast_head":"<!-- This site is optimized with the Yoast SEO plugin v27.4 - https:\/\/yoast.com\/product\/yoast-seo-wordpress\/ -->\n<title>Regulamin wypo\u017cyczania z biblioteki podr\u0119cznik\u00f3w i materia\u0142\u00f3w edukacyjnych otrzymanych z dotacji MEN - Biblioteka Spo\u0142ecznej Jedynki<\/title>\n<meta name=\"robots\" content=\"index, follow, max-snippet:-1, max-image-preview:large, max-video-preview:-1\" \/>\n<link rel=\"canonical\" href=\"https:\/\/spolecznajedynka.pl\/biblioteka\/regulaminy\/regulamin-wypozyczania-z-biblioteki-podrecznikow-i-materialow-edukacyjnych-otrzymanych-z-dotacji-men\/\" \/>\n<meta property=\"og:locale\" content=\"pl_PL\" \/>\n<meta property=\"og:type\" content=\"article\" \/>\n<meta property=\"og:title\" content=\"Regulamin wypo\u017cyczania z biblioteki podr\u0119cznik\u00f3w i materia\u0142\u00f3w edukacyjnych otrzymanych z dotacji MEN - Biblioteka Spo\u0142ecznej Jedynki\" \/>\n<meta property=\"og:description\" content=\"Podr\u0119czniki otrzymane w\u00a0ramach\u00a0 dotacji stanowi\u0105 w\u0142asno\u015b\u0107 szko\u0142y i\u00a0b\u0119d\u0105 s\u0142u\u017cy\u0142y trzem nast\u0119puj\u0105cym po sobie rocznikom, dlatego\u00a0 nale\u017cy dba\u0107 o\u00a0ich stan i\u00a0estetyk\u0119;...\" \/>\n<meta property=\"og:url\" content=\"https:\/\/spolecznajedynka.pl\/biblioteka\/regulaminy\/regulamin-wypozyczania-z-biblioteki-podrecznikow-i-materialow-edukacyjnych-otrzymanych-z-dotacji-men\/\" \/>\n<meta property=\"og:site_name\" content=\"Biblioteka Spo\u0142ecznej Jedynki\" \/>\n<meta name=\"twitter:card\" content=\"summary_large_image\" \/>\n<meta name=\"twitter:label1\" content=\"Szacowany czas czytania\" \/>\n\t<meta name=\"twitter:data1\" content=\"2 minuty\" \/>\n<script type=\"application\/ld+json\" class=\"yoast-schema-graph\">{\"@context\":\"https:\\\/\\\/schema.org\",\"@graph\":[{\"@type\":\"WebPage\",\"@id\":\"https:\\\/\\\/spolecznajedynka.pl\\\/biblioteka\\\/regulaminy\\\/regulamin-wypozyczania-z-biblioteki-podrecznikow-i-materialow-edukacyjnych-otrzymanych-z-dotacji-men\\\/\",\"url\":\"https:\\\/\\\/spolecznajedynka.pl\\\/biblioteka\\\/regulaminy\\\/regulamin-wypozyczania-z-biblioteki-podrecznikow-i-materialow-edukacyjnych-otrzymanych-z-dotacji-men\\\/\",\"name\":\"Regulamin wypo\u017cyczania z biblioteki podr\u0119cznik\u00f3w i materia\u0142\u00f3w edukacyjnych otrzymanych z dotacji MEN - Biblioteka Spo\u0142ecznej Jedynki\",\"isPartOf\":{\"@id\":\"https:\\\/\\\/spolecznajedynka.pl\\\/biblioteka\\\/#website\"},\"datePublished\":\"2023-10-06T12:23:20+00:00\",\"breadcrumb\":{\"@id\":\"https:\\\/\\\/spolecznajedynka.pl\\\/biblioteka\\\/regulaminy\\\/regulamin-wypozyczania-z-biblioteki-podrecznikow-i-materialow-edukacyjnych-otrzymanych-z-dotacji-men\\\/#breadcrumb\"},\"inLanguage\":\"pl-PL\",\"potentialAction\":[{\"@type\":\"ReadAction\",\"target\":[\"https:\\\/\\\/spolecznajedynka.pl\\\/biblioteka\\\/regulaminy\\\/regulamin-wypozyczania-z-biblioteki-podrecznikow-i-materialow-edukacyjnych-otrzymanych-z-dotacji-men\\\/\"]}]},{\"@type\":\"BreadcrumbList\",\"@id\":\"https:\\\/\\\/spolecznajedynka.pl\\\/biblioteka\\\/regulaminy\\\/regulamin-wypozyczania-z-biblioteki-podrecznikow-i-materialow-edukacyjnych-otrzymanych-z-dotacji-men\\\/#breadcrumb\",\"itemListElement\":[{\"@type\":\"ListItem\",\"position\":1,\"name\":\"Strona g\u0142\u00f3wna\",\"item\":\"https:\\\/\\\/spolecznajedynka.pl\\\/biblioteka\\\/\"},{\"@type\":\"ListItem\",\"position\":2,\"name\":\"Regulaminy\",\"item\":\"https:\\\/\\\/spolecznajedynka.pl\\\/biblioteka\\\/regulaminy\\\/\"},{\"@type\":\"ListItem\",\"position\":3,\"name\":\"Regulamin wypo\u017cyczania z biblioteki podr\u0119cznik\u00f3w i materia\u0142\u00f3w edukacyjnych otrzymanych z dotacji MEN\"}]},{\"@type\":\"WebSite\",\"@id\":\"https:\\\/\\\/spolecznajedynka.pl\\\/biblioteka\\\/#website\",\"url\":\"https:\\\/\\\/spolecznajedynka.pl\\\/biblioteka\\\/\",\"name\":\"Biblioteka Spo\u0142ecznej Jedynki\",\"description\":\"\",\"potentialAction\":[{\"@type\":\"SearchAction\",\"target\":{\"@type\":\"EntryPoint\",\"urlTemplate\":\"https:\\\/\\\/spolecznajedynka.pl\\\/biblioteka\\\/?s={search_term_string}\"},\"query-input\":{\"@type\":\"PropertyValueSpecification\",\"valueRequired\":true,\"valueName\":\"search_term_string\"}}],\"inLanguage\":\"pl-PL\"}]}<\/script>\n<!-- \/ Yoast SEO plugin. -->","yoast_head_json":{"title":"Regulamin wypo\u017cyczania z biblioteki podr\u0119cznik\u00f3w i materia\u0142\u00f3w edukacyjnych otrzymanych z dotacji MEN - Biblioteka Spo\u0142ecznej Jedynki","robots":{"index":"index","follow":"follow","max-snippet":"max-snippet:-1","max-image-preview":"max-image-preview:large","max-video-preview":"max-video-preview:-1"},"canonical":"https:\/\/spolecznajedynka.pl\/biblioteka\/regulaminy\/regulamin-wypozyczania-z-biblioteki-podrecznikow-i-materialow-edukacyjnych-otrzymanych-z-dotacji-men\/","og_locale":"pl_PL","og_type":"article","og_title":"Regulamin wypo\u017cyczania z biblioteki podr\u0119cznik\u00f3w i materia\u0142\u00f3w edukacyjnych otrzymanych z dotacji MEN - Biblioteka Spo\u0142ecznej Jedynki","og_description":"Podr\u0119czniki otrzymane w\u00a0ramach\u00a0 dotacji stanowi\u0105 w\u0142asno\u015b\u0107 szko\u0142y i\u00a0b\u0119d\u0105 s\u0142u\u017cy\u0142y trzem nast\u0119puj\u0105cym po sobie rocznikom, dlatego\u00a0 nale\u017cy dba\u0107 o\u00a0ich stan i\u00a0estetyk\u0119;...","og_url":"https:\/\/spolecznajedynka.pl\/biblioteka\/regulaminy\/regulamin-wypozyczania-z-biblioteki-podrecznikow-i-materialow-edukacyjnych-otrzymanych-z-dotacji-men\/","og_site_name":"Biblioteka Spo\u0142ecznej Jedynki","twitter_card":"summary_large_image","twitter_misc":{"Szacowany czas czytania":"2 minuty"},"schema":{"@context":"https:\/\/schema.org","@graph":[{"@type":"WebPage","@id":"https:\/\/spolecznajedynka.pl\/biblioteka\/regulaminy\/regulamin-wypozyczania-z-biblioteki-podrecznikow-i-materialow-edukacyjnych-otrzymanych-z-dotacji-men\/","url":"https:\/\/spolecznajedynka.pl\/biblioteka\/regulaminy\/regulamin-wypozyczania-z-biblioteki-podrecznikow-i-materialow-edukacyjnych-otrzymanych-z-dotacji-men\/","name":"Regulamin wypo\u017cyczania z biblioteki podr\u0119cznik\u00f3w i materia\u0142\u00f3w edukacyjnych otrzymanych z dotacji MEN - Biblioteka Spo\u0142ecznej Jedynki","isPartOf":{"@id":"https:\/\/spolecznajedynka.pl\/biblioteka\/#website"},"datePublished":"2023-10-06T12:23:20+00:00","breadcrumb":{"@id":"https:\/\/spolecznajedynka.pl\/biblioteka\/regulaminy\/regulamin-wypozyczania-z-biblioteki-podrecznikow-i-materialow-edukacyjnych-otrzymanych-z-dotacji-men\/#breadcrumb"},"inLanguage":"pl-PL","potentialAction":[{"@type":"ReadAction","target":["https:\/\/spolecznajedynka.pl\/biblioteka\/regulaminy\/regulamin-wypozyczania-z-biblioteki-podrecznikow-i-materialow-edukacyjnych-otrzymanych-z-dotacji-men\/"]}]},{"@type":"BreadcrumbList","@id":"https:\/\/spolecznajedynka.pl\/biblioteka\/regulaminy\/regulamin-wypozyczania-z-biblioteki-podrecznikow-i-materialow-edukacyjnych-otrzymanych-z-dotacji-men\/#breadcrumb","itemListElement":[{"@type":"ListItem","position":1,"name":"Strona g\u0142\u00f3wna","item":"https:\/\/spolecznajedynka.pl\/biblioteka\/"},{"@type":"ListItem","position":2,"name":"Regulaminy","item":"https:\/\/spolecznajedynka.pl\/biblioteka\/regulaminy\/"},{"@type":"ListItem","position":3,"name":"Regulamin wypo\u017cyczania z biblioteki podr\u0119cznik\u00f3w i materia\u0142\u00f3w edukacyjnych otrzymanych z dotacji MEN"}]},{"@type":"WebSite","@id":"https:\/\/spolecznajedynka.pl\/biblioteka\/#website","url":"https:\/\/spolecznajedynka.pl\/biblioteka\/","name":"Biblioteka Spo\u0142ecznej Jedynki","description":"","potentialAction":[{"@type":"SearchAction","target":{"@type":"EntryPoint","urlTemplate":"https:\/\/spolecznajedynka.pl\/biblioteka\/?s={search_term_string}"},"query-input":{"@type":"PropertyValueSpecification","valueRequired":true,"valueName":"search_term_string"}}],"inLanguage":"pl-PL"}]}},"_links":{"self":[{"href":"https:\/\/spolecznajedynka.pl\/biblioteka\/wp-json\/wp\/v2\/pages\/46","targetHints":{"allow":["GET"]}}],"collection":[{"href":"https:\/\/spolecznajedynka.pl\/biblioteka\/wp-json\/wp\/v2\/pages"}],"about":[{"href":"https:\/\/spolecznajedynka.pl\/biblioteka\/wp-json\/wp\/v2\/types\/page"}],"author":[{"embeddable":true,"href":"https:\/\/spolecznajedynka.pl\/biblioteka\/wp-json\/wp\/v2\/users\/2"}],"replies":[{"embeddable":true,"href":"https:\/\/spolecznajedynka.pl\/biblioteka\/wp-json\/wp\/v2\/comments?post=46"}],"version-history":[{"count":1,"href":"https:\/\/spolecznajedynka.pl\/biblioteka\/wp-json\/wp\/v2\/pages\/46\/revisions"}],"predecessor-version":[{"id":47,"href":"https:\/\/spolecznajedynka.pl\/biblioteka\/wp-json\/wp\/v2\/pages\/46\/revisions\/47"}],"up":[{"embeddable":true,"href":"https:\/\/spolecznajedynka.pl\/biblioteka\/wp-json\/wp\/v2\/pages\/38"}],"wp:attachment":[{"href":"https:\/\/spolecznajedynka.pl\/biblioteka\/wp-json\/wp\/v2\/media?parent=46"}],"curies":[{"name":"wp","href":"https:\/\/api.w.org\/{rel}","templated":true}]}}