{"id":42,"date":"2023-10-06T14:22:41","date_gmt":"2023-10-06T12:22:41","guid":{"rendered":"https:\/\/zarzadzanie.smarthost.pl\/sp1\/biblioteka\/?page_id=42"},"modified":"2024-04-11T22:59:13","modified_gmt":"2024-04-11T20:59:13","slug":"regulamin-biblioteki","status":"publish","type":"page","link":"https:\/\/spolecznajedynka.pl\/biblioteka\/regulaminy\/regulamin-biblioteki\/","title":{"rendered":"Regulamin biblioteki"},"content":{"rendered":"<ol>\n<li>Z biblioteki mog\u0105 korzysta\u0107 uczniowie, nauczyciele i\u00a0inni pracownicy szko\u0142y oraz rodzice.<\/li>\n<li>Uczniowie klas zerowych korzystaj\u0105 z\u00a0biblioteki pod opiek\u0105 rodzic\u00f3w i\u00a0wypo\u017cyczaj\u0105 ksi\u0105\u017cki na\u00a0ich konto biblioteczne.<\/li>\n<li>Ze zgromadzonych w\u00a0bibliotece zbior\u00f3w mo\u017cna korzysta\u0107\u00a0wypo\u017cyczaj\u0105c je do domu,\u00a0czytaj\u0105c<br \/>\nlub przegl\u0105daj\u0105c na miejscu.<\/li>\n<li>Jednorazowo mo\u017cna wypo\u017cyczy\u0107 dwie ksi\u0105\u017cki na okres dw\u00f3ch tygodni. Przeczytane ksi\u0105\u017cki powinny by\u0107 natychmiast zwr\u00f3cone do biblioteki, gdy\u017c czekaj\u0105 na nie inni czytelnicy.<\/li>\n<li>Wypo\u017cyczane ksi\u0105\u017cki nale\u017cy chroni\u0107 przed zniszczeniem i\u00a0zagubieniem. Czytelnik przed wypo\u017cyczeniem powinien zwr\u00f3ci\u0107 uwag\u0119 na ich stan i\u00a0zauwa\u017cone uszkodzenia zg\u0142osi\u0107 nauczycielowi-bibliotekarzowi.<\/li>\n<li>Czytelnik, kt\u00f3ry zgubi ksi\u0105\u017ck\u0119 musi odkupi\u0107 tak\u0105 sam\u0105 lub dostarczy\u0107 inn\u0105 pozycj\u0119 wskazan\u0105 przez nauczyciela &#8211; bibliotekarza o\u00a0warto\u015bci odpowiadaj\u0105cej aktualnej cenie ksi\u0105\u017cki zagubionej (zniszczonej).<\/li>\n<li>Wypo\u017cyczone ksi\u0105\u017cki i\u00a0inne rodzaje zbior\u00f3w bibliotecznych musz\u0105 zosta\u0107 zwr\u00f3cone do biblioteki przed ko\u0144cem roku szkolnego (przed rad\u0105 wychowawcz\u0105). Niezastosowanie si\u0119 do tego punktu mo\u017ce wp\u0142yn\u0105\u0107<br \/>\nna ocen\u0119 z\u00a0zachowania oraz uniemo\u017cliwi wypo\u017cyczanie kolejnych pozycji w\u00a0nowym roku szkolnym a\u017c do momentu rozliczenia si\u0119 z\u00a0zaleg\u0142o\u015bci.<\/li>\n<li>Ucze\u0144, kt\u00f3ry spe\u0142ni\u0142 wymogi opisane w\u00a0punkcie 7. regulaminu, mo\u017ce wypo\u017cyczy\u0107 ksi\u0105\u017cki na wakacje. Zwrot tych pozycji we wrze\u015bniu kolejnego roku szkolnego jest warunkiem ponownego\u00a0 korzystania\u00a0z biblioteki.<\/li>\n<li>W przypadku zmiany szko\u0142y czytelnik zobowi\u0105zany jest przed odej\u015bciem rozliczy\u0107 si\u0119 z\u00a0bibliotek\u0105.<\/li>\n<li>Z czytelni mog\u0105 korzysta\u0107 uczniowie klas 1-8 szko\u0142y podstawowej oraz liceum, kt\u00f3rzy chc\u0105 tutaj poczyta\u0107 ksi\u0105\u017cki, czasopisma lub skorzysta\u0107 ze stanowisk komputerowych.<\/li>\n<li>W czasie du\u017cej przerwy uczniowie mog\u0105 przebywa\u0107 w\u00a0bibliotece tylko w\u00f3wczas, gdy nie wychodz\u0105 na boisko szkolne. Uczniowie, kt\u00f3rzy ze wzgl\u0119du na stan zdrowia musz\u0105 pozosta\u0107 w\u00a0budynku winni przed\u0142o\u017cy\u0107 pisemn\u0105 informacj\u0119 od rodzic\u00f3w lub opiekun\u00f3w na ten temat.<\/li>\n<li>W czytelni mog\u0105 odrabia\u0107 lekcje uczniowie klas 4-8 szko\u0142y podstawowej i liceali\u015bci. Uczniowie klas 1-3 szko\u0142y podstawowej odrabiaj\u0105 lekcje pod opiek\u0105 nauczyciela wspomagaj\u0105cego w specjalnej sali, tzw. sali zaj\u0119\u0107 cichych, nale\u017c\u0105cej do \u015bwietlicy.<\/li>\n<li>Uczniowie, kt\u00f3rzy nie posiadaj\u0105 zgody na samodzielny powr\u00f3t do domu, a\u00a0chc\u0105 przebywa\u0107 w\u00a0bibliotece, zobowi\u0105zani s\u0105 po zako\u0144czeniu lekcji zg\u0142osi\u0107 ten fakt\u00a0 wychowawcy \u015bwietlicy. W\u00a0bibliotece przebywaj\u0105 przez ca\u0142\u0105 jednostk\u0119 lekcyjn\u0105 i\u00a0nie korzystaj\u0105 w\u00a0tym czasie z\u00a0mo\u017cliwo\u015bci spo\u017cywania posi\u0142k\u00f3w i\u00a0zakup\u00f3w<br \/>\nw sklepiku.<\/li>\n<li>W bibliotece nale\u017cy zachowa\u0107 cisz\u0119 i\u00a0swoim zachowaniem nie przeszkadza\u0107 innym czytelnikom.<\/li>\n<li>Do biblioteki nie wolno wnosi\u0107 produkt\u00f3w \u017cywno\u015bciowych i\u00a0odzie\u017cy wierzchniej.<\/li>\n<li>Po sko\u0144czonej pracy czytelnik zobowi\u0105zany jest od\u0142o\u017cy\u0107 na swoje miejsce czasopisma i\u00a0ksi\u0105\u017cki,\u00a0z kt\u00f3rych korzysta\u0142. Je\u017celi nie pami\u0119ta sk\u0105d wzi\u0105\u0142 dan\u0105 pozycj\u0119, prosi o\u00a0pomoc bibliotekarza. Opuszczaj\u0105c bibliotek\u0119, czytelnik zobowi\u0105zany jest do uporz\u0105dkowania swojego miejsca pracy.<\/li>\n<li>Czytelnicy zachowuj\u0105cy si\u0119 g\u0142o\u015bno, \u0142ami\u0105cy zasady regulaminu mog\u0105 by\u0107 wyproszeni z\u00a0biblioteki.<\/li>\n<\/ol>\n","protected":false},"excerpt":{"rendered":"<p>Z biblioteki mog\u0105 korzysta\u0107 uczniowie, nauczyciele i\u00a0inni pracownicy szko\u0142y oraz rodzice. Uczniowie klas zerowych korzystaj\u0105 z\u00a0biblioteki pod opiek\u0105 rodzic\u00f3w i\u00a0wypo\u017cyczaj\u0105&#8230;<\/p>\n","protected":false},"author":2,"featured_media":0,"parent":38,"menu_order":0,"comment_status":"closed","ping_status":"closed","template":"","meta":{"_acf_changed":false,"footnotes":""},"class_list":["post-42","page","type-page","status-publish","hentry"],"acf":[],"yoast_head":"<!-- This site is optimized with the Yoast SEO plugin v27.4 - https:\/\/yoast.com\/product\/yoast-seo-wordpress\/ -->\n<title>Regulamin biblioteki - Biblioteka Spo\u0142ecznej Jedynki<\/title>\n<meta name=\"robots\" content=\"index, follow, max-snippet:-1, max-image-preview:large, max-video-preview:-1\" \/>\n<link rel=\"canonical\" href=\"https:\/\/spolecznajedynka.pl\/biblioteka\/regulaminy\/regulamin-biblioteki\/\" \/>\n<meta property=\"og:locale\" content=\"pl_PL\" \/>\n<meta property=\"og:type\" content=\"article\" \/>\n<meta property=\"og:title\" content=\"Regulamin biblioteki - Biblioteka Spo\u0142ecznej Jedynki\" \/>\n<meta property=\"og:description\" content=\"Z biblioteki mog\u0105 korzysta\u0107 uczniowie, nauczyciele i\u00a0inni pracownicy szko\u0142y oraz rodzice. Uczniowie klas zerowych korzystaj\u0105 z\u00a0biblioteki pod opiek\u0105 rodzic\u00f3w i\u00a0wypo\u017cyczaj\u0105...\" \/>\n<meta property=\"og:url\" content=\"https:\/\/spolecznajedynka.pl\/biblioteka\/regulaminy\/regulamin-biblioteki\/\" \/>\n<meta property=\"og:site_name\" content=\"Biblioteka Spo\u0142ecznej Jedynki\" \/>\n<meta property=\"article:modified_time\" content=\"2024-04-11T20:59:13+00:00\" \/>\n<meta name=\"twitter:card\" content=\"summary_large_image\" \/>\n<meta name=\"twitter:label1\" content=\"Szacowany czas czytania\" \/>\n\t<meta name=\"twitter:data1\" content=\"3 minuty\" \/>\n<script type=\"application\/ld+json\" class=\"yoast-schema-graph\">{\"@context\":\"https:\\\/\\\/schema.org\",\"@graph\":[{\"@type\":\"WebPage\",\"@id\":\"https:\\\/\\\/spolecznajedynka.pl\\\/biblioteka\\\/regulaminy\\\/regulamin-biblioteki\\\/\",\"url\":\"https:\\\/\\\/spolecznajedynka.pl\\\/biblioteka\\\/regulaminy\\\/regulamin-biblioteki\\\/\",\"name\":\"Regulamin biblioteki - Biblioteka Spo\u0142ecznej Jedynki\",\"isPartOf\":{\"@id\":\"https:\\\/\\\/spolecznajedynka.pl\\\/biblioteka\\\/#website\"},\"datePublished\":\"2023-10-06T12:22:41+00:00\",\"dateModified\":\"2024-04-11T20:59:13+00:00\",\"breadcrumb\":{\"@id\":\"https:\\\/\\\/spolecznajedynka.pl\\\/biblioteka\\\/regulaminy\\\/regulamin-biblioteki\\\/#breadcrumb\"},\"inLanguage\":\"pl-PL\",\"potentialAction\":[{\"@type\":\"ReadAction\",\"target\":[\"https:\\\/\\\/spolecznajedynka.pl\\\/biblioteka\\\/regulaminy\\\/regulamin-biblioteki\\\/\"]}]},{\"@type\":\"BreadcrumbList\",\"@id\":\"https:\\\/\\\/spolecznajedynka.pl\\\/biblioteka\\\/regulaminy\\\/regulamin-biblioteki\\\/#breadcrumb\",\"itemListElement\":[{\"@type\":\"ListItem\",\"position\":1,\"name\":\"Strona g\u0142\u00f3wna\",\"item\":\"https:\\\/\\\/spolecznajedynka.pl\\\/biblioteka\\\/\"},{\"@type\":\"ListItem\",\"position\":2,\"name\":\"Regulaminy\",\"item\":\"https:\\\/\\\/spolecznajedynka.pl\\\/biblioteka\\\/regulaminy\\\/\"},{\"@type\":\"ListItem\",\"position\":3,\"name\":\"Regulamin biblioteki\"}]},{\"@type\":\"WebSite\",\"@id\":\"https:\\\/\\\/spolecznajedynka.pl\\\/biblioteka\\\/#website\",\"url\":\"https:\\\/\\\/spolecznajedynka.pl\\\/biblioteka\\\/\",\"name\":\"Biblioteka Spo\u0142ecznej Jedynki\",\"description\":\"\",\"potentialAction\":[{\"@type\":\"SearchAction\",\"target\":{\"@type\":\"EntryPoint\",\"urlTemplate\":\"https:\\\/\\\/spolecznajedynka.pl\\\/biblioteka\\\/?s={search_term_string}\"},\"query-input\":{\"@type\":\"PropertyValueSpecification\",\"valueRequired\":true,\"valueName\":\"search_term_string\"}}],\"inLanguage\":\"pl-PL\"}]}<\/script>\n<!-- \/ Yoast SEO plugin. -->","yoast_head_json":{"title":"Regulamin biblioteki - Biblioteka Spo\u0142ecznej Jedynki","robots":{"index":"index","follow":"follow","max-snippet":"max-snippet:-1","max-image-preview":"max-image-preview:large","max-video-preview":"max-video-preview:-1"},"canonical":"https:\/\/spolecznajedynka.pl\/biblioteka\/regulaminy\/regulamin-biblioteki\/","og_locale":"pl_PL","og_type":"article","og_title":"Regulamin biblioteki - Biblioteka Spo\u0142ecznej Jedynki","og_description":"Z biblioteki mog\u0105 korzysta\u0107 uczniowie, nauczyciele i\u00a0inni pracownicy szko\u0142y oraz rodzice. Uczniowie klas zerowych korzystaj\u0105 z\u00a0biblioteki pod opiek\u0105 rodzic\u00f3w i\u00a0wypo\u017cyczaj\u0105...","og_url":"https:\/\/spolecznajedynka.pl\/biblioteka\/regulaminy\/regulamin-biblioteki\/","og_site_name":"Biblioteka Spo\u0142ecznej Jedynki","article_modified_time":"2024-04-11T20:59:13+00:00","twitter_card":"summary_large_image","twitter_misc":{"Szacowany czas czytania":"3 minuty"},"schema":{"@context":"https:\/\/schema.org","@graph":[{"@type":"WebPage","@id":"https:\/\/spolecznajedynka.pl\/biblioteka\/regulaminy\/regulamin-biblioteki\/","url":"https:\/\/spolecznajedynka.pl\/biblioteka\/regulaminy\/regulamin-biblioteki\/","name":"Regulamin biblioteki - Biblioteka Spo\u0142ecznej Jedynki","isPartOf":{"@id":"https:\/\/spolecznajedynka.pl\/biblioteka\/#website"},"datePublished":"2023-10-06T12:22:41+00:00","dateModified":"2024-04-11T20:59:13+00:00","breadcrumb":{"@id":"https:\/\/spolecznajedynka.pl\/biblioteka\/regulaminy\/regulamin-biblioteki\/#breadcrumb"},"inLanguage":"pl-PL","potentialAction":[{"@type":"ReadAction","target":["https:\/\/spolecznajedynka.pl\/biblioteka\/regulaminy\/regulamin-biblioteki\/"]}]},{"@type":"BreadcrumbList","@id":"https:\/\/spolecznajedynka.pl\/biblioteka\/regulaminy\/regulamin-biblioteki\/#breadcrumb","itemListElement":[{"@type":"ListItem","position":1,"name":"Strona g\u0142\u00f3wna","item":"https:\/\/spolecznajedynka.pl\/biblioteka\/"},{"@type":"ListItem","position":2,"name":"Regulaminy","item":"https:\/\/spolecznajedynka.pl\/biblioteka\/regulaminy\/"},{"@type":"ListItem","position":3,"name":"Regulamin biblioteki"}]},{"@type":"WebSite","@id":"https:\/\/spolecznajedynka.pl\/biblioteka\/#website","url":"https:\/\/spolecznajedynka.pl\/biblioteka\/","name":"Biblioteka Spo\u0142ecznej Jedynki","description":"","potentialAction":[{"@type":"SearchAction","target":{"@type":"EntryPoint","urlTemplate":"https:\/\/spolecznajedynka.pl\/biblioteka\/?s={search_term_string}"},"query-input":{"@type":"PropertyValueSpecification","valueRequired":true,"valueName":"search_term_string"}}],"inLanguage":"pl-PL"}]}},"_links":{"self":[{"href":"https:\/\/spolecznajedynka.pl\/biblioteka\/wp-json\/wp\/v2\/pages\/42","targetHints":{"allow":["GET"]}}],"collection":[{"href":"https:\/\/spolecznajedynka.pl\/biblioteka\/wp-json\/wp\/v2\/pages"}],"about":[{"href":"https:\/\/spolecznajedynka.pl\/biblioteka\/wp-json\/wp\/v2\/types\/page"}],"author":[{"embeddable":true,"href":"https:\/\/spolecznajedynka.pl\/biblioteka\/wp-json\/wp\/v2\/users\/2"}],"replies":[{"embeddable":true,"href":"https:\/\/spolecznajedynka.pl\/biblioteka\/wp-json\/wp\/v2\/comments?post=42"}],"version-history":[{"count":2,"href":"https:\/\/spolecznajedynka.pl\/biblioteka\/wp-json\/wp\/v2\/pages\/42\/revisions"}],"predecessor-version":[{"id":120,"href":"https:\/\/spolecznajedynka.pl\/biblioteka\/wp-json\/wp\/v2\/pages\/42\/revisions\/120"}],"up":[{"embeddable":true,"href":"https:\/\/spolecznajedynka.pl\/biblioteka\/wp-json\/wp\/v2\/pages\/38"}],"wp:attachment":[{"href":"https:\/\/spolecznajedynka.pl\/biblioteka\/wp-json\/wp\/v2\/media?parent=42"}],"curies":[{"name":"wp","href":"https:\/\/api.w.org\/{rel}","templated":true}]}}