{"id":40,"date":"2023-10-06T14:22:12","date_gmt":"2023-10-06T12:22:12","guid":{"rendered":"https:\/\/zarzadzanie.smarthost.pl\/sp1\/biblioteka\/?page_id=40"},"modified":"2023-10-06T14:22:12","modified_gmt":"2023-10-06T12:22:12","slug":"regulaminy-i-zasady-logowania","status":"publish","type":"page","link":"https:\/\/spolecznajedynka.pl\/biblioteka\/regulaminy\/regulaminy-i-zasady-logowania\/","title":{"rendered":"Regulaminy i zasady logowania"},"content":{"rendered":"<ol>\n<li>Aby dokona\u0107 rejestracji do systemu bibliotecznego nale\u017cy w\u00a0zak\u0142adce &lt;BIBLIOTEKA&gt; wybra\u0107 &lt;KATALOG ONLINE&gt;.<\/li>\n<li>Gdy otworzy nam si\u0119 strona z\u00a0katalogiem, nale\u017cy klikn\u0105\u0107 w\u00a0ikonk\u0119 z\u00a0kluczami<br \/>\nw\u00a0prawym g\u00f3rnym rogu. Nast\u0119pnie w\u00a0otwartym nowym oknie wybra\u0107 opcj\u0119 \u201eZa\u0142\u00f3\u017c konto\u201d i\u00a0dalej post\u0119powa\u0107 zgodnie z\u00a0prezentowanymi przez program wskaz\u00f3wkami.<\/li>\n<li>Do ka\u017cdego bibliotecznego konta czytelniczego, nale\u017c\u0105cego do uczni\u00f3w<br \/>\noraz pracownik\u00f3w szko\u0142y, zosta\u0142 wprowadzony osobisty, szkolny adres mailowy. Na ten adres osoba rejestruj\u0105ca si\u0119 powinna otrzyma\u0107<br \/>\nmaila zatytu\u0142owanego &lt;Aktywacja konta\/przypomnienie has\u0142a&gt; z\u00a0adresu\u00a0<a href=\"mailto:rejestr-uzytkownikow@vulcan.net.pl.\">rejestr-uzytkownikow@vulcan.net.pl.<\/a>\u00a0Po klikni\u0119ciu na umieszczony tam link czytelnik za\u0142o\u017cy sobie konto i\u00a0ustawi swoje has\u0142o. Has\u0142o b\u0119dzie potrzebne do ka\u017cdorazowego logowania.<\/li>\n<li>W sytuacji gdyby wyst\u0105pi\u0142y jakiekolwiek problemy, nale\u017cy<br \/>\nzg\u0142osi\u0107 je bezpo\u015brednio bibliotekarzowi lub wys\u0142a\u0107 informacj\u0119 na adres\u00a0<a href=\"mailto:biblioteka@spolecznajedynka.pl.\">biblioteka@spolecznajedynka.pl.<\/a><\/li>\n<li>Rodzice \u2013 czytelnicy biblioteki szkolnej r\u00f3wnie\u017c mog\u0105 uzyska\u0107 dost\u0119p do swoich kont bibliotecznych. Wymagane jest jednak wcze\u015bniejsze podanie swojego adresu mailowego (mo\u017cna go przys\u0142a\u0107 na adres\u00a0<a href=\"mailto:biblioteka@spolecznajedynka.pl.\">biblioteka@spolecznajedynka.pl.<\/a>)<br \/>\nPo wprowadzeniu tych danych b\u0119dzie mo\u017cna dokona\u0107 rejestracji wed\u0142ug powy\u017cszych wskaz\u00f3wek.<\/li>\n<\/ol>\n","protected":false},"excerpt":{"rendered":"<p>Aby dokona\u0107 rejestracji do systemu bibliotecznego nale\u017cy w\u00a0zak\u0142adce &lt;BIBLIOTEKA&gt; wybra\u0107 &lt;KATALOG ONLINE&gt;. Gdy otworzy nam si\u0119 strona z\u00a0katalogiem, nale\u017cy klikn\u0105\u0107&#8230;<\/p>\n","protected":false},"author":2,"featured_media":0,"parent":38,"menu_order":0,"comment_status":"closed","ping_status":"closed","template":"","meta":{"_acf_changed":false,"footnotes":""},"class_list":["post-40","page","type-page","status-publish","hentry"],"acf":[],"yoast_head":"<!-- This site is optimized with the Yoast SEO plugin v27.4 - https:\/\/yoast.com\/product\/yoast-seo-wordpress\/ -->\n<title>Regulaminy i zasady logowania - Biblioteka Spo\u0142ecznej Jedynki<\/title>\n<meta name=\"robots\" content=\"index, follow, max-snippet:-1, max-image-preview:large, max-video-preview:-1\" \/>\n<link rel=\"canonical\" href=\"https:\/\/spolecznajedynka.pl\/biblioteka\/regulaminy\/regulaminy-i-zasady-logowania\/\" \/>\n<meta property=\"og:locale\" content=\"pl_PL\" \/>\n<meta property=\"og:type\" content=\"article\" \/>\n<meta property=\"og:title\" content=\"Regulaminy i zasady logowania - Biblioteka Spo\u0142ecznej Jedynki\" \/>\n<meta property=\"og:description\" content=\"Aby dokona\u0107 rejestracji do systemu bibliotecznego nale\u017cy w\u00a0zak\u0142adce &lt;BIBLIOTEKA&gt; wybra\u0107 &lt;KATALOG ONLINE&gt;. Gdy otworzy nam si\u0119 strona z\u00a0katalogiem, nale\u017cy klikn\u0105\u0107...\" \/>\n<meta property=\"og:url\" content=\"https:\/\/spolecznajedynka.pl\/biblioteka\/regulaminy\/regulaminy-i-zasady-logowania\/\" \/>\n<meta property=\"og:site_name\" content=\"Biblioteka Spo\u0142ecznej Jedynki\" \/>\n<meta name=\"twitter:card\" content=\"summary_large_image\" \/>\n<meta name=\"twitter:label1\" content=\"Szacowany czas czytania\" \/>\n\t<meta name=\"twitter:data1\" content=\"1 minuta\" \/>\n<script type=\"application\/ld+json\" class=\"yoast-schema-graph\">{\"@context\":\"https:\\\/\\\/schema.org\",\"@graph\":[{\"@type\":\"WebPage\",\"@id\":\"https:\\\/\\\/spolecznajedynka.pl\\\/biblioteka\\\/regulaminy\\\/regulaminy-i-zasady-logowania\\\/\",\"url\":\"https:\\\/\\\/spolecznajedynka.pl\\\/biblioteka\\\/regulaminy\\\/regulaminy-i-zasady-logowania\\\/\",\"name\":\"Regulaminy i zasady logowania - Biblioteka Spo\u0142ecznej Jedynki\",\"isPartOf\":{\"@id\":\"https:\\\/\\\/spolecznajedynka.pl\\\/biblioteka\\\/#website\"},\"datePublished\":\"2023-10-06T12:22:12+00:00\",\"breadcrumb\":{\"@id\":\"https:\\\/\\\/spolecznajedynka.pl\\\/biblioteka\\\/regulaminy\\\/regulaminy-i-zasady-logowania\\\/#breadcrumb\"},\"inLanguage\":\"pl-PL\",\"potentialAction\":[{\"@type\":\"ReadAction\",\"target\":[\"https:\\\/\\\/spolecznajedynka.pl\\\/biblioteka\\\/regulaminy\\\/regulaminy-i-zasady-logowania\\\/\"]}]},{\"@type\":\"BreadcrumbList\",\"@id\":\"https:\\\/\\\/spolecznajedynka.pl\\\/biblioteka\\\/regulaminy\\\/regulaminy-i-zasady-logowania\\\/#breadcrumb\",\"itemListElement\":[{\"@type\":\"ListItem\",\"position\":1,\"name\":\"Strona g\u0142\u00f3wna\",\"item\":\"https:\\\/\\\/spolecznajedynka.pl\\\/biblioteka\\\/\"},{\"@type\":\"ListItem\",\"position\":2,\"name\":\"Regulaminy\",\"item\":\"https:\\\/\\\/spolecznajedynka.pl\\\/biblioteka\\\/regulaminy\\\/\"},{\"@type\":\"ListItem\",\"position\":3,\"name\":\"Regulaminy i zasady logowania\"}]},{\"@type\":\"WebSite\",\"@id\":\"https:\\\/\\\/spolecznajedynka.pl\\\/biblioteka\\\/#website\",\"url\":\"https:\\\/\\\/spolecznajedynka.pl\\\/biblioteka\\\/\",\"name\":\"Biblioteka Spo\u0142ecznej Jedynki\",\"description\":\"\",\"potentialAction\":[{\"@type\":\"SearchAction\",\"target\":{\"@type\":\"EntryPoint\",\"urlTemplate\":\"https:\\\/\\\/spolecznajedynka.pl\\\/biblioteka\\\/?s={search_term_string}\"},\"query-input\":{\"@type\":\"PropertyValueSpecification\",\"valueRequired\":true,\"valueName\":\"search_term_string\"}}],\"inLanguage\":\"pl-PL\"}]}<\/script>\n<!-- \/ Yoast SEO plugin. -->","yoast_head_json":{"title":"Regulaminy i zasady logowania - Biblioteka Spo\u0142ecznej Jedynki","robots":{"index":"index","follow":"follow","max-snippet":"max-snippet:-1","max-image-preview":"max-image-preview:large","max-video-preview":"max-video-preview:-1"},"canonical":"https:\/\/spolecznajedynka.pl\/biblioteka\/regulaminy\/regulaminy-i-zasady-logowania\/","og_locale":"pl_PL","og_type":"article","og_title":"Regulaminy i zasady logowania - Biblioteka Spo\u0142ecznej Jedynki","og_description":"Aby dokona\u0107 rejestracji do systemu bibliotecznego nale\u017cy w\u00a0zak\u0142adce &lt;BIBLIOTEKA&gt; wybra\u0107 &lt;KATALOG ONLINE&gt;. Gdy otworzy nam si\u0119 strona z\u00a0katalogiem, nale\u017cy klikn\u0105\u0107...","og_url":"https:\/\/spolecznajedynka.pl\/biblioteka\/regulaminy\/regulaminy-i-zasady-logowania\/","og_site_name":"Biblioteka Spo\u0142ecznej Jedynki","twitter_card":"summary_large_image","twitter_misc":{"Szacowany czas czytania":"1 minuta"},"schema":{"@context":"https:\/\/schema.org","@graph":[{"@type":"WebPage","@id":"https:\/\/spolecznajedynka.pl\/biblioteka\/regulaminy\/regulaminy-i-zasady-logowania\/","url":"https:\/\/spolecznajedynka.pl\/biblioteka\/regulaminy\/regulaminy-i-zasady-logowania\/","name":"Regulaminy i zasady logowania - Biblioteka Spo\u0142ecznej Jedynki","isPartOf":{"@id":"https:\/\/spolecznajedynka.pl\/biblioteka\/#website"},"datePublished":"2023-10-06T12:22:12+00:00","breadcrumb":{"@id":"https:\/\/spolecznajedynka.pl\/biblioteka\/regulaminy\/regulaminy-i-zasady-logowania\/#breadcrumb"},"inLanguage":"pl-PL","potentialAction":[{"@type":"ReadAction","target":["https:\/\/spolecznajedynka.pl\/biblioteka\/regulaminy\/regulaminy-i-zasady-logowania\/"]}]},{"@type":"BreadcrumbList","@id":"https:\/\/spolecznajedynka.pl\/biblioteka\/regulaminy\/regulaminy-i-zasady-logowania\/#breadcrumb","itemListElement":[{"@type":"ListItem","position":1,"name":"Strona g\u0142\u00f3wna","item":"https:\/\/spolecznajedynka.pl\/biblioteka\/"},{"@type":"ListItem","position":2,"name":"Regulaminy","item":"https:\/\/spolecznajedynka.pl\/biblioteka\/regulaminy\/"},{"@type":"ListItem","position":3,"name":"Regulaminy i zasady logowania"}]},{"@type":"WebSite","@id":"https:\/\/spolecznajedynka.pl\/biblioteka\/#website","url":"https:\/\/spolecznajedynka.pl\/biblioteka\/","name":"Biblioteka Spo\u0142ecznej Jedynki","description":"","potentialAction":[{"@type":"SearchAction","target":{"@type":"EntryPoint","urlTemplate":"https:\/\/spolecznajedynka.pl\/biblioteka\/?s={search_term_string}"},"query-input":{"@type":"PropertyValueSpecification","valueRequired":true,"valueName":"search_term_string"}}],"inLanguage":"pl-PL"}]}},"_links":{"self":[{"href":"https:\/\/spolecznajedynka.pl\/biblioteka\/wp-json\/wp\/v2\/pages\/40","targetHints":{"allow":["GET"]}}],"collection":[{"href":"https:\/\/spolecznajedynka.pl\/biblioteka\/wp-json\/wp\/v2\/pages"}],"about":[{"href":"https:\/\/spolecznajedynka.pl\/biblioteka\/wp-json\/wp\/v2\/types\/page"}],"author":[{"embeddable":true,"href":"https:\/\/spolecznajedynka.pl\/biblioteka\/wp-json\/wp\/v2\/users\/2"}],"replies":[{"embeddable":true,"href":"https:\/\/spolecznajedynka.pl\/biblioteka\/wp-json\/wp\/v2\/comments?post=40"}],"version-history":[{"count":1,"href":"https:\/\/spolecznajedynka.pl\/biblioteka\/wp-json\/wp\/v2\/pages\/40\/revisions"}],"predecessor-version":[{"id":41,"href":"https:\/\/spolecznajedynka.pl\/biblioteka\/wp-json\/wp\/v2\/pages\/40\/revisions\/41"}],"up":[{"embeddable":true,"href":"https:\/\/spolecznajedynka.pl\/biblioteka\/wp-json\/wp\/v2\/pages\/38"}],"wp:attachment":[{"href":"https:\/\/spolecznajedynka.pl\/biblioteka\/wp-json\/wp\/v2\/media?parent=40"}],"curies":[{"name":"wp","href":"https:\/\/api.w.org\/{rel}","templated":true}]}}